{"id":34715,"date":"2025-11-26T19:39:11","date_gmt":"2025-11-26T17:39:11","guid":{"rendered":"https:\/\/www.clinichelena.com\/?page_id=34715"},"modified":"2025-11-27T14:48:32","modified_gmt":"2025-11-27T12:48:32","slug":"vartalon-muotoilu","status":"publish","type":"page","link":"https:\/\/www.clinichelena.com\/fi\/korjaava-plastiikkakirurgia\/vartalon-muotoilu\/","title":{"rendered":"Vartalon muotoilu"},"content":{"rendered":"\n<h1 class=\"wp-block-heading\">Vartalon muotoilu<\/h1>\n\n\n\n<section class=\"wp-block-uagb-columns uagb-columns__wrap uagb-columns__background-none uagb-columns__stack-mobile uagb-columns__valign- uagb-columns__gap-10 align uagb-block-012045d5 uagb-columns__columns-2 uagb-columns__max_width-theme\"><div class=\"uagb-columns__overlay\"><\/div><div class=\"uagb-columns__inner-wrap uagb-columns__columns-2\">\n<div class=\"wp-block-uagb-column uagb-column__wrap uagb-column__background-undefined uagb-block-a835805f\"><div class=\"uagb-column__overlay\"><\/div>\n<figure class=\"wp-block-image size-custom-square\"><a href=\"https:\/\/www.clinichelena.com\/wp-content\/uploads\/2025\/01\/abdominoplastia-1.jpg\"><img loading=\"lazy\" decoding=\"async\" width=\"300\" height=\"300\" src=\"https:\/\/www.clinichelena.com\/wp-content\/uploads\/2025\/01\/abdominoplastia-1-300x300.jpg\" alt=\"\" class=\"wp-image-32945\" srcset=\"https:\/\/www.clinichelena.com\/wp-content\/uploads\/2025\/01\/abdominoplastia-1-300x300.jpg 300w, https:\/\/www.clinichelena.com\/wp-content\/uploads\/2025\/01\/abdominoplastia-1-150x150.jpg 150w, https:\/\/www.clinichelena.com\/wp-content\/uploads\/2025\/01\/abdominoplastia-1-768x768.jpg 768w, https:\/\/www.clinichelena.com\/wp-content\/uploads\/2025\/01\/abdominoplastia-1.jpg 1000w\" sizes=\"auto, (max-width: 300px) 100vw, 300px\" \/><\/a><\/figure>\n<\/div>\n\n\n\n<div class=\"wp-block-uagb-column uagb-column__wrap uagb-column__background-undefined uagb-block-b4add913\"><div class=\"uagb-column__overlay\"><\/div>\n<p>Vartalon muotoilu voi auttaa korjaamaan muutoksia, jotka ovat syntyneet merkitt\u00e4v\u00e4n laihtumisen tai muiden el\u00e4m\u00e4nmuutosten seurauksena. Toimenpiteisiin voi kuulua esimerkiksi ylim\u00e4\u00e4r\u00e4isen ihon poistaminen vatsan, reisien tai k\u00e4sivarsien alueelta. N\u00e4iden plastiikkakirurgisten toimenpiteiden avulla pyrit\u00e4\u00e4n saavuttamaan sek\u00e4 toiminnallisesti ett\u00e4 ulkon\u00e4\u00f6llisesti hyv\u00e4 lopputulos. <\/p>\n\n\n\n<p>Plastiikkakirurgimme Helena Puonti on yksi Suomen kokeneimmista ja arvostetuimmista asiantuntijoista ja h\u00e4nell\u00e4 on pitk\u00e4 kokemus vaativista vartalon muotoilun toimenpiteist\u00e4. Kaikki hoidot suunnitellaan yksil\u00f6llisesti ja hoitoprosessissa keskityt\u00e4\u00e4n turvallisuuteen sek\u00e4 kest\u00e4viin tuloksiin. <\/p>\n\n\n\n<p>Jos vartalon muoto askarruttaa lue lis\u00e4\u00e4 tai<a href=\"https:\/\/www.clinichelena.com\/fi\/yhteystiedot\/\"> ota yhteytt\u00e4.<\/a> <\/p>\n\n\n\n<p>Yhdess\u00e4 l\u00f6yd\u00e4mme sinulle parhaan ratkaisun!<\/p>\n<\/div>\n<\/div><\/section>\n\n\n\n<p><\/p>\n","protected":false},"excerpt":{"rendered":"<p>Mammoplastia tarkoittaa rintojen muodon korjausta tai niiden koon muutosta suurempaan tai pienemp\u00e4\u00e4n. Rintojen muoto on t\u00e4rke\u00e4\u00e4, koska tasapainoiset ja symmetriset rinnat suhteessa kehoomme parantavat itseluottamusta!<\/p>\n","protected":false},"author":17,"featured_media":32945,"parent":18066,"menu_order":0,"comment_status":"closed","ping_status":"closed","template":"","meta":{"_uag_custom_page_level_css":"","_kad_blocks_custom_css":"","_kad_blocks_head_custom_js":"","_kad_blocks_body_custom_js":"","_kad_blocks_footer_custom_js":"","site-sidebar-layout":"left-sidebar","site-content-layout":"default","ast-site-content-layout":"","site-content-style":"default","site-sidebar-style":"default","ast-global-header-display":"","ast-banner-title-visibility":"","ast-main-header-display":"","ast-hfb-above-header-display":"","ast-hfb-below-header-display":"","ast-hfb-mobile-header-display":"","site-post-title":"disabled","ast-breadcrumbs-content":"","ast-featured-img":"","footer-sml-layout":"","theme-transparent-header-meta":"default","adv-header-id-meta":"","stick-header-meta":"default","header-above-stick-meta":"","header-main-stick-meta":"","header-below-stick-meta":"","astra-migrate-meta-layouts":"set","ast-page-background-enabled":"default","ast-page-background-meta":{"desktop":{"background-color":"","background-image":"","background-repeat":"repeat","background-position":"center center","background-size":"auto","background-attachment":"scroll","background-type":"","background-media":"","overlay-type":"","overlay-color":"","overlay-opacity":"","overlay-gradient":""},"tablet":{"background-color":"","background-image":"","background-repeat":"repeat","background-position":"center center","background-size":"auto","background-attachment":"scroll","background-type":"","background-media":"","overlay-type":"","overlay-color":"","overlay-opacity":"","overlay-gradient":""},"mobile":{"background-color":"","background-image":"","background-repeat":"repeat","background-position":"center center","background-size":"auto","background-attachment":"scroll","background-type":"","background-media":"","overlay-type":"","overlay-color":"","overlay-opacity":"","overlay-gradient":""}},"ast-content-background-meta":{"desktop":{"background-color":"var(--ast-global-color-5)","background-image":"","background-repeat":"repeat","background-position":"center center","background-size":"auto","background-attachment":"scroll","background-type":"","background-media":"","overlay-type":"","overlay-color":"","overlay-opacity":"","overlay-gradient":""},"tablet":{"background-color":"var(--ast-global-color-5)","background-image":"","background-repeat":"repeat","background-position":"center center","background-size":"auto","background-attachment":"scroll","background-type":"","background-media":"","overlay-type":"","overlay-color":"","overlay-opacity":"","overlay-gradient":""},"mobile":{"background-color":"var(--ast-global-color-5)","background-image":"","background-repeat":"repeat","background-position":"center center","background-size":"auto","background-attachment":"scroll","background-type":"","background-media":"","overlay-type":"","overlay-color":"","overlay-opacity":"","overlay-gradient":""}},"footnotes":""},"class_list":["post-34715","page","type-page","status-publish","has-post-thumbnail","hentry"],"yoast_head":"<!-- This site is optimized with the Yoast SEO plugin v26.6 - https:\/\/yoast.com\/wordpress\/plugins\/seo\/ -->\n<title>Vartalon muotoilu - Clinic Helena<\/title>\n<meta name=\"description\" content=\"Vartalon muotoilu viimeistelee laihdutuksen tulokset.\" \/>\n<meta name=\"robots\" content=\"index, follow, max-snippet:-1, max-image-preview:large, max-video-preview:-1\" \/>\n<link rel=\"canonical\" href=\"https:\/\/www.clinichelena.com\/fi\/korjaava-plastiikkakirurgia\/vartalon-muotoilu\/\" \/>\n<meta property=\"og:locale\" content=\"fi_FI\" \/>\n<meta property=\"og:type\" content=\"article\" \/>\n<meta property=\"og:title\" content=\"Vartalon muotoilu - Clinic Helena\" \/>\n<meta property=\"og:description\" content=\"Vartalon muotoilu viimeistelee laihdutuksen tulokset.\" \/>\n<meta property=\"og:url\" content=\"https:\/\/www.clinichelena.com\/fi\/korjaava-plastiikkakirurgia\/vartalon-muotoilu\/\" \/>\n<meta property=\"og:site_name\" content=\"Clinic Helena\" \/>\n<meta property=\"article:modified_time\" content=\"2025-11-27T12:48:32+00:00\" \/>\n<meta property=\"og:image\" content=\"https:\/\/www.clinichelena.com\/wp-content\/uploads\/2025\/01\/abdominoplastia-1.jpg\" \/>\n\t<meta property=\"og:image:width\" content=\"1000\" \/>\n\t<meta property=\"og:image:height\" content=\"1000\" \/>\n\t<meta property=\"og:image:type\" content=\"image\/jpeg\" \/>\n<meta name=\"twitter:card\" content=\"summary_large_image\" \/>\n<meta name=\"twitter:label1\" content=\"Arvioitu lukuaika\" \/>\n\t<meta name=\"twitter:data1\" content=\"1 minuutti\" \/>\n<script type=\"application\/ld+json\" class=\"yoast-schema-graph\">{\"@context\":\"https:\/\/schema.org\",\"@graph\":[{\"@type\":[\"WebPage\",\"MedicalWebPage\"],\"@id\":\"https:\/\/www.clinichelena.com\/fi\/korjaava-plastiikkakirurgia\/vartalon-muotoilu\/\",\"url\":\"https:\/\/www.clinichelena.com\/fi\/korjaava-plastiikkakirurgia\/vartalon-muotoilu\/\",\"name\":\"Vartalon muotoilu - Clinic Helena\",\"isPartOf\":{\"@id\":\"https:\/\/www.clinichelena.com\/fi\/#website\"},\"primaryImageOfPage\":{\"@id\":\"https:\/\/www.clinichelena.com\/fi\/korjaava-plastiikkakirurgia\/vartalon-muotoilu\/#primaryimage\"},\"image\":{\"@id\":\"https:\/\/www.clinichelena.com\/fi\/korjaava-plastiikkakirurgia\/vartalon-muotoilu\/#primaryimage\"},\"thumbnailUrl\":\"https:\/\/www.clinichelena.com\/wp-content\/uploads\/2025\/01\/abdominoplastia-1.jpg\",\"datePublished\":\"2025-11-26T17:39:11+00:00\",\"dateModified\":\"2025-11-27T12:48:32+00:00\",\"description\":\"Vartalon muotoilu viimeistelee laihdutuksen tulokset.\",\"breadcrumb\":{\"@id\":\"https:\/\/www.clinichelena.com\/fi\/korjaava-plastiikkakirurgia\/vartalon-muotoilu\/#breadcrumb\"},\"inLanguage\":\"fi\",\"potentialAction\":[{\"@type\":\"ReadAction\",\"target\":[\"https:\/\/www.clinichelena.com\/fi\/korjaava-plastiikkakirurgia\/vartalon-muotoilu\/\"]}]},{\"@type\":\"ImageObject\",\"inLanguage\":\"fi\",\"@id\":\"https:\/\/www.clinichelena.com\/fi\/korjaava-plastiikkakirurgia\/vartalon-muotoilu\/#primaryimage\",\"url\":\"https:\/\/www.clinichelena.com\/wp-content\/uploads\/2025\/01\/abdominoplastia-1.jpg\",\"contentUrl\":\"https:\/\/www.clinichelena.com\/wp-content\/uploads\/2025\/01\/abdominoplastia-1.jpg\",\"width\":1000,\"height\":1000},{\"@type\":\"BreadcrumbList\",\"@id\":\"https:\/\/www.clinichelena.com\/fi\/korjaava-plastiikkakirurgia\/vartalon-muotoilu\/#breadcrumb\",\"itemListElement\":[{\"@type\":\"ListItem\",\"position\":1,\"name\":\"Etusivu\",\"item\":\"https:\/\/www.clinichelena.com\/fi\/\"},{\"@type\":\"ListItem\",\"position\":2,\"name\":\"Korjaava kirurgia\",\"item\":\"https:\/\/www.clinichelena.com\/fi\/korjaava-plastiikkakirurgia\/\"},{\"@type\":\"ListItem\",\"position\":3,\"name\":\"Vartalon muotoilu\"}]},{\"@type\":\"WebSite\",\"@id\":\"https:\/\/www.clinichelena.com\/fi\/#website\",\"url\":\"https:\/\/www.clinichelena.com\/fi\/\",\"name\":\"Clinic Helena\",\"description\":\"Your Breasts Matter\",\"publisher\":{\"@id\":\"https:\/\/www.clinichelena.com\/fi\/#organization\"},\"potentialAction\":[{\"@type\":\"SearchAction\",\"target\":{\"@type\":\"EntryPoint\",\"urlTemplate\":\"https:\/\/www.clinichelena.com\/fi\/?s={search_term_string}\"},\"query-input\":{\"@type\":\"PropertyValueSpecification\",\"valueRequired\":true,\"valueName\":\"search_term_string\"}}],\"inLanguage\":\"fi\"},{\"@type\":\"Organization\",\"@id\":\"https:\/\/www.clinichelena.com\/fi\/#organization\",\"name\":\"Klinikka Helena\",\"url\":\"https:\/\/www.clinichelena.com\/fi\/\",\"logo\":{\"@type\":\"ImageObject\",\"inLanguage\":\"fi\",\"@id\":\"https:\/\/www.clinichelena.com\/fi\/#\/schema\/logo\/image\/\",\"url\":\"https:\/\/www.clinichelena.com\/wp-content\/uploads\/2020\/11\/New-logo.png\",\"contentUrl\":\"https:\/\/www.clinichelena.com\/wp-content\/uploads\/2020\/11\/New-logo.png\",\"width\":950,\"height\":661,\"caption\":\"Klinikka Helena\"},\"image\":{\"@id\":\"https:\/\/www.clinichelena.com\/fi\/#\/schema\/logo\/image\/\"}}]}<\/script>\n<!-- \/ Yoast SEO plugin. -->","yoast_head_json":{"title":"Vartalon muotoilu - Clinic Helena","description":"Vartalon muotoilu viimeistelee laihdutuksen tulokset.","robots":{"index":"index","follow":"follow","max-snippet":"max-snippet:-1","max-image-preview":"max-image-preview:large","max-video-preview":"max-video-preview:-1"},"canonical":"https:\/\/www.clinichelena.com\/fi\/korjaava-plastiikkakirurgia\/vartalon-muotoilu\/","og_locale":"fi_FI","og_type":"article","og_title":"Vartalon muotoilu - Clinic Helena","og_description":"Vartalon muotoilu viimeistelee laihdutuksen tulokset.","og_url":"https:\/\/www.clinichelena.com\/fi\/korjaava-plastiikkakirurgia\/vartalon-muotoilu\/","og_site_name":"Clinic Helena","article_modified_time":"2025-11-27T12:48:32+00:00","og_image":[{"width":1000,"height":1000,"url":"https:\/\/www.clinichelena.com\/wp-content\/uploads\/2025\/01\/abdominoplastia-1.jpg","type":"image\/jpeg"}],"twitter_card":"summary_large_image","twitter_misc":{"Arvioitu lukuaika":"1 minuutti"},"schema":{"@context":"https:\/\/schema.org","@graph":[{"@type":["WebPage","MedicalWebPage"],"@id":"https:\/\/www.clinichelena.com\/fi\/korjaava-plastiikkakirurgia\/vartalon-muotoilu\/","url":"https:\/\/www.clinichelena.com\/fi\/korjaava-plastiikkakirurgia\/vartalon-muotoilu\/","name":"Vartalon muotoilu - Clinic Helena","isPartOf":{"@id":"https:\/\/www.clinichelena.com\/fi\/#website"},"primaryImageOfPage":{"@id":"https:\/\/www.clinichelena.com\/fi\/korjaava-plastiikkakirurgia\/vartalon-muotoilu\/#primaryimage"},"image":{"@id":"https:\/\/www.clinichelena.com\/fi\/korjaava-plastiikkakirurgia\/vartalon-muotoilu\/#primaryimage"},"thumbnailUrl":"https:\/\/www.clinichelena.com\/wp-content\/uploads\/2025\/01\/abdominoplastia-1.jpg","datePublished":"2025-11-26T17:39:11+00:00","dateModified":"2025-11-27T12:48:32+00:00","description":"Vartalon muotoilu viimeistelee laihdutuksen tulokset.","breadcrumb":{"@id":"https:\/\/www.clinichelena.com\/fi\/korjaava-plastiikkakirurgia\/vartalon-muotoilu\/#breadcrumb"},"inLanguage":"fi","potentialAction":[{"@type":"ReadAction","target":["https:\/\/www.clinichelena.com\/fi\/korjaava-plastiikkakirurgia\/vartalon-muotoilu\/"]}]},{"@type":"ImageObject","inLanguage":"fi","@id":"https:\/\/www.clinichelena.com\/fi\/korjaava-plastiikkakirurgia\/vartalon-muotoilu\/#primaryimage","url":"https:\/\/www.clinichelena.com\/wp-content\/uploads\/2025\/01\/abdominoplastia-1.jpg","contentUrl":"https:\/\/www.clinichelena.com\/wp-content\/uploads\/2025\/01\/abdominoplastia-1.jpg","width":1000,"height":1000},{"@type":"BreadcrumbList","@id":"https:\/\/www.clinichelena.com\/fi\/korjaava-plastiikkakirurgia\/vartalon-muotoilu\/#breadcrumb","itemListElement":[{"@type":"ListItem","position":1,"name":"Etusivu","item":"https:\/\/www.clinichelena.com\/fi\/"},{"@type":"ListItem","position":2,"name":"Korjaava kirurgia","item":"https:\/\/www.clinichelena.com\/fi\/korjaava-plastiikkakirurgia\/"},{"@type":"ListItem","position":3,"name":"Vartalon muotoilu"}]},{"@type":"WebSite","@id":"https:\/\/www.clinichelena.com\/fi\/#website","url":"https:\/\/www.clinichelena.com\/fi\/","name":"Clinic Helena","description":"Your Breasts Matter","publisher":{"@id":"https:\/\/www.clinichelena.com\/fi\/#organization"},"potentialAction":[{"@type":"SearchAction","target":{"@type":"EntryPoint","urlTemplate":"https:\/\/www.clinichelena.com\/fi\/?s={search_term_string}"},"query-input":{"@type":"PropertyValueSpecification","valueRequired":true,"valueName":"search_term_string"}}],"inLanguage":"fi"},{"@type":"Organization","@id":"https:\/\/www.clinichelena.com\/fi\/#organization","name":"Klinikka Helena","url":"https:\/\/www.clinichelena.com\/fi\/","logo":{"@type":"ImageObject","inLanguage":"fi","@id":"https:\/\/www.clinichelena.com\/fi\/#\/schema\/logo\/image\/","url":"https:\/\/www.clinichelena.com\/wp-content\/uploads\/2020\/11\/New-logo.png","contentUrl":"https:\/\/www.clinichelena.com\/wp-content\/uploads\/2020\/11\/New-logo.png","width":950,"height":661,"caption":"Klinikka Helena"},"image":{"@id":"https:\/\/www.clinichelena.com\/fi\/#\/schema\/logo\/image\/"}}]}},"taxonomy_info":[],"featured_image_src_large":["https:\/\/www.clinichelena.com\/wp-content\/uploads\/2025\/01\/abdominoplastia-1.jpg",1000,1000,false],"author_info":{"display_name":"Reeta","author_link":"https:\/\/www.clinichelena.com\/fi\/author\/reeta-luoto\/"},"comment_info":"","uagb_featured_image_src":{"full":["https:\/\/www.clinichelena.com\/wp-content\/uploads\/2025\/01\/abdominoplastia-1.jpg",1000,1000,false],"thumbnail":["https:\/\/www.clinichelena.com\/wp-content\/uploads\/2025\/01\/abdominoplastia-1-150x150.jpg",150,150,true],"medium":["https:\/\/www.clinichelena.com\/wp-content\/uploads\/2025\/01\/abdominoplastia-1-300x300.jpg",300,300,true],"medium_large":["https:\/\/www.clinichelena.com\/wp-content\/uploads\/2025\/01\/abdominoplastia-1-768x768.jpg",768,768,true],"large":["https:\/\/www.clinichelena.com\/wp-content\/uploads\/2025\/01\/abdominoplastia-1.jpg",1000,1000,false],"1536x1536":["https:\/\/www.clinichelena.com\/wp-content\/uploads\/2025\/01\/abdominoplastia-1.jpg",1000,1000,false],"2048x2048":["https:\/\/www.clinichelena.com\/wp-content\/uploads\/2025\/01\/abdominoplastia-1.jpg",1000,1000,false],"custom-square":["https:\/\/www.clinichelena.com\/wp-content\/uploads\/2025\/01\/abdominoplastia-1-300x300.jpg",300,300,true]},"uagb_author_info":{"display_name":"Reeta","author_link":"https:\/\/www.clinichelena.com\/fi\/author\/reeta-luoto\/"},"uagb_comment_info":0,"uagb_excerpt":"Mammoplastia tarkoittaa rintojen muodon korjausta tai niiden koon muutosta suurempaan tai pienemp\u00e4\u00e4n. Rintojen muoto on t\u00e4rke\u00e4\u00e4, koska tasapainoiset ja symmetriset rinnat suhteessa kehoomme parantavat itseluottamusta!","_links":{"self":[{"href":"https:\/\/www.clinichelena.com\/fi\/wp-json\/wp\/v2\/pages\/34715","targetHints":{"allow":["GET"]}}],"collection":[{"href":"https:\/\/www.clinichelena.com\/fi\/wp-json\/wp\/v2\/pages"}],"about":[{"href":"https:\/\/www.clinichelena.com\/fi\/wp-json\/wp\/v2\/types\/page"}],"author":[{"embeddable":true,"href":"https:\/\/www.clinichelena.com\/fi\/wp-json\/wp\/v2\/users\/17"}],"replies":[{"embeddable":true,"href":"https:\/\/www.clinichelena.com\/fi\/wp-json\/wp\/v2\/comments?post=34715"}],"version-history":[{"count":1,"href":"https:\/\/www.clinichelena.com\/fi\/wp-json\/wp\/v2\/pages\/34715\/revisions"}],"predecessor-version":[{"id":34716,"href":"https:\/\/www.clinichelena.com\/fi\/wp-json\/wp\/v2\/pages\/34715\/revisions\/34716"}],"up":[{"embeddable":true,"href":"https:\/\/www.clinichelena.com\/fi\/wp-json\/wp\/v2\/pages\/18066"}],"wp:featuredmedia":[{"embeddable":true,"href":"https:\/\/www.clinichelena.com\/fi\/wp-json\/wp\/v2\/media\/32945"}],"wp:attachment":[{"href":"https:\/\/www.clinichelena.com\/fi\/wp-json\/wp\/v2\/media?parent=34715"}],"curies":[{"name":"wp","href":"https:\/\/api.w.org\/{rel}","templated":true}]}}