{"id":32328,"date":"2024-09-26T13:22:05","date_gmt":"2024-09-26T11:22:05","guid":{"rendered":"https:\/\/www.clinichelena.com\/?page_id=32328"},"modified":"2025-01-29T17:25:50","modified_gmt":"2025-01-29T15:25:50","slug":"rinnalla-vai-ilman","status":"publish","type":"page","link":"https:\/\/www.clinichelena.com\/fi\/rinnalla-vai-ilman\/","title":{"rendered":"Rintarekonstruktiot Tampereella"},"content":{"rendered":"\n<p class=\"ingressi\">Rintarekonstruktio eli poistetun rinnan uudelleen rakentaminen auttaa rintasy\u00f6p\u00e4potilasta toipumaan ja sopeutumaan takaisin normaaliin el\u00e4m\u00e4\u00e4n. Clinic Helena tarjoaa Tampereella yksil\u00f6llisi\u00e4 rintarekonstruktioratkaisuja, jotka parantavat sek\u00e4 fyysist\u00e4 ett\u00e4 psyykkist\u00e4 hyvinvointia.<\/p>\n\n\n\n<div class=\"wp-block-buttons is-layout-flex wp-block-buttons-is-layout-flex\">\n<div class=\"wp-block-button\"><a class=\"wp-block-button__link wp-element-button\" href=\"https:\/\/av.dynamichealth.tieto.com\/plastiikkakirurgiahelena\/Ajanvaraus2.aspx\" target=\"_blank\" rel=\"noreferrer noopener\">Varaa aika konsultaatioon<\/a><\/div>\n<\/div>\n\n\n\n<div style=\"height:41px\" aria-hidden=\"true\" class=\"wp-block-spacer\"><\/div>\n\n\n\n<p class=\"ingressi\"><\/p>\n\n\n\n<figure class=\"wp-block-image size-large\"><a href=\"https:\/\/www.clinichelena.com\/wp-content\/uploads\/2024\/09\/IMG_1803-scaled.jpg\"><img loading=\"lazy\" decoding=\"async\" width=\"1024\" height=\"718\" src=\"https:\/\/www.clinichelena.com\/wp-content\/uploads\/2024\/09\/IMG_1803-1024x718.jpg\" alt=\"Helen Puonti keskustelee potilaan kanssa hoitovaihtoehdoista p\u00f6yd\u00e4n \u00e4\u00e4ress\u00e4\" class=\"wp-image-32384\" srcset=\"https:\/\/www.clinichelena.com\/wp-content\/uploads\/2024\/09\/IMG_1803-1024x718.jpg 1024w, https:\/\/www.clinichelena.com\/wp-content\/uploads\/2024\/09\/IMG_1803-300x210.jpg 300w, https:\/\/www.clinichelena.com\/wp-content\/uploads\/2024\/09\/IMG_1803-768x539.jpg 768w, https:\/\/www.clinichelena.com\/wp-content\/uploads\/2024\/09\/IMG_1803-1536x1077.jpg 1536w, https:\/\/www.clinichelena.com\/wp-content\/uploads\/2024\/09\/IMG_1803-2048x1436.jpg 2048w\" sizes=\"auto, (max-width: 1024px) 100vw, 1024px\" \/><\/a><\/figure>\n\n\n\n<h2 class=\"wp-block-heading\">Rintasy\u00f6v\u00e4n hoito ja sen vaikutukset hyvinvointiin<\/h2>\n\n\n\n<p>Toisinaan sy\u00f6p\u00e4hoito vaatii koko rinnan poistamisen ja samalla voidaan joutua poistamaan my\u00f6s kainalon imusolmukkeita. T\u00e4llaisista operaatioista seuraa usein merkitt\u00e4vi\u00e4 fyysisi\u00e4 haasteita, kuten k\u00e4sivarren turvotusta (lymfa\u00f6deema) ja vartalon ep\u00e4symmetriaa. Rankat sy\u00f6p\u00e4hoidot sek\u00e4 kehon ep\u00e4tasapaino voivat vaikuttaa negatiivisesti paitsi fyysiseen hyvinvointiin, my\u00f6s sosiaaliseen el\u00e4m\u00e4\u00e4n ja mielenterveyteen.<\/p>\n\n\n\n<p>Kehittyneet rintasy\u00f6p\u00e4kirurgian menetelm\u00e4t tarjoavat mahdollisuuksia v\u00e4hent\u00e4\u00e4 n\u00e4it\u00e4 haittoja jo sy\u00f6p\u00e4leikkauksen aikana. Joissakin tapauksissa rinnan osittainen tai t\u00e4ydellinen rekonstruktio voidaan tehd\u00e4 sy\u00f6p\u00e4leikkauksen yhteydess\u00e4, mutta useimmiten rekonstruktio ei ole mahdollista v\u00e4litt\u00f6m\u00e4sti. Madolliseen tulevaan rekonstruktioon voidaan varautua eri keinoin, mik\u00e4 auttaa parantamaan lopputulosta. Rintarekonstruktiomenetelmi\u00e4 on useita, ja toisinaan niiden yhteydess\u00e4 voidaan j\u00e4lkik\u00e4teen korjata my\u00f6s rintasy\u00f6p\u00e4leikkauksen aiheuttamia ongelmia.<\/p>\n\n\n\n<h2 class=\"wp-block-heading\">Rintarekonstruktio rintasy\u00f6p\u00e4leikkauksen yhteydess\u00e4 tai sen j\u00e4lkeen<\/h2>\n\n\n\n<p>Rinnan rekonstruktio voidaan toteuttaa  joko <a href=\"https:\/\/www.clinichelena.com\/fi\/rintarekonstruktio-syopaleikkauksen-aikana\/\">sy\u00f6p\u00e4leikkauksen yhteydess\u00e4<\/a> tai <a href=\"https:\/\/www.clinichelena.com\/fi\/rintarekonstruktio-rinnan-poiston-jalkeen\/\">my\u00f6hemmin<\/a>, kun potilas on toipunut rintasy\u00f6p\u00e4hoidoista. Yleens\u00e4 toipumiseen kuluu aikaa 1-2 vuotta, mutta korkean riskin tapauksissa suositellaan odottamaan noin kolme vuotta ennen rekonstruktion toteutusta.<\/p>\n\n\n\n<p>Parhaat tulokset rintarekonstruktiossa saavutetaan omakudossiirteill\u00e4, kuten<a href=\"https:\/\/www.clinichelena.com\/fi\/ld-rintarekonstruktio\/\" target=\"_blank\" rel=\"noreferrer noopener\"> LD (latissimus dorsi) <\/a>tai <a href=\"https:\/\/www.clinichelena.com\/fi\/tunteva-rinta-ms-tram\/\" target=\"_blank\" rel=\"noreferrer noopener\">ms-TRAM (lihaskalvosiirre)<\/a>. My\u00f6s implanttien, <a href=\"https:\/\/www.clinichelena.com\/fi\/expander-proteesi\/\" target=\"_blank\" rel=\"noreferrer noopener\">kudosvenyttimien<\/a> ja <a href=\"https:\/\/www.clinichelena.com\/fi\/rasvansiirto\/\" target=\"_blank\" rel=\"noreferrer noopener\">rasvansiirron<\/a> tekniikat ovat kehittyneet merkitt\u00e4v\u00e4sti, tarjoten hyvi\u00e4 vaihtoehtoja erityisesti hoikille potilaille, joilla omaa kudosta ei ole riitt\u00e4v\u00e4sti siirrett\u00e4v\u00e4ksi.<\/p>\n\n\n\n<h3 class=\"wp-block-heading\">Tunteva rinta<\/h3>\n\n\n\n<section class=\"wp-block-uagb-columns uagb-columns__wrap uagb-columns__background-none uagb-columns__stack-mobile uagb-columns__valign- uagb-columns__gap-10 align uagb-block-ef75aabb uagb-columns__columns-2 uagb-columns__max_width-theme\"><div class=\"uagb-columns__overlay\"><\/div><div class=\"uagb-columns__inner-wrap uagb-columns__columns-2\">\n<div class=\"wp-block-uagb-column uagb-column__wrap uagb-column__background-undefined uagb-block-de1bd12a\"><div class=\"uagb-column__overlay\"><\/div>\n<figure class=\"wp-block-image size-medium\"><a href=\"https:\/\/www.clinichelena.com\/wp-content\/uploads\/2020\/09\/kirjan-kansikuvaLinkedIn.png\"><img loading=\"lazy\" decoding=\"async\" width=\"300\" height=\"169\" src=\"https:\/\/www.clinichelena.com\/wp-content\/uploads\/2020\/09\/kirjan-kansikuvaLinkedIn-300x169.png\" alt=\"Tunteva rinta\" class=\"wp-image-17843\" srcset=\"https:\/\/www.clinichelena.com\/wp-content\/uploads\/2020\/09\/kirjan-kansikuvaLinkedIn-300x169.png 300w, https:\/\/www.clinichelena.com\/wp-content\/uploads\/2020\/09\/kirjan-kansikuvaLinkedIn.png 657w\" sizes=\"auto, (max-width: 300px) 100vw, 300px\" \/><\/a><\/figure>\n<\/div>\n\n\n\n<div class=\"wp-block-uagb-column uagb-column__wrap uagb-column__background-undefined uagb-block-d29e28a6\"><div class=\"uagb-column__overlay\"><\/div>\n<p>L\u00e4\u00e4ketieteen tohtori Helena Puonti on kehitt\u00e4nyt ainutlaatuisen \u201d<a href=\"http:\/\/clinichelena.kinsta.cloud\/fi\/tunteva-rinta-ms-tram\">Tunteva Rinta<\/a>\u201d -menetelm\u00e4n, jossa rinta rakennetaan vatsan alapuolella olevasta vatsapoimusta, ja hermot yhdistet\u00e4\u00e4n niin, ett\u00e4 uusi rinta voi saada normaalin tunnon. T\u00e4m\u00e4 innovatiivinen menetelm\u00e4 on tarjolla Clinic Helenassa kaikille siihen soveltuville rintasy\u00f6p\u00e4potilaille.<\/p>\n<\/div>\n<\/div><\/section>\n\n\n\n<div class=\"wp-block-columns is-layout-flex wp-container-core-columns-is-layout-28f84493 wp-block-columns-is-layout-flex\">\n<div class=\"wp-block-column is-layout-flow wp-block-column-is-layout-flow\" style=\"flex-basis:100%\">\n<section class=\"wp-block-uagb-section uagb-section__wrap uagb-section__background-color uagb-block-3d2fffef uag-hide-mob\"><div class=\"uagb-section__overlay\"><\/div><div class=\"uagb-section__inner-wrap\">\n<h2 class=\"wp-block-heading\">Nopeasti tutkimuksiin ja hoitoon <\/h2>\n\n\n\n<p>Jos haluat kuulla hoitovaihtoehdoista ja l\u00f6yt\u00e4\u00e4 sinulle sopivimman toimenpiteen, voit varata ajan ilmaiseen hoitajan konsultaatioon tai suoraan Helena Puontin vastaanotolle, nopeasti ilman l\u00e4hetett\u00e4.<\/p>\n\n\n\n<h4 class=\"wp-block-heading\">Miksi valita Clinic Helena:<\/h4>\n\n\n\n<ul class=\"wp-block-list\">\n<li>Maailmanluokan osaaminen ja vuosikymmenten kokemus nykyaikaisista kirurgisista hoitomenetelmist\u00e4.<\/li>\n\n\n\n<li>Helena Puontin asiantunteva l\u00e4hestymistapa ja nopea hoitoon p\u00e4\u00e4sy.<\/li>\n\n\n\n<li>Tampereelle on helppo saapua mist\u00e4 p\u00e4in Suomea tahansa.<\/li>\n\n\n\n<li>Teemme ty\u00f6t\u00e4 syd\u00e4mell\u00e4 ja olemme rinnallasi koko hoitopolun ajan, auttaen Sinua voimaan paremmin.<\/li>\n<\/ul>\n\n\n\n<div class=\"wp-block-uagb-buttons uagb-buttons__outer-wrap uagb-btn__default-btn uagb-btn-tablet__default-btn uagb-btn-mobile__default-btn uagb-block-aaaee149\"><div class=\"uagb-buttons__wrap uagb-buttons-layout-wrap \">\n<div class=\"wp-block-uagb-buttons-child uagb-buttons__outer-wrap uagb-block-05b51c49 wp-block-button\"><div class=\"uagb-button__wrapper\"><a class=\"uagb-buttons-repeater wp-block-button__link\" aria-label=\"\" href=\"https:\/\/www.clinichelena.com\/fi\/yhteystiedot\/\" rel=\"follow noopener\" target=\"_self\" role=\"button\"><div class=\"uagb-button__link\">Ota yhteytt\u00e4<\/div><\/a><\/div><\/div>\n\n\n\n<div class=\"wp-block-uagb-buttons-child uagb-buttons__outer-wrap uagb-block-145f3d38 wp-block-button\"><div class=\"uagb-button__wrapper\"><a class=\"uagb-buttons-repeater wp-block-button__link\" aria-label=\"\" href=\"tel:+358442378021\" rel=\"follow noopener\" target=\"_self\" role=\"button\"><div class=\"uagb-button__link\">050 570 8720<\/div><\/a><\/div><\/div>\n<\/div><\/div>\n<\/div><\/section>\n<\/div>\n<\/div>\n","protected":false},"excerpt":{"rendered":"<p>Rintarekonstruktio eli poistetun rinnan uudelleen rakentaminen auttaa rintasy\u00f6p\u00e4potilasta toipumaan ja sopeutumaan takaisin normaaliin el\u00e4m\u00e4\u00e4n. Clinic Helena tarjoaa Tampereella yksil\u00f6llisi\u00e4 rintarekonstruktioratkaisuja, jotka parantavat sek\u00e4 fyysist\u00e4 ett\u00e4 psyykkist\u00e4 hyvinvointia. Rintasy\u00f6v\u00e4n hoito ja sen vaikutukset hyvinvointiin Toisinaan sy\u00f6p\u00e4hoito [&hellip;]<\/p>\n","protected":false},"author":17,"featured_media":0,"parent":0,"menu_order":0,"comment_status":"closed","ping_status":"closed","template":"","meta":{"_uag_custom_page_level_css":"","_kad_blocks_custom_css":"","_kad_blocks_head_custom_js":"","_kad_blocks_body_custom_js":"","_kad_blocks_footer_custom_js":"","site-sidebar-layout":"default","site-content-layout":null,"ast-site-content-layout":"default","site-content-style":"default","site-sidebar-style":"default","ast-global-header-display":"","ast-banner-title-visibility":"","ast-main-header-display":"","ast-hfb-above-header-display":"","ast-hfb-below-header-display":null,"ast-hfb-mobile-header-display":"","site-post-title":"","ast-breadcrumbs-content":"","ast-featured-img":"","footer-sml-layout":"","theme-transparent-header-meta":"","adv-header-id-meta":"","stick-header-meta":"","header-above-stick-meta":"","header-main-stick-meta":"","header-below-stick-meta":null,"astra-migrate-meta-layouts":"set","ast-page-background-enabled":"default","ast-page-background-meta":{"desktop":{"background-color":"","background-image":"","background-repeat":"repeat","background-position":"center center","background-size":"auto","background-attachment":"scroll","background-type":"","background-media":"","overlay-type":"","overlay-color":"","overlay-opacity":"","overlay-gradient":""},"tablet":{"background-color":"","background-image":"","background-repeat":"repeat","background-position":"center center","background-size":"auto","background-attachment":"scroll","background-type":"","background-media":"","overlay-type":"","overlay-color":"","overlay-opacity":"","overlay-gradient":""},"mobile":{"background-color":"","background-image":"","background-repeat":"repeat","background-position":"center center","background-size":"auto","background-attachment":"scroll","background-type":"","background-media":"","overlay-type":"","overlay-color":"","overlay-opacity":"","overlay-gradient":""}},"ast-content-background-meta":{"desktop":{"background-color":"var(--ast-global-color-5)","background-image":"","background-repeat":"repeat","background-position":"center center","background-size":"auto","background-attachment":"scroll","background-type":"","background-media":"","overlay-type":"","overlay-color":"","overlay-opacity":"","overlay-gradient":""},"tablet":{"background-color":"var(--ast-global-color-5)","background-image":"","background-repeat":"repeat","background-position":"center center","background-size":"auto","background-attachment":"scroll","background-type":"","background-media":"","overlay-type":"","overlay-color":"","overlay-opacity":"","overlay-gradient":""},"mobile":{"background-color":"var(--ast-global-color-5)","background-image":"","background-repeat":"repeat","background-position":"center center","background-size":"auto","background-attachment":"scroll","background-type":"","background-media":"","overlay-type":"","overlay-color":"","overlay-opacity":"","overlay-gradient":""}},"footnotes":""},"class_list":["post-32328","page","type-page","status-publish","hentry"],"yoast_head":"<!-- This site is optimized with the Yoast SEO plugin v26.6 - https:\/\/yoast.com\/wordpress\/plugins\/seo\/ -->\n<title>Rintarekonstruktiot Tampereella - Clinic Helena<\/title>\n<meta name=\"description\" content=\"Clinic Helena tarjoaa rintarekonstruktiota rintasy\u00f6p\u00e4potilaille Tampereella. Tukea toipumiseen ja hyvinvointiin. Varaa aika konsultaatioon\" \/>\n<meta name=\"robots\" content=\"index, follow, max-snippet:-1, max-image-preview:large, max-video-preview:-1\" \/>\n<link rel=\"canonical\" href=\"https:\/\/www.clinichelena.com\/fi\/rinnalla-vai-ilman\/\" \/>\n<meta property=\"og:locale\" content=\"fi_FI\" \/>\n<meta property=\"og:type\" content=\"article\" \/>\n<meta property=\"og:title\" content=\"Rintarekonstruktiot Tampereella - Clinic Helena\" \/>\n<meta property=\"og:description\" content=\"Clinic Helena tarjoaa rintarekonstruktiota rintasy\u00f6p\u00e4potilaille Tampereella. Tukea toipumiseen ja hyvinvointiin. Varaa aika konsultaatioon\" \/>\n<meta property=\"og:url\" content=\"https:\/\/www.clinichelena.com\/fi\/rinnalla-vai-ilman\/\" \/>\n<meta property=\"og:site_name\" content=\"Clinic Helena\" \/>\n<meta property=\"article:modified_time\" content=\"2025-01-29T15:25:50+00:00\" \/>\n<meta property=\"og:image\" content=\"https:\/\/www.clinichelena.com\/wp-content\/uploads\/2024\/09\/IMG_1803-1024x718.jpg\" \/>\n<meta name=\"twitter:card\" content=\"summary_large_image\" \/>\n<meta name=\"twitter:label1\" content=\"Arvioitu lukuaika\" \/>\n\t<meta name=\"twitter:data1\" content=\"3 minuuttia\" \/>\n<script type=\"application\/ld+json\" class=\"yoast-schema-graph\">{\"@context\":\"https:\/\/schema.org\",\"@graph\":[{\"@type\":[\"WebPage\",\"MedicalWebPage\"],\"@id\":\"https:\/\/www.clinichelena.com\/fi\/rinnalla-vai-ilman\/\",\"url\":\"https:\/\/www.clinichelena.com\/fi\/rinnalla-vai-ilman\/\",\"name\":\"Rintarekonstruktiot Tampereella - Clinic Helena\",\"isPartOf\":{\"@id\":\"https:\/\/www.clinichelena.com\/fi\/#website\"},\"primaryImageOfPage\":{\"@id\":\"https:\/\/www.clinichelena.com\/fi\/rinnalla-vai-ilman\/#primaryimage\"},\"image\":{\"@id\":\"https:\/\/www.clinichelena.com\/fi\/rinnalla-vai-ilman\/#primaryimage\"},\"thumbnailUrl\":\"https:\/\/www.clinichelena.com\/wp-content\/uploads\/2024\/09\/IMG_1803-1024x718.jpg\",\"datePublished\":\"2024-09-26T11:22:05+00:00\",\"dateModified\":\"2025-01-29T15:25:50+00:00\",\"description\":\"Clinic Helena tarjoaa rintarekonstruktiota rintasy\u00f6p\u00e4potilaille Tampereella. Tukea toipumiseen ja hyvinvointiin. Varaa aika konsultaatioon\",\"breadcrumb\":{\"@id\":\"https:\/\/www.clinichelena.com\/fi\/rinnalla-vai-ilman\/#breadcrumb\"},\"inLanguage\":\"fi\",\"potentialAction\":[{\"@type\":\"ReadAction\",\"target\":[\"https:\/\/www.clinichelena.com\/fi\/rinnalla-vai-ilman\/\"]}]},{\"@type\":\"ImageObject\",\"inLanguage\":\"fi\",\"@id\":\"https:\/\/www.clinichelena.com\/fi\/rinnalla-vai-ilman\/#primaryimage\",\"url\":\"https:\/\/www.clinichelena.com\/wp-content\/uploads\/2024\/09\/IMG_1803-1024x718.jpg\",\"contentUrl\":\"https:\/\/www.clinichelena.com\/wp-content\/uploads\/2024\/09\/IMG_1803-1024x718.jpg\"},{\"@type\":\"BreadcrumbList\",\"@id\":\"https:\/\/www.clinichelena.com\/fi\/rinnalla-vai-ilman\/#breadcrumb\",\"itemListElement\":[{\"@type\":\"ListItem\",\"position\":1,\"name\":\"Etusivu\",\"item\":\"https:\/\/www.clinichelena.com\/fi\/\"},{\"@type\":\"ListItem\",\"position\":2,\"name\":\"Rintarekonstruktiot Tampereella\"}]},{\"@type\":\"WebSite\",\"@id\":\"https:\/\/www.clinichelena.com\/fi\/#website\",\"url\":\"https:\/\/www.clinichelena.com\/fi\/\",\"name\":\"Clinic Helena\",\"description\":\"Your Breasts Matter\",\"publisher\":{\"@id\":\"https:\/\/www.clinichelena.com\/fi\/#organization\"},\"potentialAction\":[{\"@type\":\"SearchAction\",\"target\":{\"@type\":\"EntryPoint\",\"urlTemplate\":\"https:\/\/www.clinichelena.com\/fi\/?s={search_term_string}\"},\"query-input\":{\"@type\":\"PropertyValueSpecification\",\"valueRequired\":true,\"valueName\":\"search_term_string\"}}],\"inLanguage\":\"fi\"},{\"@type\":\"Organization\",\"@id\":\"https:\/\/www.clinichelena.com\/fi\/#organization\",\"name\":\"Klinikka Helena\",\"url\":\"https:\/\/www.clinichelena.com\/fi\/\",\"logo\":{\"@type\":\"ImageObject\",\"inLanguage\":\"fi\",\"@id\":\"https:\/\/www.clinichelena.com\/fi\/#\/schema\/logo\/image\/\",\"url\":\"https:\/\/www.clinichelena.com\/wp-content\/uploads\/2020\/11\/New-logo.png\",\"contentUrl\":\"https:\/\/www.clinichelena.com\/wp-content\/uploads\/2020\/11\/New-logo.png\",\"width\":950,\"height\":661,\"caption\":\"Klinikka Helena\"},\"image\":{\"@id\":\"https:\/\/www.clinichelena.com\/fi\/#\/schema\/logo\/image\/\"}}]}<\/script>\n<!-- \/ Yoast SEO plugin. -->","yoast_head_json":{"title":"Rintarekonstruktiot Tampereella - Clinic Helena","description":"Clinic Helena tarjoaa rintarekonstruktiota rintasy\u00f6p\u00e4potilaille Tampereella. Tukea toipumiseen ja hyvinvointiin. Varaa aika konsultaatioon","robots":{"index":"index","follow":"follow","max-snippet":"max-snippet:-1","max-image-preview":"max-image-preview:large","max-video-preview":"max-video-preview:-1"},"canonical":"https:\/\/www.clinichelena.com\/fi\/rinnalla-vai-ilman\/","og_locale":"fi_FI","og_type":"article","og_title":"Rintarekonstruktiot Tampereella - Clinic Helena","og_description":"Clinic Helena tarjoaa rintarekonstruktiota rintasy\u00f6p\u00e4potilaille Tampereella. Tukea toipumiseen ja hyvinvointiin. Varaa aika konsultaatioon","og_url":"https:\/\/www.clinichelena.com\/fi\/rinnalla-vai-ilman\/","og_site_name":"Clinic Helena","article_modified_time":"2025-01-29T15:25:50+00:00","og_image":[{"url":"https:\/\/www.clinichelena.com\/wp-content\/uploads\/2024\/09\/IMG_1803-1024x718.jpg","type":"","width":"","height":""}],"twitter_card":"summary_large_image","twitter_misc":{"Arvioitu lukuaika":"3 minuuttia"},"schema":{"@context":"https:\/\/schema.org","@graph":[{"@type":["WebPage","MedicalWebPage"],"@id":"https:\/\/www.clinichelena.com\/fi\/rinnalla-vai-ilman\/","url":"https:\/\/www.clinichelena.com\/fi\/rinnalla-vai-ilman\/","name":"Rintarekonstruktiot Tampereella - Clinic Helena","isPartOf":{"@id":"https:\/\/www.clinichelena.com\/fi\/#website"},"primaryImageOfPage":{"@id":"https:\/\/www.clinichelena.com\/fi\/rinnalla-vai-ilman\/#primaryimage"},"image":{"@id":"https:\/\/www.clinichelena.com\/fi\/rinnalla-vai-ilman\/#primaryimage"},"thumbnailUrl":"https:\/\/www.clinichelena.com\/wp-content\/uploads\/2024\/09\/IMG_1803-1024x718.jpg","datePublished":"2024-09-26T11:22:05+00:00","dateModified":"2025-01-29T15:25:50+00:00","description":"Clinic Helena tarjoaa rintarekonstruktiota rintasy\u00f6p\u00e4potilaille Tampereella. Tukea toipumiseen ja hyvinvointiin. Varaa aika konsultaatioon","breadcrumb":{"@id":"https:\/\/www.clinichelena.com\/fi\/rinnalla-vai-ilman\/#breadcrumb"},"inLanguage":"fi","potentialAction":[{"@type":"ReadAction","target":["https:\/\/www.clinichelena.com\/fi\/rinnalla-vai-ilman\/"]}]},{"@type":"ImageObject","inLanguage":"fi","@id":"https:\/\/www.clinichelena.com\/fi\/rinnalla-vai-ilman\/#primaryimage","url":"https:\/\/www.clinichelena.com\/wp-content\/uploads\/2024\/09\/IMG_1803-1024x718.jpg","contentUrl":"https:\/\/www.clinichelena.com\/wp-content\/uploads\/2024\/09\/IMG_1803-1024x718.jpg"},{"@type":"BreadcrumbList","@id":"https:\/\/www.clinichelena.com\/fi\/rinnalla-vai-ilman\/#breadcrumb","itemListElement":[{"@type":"ListItem","position":1,"name":"Etusivu","item":"https:\/\/www.clinichelena.com\/fi\/"},{"@type":"ListItem","position":2,"name":"Rintarekonstruktiot Tampereella"}]},{"@type":"WebSite","@id":"https:\/\/www.clinichelena.com\/fi\/#website","url":"https:\/\/www.clinichelena.com\/fi\/","name":"Clinic Helena","description":"Your Breasts Matter","publisher":{"@id":"https:\/\/www.clinichelena.com\/fi\/#organization"},"potentialAction":[{"@type":"SearchAction","target":{"@type":"EntryPoint","urlTemplate":"https:\/\/www.clinichelena.com\/fi\/?s={search_term_string}"},"query-input":{"@type":"PropertyValueSpecification","valueRequired":true,"valueName":"search_term_string"}}],"inLanguage":"fi"},{"@type":"Organization","@id":"https:\/\/www.clinichelena.com\/fi\/#organization","name":"Klinikka Helena","url":"https:\/\/www.clinichelena.com\/fi\/","logo":{"@type":"ImageObject","inLanguage":"fi","@id":"https:\/\/www.clinichelena.com\/fi\/#\/schema\/logo\/image\/","url":"https:\/\/www.clinichelena.com\/wp-content\/uploads\/2020\/11\/New-logo.png","contentUrl":"https:\/\/www.clinichelena.com\/wp-content\/uploads\/2020\/11\/New-logo.png","width":950,"height":661,"caption":"Klinikka Helena"},"image":{"@id":"https:\/\/www.clinichelena.com\/fi\/#\/schema\/logo\/image\/"}}]}},"taxonomy_info":[],"featured_image_src_large":false,"author_info":{"display_name":"Reeta","author_link":"https:\/\/www.clinichelena.com\/fi\/author\/reeta-luoto\/"},"comment_info":"","uagb_featured_image_src":{"full":false,"thumbnail":false,"medium":false,"medium_large":false,"large":false,"1536x1536":false,"2048x2048":false,"custom-square":false},"uagb_author_info":{"display_name":"Reeta","author_link":"https:\/\/www.clinichelena.com\/fi\/author\/reeta-luoto\/"},"uagb_comment_info":0,"uagb_excerpt":"Rintarekonstruktio eli poistetun rinnan uudelleen rakentaminen auttaa rintasy\u00f6p\u00e4potilasta toipumaan ja sopeutumaan takaisin normaaliin el\u00e4m\u00e4\u00e4n. Clinic Helena tarjoaa Tampereella yksil\u00f6llisi\u00e4 rintarekonstruktioratkaisuja, jotka parantavat sek\u00e4 fyysist\u00e4 ett\u00e4 psyykkist\u00e4 hyvinvointia. Rintasy\u00f6v\u00e4n hoito ja sen vaikutukset hyvinvointiin Toisinaan sy\u00f6p\u00e4hoito [&hellip;]","_links":{"self":[{"href":"https:\/\/www.clinichelena.com\/fi\/wp-json\/wp\/v2\/pages\/32328","targetHints":{"allow":["GET"]}}],"collection":[{"href":"https:\/\/www.clinichelena.com\/fi\/wp-json\/wp\/v2\/pages"}],"about":[{"href":"https:\/\/www.clinichelena.com\/fi\/wp-json\/wp\/v2\/types\/page"}],"author":[{"embeddable":true,"href":"https:\/\/www.clinichelena.com\/fi\/wp-json\/wp\/v2\/users\/17"}],"replies":[{"embeddable":true,"href":"https:\/\/www.clinichelena.com\/fi\/wp-json\/wp\/v2\/comments?post=32328"}],"version-history":[{"count":15,"href":"https:\/\/www.clinichelena.com\/fi\/wp-json\/wp\/v2\/pages\/32328\/revisions"}],"predecessor-version":[{"id":32419,"href":"https:\/\/www.clinichelena.com\/fi\/wp-json\/wp\/v2\/pages\/32328\/revisions\/32419"}],"wp:attachment":[{"href":"https:\/\/www.clinichelena.com\/fi\/wp-json\/wp\/v2\/media?parent=32328"}],"curies":[{"name":"wp","href":"https:\/\/api.w.org\/{rel}","templated":true}]}}