{"id":31675,"date":"2023-10-31T11:19:47","date_gmt":"2023-10-31T09:19:47","guid":{"rendered":"https:\/\/www.clinichelena.com\/?page_id=31675"},"modified":"2023-10-31T11:32:07","modified_gmt":"2023-10-31T09:32:07","slug":"clinic-helena-mediassa","status":"publish","type":"page","link":"https:\/\/www.clinichelena.com\/fi\/clinic-helena-mediassa\/","title":{"rendered":"Clinic Helenan mediamaininnat"},"content":{"rendered":"\n<p>Clinic Helena on tunnettu huippuosaamisestaan rintasy\u00f6v\u00e4n hoidossa ja plastiikkakirurgiassa, ja sen perustaja, Helena Puonti, on her\u00e4tt\u00e4nyt laajaa huomiota mediassa. T\u00e4ll\u00e4 sivulla voit tutustua eri medioissa julkaistuihin artikkeleihin ja julkaisuihin, jotka kertovat klinikkamme tarinasta, saavutuksista ja asiantuntijuudesta. Olemme ylpeit\u00e4 siit\u00e4, ett\u00e4 ty\u00f6mme her\u00e4tt\u00e4\u00e4 huomiota ja saa tunnustusta.<\/p>\n","protected":false},"excerpt":{"rendered":"<p>Tutustu Clinic Helenaan ja perustajaamme Helena Puontiin mediassa. T\u00e4lt\u00e4 sivulta l\u00f6yd\u00e4t julkaisut, joissa klinikkamme ja asiantuntijuutemme on huomioitu.<\/p>\n","protected":false},"author":2,"featured_media":17712,"parent":0,"menu_order":0,"comment_status":"closed","ping_status":"closed","template":"","meta":{"_uag_custom_page_level_css":"","_kad_blocks_custom_css":"","_kad_blocks_head_custom_js":"","_kad_blocks_body_custom_js":"","_kad_blocks_footer_custom_js":"","site-sidebar-layout":"default","site-content-layout":"","ast-site-content-layout":"default","site-content-style":"default","site-sidebar-style":"default","ast-global-header-display":"","ast-banner-title-visibility":"","ast-main-header-display":"","ast-hfb-above-header-display":"","ast-hfb-below-header-display":"","ast-hfb-mobile-header-display":"","site-post-title":"","ast-breadcrumbs-content":"","ast-featured-img":"disabled","footer-sml-layout":"","theme-transparent-header-meta":"","adv-header-id-meta":"","stick-header-meta":"","header-above-stick-meta":"","header-main-stick-meta":"","header-below-stick-meta":"","astra-migrate-meta-layouts":"set","ast-page-background-enabled":"default","ast-page-background-meta":{"desktop":{"background-color":"","background-image":"","background-repeat":"repeat","background-position":"center center","background-size":"auto","background-attachment":"scroll","background-type":"","background-media":"","overlay-type":"","overlay-color":"","overlay-opacity":"","overlay-gradient":""},"tablet":{"background-color":"","background-image":"","background-repeat":"repeat","background-position":"center center","background-size":"auto","background-attachment":"scroll","background-type":"","background-media":"","overlay-type":"","overlay-color":"","overlay-opacity":"","overlay-gradient":""},"mobile":{"background-color":"","background-image":"","background-repeat":"repeat","background-position":"center center","background-size":"auto","background-attachment":"scroll","background-type":"","background-media":"","overlay-type":"","overlay-color":"","overlay-opacity":"","overlay-gradient":""}},"ast-content-background-meta":{"desktop":{"background-color":"var(--ast-global-color-5)","background-image":"","background-repeat":"repeat","background-position":"center center","background-size":"auto","background-attachment":"scroll","background-type":"","background-media":"","overlay-type":"","overlay-color":"","overlay-opacity":"","overlay-gradient":""},"tablet":{"background-color":"var(--ast-global-color-5)","background-image":"","background-repeat":"repeat","background-position":"center center","background-size":"auto","background-attachment":"scroll","background-type":"","background-media":"","overlay-type":"","overlay-color":"","overlay-opacity":"","overlay-gradient":""},"mobile":{"background-color":"var(--ast-global-color-5)","background-image":"","background-repeat":"repeat","background-position":"center center","background-size":"auto","background-attachment":"scroll","background-type":"","background-media":"","overlay-type":"","overlay-color":"","overlay-opacity":"","overlay-gradient":""}},"footnotes":""},"class_list":["post-31675","page","type-page","status-publish","has-post-thumbnail","hentry"],"yoast_head":"<!-- This site is optimized with the Yoast SEO plugin v26.6 - https:\/\/yoast.com\/wordpress\/plugins\/seo\/ -->\n<title>Clinic Helenan mediamaininnat - Clinic Helena<\/title>\n<meta name=\"description\" content=\"Tutustu Clinic Helenaan ja perustajaamme Helena Puontiin mediassa. T\u00e4lt\u00e4 sivulta l\u00f6yd\u00e4t julkaisut, joissa klinikkamme ja asiantuntijuutemme on huomioitu.\" \/>\n<meta name=\"robots\" content=\"index, follow, max-snippet:-1, max-image-preview:large, max-video-preview:-1\" \/>\n<link rel=\"canonical\" href=\"https:\/\/www.clinichelena.com\/fi\/clinic-helena-mediassa\/\" \/>\n<meta property=\"og:locale\" content=\"fi_FI\" \/>\n<meta property=\"og:type\" content=\"article\" \/>\n<meta property=\"og:title\" content=\"Clinic Helenan mediamaininnat - Clinic Helena\" \/>\n<meta property=\"og:description\" content=\"Tutustu Clinic Helenaan ja perustajaamme Helena Puontiin mediassa. T\u00e4lt\u00e4 sivulta l\u00f6yd\u00e4t julkaisut, joissa klinikkamme ja asiantuntijuutemme on huomioitu.\" \/>\n<meta property=\"og:url\" content=\"https:\/\/www.clinichelena.com\/fi\/clinic-helena-mediassa\/\" \/>\n<meta property=\"og:site_name\" content=\"Clinic Helena\" \/>\n<meta property=\"article:modified_time\" content=\"2023-10-31T09:32:07+00:00\" \/>\n<meta property=\"og:image\" content=\"https:\/\/www.clinichelena.com\/wp-content\/uploads\/2020\/09\/12-scaled.jpg\" \/>\n\t<meta property=\"og:image:width\" content=\"2560\" \/>\n\t<meta property=\"og:image:height\" content=\"1707\" \/>\n\t<meta property=\"og:image:type\" content=\"image\/jpeg\" \/>\n<meta name=\"twitter:card\" content=\"summary_large_image\" \/>\n<meta name=\"twitter:label1\" content=\"Arvioitu lukuaika\" \/>\n\t<meta name=\"twitter:data1\" content=\"1 minuutti\" \/>\n<script type=\"application\/ld+json\" class=\"yoast-schema-graph\">{\"@context\":\"https:\/\/schema.org\",\"@graph\":[{\"@type\":[\"WebPage\",\"MedicalWebPage\"],\"@id\":\"https:\/\/www.clinichelena.com\/fi\/clinic-helena-mediassa\/\",\"url\":\"https:\/\/www.clinichelena.com\/fi\/clinic-helena-mediassa\/\",\"name\":\"Clinic Helenan mediamaininnat - Clinic Helena\",\"isPartOf\":{\"@id\":\"https:\/\/www.clinichelena.com\/fi\/#website\"},\"primaryImageOfPage\":{\"@id\":\"https:\/\/www.clinichelena.com\/fi\/clinic-helena-mediassa\/#primaryimage\"},\"image\":{\"@id\":\"https:\/\/www.clinichelena.com\/fi\/clinic-helena-mediassa\/#primaryimage\"},\"thumbnailUrl\":\"https:\/\/www.clinichelena.com\/wp-content\/uploads\/2020\/09\/12-scaled.jpg\",\"datePublished\":\"2023-10-31T09:19:47+00:00\",\"dateModified\":\"2023-10-31T09:32:07+00:00\",\"description\":\"Tutustu Clinic Helenaan ja perustajaamme Helena Puontiin mediassa. T\u00e4lt\u00e4 sivulta l\u00f6yd\u00e4t julkaisut, joissa klinikkamme ja asiantuntijuutemme on huomioitu.\",\"breadcrumb\":{\"@id\":\"https:\/\/www.clinichelena.com\/fi\/clinic-helena-mediassa\/#breadcrumb\"},\"inLanguage\":\"fi\",\"potentialAction\":[{\"@type\":\"ReadAction\",\"target\":[\"https:\/\/www.clinichelena.com\/fi\/clinic-helena-mediassa\/\"]}]},{\"@type\":\"ImageObject\",\"inLanguage\":\"fi\",\"@id\":\"https:\/\/www.clinichelena.com\/fi\/clinic-helena-mediassa\/#primaryimage\",\"url\":\"https:\/\/www.clinichelena.com\/wp-content\/uploads\/2020\/09\/12-scaled.jpg\",\"contentUrl\":\"https:\/\/www.clinichelena.com\/wp-content\/uploads\/2020\/09\/12-scaled.jpg\",\"width\":2560,\"height\":1707,\"caption\":\"Helena lukee v\u00e4it\u00f6skirjaa\"},{\"@type\":\"BreadcrumbList\",\"@id\":\"https:\/\/www.clinichelena.com\/fi\/clinic-helena-mediassa\/#breadcrumb\",\"itemListElement\":[{\"@type\":\"ListItem\",\"position\":1,\"name\":\"Etusivu\",\"item\":\"https:\/\/www.clinichelena.com\/fi\/\"},{\"@type\":\"ListItem\",\"position\":2,\"name\":\"Clinic Helenan mediamaininnat\"}]},{\"@type\":\"WebSite\",\"@id\":\"https:\/\/www.clinichelena.com\/fi\/#website\",\"url\":\"https:\/\/www.clinichelena.com\/fi\/\",\"name\":\"Clinic Helena\",\"description\":\"Your Breasts Matter\",\"publisher\":{\"@id\":\"https:\/\/www.clinichelena.com\/fi\/#organization\"},\"potentialAction\":[{\"@type\":\"SearchAction\",\"target\":{\"@type\":\"EntryPoint\",\"urlTemplate\":\"https:\/\/www.clinichelena.com\/fi\/?s={search_term_string}\"},\"query-input\":{\"@type\":\"PropertyValueSpecification\",\"valueRequired\":true,\"valueName\":\"search_term_string\"}}],\"inLanguage\":\"fi\"},{\"@type\":\"Organization\",\"@id\":\"https:\/\/www.clinichelena.com\/fi\/#organization\",\"name\":\"Klinikka Helena\",\"url\":\"https:\/\/www.clinichelena.com\/fi\/\",\"logo\":{\"@type\":\"ImageObject\",\"inLanguage\":\"fi\",\"@id\":\"https:\/\/www.clinichelena.com\/fi\/#\/schema\/logo\/image\/\",\"url\":\"https:\/\/www.clinichelena.com\/wp-content\/uploads\/2020\/11\/New-logo.png\",\"contentUrl\":\"https:\/\/www.clinichelena.com\/wp-content\/uploads\/2020\/11\/New-logo.png\",\"width\":950,\"height\":661,\"caption\":\"Klinikka Helena\"},\"image\":{\"@id\":\"https:\/\/www.clinichelena.com\/fi\/#\/schema\/logo\/image\/\"}}]}<\/script>\n<!-- \/ Yoast SEO plugin. -->","yoast_head_json":{"title":"Clinic Helenan mediamaininnat - Clinic Helena","description":"Tutustu Clinic Helenaan ja perustajaamme Helena Puontiin mediassa. T\u00e4lt\u00e4 sivulta l\u00f6yd\u00e4t julkaisut, joissa klinikkamme ja asiantuntijuutemme on huomioitu.","robots":{"index":"index","follow":"follow","max-snippet":"max-snippet:-1","max-image-preview":"max-image-preview:large","max-video-preview":"max-video-preview:-1"},"canonical":"https:\/\/www.clinichelena.com\/fi\/clinic-helena-mediassa\/","og_locale":"fi_FI","og_type":"article","og_title":"Clinic Helenan mediamaininnat - Clinic Helena","og_description":"Tutustu Clinic Helenaan ja perustajaamme Helena Puontiin mediassa. T\u00e4lt\u00e4 sivulta l\u00f6yd\u00e4t julkaisut, joissa klinikkamme ja asiantuntijuutemme on huomioitu.","og_url":"https:\/\/www.clinichelena.com\/fi\/clinic-helena-mediassa\/","og_site_name":"Clinic Helena","article_modified_time":"2023-10-31T09:32:07+00:00","og_image":[{"width":2560,"height":1707,"url":"https:\/\/www.clinichelena.com\/wp-content\/uploads\/2020\/09\/12-scaled.jpg","type":"image\/jpeg"}],"twitter_card":"summary_large_image","twitter_misc":{"Arvioitu lukuaika":"1 minuutti"},"schema":{"@context":"https:\/\/schema.org","@graph":[{"@type":["WebPage","MedicalWebPage"],"@id":"https:\/\/www.clinichelena.com\/fi\/clinic-helena-mediassa\/","url":"https:\/\/www.clinichelena.com\/fi\/clinic-helena-mediassa\/","name":"Clinic Helenan mediamaininnat - Clinic Helena","isPartOf":{"@id":"https:\/\/www.clinichelena.com\/fi\/#website"},"primaryImageOfPage":{"@id":"https:\/\/www.clinichelena.com\/fi\/clinic-helena-mediassa\/#primaryimage"},"image":{"@id":"https:\/\/www.clinichelena.com\/fi\/clinic-helena-mediassa\/#primaryimage"},"thumbnailUrl":"https:\/\/www.clinichelena.com\/wp-content\/uploads\/2020\/09\/12-scaled.jpg","datePublished":"2023-10-31T09:19:47+00:00","dateModified":"2023-10-31T09:32:07+00:00","description":"Tutustu Clinic Helenaan ja perustajaamme Helena Puontiin mediassa. T\u00e4lt\u00e4 sivulta l\u00f6yd\u00e4t julkaisut, joissa klinikkamme ja asiantuntijuutemme on huomioitu.","breadcrumb":{"@id":"https:\/\/www.clinichelena.com\/fi\/clinic-helena-mediassa\/#breadcrumb"},"inLanguage":"fi","potentialAction":[{"@type":"ReadAction","target":["https:\/\/www.clinichelena.com\/fi\/clinic-helena-mediassa\/"]}]},{"@type":"ImageObject","inLanguage":"fi","@id":"https:\/\/www.clinichelena.com\/fi\/clinic-helena-mediassa\/#primaryimage","url":"https:\/\/www.clinichelena.com\/wp-content\/uploads\/2020\/09\/12-scaled.jpg","contentUrl":"https:\/\/www.clinichelena.com\/wp-content\/uploads\/2020\/09\/12-scaled.jpg","width":2560,"height":1707,"caption":"Helena lukee v\u00e4it\u00f6skirjaa"},{"@type":"BreadcrumbList","@id":"https:\/\/www.clinichelena.com\/fi\/clinic-helena-mediassa\/#breadcrumb","itemListElement":[{"@type":"ListItem","position":1,"name":"Etusivu","item":"https:\/\/www.clinichelena.com\/fi\/"},{"@type":"ListItem","position":2,"name":"Clinic Helenan mediamaininnat"}]},{"@type":"WebSite","@id":"https:\/\/www.clinichelena.com\/fi\/#website","url":"https:\/\/www.clinichelena.com\/fi\/","name":"Clinic Helena","description":"Your Breasts Matter","publisher":{"@id":"https:\/\/www.clinichelena.com\/fi\/#organization"},"potentialAction":[{"@type":"SearchAction","target":{"@type":"EntryPoint","urlTemplate":"https:\/\/www.clinichelena.com\/fi\/?s={search_term_string}"},"query-input":{"@type":"PropertyValueSpecification","valueRequired":true,"valueName":"search_term_string"}}],"inLanguage":"fi"},{"@type":"Organization","@id":"https:\/\/www.clinichelena.com\/fi\/#organization","name":"Klinikka Helena","url":"https:\/\/www.clinichelena.com\/fi\/","logo":{"@type":"ImageObject","inLanguage":"fi","@id":"https:\/\/www.clinichelena.com\/fi\/#\/schema\/logo\/image\/","url":"https:\/\/www.clinichelena.com\/wp-content\/uploads\/2020\/11\/New-logo.png","contentUrl":"https:\/\/www.clinichelena.com\/wp-content\/uploads\/2020\/11\/New-logo.png","width":950,"height":661,"caption":"Klinikka Helena"},"image":{"@id":"https:\/\/www.clinichelena.com\/fi\/#\/schema\/logo\/image\/"}}]}},"taxonomy_info":[],"featured_image_src_large":["https:\/\/www.clinichelena.com\/wp-content\/uploads\/2020\/09\/12-1024x683.jpg",1024,683,true],"author_info":{"display_name":"\u041e\u043b\u044c\u0433\u0430","author_link":"https:\/\/www.clinichelena.com\/fi\/author\/admin\/"},"comment_info":"","uagb_featured_image_src":{"full":["https:\/\/www.clinichelena.com\/wp-content\/uploads\/2020\/09\/12-scaled.jpg",2560,1707,false],"thumbnail":["https:\/\/www.clinichelena.com\/wp-content\/uploads\/2020\/09\/12-150x150.jpg",150,150,true],"medium":["https:\/\/www.clinichelena.com\/wp-content\/uploads\/2020\/09\/12-300x200.jpg",300,200,true],"medium_large":["https:\/\/www.clinichelena.com\/wp-content\/uploads\/2020\/09\/12-768x512.jpg",768,512,true],"large":["https:\/\/www.clinichelena.com\/wp-content\/uploads\/2020\/09\/12-1024x683.jpg",1024,683,true],"1536x1536":["https:\/\/www.clinichelena.com\/wp-content\/uploads\/2020\/09\/12-1536x1024.jpg",1536,1024,true],"2048x2048":["https:\/\/www.clinichelena.com\/wp-content\/uploads\/2020\/09\/12-2048x1365.jpg",2048,1365,true],"custom-square":["https:\/\/www.clinichelena.com\/wp-content\/uploads\/2020\/09\/12-300x300.jpg",300,300,true]},"uagb_author_info":{"display_name":"\u041e\u043b\u044c\u0433\u0430","author_link":"https:\/\/www.clinichelena.com\/fi\/author\/admin\/"},"uagb_comment_info":0,"uagb_excerpt":"Tutustu Clinic Helenaan ja perustajaamme Helena Puontiin mediassa. T\u00e4lt\u00e4 sivulta l\u00f6yd\u00e4t julkaisut, joissa klinikkamme ja asiantuntijuutemme on huomioitu.","_links":{"self":[{"href":"https:\/\/www.clinichelena.com\/fi\/wp-json\/wp\/v2\/pages\/31675","targetHints":{"allow":["GET"]}}],"collection":[{"href":"https:\/\/www.clinichelena.com\/fi\/wp-json\/wp\/v2\/pages"}],"about":[{"href":"https:\/\/www.clinichelena.com\/fi\/wp-json\/wp\/v2\/types\/page"}],"author":[{"embeddable":true,"href":"https:\/\/www.clinichelena.com\/fi\/wp-json\/wp\/v2\/users\/2"}],"replies":[{"embeddable":true,"href":"https:\/\/www.clinichelena.com\/fi\/wp-json\/wp\/v2\/comments?post=31675"}],"version-history":[{"count":6,"href":"https:\/\/www.clinichelena.com\/fi\/wp-json\/wp\/v2\/pages\/31675\/revisions"}],"predecessor-version":[{"id":35217,"href":"https:\/\/www.clinichelena.com\/fi\/wp-json\/wp\/v2\/pages\/31675\/revisions\/35217"}],"wp:featuredmedia":[{"embeddable":true,"href":"https:\/\/www.clinichelena.com\/fi\/wp-json\/wp\/v2\/media\/17712"}],"wp:attachment":[{"href":"https:\/\/www.clinichelena.com\/fi\/wp-json\/wp\/v2\/media?parent=31675"}],"curies":[{"name":"wp","href":"https:\/\/api.w.org\/{rel}","templated":true}]}}