{"id":27633,"date":"2022-05-24T10:14:42","date_gmt":"2022-05-24T08:14:42","guid":{"rendered":"https:\/\/www.clinichelena.com\/?page_id=27633"},"modified":"2026-02-16T17:20:34","modified_gmt":"2026-02-16T15:20:34","slug":"testaa-tietosi-rintasyovasta","status":"publish","type":"page","link":"https:\/\/www.clinichelena.com\/fi\/testaa-tietosi-rintasyovasta\/","title":{"rendered":"Testaa tietosi rintasy\u00f6v\u00e4st\u00e4"},"content":{"rendered":"\n<div><div class=\"op-interactive\" id=\"6278f376440c032c14a4b6cd\" data-title=\"Clinic Helena - Testaa tietosi rintasy\u00f6v\u00e4st\u00e4\" data-url=\"https:\/\/sitely172.outgrow.us\/6278f376440c032c14a4b6cd?vHeight=1\" data-width=\"100%\"><\/div><script src=\"\/\/dyv6f9ner1ir9.cloudfront.net\/assets\/js\/nloader.js\"><\/script><script>initIframe('6278f376440c032c14a4b6cd');<\/script><\/div>\n","protected":false},"excerpt":{"rendered":"","protected":false},"author":14,"featured_media":27636,"parent":0,"menu_order":0,"comment_status":"closed","ping_status":"closed","template":"","meta":{"_uag_custom_page_level_css":"","_kad_blocks_custom_css":"","_kad_blocks_head_custom_js":"","_kad_blocks_body_custom_js":"","_kad_blocks_footer_custom_js":"","site-sidebar-layout":"no-sidebar","site-content-layout":"page-builder","ast-site-content-layout":"full-width-container","site-content-style":"unboxed","site-sidebar-style":"unboxed","ast-global-header-display":"","ast-banner-title-visibility":"","ast-main-header-display":"disabled","ast-hfb-above-header-display":"disabled","ast-hfb-below-header-display":"disabled","ast-hfb-mobile-header-display":"disabled","site-post-title":"","ast-breadcrumbs-content":"disabled","ast-featured-img":"disabled","footer-sml-layout":"disabled","theme-transparent-header-meta":"","adv-header-id-meta":"","stick-header-meta":"","header-above-stick-meta":"","header-main-stick-meta":"","header-below-stick-meta":"","astra-migrate-meta-layouts":"set","ast-page-background-enabled":"default","ast-page-background-meta":{"desktop":{"background-color":"","background-image":"","background-repeat":"repeat","background-position":"center center","background-size":"auto","background-attachment":"scroll","background-type":"","background-media":"","overlay-type":"","overlay-color":"","overlay-opacity":"","overlay-gradient":""},"tablet":{"background-color":"","background-image":"","background-repeat":"repeat","background-position":"center center","background-size":"auto","background-attachment":"scroll","background-type":"","background-media":"","overlay-type":"","overlay-color":"","overlay-opacity":"","overlay-gradient":""},"mobile":{"background-color":"","background-image":"","background-repeat":"repeat","background-position":"center center","background-size":"auto","background-attachment":"scroll","background-type":"","background-media":"","overlay-type":"","overlay-color":"","overlay-opacity":"","overlay-gradient":""}},"ast-content-background-meta":{"desktop":{"background-color":"var(--ast-global-color-5)","background-image":"","background-repeat":"repeat","background-position":"center center","background-size":"auto","background-attachment":"scroll","background-type":"","background-media":"","overlay-type":"","overlay-color":"","overlay-opacity":"","overlay-gradient":""},"tablet":{"background-color":"var(--ast-global-color-5)","background-image":"","background-repeat":"repeat","background-position":"center center","background-size":"auto","background-attachment":"scroll","background-type":"","background-media":"","overlay-type":"","overlay-color":"","overlay-opacity":"","overlay-gradient":""},"mobile":{"background-color":"var(--ast-global-color-5)","background-image":"","background-repeat":"repeat","background-position":"center center","background-size":"auto","background-attachment":"scroll","background-type":"","background-media":"","overlay-type":"","overlay-color":"","overlay-opacity":"","overlay-gradient":""}},"footnotes":""},"class_list":["post-27633","page","type-page","status-publish","has-post-thumbnail","hentry"],"yoast_head":"<!-- This site is optimized with the Yoast SEO plugin v26.6 - https:\/\/yoast.com\/wordpress\/plugins\/seo\/ -->\n<title>Testaa tietosi rintasy\u00f6v\u00e4st\u00e4 - Clinic Helena<\/title>\n<meta name=\"description\" content=\"Vastaa rintojen terveyteen liittyviin kysymyksiin ja hanki vinkkej\u00e4 oman terveytesi seuraamiseen.\" \/>\n<meta name=\"robots\" content=\"index, follow, max-snippet:-1, max-image-preview:large, max-video-preview:-1\" \/>\n<link rel=\"canonical\" href=\"https:\/\/www.clinichelena.com\/fi\/testaa-tietosi-rintasyovasta\/\" \/>\n<meta property=\"og:locale\" content=\"fi_FI\" \/>\n<meta property=\"og:type\" content=\"article\" \/>\n<meta property=\"og:title\" content=\"Testaa tietosi rintasy\u00f6v\u00e4st\u00e4 - Clinic Helena\" \/>\n<meta property=\"og:description\" content=\"Vastaa rintojen terveyteen liittyviin kysymyksiin ja hanki vinkkej\u00e4 oman terveytesi seuraamiseen.\" \/>\n<meta property=\"og:url\" content=\"https:\/\/www.clinichelena.com\/fi\/testaa-tietosi-rintasyovasta\/\" \/>\n<meta property=\"og:site_name\" content=\"Clinic Helena\" \/>\n<meta property=\"article:modified_time\" content=\"2026-02-16T15:20:34+00:00\" \/>\n<meta property=\"og:image\" content=\"https:\/\/www.clinichelena.com\/wp-content\/uploads\/2022\/05\/Helena-Portrait.png\" \/>\n\t<meta property=\"og:image:width\" content=\"2628\" \/>\n\t<meta property=\"og:image:height\" content=\"2549\" \/>\n\t<meta property=\"og:image:type\" content=\"image\/png\" \/>\n<meta name=\"twitter:card\" content=\"summary_large_image\" \/>\n<meta name=\"twitter:label1\" content=\"Arvioitu lukuaika\" \/>\n\t<meta name=\"twitter:data1\" content=\"1 minuutti\" \/>\n<script type=\"application\/ld+json\" class=\"yoast-schema-graph\">{\"@context\":\"https:\/\/schema.org\",\"@graph\":[{\"@type\":[\"WebPage\",\"MedicalWebPage\"],\"@id\":\"https:\/\/www.clinichelena.com\/fi\/testaa-tietosi-rintasyovasta\/\",\"url\":\"https:\/\/www.clinichelena.com\/fi\/testaa-tietosi-rintasyovasta\/\",\"name\":\"Testaa tietosi rintasy\u00f6v\u00e4st\u00e4 - Clinic Helena\",\"isPartOf\":{\"@id\":\"https:\/\/www.clinichelena.com\/fi\/#website\"},\"primaryImageOfPage\":{\"@id\":\"https:\/\/www.clinichelena.com\/fi\/testaa-tietosi-rintasyovasta\/#primaryimage\"},\"image\":{\"@id\":\"https:\/\/www.clinichelena.com\/fi\/testaa-tietosi-rintasyovasta\/#primaryimage\"},\"thumbnailUrl\":\"https:\/\/www.clinichelena.com\/wp-content\/uploads\/2022\/05\/Helena-Portrait.png\",\"datePublished\":\"2022-05-24T08:14:42+00:00\",\"dateModified\":\"2026-02-16T15:20:34+00:00\",\"description\":\"Vastaa rintojen terveyteen liittyviin kysymyksiin ja hanki vinkkej\u00e4 oman terveytesi seuraamiseen.\",\"breadcrumb\":{\"@id\":\"https:\/\/www.clinichelena.com\/fi\/testaa-tietosi-rintasyovasta\/#breadcrumb\"},\"inLanguage\":\"fi\",\"potentialAction\":[{\"@type\":\"ReadAction\",\"target\":[\"https:\/\/www.clinichelena.com\/fi\/testaa-tietosi-rintasyovasta\/\"]}]},{\"@type\":\"ImageObject\",\"inLanguage\":\"fi\",\"@id\":\"https:\/\/www.clinichelena.com\/fi\/testaa-tietosi-rintasyovasta\/#primaryimage\",\"url\":\"https:\/\/www.clinichelena.com\/wp-content\/uploads\/2022\/05\/Helena-Portrait.png\",\"contentUrl\":\"https:\/\/www.clinichelena.com\/wp-content\/uploads\/2022\/05\/Helena-Portrait.png\",\"width\":2628,\"height\":2549,\"caption\":\"Helena Puonti\"},{\"@type\":\"BreadcrumbList\",\"@id\":\"https:\/\/www.clinichelena.com\/fi\/testaa-tietosi-rintasyovasta\/#breadcrumb\",\"itemListElement\":[{\"@type\":\"ListItem\",\"position\":1,\"name\":\"Etusivu\",\"item\":\"https:\/\/www.clinichelena.com\/fi\/\"},{\"@type\":\"ListItem\",\"position\":2,\"name\":\"Testaa tietosi rintasy\u00f6v\u00e4st\u00e4\"}]},{\"@type\":\"WebSite\",\"@id\":\"https:\/\/www.clinichelena.com\/fi\/#website\",\"url\":\"https:\/\/www.clinichelena.com\/fi\/\",\"name\":\"Clinic Helena\",\"description\":\"Your Breasts Matter\",\"publisher\":{\"@id\":\"https:\/\/www.clinichelena.com\/fi\/#organization\"},\"potentialAction\":[{\"@type\":\"SearchAction\",\"target\":{\"@type\":\"EntryPoint\",\"urlTemplate\":\"https:\/\/www.clinichelena.com\/fi\/?s={search_term_string}\"},\"query-input\":{\"@type\":\"PropertyValueSpecification\",\"valueRequired\":true,\"valueName\":\"search_term_string\"}}],\"inLanguage\":\"fi\"},{\"@type\":\"Organization\",\"@id\":\"https:\/\/www.clinichelena.com\/fi\/#organization\",\"name\":\"Klinikka Helena\",\"url\":\"https:\/\/www.clinichelena.com\/fi\/\",\"logo\":{\"@type\":\"ImageObject\",\"inLanguage\":\"fi\",\"@id\":\"https:\/\/www.clinichelena.com\/fi\/#\/schema\/logo\/image\/\",\"url\":\"https:\/\/www.clinichelena.com\/wp-content\/uploads\/2020\/11\/New-logo.png\",\"contentUrl\":\"https:\/\/www.clinichelena.com\/wp-content\/uploads\/2020\/11\/New-logo.png\",\"width\":950,\"height\":661,\"caption\":\"Klinikka Helena\"},\"image\":{\"@id\":\"https:\/\/www.clinichelena.com\/fi\/#\/schema\/logo\/image\/\"}}]}<\/script>\n<!-- \/ Yoast SEO plugin. -->","yoast_head_json":{"title":"Testaa tietosi rintasy\u00f6v\u00e4st\u00e4 - Clinic Helena","description":"Vastaa rintojen terveyteen liittyviin kysymyksiin ja hanki vinkkej\u00e4 oman terveytesi seuraamiseen.","robots":{"index":"index","follow":"follow","max-snippet":"max-snippet:-1","max-image-preview":"max-image-preview:large","max-video-preview":"max-video-preview:-1"},"canonical":"https:\/\/www.clinichelena.com\/fi\/testaa-tietosi-rintasyovasta\/","og_locale":"fi_FI","og_type":"article","og_title":"Testaa tietosi rintasy\u00f6v\u00e4st\u00e4 - Clinic Helena","og_description":"Vastaa rintojen terveyteen liittyviin kysymyksiin ja hanki vinkkej\u00e4 oman terveytesi seuraamiseen.","og_url":"https:\/\/www.clinichelena.com\/fi\/testaa-tietosi-rintasyovasta\/","og_site_name":"Clinic Helena","article_modified_time":"2026-02-16T15:20:34+00:00","og_image":[{"width":2628,"height":2549,"url":"https:\/\/www.clinichelena.com\/wp-content\/uploads\/2022\/05\/Helena-Portrait.png","type":"image\/png"}],"twitter_card":"summary_large_image","twitter_misc":{"Arvioitu lukuaika":"1 minuutti"},"schema":{"@context":"https:\/\/schema.org","@graph":[{"@type":["WebPage","MedicalWebPage"],"@id":"https:\/\/www.clinichelena.com\/fi\/testaa-tietosi-rintasyovasta\/","url":"https:\/\/www.clinichelena.com\/fi\/testaa-tietosi-rintasyovasta\/","name":"Testaa tietosi rintasy\u00f6v\u00e4st\u00e4 - Clinic Helena","isPartOf":{"@id":"https:\/\/www.clinichelena.com\/fi\/#website"},"primaryImageOfPage":{"@id":"https:\/\/www.clinichelena.com\/fi\/testaa-tietosi-rintasyovasta\/#primaryimage"},"image":{"@id":"https:\/\/www.clinichelena.com\/fi\/testaa-tietosi-rintasyovasta\/#primaryimage"},"thumbnailUrl":"https:\/\/www.clinichelena.com\/wp-content\/uploads\/2022\/05\/Helena-Portrait.png","datePublished":"2022-05-24T08:14:42+00:00","dateModified":"2026-02-16T15:20:34+00:00","description":"Vastaa rintojen terveyteen liittyviin kysymyksiin ja hanki vinkkej\u00e4 oman terveytesi seuraamiseen.","breadcrumb":{"@id":"https:\/\/www.clinichelena.com\/fi\/testaa-tietosi-rintasyovasta\/#breadcrumb"},"inLanguage":"fi","potentialAction":[{"@type":"ReadAction","target":["https:\/\/www.clinichelena.com\/fi\/testaa-tietosi-rintasyovasta\/"]}]},{"@type":"ImageObject","inLanguage":"fi","@id":"https:\/\/www.clinichelena.com\/fi\/testaa-tietosi-rintasyovasta\/#primaryimage","url":"https:\/\/www.clinichelena.com\/wp-content\/uploads\/2022\/05\/Helena-Portrait.png","contentUrl":"https:\/\/www.clinichelena.com\/wp-content\/uploads\/2022\/05\/Helena-Portrait.png","width":2628,"height":2549,"caption":"Helena Puonti"},{"@type":"BreadcrumbList","@id":"https:\/\/www.clinichelena.com\/fi\/testaa-tietosi-rintasyovasta\/#breadcrumb","itemListElement":[{"@type":"ListItem","position":1,"name":"Etusivu","item":"https:\/\/www.clinichelena.com\/fi\/"},{"@type":"ListItem","position":2,"name":"Testaa tietosi rintasy\u00f6v\u00e4st\u00e4"}]},{"@type":"WebSite","@id":"https:\/\/www.clinichelena.com\/fi\/#website","url":"https:\/\/www.clinichelena.com\/fi\/","name":"Clinic Helena","description":"Your Breasts Matter","publisher":{"@id":"https:\/\/www.clinichelena.com\/fi\/#organization"},"potentialAction":[{"@type":"SearchAction","target":{"@type":"EntryPoint","urlTemplate":"https:\/\/www.clinichelena.com\/fi\/?s={search_term_string}"},"query-input":{"@type":"PropertyValueSpecification","valueRequired":true,"valueName":"search_term_string"}}],"inLanguage":"fi"},{"@type":"Organization","@id":"https:\/\/www.clinichelena.com\/fi\/#organization","name":"Klinikka Helena","url":"https:\/\/www.clinichelena.com\/fi\/","logo":{"@type":"ImageObject","inLanguage":"fi","@id":"https:\/\/www.clinichelena.com\/fi\/#\/schema\/logo\/image\/","url":"https:\/\/www.clinichelena.com\/wp-content\/uploads\/2020\/11\/New-logo.png","contentUrl":"https:\/\/www.clinichelena.com\/wp-content\/uploads\/2020\/11\/New-logo.png","width":950,"height":661,"caption":"Klinikka Helena"},"image":{"@id":"https:\/\/www.clinichelena.com\/fi\/#\/schema\/logo\/image\/"}}]}},"taxonomy_info":[],"featured_image_src_large":["https:\/\/www.clinichelena.com\/wp-content\/uploads\/2022\/05\/Helena-Portrait-1024x993.png",1024,993,true],"author_info":{"display_name":"Sampo Hellevig","author_link":"https:\/\/www.clinichelena.com\/fi\/author\/sampo\/"},"comment_info":"","uagb_featured_image_src":{"full":["https:\/\/www.clinichelena.com\/wp-content\/uploads\/2022\/05\/Helena-Portrait.png",2628,2549,false],"thumbnail":["https:\/\/www.clinichelena.com\/wp-content\/uploads\/2022\/05\/Helena-Portrait-150x150.png",150,150,true],"medium":["https:\/\/www.clinichelena.com\/wp-content\/uploads\/2022\/05\/Helena-Portrait-300x291.png",300,291,true],"medium_large":["https:\/\/www.clinichelena.com\/wp-content\/uploads\/2022\/05\/Helena-Portrait-768x745.png",768,745,true],"large":["https:\/\/www.clinichelena.com\/wp-content\/uploads\/2022\/05\/Helena-Portrait-1024x993.png",1024,993,true],"1536x1536":["https:\/\/www.clinichelena.com\/wp-content\/uploads\/2022\/05\/Helena-Portrait-1536x1490.png",1536,1490,true],"2048x2048":["https:\/\/www.clinichelena.com\/wp-content\/uploads\/2022\/05\/Helena-Portrait-2048x1986.png",2048,1986,true],"custom-square":["https:\/\/www.clinichelena.com\/wp-content\/uploads\/2022\/05\/Helena-Portrait-300x300.png",300,300,true]},"uagb_author_info":{"display_name":"Sampo Hellevig","author_link":"https:\/\/www.clinichelena.com\/fi\/author\/sampo\/"},"uagb_comment_info":0,"uagb_excerpt":null,"_links":{"self":[{"href":"https:\/\/www.clinichelena.com\/fi\/wp-json\/wp\/v2\/pages\/27633","targetHints":{"allow":["GET"]}}],"collection":[{"href":"https:\/\/www.clinichelena.com\/fi\/wp-json\/wp\/v2\/pages"}],"about":[{"href":"https:\/\/www.clinichelena.com\/fi\/wp-json\/wp\/v2\/types\/page"}],"author":[{"embeddable":true,"href":"https:\/\/www.clinichelena.com\/fi\/wp-json\/wp\/v2\/users\/14"}],"replies":[{"embeddable":true,"href":"https:\/\/www.clinichelena.com\/fi\/wp-json\/wp\/v2\/comments?post=27633"}],"version-history":[{"count":7,"href":"https:\/\/www.clinichelena.com\/fi\/wp-json\/wp\/v2\/pages\/27633\/revisions"}],"predecessor-version":[{"id":34909,"href":"https:\/\/www.clinichelena.com\/fi\/wp-json\/wp\/v2\/pages\/27633\/revisions\/34909"}],"wp:featuredmedia":[{"embeddable":true,"href":"https:\/\/www.clinichelena.com\/fi\/wp-json\/wp\/v2\/media\/27636"}],"wp:attachment":[{"href":"https:\/\/www.clinichelena.com\/fi\/wp-json\/wp\/v2\/media?parent=27633"}],"curies":[{"name":"wp","href":"https:\/\/api.w.org\/{rel}","templated":true}]}}