{"id":25420,"date":"2021-10-05T10:12:58","date_gmt":"2021-10-05T06:12:58","guid":{"rendered":"https:\/\/www.clinichelena.com\/?page_id=25420"},"modified":"2022-08-16T10:30:35","modified_gmt":"2022-08-16T08:30:35","slug":"asiakaskysely","status":"publish","type":"page","link":"https:\/\/www.clinichelena.com\/fi\/asiakaskysely\/","title":{"rendered":"Asiakaskysely"},"content":{"rendered":"\n<p>Haluamme varmistaa, ett\u00e4 olet ollut tyytyv\u00e4inen saamaasi hoitoon ja palveluun Clinic Helenassa. Arvostamme mielipidett\u00e4si ja kiit\u00e4mme Sinua jo etuk\u00e4teen ajastasi. Kyselyn tuloksia k\u00e4ytet\u00e4\u00e4n asiakastyytyv\u00e4isyyden mittaamiseen ja palvelujemme asiakasl\u00e4ht\u00f6iseen kehitt\u00e4miseen. Luvallasi k\u00e4yt\u00e4mme vastauksiasi my\u00f6s markkinoinnissamme.<\/p>\n\n\n\n<p> <\/p>\n\n\n\t\t\t\t<div class = \"wp-block-uagb-cf7-styler uagb-cf7-styler__outer-wrap uagb-block-ff7a97f4   \">\n\t\t\t\t\t<div class = \"uagb-cf7-styler__align-left uagb-cf7-styler__field-style-underline uagb-cf7-styler__btn-align-left uagb-cf7-styler__btn-align-tablet- uagb-cf7-styler__btn-align-mobile- uagb-cf7-styler__highlight-style-bottom_right uagb-cf7-styler__check-style-enabled\">\n\t\t\t\t\t\n<div class=\"wpcf7 no-js\" id=\"wpcf7-f25424-o1\" lang=\"ru-RU\" dir=\"ltr\" data-wpcf7-id=\"25424\">\n<div class=\"screen-reader-response\"><p role=\"status\" aria-live=\"polite\" aria-atomic=\"true\"><\/p> <ul><\/ul><\/div>\n<form action=\"\/fi\/wp-json\/wp\/v2\/pages\/25420#wpcf7-f25424-o1\" method=\"post\" class=\"wpcf7-form init\" aria-label=\"\u041a\u043e\u043d\u0442\u0430\u043a\u0442\u043d\u0430\u044f \u0444\u043e\u0440\u043c\u0430\" novalidate=\"novalidate\" data-status=\"init\">\n<fieldset class=\"hidden-fields-container\"><input type=\"hidden\" name=\"_wpcf7\" value=\"25424\" \/><input type=\"hidden\" name=\"_wpcf7_version\" value=\"6.1.4\" \/><input type=\"hidden\" name=\"_wpcf7_locale\" value=\"ru_RU\" \/><input type=\"hidden\" name=\"_wpcf7_unit_tag\" value=\"wpcf7-f25424-o1\" \/><input type=\"hidden\" name=\"_wpcf7_container_post\" value=\"0\" \/><input type=\"hidden\" name=\"_wpcf7_posted_data_hash\" value=\"\" \/><input type=\"hidden\" name=\"_wpcf7_recaptcha_response\" value=\"\" \/>\n<\/fieldset>\n<p><label> Nimi <span class=\"wpcf7-form-control-wrap\" data-name=\"your-name\"><input size=\"40\" maxlength=\"400\" class=\"wpcf7-form-control wpcf7-text\" aria-invalid=\"false\" placeholder=\"Nimi\" value=\"\" type=\"text\" name=\"your-name\" \/><\/span> <\/label><br \/>\n<label> S\u00e4hk\u00f6postiosoite* <span class=\"wpcf7-form-control-wrap\" data-name=\"your-email\"><input size=\"40\" maxlength=\"400\" class=\"wpcf7-form-control wpcf7-email wpcf7-validates-as-required wpcf7-text wpcf7-validates-as-email\" aria-required=\"true\" aria-invalid=\"false\" placeholder=\"S\u00e4hk\u00f6posti *\" value=\"\" type=\"email\" name=\"your-email\" \/><\/span> <\/label><br \/>\n<label> Puhelin* <span class=\"wpcf7-form-control-wrap\" data-name=\"tel\"><input size=\"40\" maxlength=\"400\" class=\"wpcf7-form-control wpcf7-tel wpcf7-validates-as-required wpcf7-text wpcf7-validates-as-tel ch-50\" aria-required=\"true\" aria-invalid=\"false\" placeholder=\"Puhelin *\" value=\"\" type=\"tel\" name=\"tel\" \/><\/span> <\/label><br \/>\n<label> 1. Hoidon tyyppi <\/label><br \/>\n<span class=\"wpcf7-form-control-wrap\" data-name=\"treatment-type\"><span class=\"wpcf7-form-control wpcf7-radio treatment-radio\"><span class=\"wpcf7-list-item first\"><label><input type=\"radio\" name=\"treatment-type\" value=\"Valitse t\u00e4st\u00e4\" checked=\"checked\" \/><span class=\"wpcf7-list-item-label\">Valitse t\u00e4st\u00e4<\/span><\/label><\/span><span class=\"wpcf7-list-item\"><label><input type=\"radio\" name=\"treatment-type\" value=\"Rintasy\u00f6v\u00e4n hoito\" \/><span class=\"wpcf7-list-item-label\">Rintasy\u00f6v\u00e4n hoito<\/span><\/label><\/span><span class=\"wpcf7-list-item\"><label><input type=\"radio\" name=\"treatment-type\" value=\"Rintarekonstruktio\" \/><span class=\"wpcf7-list-item-label\">Rintarekonstruktio<\/span><\/label><\/span><span class=\"wpcf7-list-item\"><label><input type=\"radio\" name=\"treatment-type\" value=\"Esteettinen kirurgia\" \/><span class=\"wpcf7-list-item-label\">Esteettinen kirurgia<\/span><\/label><\/span><span class=\"wpcf7-list-item last\"><label><input type=\"radio\" name=\"treatment-type\" value=\"Muu hoito\" \/><span class=\"wpcf7-list-item-label\">Muu hoito<\/span><\/label><\/span><\/span><\/span><br \/>\n<label> 2. Miksi valitsit Klinikka Helenan ja kuinka kuulit meist\u00e4? <span class=\"wpcf7-form-control-wrap\" data-name=\"your-message-1\"><textarea cols=\"40\" rows=\"10\" maxlength=\"2000\" class=\"wpcf7-form-control wpcf7-textarea\" aria-invalid=\"false\" placeholder=\"Kirjoita t\u00e4h\u00e4n...\" name=\"your-message-1\"><\/textarea><\/span> <\/label><br \/>\n<label> 3. Millainen hoitokokemuksesi oli? (Varaus, vastaanotto, toimenpide, j\u00e4lkihoito) <span class=\"wpcf7-form-control-wrap\" data-name=\"your-message-2\"><textarea cols=\"40\" rows=\"10\" maxlength=\"2000\" class=\"wpcf7-form-control wpcf7-textarea\" aria-invalid=\"false\" placeholder=\"Kirjoita t\u00e4h\u00e4n...\" name=\"your-message-2\"><\/textarea><\/span> <\/label><br \/>\n<label> 4. Miss\u00e4 voisimme parantaa? <span class=\"wpcf7-form-control-wrap\" data-name=\"your-message-3\"><textarea cols=\"40\" rows=\"10\" maxlength=\"2000\" class=\"wpcf7-form-control wpcf7-textarea\" aria-invalid=\"false\" placeholder=\"Kirjoita t\u00e4h\u00e4n...\" name=\"your-message-3\"><\/textarea><\/span> <\/label><br \/>\n<label> 5. Vapaa kommenttikentt\u00e4 Sinun ajatuksillesi <span class=\"wpcf7-form-control-wrap\" data-name=\"your-message-4\"><textarea cols=\"40\" rows=\"10\" maxlength=\"2000\" class=\"wpcf7-form-control wpcf7-textarea\" aria-invalid=\"false\" placeholder=\"Kirjoita t\u00e4h\u00e4n...\" name=\"your-message-4\"><\/textarea><\/span> <\/label><br \/>\n<label> 6. Kuinka todenn\u00e4k\u00f6isesti suosittelisit Klinikkaa Helenaa? <\/label><br \/>\n<span class=\"wpcf7-form-control-wrap\" data-name=\"nps\"><span class=\"wpcf7-form-control wpcf7-radio\"><span class=\"wpcf7-list-item first\"><label><input type=\"radio\" name=\"nps\" value=\"Valitse t\u00e4st\u00e4\" checked=\"checked\" \/><span class=\"wpcf7-list-item-label\">Valitse t\u00e4st\u00e4<\/span><\/label><\/span><span class=\"wpcf7-list-item\"><label><input type=\"radio\" name=\"nps\" value=\"10\" \/><span class=\"wpcf7-list-item-label\">10<\/span><\/label><\/span><span class=\"wpcf7-list-item\"><label><input type=\"radio\" name=\"nps\" value=\"9\" \/><span class=\"wpcf7-list-item-label\">9<\/span><\/label><\/span><span class=\"wpcf7-list-item\"><label><input type=\"radio\" name=\"nps\" value=\"8\" \/><span class=\"wpcf7-list-item-label\">8<\/span><\/label><\/span><span class=\"wpcf7-list-item\"><label><input type=\"radio\" name=\"nps\" value=\"7\" \/><span class=\"wpcf7-list-item-label\">7<\/span><\/label><\/span><span class=\"wpcf7-list-item\"><label><input type=\"radio\" name=\"nps\" value=\"6\" \/><span class=\"wpcf7-list-item-label\">6<\/span><\/label><\/span><span class=\"wpcf7-list-item\"><label><input type=\"radio\" name=\"nps\" value=\"5\" \/><span class=\"wpcf7-list-item-label\">5<\/span><\/label><\/span><span class=\"wpcf7-list-item\"><label><input type=\"radio\" name=\"nps\" value=\"4\" \/><span class=\"wpcf7-list-item-label\">4<\/span><\/label><\/span><span class=\"wpcf7-list-item\"><label><input type=\"radio\" name=\"nps\" value=\"3\" \/><span class=\"wpcf7-list-item-label\">3<\/span><\/label><\/span><span class=\"wpcf7-list-item\"><label><input type=\"radio\" name=\"nps\" value=\"2\" \/><span class=\"wpcf7-list-item-label\">2<\/span><\/label><\/span><span class=\"wpcf7-list-item last\"><label><input type=\"radio\" name=\"nps\" value=\"1\" \/><span class=\"wpcf7-list-item-label\">1<\/span><\/label><\/span><\/span><\/span><br \/>\n<span class=\"wpcf7-form-control-wrap\" data-name=\"agree\"><span class=\"wpcf7-form-control wpcf7-acceptance\"><span class=\"wpcf7-list-item\"><label><input type=\"checkbox\" name=\"agree\" value=\"1\" class=\"agree\" aria-invalid=\"false\" \/><span class=\"wpcf7-list-item-label\">Hyv\u00e4ksyn henkil\u00f6tietojeni k\u00e4sittelyn <a href=\"\/fi\/tietosuoja\/\" target=\"_blank\">Tietosuojan<\/a> mukaisesti.<\/span><\/label><\/span><\/span><\/span><br \/>\n<label> Vastauksiani voidaan k\u00e4ytt\u00e4\u00e4 anonyymisti markkinoinnissa.<br \/>\n<span class=\"wpcf7-form-control-wrap\" data-name=\"testimonial\"><span class=\"wpcf7-form-control wpcf7-checkbox wpcf7-exclusive-checkbox testimonial\"><span class=\"wpcf7-list-item first\"><label><input type=\"checkbox\" name=\"testimonial\" value=\"Kyll\u00e4\" \/><span class=\"wpcf7-list-item-label\">Kyll\u00e4<\/span><\/label><\/span><span class=\"wpcf7-list-item last\"><label><input type=\"checkbox\" name=\"testimonial\" value=\"Ei\" \/><span class=\"wpcf7-list-item-label\">Ei<\/span><\/label><\/span><\/span><\/span><br \/>\n\t<input class=\"wpcf7-form-control wpcf7-hidden\" value=\"\" type=\"hidden\" name=\"page_request_url\" \/><br \/>\n<input class=\"wpcf7-form-control wpcf7-submit has-spinner\" type=\"submit\" value=\"L\u00e4het\u00e4\" \/><\/label>\n<\/p><div class=\"wpcf7-response-output\" aria-hidden=\"true\"><\/div>\n<\/form>\n<\/div>\n\t\t\t\t\t<\/div>\n\t\t\t\t<\/div>\n\t\t\t\t","protected":false},"excerpt":{"rendered":"<p>Haluamme varmistaa, ett\u00e4 olet ollut tyytyv\u00e4inen saamaasi hoitoon ja palveluun Clinic Helenassa.<\/p>\n","protected":false},"author":2,"featured_media":0,"parent":0,"menu_order":0,"comment_status":"closed","ping_status":"closed","template":"","meta":{"_uag_custom_page_level_css":"","_kad_blocks_custom_css":"","_kad_blocks_head_custom_js":"","_kad_blocks_body_custom_js":"","_kad_blocks_footer_custom_js":"","site-sidebar-layout":"no-sidebar","site-content-layout":"content-boxed-container","ast-site-content-layout":"default","site-content-style":"default","site-sidebar-style":"default","ast-global-header-display":"","ast-banner-title-visibility":"","ast-main-header-display":"","ast-hfb-above-header-display":"","ast-hfb-below-header-display":"","ast-hfb-mobile-header-display":"","site-post-title":"","ast-breadcrumbs-content":"","ast-featured-img":"","footer-sml-layout":"","theme-transparent-header-meta":"default","adv-header-id-meta":"","stick-header-meta":"default","header-above-stick-meta":"","header-main-stick-meta":"","header-below-stick-meta":"","astra-migrate-meta-layouts":"default","ast-page-background-enabled":"default","ast-page-background-meta":{"desktop":{"background-color":"","background-image":"","background-repeat":"repeat","background-position":"center center","background-size":"auto","background-attachment":"scroll","background-type":"","background-media":"","overlay-type":"","overlay-color":"","overlay-opacity":"","overlay-gradient":""},"tablet":{"background-color":"","background-image":"","background-repeat":"repeat","background-position":"center center","background-size":"auto","background-attachment":"scroll","background-type":"","background-media":"","overlay-type":"","overlay-color":"","overlay-opacity":"","overlay-gradient":""},"mobile":{"background-color":"","background-image":"","background-repeat":"repeat","background-position":"center center","background-size":"auto","background-attachment":"scroll","background-type":"","background-media":"","overlay-type":"","overlay-color":"","overlay-opacity":"","overlay-gradient":""}},"ast-content-background-meta":{"desktop":{"background-color":"var(--ast-global-color-5)","background-image":"","background-repeat":"repeat","background-position":"center center","background-size":"auto","background-attachment":"scroll","background-type":"","background-media":"","overlay-type":"","overlay-color":"","overlay-opacity":"","overlay-gradient":""},"tablet":{"background-color":"var(--ast-global-color-5)","background-image":"","background-repeat":"repeat","background-position":"center center","background-size":"auto","background-attachment":"scroll","background-type":"","background-media":"","overlay-type":"","overlay-color":"","overlay-opacity":"","overlay-gradient":""},"mobile":{"background-color":"var(--ast-global-color-5)","background-image":"","background-repeat":"repeat","background-position":"center center","background-size":"auto","background-attachment":"scroll","background-type":"","background-media":"","overlay-type":"","overlay-color":"","overlay-opacity":"","overlay-gradient":""}},"footnotes":""},"class_list":["post-25420","page","type-page","status-publish","hentry"],"yoast_head":"<!-- This site is optimized with the Yoast SEO plugin v26.6 - https:\/\/yoast.com\/wordpress\/plugins\/seo\/ -->\n<title>Asiakaskysely - Clinic Helena<\/title>\n<meta name=\"description\" content=\"Haluamme varmistaa, ett\u00e4 olet ollut tyytyv\u00e4inen saamaasi hoitoon ja palveluun Klinikka Helenassa. Arvostamme mielipidett\u00e4si ja kiit\u00e4mme Sinua jo etuk\u00e4teen ajastasi.\" \/>\n<meta name=\"robots\" content=\"noindex, nofollow\" \/>\n<meta property=\"og:locale\" content=\"fi_FI\" \/>\n<meta property=\"og:type\" content=\"article\" \/>\n<meta property=\"og:title\" content=\"Asiakaskysely - Clinic Helena\" \/>\n<meta property=\"og:description\" content=\"Haluamme varmistaa, ett\u00e4 olet ollut tyytyv\u00e4inen saamaasi hoitoon ja palveluun Klinikka Helenassa. Arvostamme mielipidett\u00e4si ja kiit\u00e4mme Sinua jo etuk\u00e4teen ajastasi.\" \/>\n<meta property=\"og:url\" content=\"https:\/\/www.clinichelena.com\/fi\/asiakaskysely\/\" \/>\n<meta property=\"og:site_name\" content=\"Clinic Helena\" \/>\n<meta property=\"article:modified_time\" content=\"2022-08-16T08:30:35+00:00\" \/>\n<meta name=\"twitter:card\" content=\"summary_large_image\" \/>\n<meta name=\"twitter:label1\" content=\"Arvioitu lukuaika\" \/>\n\t<meta name=\"twitter:data1\" content=\"1 minuutti\" \/>\n<script type=\"application\/ld+json\" class=\"yoast-schema-graph\">{\"@context\":\"https:\/\/schema.org\",\"@graph\":[{\"@type\":[\"WebPage\",\"MedicalWebPage\"],\"@id\":\"https:\/\/www.clinichelena.com\/fi\/asiakaskysely\/\",\"url\":\"https:\/\/www.clinichelena.com\/fi\/asiakaskysely\/\",\"name\":\"Asiakaskysely - Clinic Helena\",\"isPartOf\":{\"@id\":\"https:\/\/www.clinichelena.com\/fi\/#website\"},\"datePublished\":\"2021-10-05T06:12:58+00:00\",\"dateModified\":\"2022-08-16T08:30:35+00:00\",\"description\":\"Haluamme varmistaa, ett\u00e4 olet ollut tyytyv\u00e4inen saamaasi hoitoon ja palveluun Klinikka Helenassa. Arvostamme mielipidett\u00e4si ja kiit\u00e4mme Sinua jo etuk\u00e4teen ajastasi.\",\"breadcrumb\":{\"@id\":\"https:\/\/www.clinichelena.com\/fi\/asiakaskysely\/#breadcrumb\"},\"inLanguage\":\"fi\",\"potentialAction\":[{\"@type\":\"ReadAction\",\"target\":[\"https:\/\/www.clinichelena.com\/fi\/asiakaskysely\/\"]}]},{\"@type\":\"BreadcrumbList\",\"@id\":\"https:\/\/www.clinichelena.com\/fi\/asiakaskysely\/#breadcrumb\",\"itemListElement\":[{\"@type\":\"ListItem\",\"position\":1,\"name\":\"Etusivu\",\"item\":\"https:\/\/www.clinichelena.com\/fi\/\"},{\"@type\":\"ListItem\",\"position\":2,\"name\":\"Asiakaskysely\"}]},{\"@type\":\"WebSite\",\"@id\":\"https:\/\/www.clinichelena.com\/fi\/#website\",\"url\":\"https:\/\/www.clinichelena.com\/fi\/\",\"name\":\"Clinic Helena\",\"description\":\"Your Breasts Matter\",\"publisher\":{\"@id\":\"https:\/\/www.clinichelena.com\/fi\/#organization\"},\"potentialAction\":[{\"@type\":\"SearchAction\",\"target\":{\"@type\":\"EntryPoint\",\"urlTemplate\":\"https:\/\/www.clinichelena.com\/fi\/?s={search_term_string}\"},\"query-input\":{\"@type\":\"PropertyValueSpecification\",\"valueRequired\":true,\"valueName\":\"search_term_string\"}}],\"inLanguage\":\"fi\"},{\"@type\":\"Organization\",\"@id\":\"https:\/\/www.clinichelena.com\/fi\/#organization\",\"name\":\"Klinikka Helena\",\"url\":\"https:\/\/www.clinichelena.com\/fi\/\",\"logo\":{\"@type\":\"ImageObject\",\"inLanguage\":\"fi\",\"@id\":\"https:\/\/www.clinichelena.com\/fi\/#\/schema\/logo\/image\/\",\"url\":\"https:\/\/www.clinichelena.com\/wp-content\/uploads\/2020\/11\/New-logo.png\",\"contentUrl\":\"https:\/\/www.clinichelena.com\/wp-content\/uploads\/2020\/11\/New-logo.png\",\"width\":950,\"height\":661,\"caption\":\"Klinikka Helena\"},\"image\":{\"@id\":\"https:\/\/www.clinichelena.com\/fi\/#\/schema\/logo\/image\/\"}}]}<\/script>\n<!-- \/ Yoast SEO plugin. -->","yoast_head_json":{"title":"Asiakaskysely - Clinic Helena","description":"Haluamme varmistaa, ett\u00e4 olet ollut tyytyv\u00e4inen saamaasi hoitoon ja palveluun Klinikka Helenassa. Arvostamme mielipidett\u00e4si ja kiit\u00e4mme Sinua jo etuk\u00e4teen ajastasi.","robots":{"index":"noindex","follow":"nofollow"},"og_locale":"fi_FI","og_type":"article","og_title":"Asiakaskysely - Clinic Helena","og_description":"Haluamme varmistaa, ett\u00e4 olet ollut tyytyv\u00e4inen saamaasi hoitoon ja palveluun Klinikka Helenassa. Arvostamme mielipidett\u00e4si ja kiit\u00e4mme Sinua jo etuk\u00e4teen ajastasi.","og_url":"https:\/\/www.clinichelena.com\/fi\/asiakaskysely\/","og_site_name":"Clinic Helena","article_modified_time":"2022-08-16T08:30:35+00:00","twitter_card":"summary_large_image","twitter_misc":{"Arvioitu lukuaika":"1 minuutti"},"schema":{"@context":"https:\/\/schema.org","@graph":[{"@type":["WebPage","MedicalWebPage"],"@id":"https:\/\/www.clinichelena.com\/fi\/asiakaskysely\/","url":"https:\/\/www.clinichelena.com\/fi\/asiakaskysely\/","name":"Asiakaskysely - Clinic Helena","isPartOf":{"@id":"https:\/\/www.clinichelena.com\/fi\/#website"},"datePublished":"2021-10-05T06:12:58+00:00","dateModified":"2022-08-16T08:30:35+00:00","description":"Haluamme varmistaa, ett\u00e4 olet ollut tyytyv\u00e4inen saamaasi hoitoon ja palveluun Klinikka Helenassa. Arvostamme mielipidett\u00e4si ja kiit\u00e4mme Sinua jo etuk\u00e4teen ajastasi.","breadcrumb":{"@id":"https:\/\/www.clinichelena.com\/fi\/asiakaskysely\/#breadcrumb"},"inLanguage":"fi","potentialAction":[{"@type":"ReadAction","target":["https:\/\/www.clinichelena.com\/fi\/asiakaskysely\/"]}]},{"@type":"BreadcrumbList","@id":"https:\/\/www.clinichelena.com\/fi\/asiakaskysely\/#breadcrumb","itemListElement":[{"@type":"ListItem","position":1,"name":"Etusivu","item":"https:\/\/www.clinichelena.com\/fi\/"},{"@type":"ListItem","position":2,"name":"Asiakaskysely"}]},{"@type":"WebSite","@id":"https:\/\/www.clinichelena.com\/fi\/#website","url":"https:\/\/www.clinichelena.com\/fi\/","name":"Clinic Helena","description":"Your Breasts Matter","publisher":{"@id":"https:\/\/www.clinichelena.com\/fi\/#organization"},"potentialAction":[{"@type":"SearchAction","target":{"@type":"EntryPoint","urlTemplate":"https:\/\/www.clinichelena.com\/fi\/?s={search_term_string}"},"query-input":{"@type":"PropertyValueSpecification","valueRequired":true,"valueName":"search_term_string"}}],"inLanguage":"fi"},{"@type":"Organization","@id":"https:\/\/www.clinichelena.com\/fi\/#organization","name":"Klinikka Helena","url":"https:\/\/www.clinichelena.com\/fi\/","logo":{"@type":"ImageObject","inLanguage":"fi","@id":"https:\/\/www.clinichelena.com\/fi\/#\/schema\/logo\/image\/","url":"https:\/\/www.clinichelena.com\/wp-content\/uploads\/2020\/11\/New-logo.png","contentUrl":"https:\/\/www.clinichelena.com\/wp-content\/uploads\/2020\/11\/New-logo.png","width":950,"height":661,"caption":"Klinikka Helena"},"image":{"@id":"https:\/\/www.clinichelena.com\/fi\/#\/schema\/logo\/image\/"}}]}},"taxonomy_info":[],"featured_image_src_large":false,"author_info":{"display_name":"\u041e\u043b\u044c\u0433\u0430","author_link":"https:\/\/www.clinichelena.com\/fi\/author\/admin\/"},"comment_info":0,"uagb_featured_image_src":{"full":false,"thumbnail":false,"medium":false,"medium_large":false,"large":false,"1536x1536":false,"2048x2048":false,"custom-square":false},"uagb_author_info":{"display_name":"\u041e\u043b\u044c\u0433\u0430","author_link":"https:\/\/www.clinichelena.com\/fi\/author\/admin\/"},"uagb_comment_info":0,"uagb_excerpt":"Haluamme varmistaa, ett\u00e4 olet ollut tyytyv\u00e4inen saamaasi hoitoon ja palveluun Clinic Helenassa.","_links":{"self":[{"href":"https:\/\/www.clinichelena.com\/fi\/wp-json\/wp\/v2\/pages\/25420","targetHints":{"allow":["GET"]}}],"collection":[{"href":"https:\/\/www.clinichelena.com\/fi\/wp-json\/wp\/v2\/pages"}],"about":[{"href":"https:\/\/www.clinichelena.com\/fi\/wp-json\/wp\/v2\/types\/page"}],"author":[{"embeddable":true,"href":"https:\/\/www.clinichelena.com\/fi\/wp-json\/wp\/v2\/users\/2"}],"replies":[{"embeddable":true,"href":"https:\/\/www.clinichelena.com\/fi\/wp-json\/wp\/v2\/comments?post=25420"}],"version-history":[{"count":16,"href":"https:\/\/www.clinichelena.com\/fi\/wp-json\/wp\/v2\/pages\/25420\/revisions"}],"predecessor-version":[{"id":34663,"href":"https:\/\/www.clinichelena.com\/fi\/wp-json\/wp\/v2\/pages\/25420\/revisions\/34663"}],"wp:attachment":[{"href":"https:\/\/www.clinichelena.com\/fi\/wp-json\/wp\/v2\/media?parent=25420"}],"curies":[{"name":"wp","href":"https:\/\/api.w.org\/{rel}","templated":true}]}}