{"id":23855,"date":"2021-05-22T17:48:10","date_gmt":"2021-05-22T13:48:10","guid":{"rendered":"https:\/\/www.clinichelena.com\/?page_id=23855"},"modified":"2023-03-29T11:13:22","modified_gmt":"2023-03-29T09:13:22","slug":"vello-ajanvaraus","status":"publish","type":"page","link":"https:\/\/www.clinichelena.com\/fi\/vello-ajanvaraus\/","title":{"rendered":"Vello-ajanvaraus"},"content":{"rendered":"<style>#kt-layout-id_0bffb2-bf > .kt-row-column-wrap{align-content:start;}:where(#kt-layout-id_0bffb2-bf > .kt-row-column-wrap) > .wp-block-kadence-column{justify-content:start;}#kt-layout-id_0bffb2-bf > .kt-row-column-wrap{column-gap:var(--global-kb-gap-md, 2rem);row-gap:var(--global-kb-gap-md, 2rem);max-width:var(--wp--style--global--content-size);padding-top:var( --global-kb-row-default-top, 25px );padding-bottom:var( --global-kb-row-default-bottom, 25px );padding-top:var(--global-kb-spacing-sm, 1.5rem);padding-bottom:var(--global-kb-spacing-sm, 1.5rem);grid-template-columns:minmax(0, 1fr);}#kt-layout-id_0bffb2-bf > .kt-row-layout-overlay{opacity:0.30;}@media all and (max-width: 1024px){#kt-layout-id_0bffb2-bf > .kt-row-column-wrap{grid-template-columns:minmax(0, 1fr);}}@media all and (max-width: 767px){#kt-layout-id_0bffb2-bf > .kt-row-column-wrap{grid-template-columns:minmax(0, 1fr);}}<\/style>\n<div class=\"wp-block-kadence-rowlayout alignnone\"><div id=\"kt-layout-id_0bffb2-bf\" class=\"kt-row-layout-inner kt-layout-id_0bffb2-bf\"><div class=\"kt-row-column-wrap kt-has-1-columns kt-gutter-default kt-v-gutter-default kt-row-valign-top kt-row-layout-equal kt-tab-layout-inherit kt-m-colapse-left-to-right kt-mobile-layout-row kb-theme-content-width\"><style>.kadence-column_2e35ff-c6 > .kt-inside-inner-col{border-top-width:0px;border-right-width:0px;border-bottom-width:0px;border-left-width:0px;}.kadence-column_2e35ff-c6 > .kt-inside-inner-col,.kadence-column_2e35ff-c6 > .kt-inside-inner-col:before{border-top-left-radius:0px;border-top-right-radius:0px;border-bottom-right-radius:0px;border-bottom-left-radius:0px;}.kadence-column_2e35ff-c6 > .kt-inside-inner-col{column-gap:var(--global-kb-gap-sm, 1rem);}.kadence-column_2e35ff-c6 > .kt-inside-inner-col{flex-direction:column;}.kadence-column_2e35ff-c6 > .kt-inside-inner-col > .aligncenter{width:100%;}.kadence-column_2e35ff-c6 > .kt-inside-inner-col:before{opacity:0.3;}.kadence-column_2e35ff-c6{position:relative;}@media all and (max-width: 1024px){.kadence-column_2e35ff-c6 > .kt-inside-inner-col{flex-direction:column;justify-content:center;}}@media all and (max-width: 767px){.kadence-column_2e35ff-c6 > .kt-inside-inner-col{flex-direction:column;justify-content:center;}}<\/style>\n<div class=\"wp-block-kadence-column inner-column-1 kadence-column_2e35ff-c6\"><div class=\"kt-inside-inner-col\"><style>.wp-block-kadence-column.kb-section-dir-horizontal > .kt-inside-inner-col > #kt-info-box_1e99b4-b8 .kt-blocks-info-box-link-wrap{max-width:unset;}#kt-info-box_1e99b4-b8 .kt-blocks-info-box-link-wrap{border-color:var(--ast-global-color-4);border-radius:20px;border-top-width:5px;border-right-width:5px;border-bottom-width:5px;border-left-width:5px;background:#ffffff;padding-top:24px;padding-right:24px;padding-bottom:24px;padding-left:24px;margin-top:50px;}#kt-info-box_1e99b4-b8 .kt-blocks-info-box-link-wrap:hover{background:#ffffff;}#kt-info-box_1e99b4-b8 .kadence-info-box-icon-container .kt-info-svg-icon, #kt-info-box_1e99b4-b8 .kt-info-svg-icon-flip, #kt-info-box_1e99b4-b8 .kt-blocks-info-box-number{font-size:50px;}#kt-info-box_1e99b4-b8 .kt-blocks-info-box-media{color:var(--ast-global-color-0);background:#ffffff;border-color:#eeeeee;border-radius:200px;overflow:hidden;border-top-width:5px;border-right-width:5px;border-bottom-width:5px;border-left-width:5px;padding-top:20px;padding-right:20px;padding-bottom:20px;padding-left:20px;}#kt-info-box_1e99b4-b8 .kt-blocks-info-box-media-container{margin-top:-75px;margin-right:0px;margin-bottom:20px;margin-left:0px;}#kt-info-box_1e99b4-b8 .kt-blocks-info-box-media .kadence-info-box-image-intrisic img{border-radius:200px;}#kt-info-box_1e99b4-b8 .kt-blocks-info-box-link-wrap:hover .kt-blocks-info-box-media{color:#444444;background:#ffffff;border-color:#eeeeee;}#kt-info-box_1e99b4-b8 .kt-infobox-textcontent h2.kt-blocks-info-box-title{padding-top:0px;padding-right:0px;padding-bottom:0px;padding-left:0px;margin-top:5px;margin-right:0px;margin-bottom:10px;margin-left:0px;}#kt-info-box_1e99b4-b8 .kt-blocks-info-box-learnmore{color:var(--ast-global-color-4);background:var(--ast-global-color-0);border-color:var(--ast-global-color-0);border-width:0px 0px 0px 0px;padding-top:4px;padding-right:8px;padding-bottom:4px;padding-left:8px;margin-top:10px;margin-right:0px;margin-bottom:10px;margin-left:0px;}#kt-info-box_1e99b4-b8 .kt-blocks-info-box-link-wrap:hover .kt-blocks-info-box-learnmore,#kt-info-box_1e99b4-b8 .kt-blocks-info-box-link-wrap .kt-blocks-info-box-learnmore:focus{color:#ffffff;background:var(--ast-global-color-0);border-color:var(--ast-global-color-0);}<\/style>\n<div id=\"kt-info-box_1e99b4-b8\" class=\"wp-block-kadence-infobox\"><div class=\"kt-blocks-info-box-link-wrap kt-blocks-info-box-media-align-top kt-info-halign-center\"><div class=\"kt-blocks-info-box-media-container\"><div class=\"kt-blocks-info-box-media kt-info-media-animate-none\"><div class=\"kadence-info-box-icon-container kt-info-icon-animate-none\"><div class=\"kadence-info-box-icon-inner-container\"><span style=\"display:block;justify-content:center;align-items:center\" class=\"kt-info-svg-icon kt-info-svg-icon-fas_ribbon\"><svg style=\"display:inline-block;vertical-align:middle\" viewBox=\"0 0 448 512\" height=\"50\" width=\"50\" fill=\"currentColor\" xmlns=\"http:\/\/www.w3.org\/2000\/svg\" aria-hidden=\"true\"><path d=\"M6.1 444.3c-9.6 10.8-7.5 27.6 4.5 35.7l68.8 27.9c9.9 6.7 23.3 5 31.3-3.8l91.8-101.9-79.2-87.9-117.2 130zm435.8 0s-292-324.6-295.4-330.1c15.4-8.4 40.2-17.9 77.5-17.9s62.1 9.5 77.5 17.9c-3.3 5.6-56 64.6-56 64.6l79.1 87.7 34.2-38c28.7-31.9 33.3-78.6 11.4-115.5l-43.7-73.5c-4.3-7.2-9.9-13.3-16.8-18-40.7-27.6-127.4-29.7-171.4 0-6.9 4.7-12.5 10.8-16.8 18l-43.6 73.2c-1.5 2.5-37.1 62.2 11.5 116L337.5 504c8 8.9 21.4 10.5 31.3 3.8l68.8-27.9c11.9-8 14-24.8 4.3-35.6z\"><\/path><\/svg><\/span><\/div><\/div><\/div><\/div><div class=\"kt-infobox-textcontent\"><h2 class=\"kt-blocks-info-box-title\">Ajankohtaista<\/h2><p class=\"kt-blocks-info-box-text\">Ajanvaraus Roosa nauha -p\u00e4iv\u00e4n maksuttomaan tutkimukseen avautuu perjantaina 1.10.2021 kello 9.<\/p><div class=\"kt-blocks-info-box-learnmore-wrap\"><a class=\"kt-blocks-info-box-learnmore info-box-link\" href=\"https:\/\/www.clinichelena.com\/fi\/uutiset\/roosa-nauha-paiva\/\">Lis\u00e4tietoa t\u00e4\u00e4lt\u00e4<\/a><\/div><\/div><\/div><\/div>\n<\/div><\/div>\n<\/div><\/div><\/div>\n\n\n\n<script type=\"text\/javascript\" language=\"javascript\">(function(d,s,i,c,j,a){a=d.getElementsByTagName(s)[0];if(d.getElementById(i))return;j=d.createElement(s);j.id=i;j.async=1;j.setAttribute(\"data-c\",c);j.src=\"https:\/\/static.vello.fi\/js\/wizard\/vwiz.js\";a.parentNode.insertBefore(j,a);}(document,\"script\",\"vello-wizard-sdk\",\"klinikkahelena\"));<\/script>\n<div id=\"vello-wizard\"><\/div>\n\n\n<style>#kt-layout-id_8c0f7e-7c > .kt-row-column-wrap{align-content:start;}:where(#kt-layout-id_8c0f7e-7c > .kt-row-column-wrap) > .wp-block-kadence-column{justify-content:start;}#kt-layout-id_8c0f7e-7c > .kt-row-column-wrap{column-gap:var(--global-kb-gap-md, 2rem);row-gap:var(--global-kb-gap-md, 2rem);max-width:900px;margin-left:auto;margin-right:auto;padding-top:var( --global-kb-row-default-top, 25px );padding-bottom:var( --global-kb-row-default-bottom, 25px );padding-top:75px;padding-bottom:38px;grid-template-columns:minmax(0, 1fr);}#kt-layout-id_8c0f7e-7c > .kt-row-layout-overlay{opacity:0.30;}@media all and (max-width: 1024px){#kt-layout-id_8c0f7e-7c > .kt-row-column-wrap{grid-template-columns:minmax(0, 1fr);}}@media all and (max-width: 767px){#kt-layout-id_8c0f7e-7c > .kt-row-column-wrap{grid-template-columns:minmax(0, 1fr);}}<\/style>\n<div class=\"wp-block-kadence-rowlayout alignnone\"><div id=\"kt-layout-id_8c0f7e-7c\" class=\"kt-row-layout-inner kt-row-has-bg kt-layout-id_8c0f7e-7c has-ast-global-color-6-background-color\"><div class=\"kt-row-column-wrap kt-has-1-columns kt-gutter-default kt-v-gutter-default kt-row-valign-top kt-row-layout-equal kt-tab-layout-inherit kt-m-colapse-left-to-right kt-mobile-layout-row\"><style>.kadence-column_f40fcf-86 > .kt-inside-inner-col{border-top-width:0px;border-right-width:0px;border-bottom-width:0px;border-left-width:0px;}.kadence-column_f40fcf-86 > .kt-inside-inner-col,.kadence-column_f40fcf-86 > .kt-inside-inner-col:before{border-top-left-radius:0px;border-top-right-radius:0px;border-bottom-right-radius:0px;border-bottom-left-radius:0px;}.kadence-column_f40fcf-86 > .kt-inside-inner-col{column-gap:var(--global-kb-gap-sm, 1rem);}.kadence-column_f40fcf-86 > .kt-inside-inner-col{flex-direction:column;}.kadence-column_f40fcf-86 > .kt-inside-inner-col > .aligncenter{width:100%;}.kadence-column_f40fcf-86 > .kt-inside-inner-col:before{opacity:0.3;}.kadence-column_f40fcf-86{position:relative;}@media all and (max-width: 1024px){.kadence-column_f40fcf-86 > .kt-inside-inner-col{flex-direction:column;justify-content:center;}}@media all and (max-width: 767px){.kadence-column_f40fcf-86 > .kt-inside-inner-col{flex-direction:column;justify-content:center;}}<\/style>\n<div class=\"wp-block-kadence-column inner-column-1 kadence-column_f40fcf-86\"><div class=\"kt-inside-inner-col\">\n<h2 class=\"has-text-align-center wp-block-heading\">Jos kaikki ajat ovat jo menneet? <\/h2>\n\n\n\n<h2 class=\"has-text-align-center wp-block-heading\">Varaa aikasi konsultaatioon<\/h2>\n\n\n\n<p class=\"has-text-align-center\">Ennen leikkausta k\u00e4yd\u00e4\u00e4n leikkaavan l\u00e4\u00e4k\u00e4rin vastaanotolla, jonka aikana h\u00e4n kuuntelee toiveesi ja suunnittelee leikkauksen yhdess\u00e4 sinun kanssasi. <\/p>\n\n\n\n<p class=\"has-text-align-center\">Vastaanotolla selvitet\u00e4\u00e4n, mik\u00e4 ratkaisu on paras juuri sinulle ja leikkauksen lopullinen hinta m\u00e4\u00e4r\u00e4ytyy yleens\u00e4 sen mukaan. Konsultaation hinta on 149\u20ac. <\/p>\n\n\n\n<div class=\"wp-block-buttons is-horizontal is-content-justification-center is-layout-flex wp-container-core-buttons-is-layout-03627597 wp-block-buttons-is-layout-flex\">\n<div class=\"wp-block-button\"><a class=\"wp-block-button__link wp-element-button\" href=\"https:\/\/av.dynamichealth.tieto.com\/plastiikkakirurgiahelena\" rel=\"#\">Varaa konsultaatioaika<\/a><\/div>\n<\/div>\n\n\n\n<div style=\"height:45px\" aria-hidden=\"true\" class=\"wp-block-spacer\"><\/div>\n\n\n\n<p class=\"has-text-align-center\">Voit varata ajan my\u00f6s s\u00e4hk\u00f6postitse osoitteesta <a href=\"mailto:info@klinikkahelena.fi\">info@klinikkahelena.fi<\/a> <br>tai puhelimitse numerosta <a href=\"tel:+358442378021\">044 2378 021<\/a>.<\/p>\n<\/div><\/div>\n<\/div><\/div><\/div>\n","protected":false},"excerpt":{"rendered":"<p>Jos kaikki ajat ovat jo menneet? Varaa aikasi konsultaatioon Ennen leikkausta k\u00e4yd\u00e4\u00e4n leikkaavan l\u00e4\u00e4k\u00e4rin vastaanotolla, jonka aikana h\u00e4n kuuntelee toiveesi ja suunnittelee leikkauksen yhdess\u00e4 sinun kanssasi. Vastaanotolla selvitet\u00e4\u00e4n, mik\u00e4 ratkaisu on paras juuri sinulle ja [&hellip;]<\/p>\n","protected":false},"author":17,"featured_media":0,"parent":0,"menu_order":0,"comment_status":"closed","ping_status":"closed","template":"","meta":{"_uag_custom_page_level_css":"","_kad_blocks_custom_css":"","_kad_blocks_head_custom_js":"","_kad_blocks_body_custom_js":"","_kad_blocks_footer_custom_js":"","site-sidebar-layout":"no-sidebar","site-content-layout":"default","ast-site-content-layout":"default","site-content-style":"default","site-sidebar-style":"default","ast-global-header-display":"","ast-banner-title-visibility":"","ast-main-header-display":"","ast-hfb-above-header-display":"","ast-hfb-below-header-display":"","ast-hfb-mobile-header-display":"","site-post-title":"disabled","ast-breadcrumbs-content":"","ast-featured-img":"","footer-sml-layout":"disabled","theme-transparent-header-meta":"default","adv-header-id-meta":"","stick-header-meta":"default","header-above-stick-meta":"","header-main-stick-meta":"","header-below-stick-meta":"","astra-migrate-meta-layouts":"default","ast-page-background-enabled":"default","ast-page-background-meta":{"desktop":{"background-color":"","background-image":"","background-repeat":"repeat","background-position":"center center","background-size":"auto","background-attachment":"scroll","background-type":"","background-media":"","overlay-type":"","overlay-color":"","overlay-opacity":"","overlay-gradient":""},"tablet":{"background-color":"","background-image":"","background-repeat":"repeat","background-position":"center center","background-size":"auto","background-attachment":"scroll","background-type":"","background-media":"","overlay-type":"","overlay-color":"","overlay-opacity":"","overlay-gradient":""},"mobile":{"background-color":"","background-image":"","background-repeat":"repeat","background-position":"center center","background-size":"auto","background-attachment":"scroll","background-type":"","background-media":"","overlay-type":"","overlay-color":"","overlay-opacity":"","overlay-gradient":""}},"ast-content-background-meta":{"desktop":{"background-color":"var(--ast-global-color-5)","background-image":"","background-repeat":"repeat","background-position":"center center","background-size":"auto","background-attachment":"scroll","background-type":"","background-media":"","overlay-type":"","overlay-color":"","overlay-opacity":"","overlay-gradient":""},"tablet":{"background-color":"var(--ast-global-color-5)","background-image":"","background-repeat":"repeat","background-position":"center center","background-size":"auto","background-attachment":"scroll","background-type":"","background-media":"","overlay-type":"","overlay-color":"","overlay-opacity":"","overlay-gradient":""},"mobile":{"background-color":"var(--ast-global-color-5)","background-image":"","background-repeat":"repeat","background-position":"center center","background-size":"auto","background-attachment":"scroll","background-type":"","background-media":"","overlay-type":"","overlay-color":"","overlay-opacity":"","overlay-gradient":""}},"footnotes":""},"class_list":["post-23855","page","type-page","status-publish","hentry"],"yoast_head":"<!-- This site is optimized with the Yoast SEO plugin v26.6 - https:\/\/yoast.com\/wordpress\/plugins\/seo\/ -->\n<title>Vello-ajanvaraus - Clinic Helena<\/title>\n<meta name=\"robots\" content=\"noindex, nofollow\" \/>\n<meta property=\"og:locale\" content=\"fi_FI\" \/>\n<meta property=\"og:type\" content=\"article\" \/>\n<meta property=\"og:title\" content=\"Vello-ajanvaraus - Clinic Helena\" \/>\n<meta property=\"og:description\" content=\"Jos kaikki ajat ovat jo menneet? Varaa aikasi konsultaatioon Ennen leikkausta k\u00e4yd\u00e4\u00e4n leikkaavan l\u00e4\u00e4k\u00e4rin vastaanotolla, jonka aikana h\u00e4n kuuntelee toiveesi ja suunnittelee leikkauksen yhdess\u00e4 sinun kanssasi. Vastaanotolla selvitet\u00e4\u00e4n, mik\u00e4 ratkaisu on paras juuri sinulle ja [&hellip;]\" \/>\n<meta property=\"og:url\" content=\"https:\/\/www.clinichelena.com\/fi\/vello-ajanvaraus\/\" \/>\n<meta property=\"og:site_name\" content=\"Clinic Helena\" \/>\n<meta property=\"article:modified_time\" content=\"2023-03-29T09:13:22+00:00\" \/>\n<meta name=\"twitter:card\" content=\"summary_large_image\" \/>\n<meta name=\"twitter:label1\" content=\"Arvioitu lukuaika\" \/>\n\t<meta name=\"twitter:data1\" content=\"1 minuutti\" \/>\n<script type=\"application\/ld+json\" class=\"yoast-schema-graph\">{\"@context\":\"https:\/\/schema.org\",\"@graph\":[{\"@type\":[\"WebPage\",\"MedicalWebPage\"],\"@id\":\"https:\/\/www.clinichelena.com\/fi\/vello-ajanvaraus\/\",\"url\":\"https:\/\/www.clinichelena.com\/fi\/vello-ajanvaraus\/\",\"name\":\"Vello-ajanvaraus - Clinic Helena\",\"isPartOf\":{\"@id\":\"https:\/\/www.clinichelena.com\/fi\/#website\"},\"datePublished\":\"2021-05-22T13:48:10+00:00\",\"dateModified\":\"2023-03-29T09:13:22+00:00\",\"breadcrumb\":{\"@id\":\"https:\/\/www.clinichelena.com\/fi\/vello-ajanvaraus\/#breadcrumb\"},\"inLanguage\":\"fi\",\"potentialAction\":[{\"@type\":\"ReadAction\",\"target\":[\"https:\/\/www.clinichelena.com\/fi\/vello-ajanvaraus\/\"]}]},{\"@type\":\"BreadcrumbList\",\"@id\":\"https:\/\/www.clinichelena.com\/fi\/vello-ajanvaraus\/#breadcrumb\",\"itemListElement\":[{\"@type\":\"ListItem\",\"position\":1,\"name\":\"Etusivu\",\"item\":\"https:\/\/www.clinichelena.com\/fi\/\"},{\"@type\":\"ListItem\",\"position\":2,\"name\":\"Vello-ajanvaraus\"}]},{\"@type\":\"WebSite\",\"@id\":\"https:\/\/www.clinichelena.com\/fi\/#website\",\"url\":\"https:\/\/www.clinichelena.com\/fi\/\",\"name\":\"Clinic Helena\",\"description\":\"Your Breasts Matter\",\"publisher\":{\"@id\":\"https:\/\/www.clinichelena.com\/fi\/#organization\"},\"potentialAction\":[{\"@type\":\"SearchAction\",\"target\":{\"@type\":\"EntryPoint\",\"urlTemplate\":\"https:\/\/www.clinichelena.com\/fi\/?s={search_term_string}\"},\"query-input\":{\"@type\":\"PropertyValueSpecification\",\"valueRequired\":true,\"valueName\":\"search_term_string\"}}],\"inLanguage\":\"fi\"},{\"@type\":\"Organization\",\"@id\":\"https:\/\/www.clinichelena.com\/fi\/#organization\",\"name\":\"Klinikka Helena\",\"url\":\"https:\/\/www.clinichelena.com\/fi\/\",\"logo\":{\"@type\":\"ImageObject\",\"inLanguage\":\"fi\",\"@id\":\"https:\/\/www.clinichelena.com\/fi\/#\/schema\/logo\/image\/\",\"url\":\"https:\/\/www.clinichelena.com\/wp-content\/uploads\/2020\/11\/New-logo.png\",\"contentUrl\":\"https:\/\/www.clinichelena.com\/wp-content\/uploads\/2020\/11\/New-logo.png\",\"width\":950,\"height\":661,\"caption\":\"Klinikka Helena\"},\"image\":{\"@id\":\"https:\/\/www.clinichelena.com\/fi\/#\/schema\/logo\/image\/\"}}]}<\/script>\n<!-- \/ Yoast SEO plugin. -->","yoast_head_json":{"title":"Vello-ajanvaraus - Clinic Helena","robots":{"index":"noindex","follow":"nofollow"},"og_locale":"fi_FI","og_type":"article","og_title":"Vello-ajanvaraus - Clinic Helena","og_description":"Jos kaikki ajat ovat jo menneet? Varaa aikasi konsultaatioon Ennen leikkausta k\u00e4yd\u00e4\u00e4n leikkaavan l\u00e4\u00e4k\u00e4rin vastaanotolla, jonka aikana h\u00e4n kuuntelee toiveesi ja suunnittelee leikkauksen yhdess\u00e4 sinun kanssasi. Vastaanotolla selvitet\u00e4\u00e4n, mik\u00e4 ratkaisu on paras juuri sinulle ja [&hellip;]","og_url":"https:\/\/www.clinichelena.com\/fi\/vello-ajanvaraus\/","og_site_name":"Clinic Helena","article_modified_time":"2023-03-29T09:13:22+00:00","twitter_card":"summary_large_image","twitter_misc":{"Arvioitu lukuaika":"1 minuutti"},"schema":{"@context":"https:\/\/schema.org","@graph":[{"@type":["WebPage","MedicalWebPage"],"@id":"https:\/\/www.clinichelena.com\/fi\/vello-ajanvaraus\/","url":"https:\/\/www.clinichelena.com\/fi\/vello-ajanvaraus\/","name":"Vello-ajanvaraus - Clinic Helena","isPartOf":{"@id":"https:\/\/www.clinichelena.com\/fi\/#website"},"datePublished":"2021-05-22T13:48:10+00:00","dateModified":"2023-03-29T09:13:22+00:00","breadcrumb":{"@id":"https:\/\/www.clinichelena.com\/fi\/vello-ajanvaraus\/#breadcrumb"},"inLanguage":"fi","potentialAction":[{"@type":"ReadAction","target":["https:\/\/www.clinichelena.com\/fi\/vello-ajanvaraus\/"]}]},{"@type":"BreadcrumbList","@id":"https:\/\/www.clinichelena.com\/fi\/vello-ajanvaraus\/#breadcrumb","itemListElement":[{"@type":"ListItem","position":1,"name":"Etusivu","item":"https:\/\/www.clinichelena.com\/fi\/"},{"@type":"ListItem","position":2,"name":"Vello-ajanvaraus"}]},{"@type":"WebSite","@id":"https:\/\/www.clinichelena.com\/fi\/#website","url":"https:\/\/www.clinichelena.com\/fi\/","name":"Clinic Helena","description":"Your Breasts Matter","publisher":{"@id":"https:\/\/www.clinichelena.com\/fi\/#organization"},"potentialAction":[{"@type":"SearchAction","target":{"@type":"EntryPoint","urlTemplate":"https:\/\/www.clinichelena.com\/fi\/?s={search_term_string}"},"query-input":{"@type":"PropertyValueSpecification","valueRequired":true,"valueName":"search_term_string"}}],"inLanguage":"fi"},{"@type":"Organization","@id":"https:\/\/www.clinichelena.com\/fi\/#organization","name":"Klinikka Helena","url":"https:\/\/www.clinichelena.com\/fi\/","logo":{"@type":"ImageObject","inLanguage":"fi","@id":"https:\/\/www.clinichelena.com\/fi\/#\/schema\/logo\/image\/","url":"https:\/\/www.clinichelena.com\/wp-content\/uploads\/2020\/11\/New-logo.png","contentUrl":"https:\/\/www.clinichelena.com\/wp-content\/uploads\/2020\/11\/New-logo.png","width":950,"height":661,"caption":"Klinikka Helena"},"image":{"@id":"https:\/\/www.clinichelena.com\/fi\/#\/schema\/logo\/image\/"}}]}},"taxonomy_info":[],"featured_image_src_large":false,"author_info":{"display_name":"Reeta","author_link":"https:\/\/www.clinichelena.com\/fi\/author\/reeta-luoto\/"},"comment_info":"","uagb_featured_image_src":{"full":false,"thumbnail":false,"medium":false,"medium_large":false,"large":false,"1536x1536":false,"2048x2048":false,"custom-square":false},"uagb_author_info":{"display_name":"Reeta","author_link":"https:\/\/www.clinichelena.com\/fi\/author\/reeta-luoto\/"},"uagb_comment_info":0,"uagb_excerpt":"Jos kaikki ajat ovat jo menneet? Varaa aikasi konsultaatioon Ennen leikkausta k\u00e4yd\u00e4\u00e4n leikkaavan l\u00e4\u00e4k\u00e4rin vastaanotolla, jonka aikana h\u00e4n kuuntelee toiveesi ja suunnittelee leikkauksen yhdess\u00e4 sinun kanssasi. Vastaanotolla selvitet\u00e4\u00e4n, mik\u00e4 ratkaisu on paras juuri sinulle ja [&hellip;]","_links":{"self":[{"href":"https:\/\/www.clinichelena.com\/fi\/wp-json\/wp\/v2\/pages\/23855","targetHints":{"allow":["GET"]}}],"collection":[{"href":"https:\/\/www.clinichelena.com\/fi\/wp-json\/wp\/v2\/pages"}],"about":[{"href":"https:\/\/www.clinichelena.com\/fi\/wp-json\/wp\/v2\/types\/page"}],"author":[{"embeddable":true,"href":"https:\/\/www.clinichelena.com\/fi\/wp-json\/wp\/v2\/users\/17"}],"replies":[{"embeddable":true,"href":"https:\/\/www.clinichelena.com\/fi\/wp-json\/wp\/v2\/comments?post=23855"}],"version-history":[{"count":6,"href":"https:\/\/www.clinichelena.com\/fi\/wp-json\/wp\/v2\/pages\/23855\/revisions"}],"predecessor-version":[{"id":31059,"href":"https:\/\/www.clinichelena.com\/fi\/wp-json\/wp\/v2\/pages\/23855\/revisions\/31059"}],"wp:attachment":[{"href":"https:\/\/www.clinichelena.com\/fi\/wp-json\/wp\/v2\/media?parent=23855"}],"curies":[{"name":"wp","href":"https:\/\/api.w.org\/{rel}","templated":true}]}}