{"id":18581,"date":"2020-10-30T17:36:59","date_gmt":"2020-10-30T13:36:59","guid":{"rendered":"http:\/\/clinichelena.kinsta.cloud\/?page_id=18581"},"modified":"2026-02-16T13:07:45","modified_gmt":"2026-02-16T11:07:45","slug":"videokonsultaatio","status":"publish","type":"page","link":"https:\/\/www.clinichelena.com\/fi\/videokonsultaatio\/","title":{"rendered":"Videokonsultaatio"},"content":{"rendered":"\n<h1 class=\"wp-block-heading\">Videokonsultaatio<\/h1>\n\n\n\n<p>Et\u00e4vastaanotto l\u00e4\u00e4k\u00e4rin kanssa on joustava ja helppo tapa saada yhteys erikoisl\u00e4\u00e4k\u00e4riin. Clinic Helena tarjoaa nyt mahdollisuutta varata et\u00e4konsultaatio Plastiikkakirurgi Helena Puontin tai sairaanhoitaja P\u00e4ivi Tuomisen kanssa. Videokonsultaation aikana sinun on mahdollista kysy\u00e4 mielt\u00e4si askarruttavat kysymykset, kuulla ammattilaisen mielipide ja suositukset sek\u00e4 keskustella jatkohoitomahdollisuuksista.<\/p>\n\n\n<div class=\"wp-block-uagb-faq uagb-faq__outer-wrap uagb-block-5346ed28 uagb-faq-icon-row uagb-faq-layout-accordion uagb-faq-expand-first-true uagb-faq-inactive-other-true uagb-faq__wrap uagb-buttons-layout-wrap uagb-faq-equal-height     \" data-faqtoggle=\"true\" role=\"tablist\"><div class=\"wp-block-uagb-faq-child uagb-faq-child__outer-wrap uagb-faq-item uagb-block-b4bdc7b2 \" role=\"tab\" tabindex=\"0\"><div class=\"uagb-faq-questions-button uagb-faq-questions\">\t\t\t<span class=\"uagb-icon uagb-faq-icon-wrap\">\n\t\t\t\t\t\t\t\t<svg xmlns=\"https:\/\/www.w3.org\/2000\/svg\" viewBox= \"0 0 448 512\"><path d=\"M432 256c0 17.69-14.33 32.01-32 32.01H256v144c0 17.69-14.33 31.99-32 31.99s-32-14.3-32-31.99v-144H48c-17.67 0-32-14.32-32-32.01s14.33-31.99 32-31.99H192v-144c0-17.69 14.33-32.01 32-32.01s32 14.32 32 32.01v144h144C417.7 224 432 238.3 432 256z\"><\/path><\/svg>\n\t\t\t\t\t\t\t<\/span>\n\t\t\t\t\t\t<span class=\"uagb-icon-active uagb-faq-icon-wrap\">\n\t\t\t\t\t\t\t\t<svg xmlns=\"https:\/\/www.w3.org\/2000\/svg\" viewBox= \"0 0 448 512\"><path d=\"M400 288h-352c-17.69 0-32-14.32-32-32.01s14.31-31.99 32-31.99h352c17.69 0 32 14.3 32 31.99S417.7 288 400 288z\"><\/path><\/svg>\n\t\t\t\t\t\t\t<\/span>\n\t\t\t<span class=\"uagb-question\"><strong>Kuinka paljon videokonsultaatio maksaa?<\/strong><\/span><\/div><div class=\"uagb-faq-content\"><p>&#8211; L\u00e4\u00e4k\u00e4rin et\u00e4konsultaatio on samahintainen kuin l\u00e4hivastaanotto (148.60\u20ac).<br>&#8211; Sairaanhoitajan et\u00e4konsultaatio on maksuton.<\/p><\/div><\/div><div class=\"wp-block-uagb-faq-child uagb-faq-child__outer-wrap uagb-faq-item uagb-block-0f1a8322 \" role=\"tab\" tabindex=\"0\"><div class=\"uagb-faq-questions-button uagb-faq-questions\">\t\t\t<span class=\"uagb-icon uagb-faq-icon-wrap\">\n\t\t\t\t\t\t\t\t<svg xmlns=\"https:\/\/www.w3.org\/2000\/svg\" viewBox= \"0 0 448 512\"><path d=\"M432 256c0 17.69-14.33 32.01-32 32.01H256v144c0 17.69-14.33 31.99-32 31.99s-32-14.3-32-31.99v-144H48c-17.67 0-32-14.32-32-32.01s14.33-31.99 32-31.99H192v-144c0-17.69 14.33-32.01 32-32.01s32 14.32 32 32.01v144h144C417.7 224 432 238.3 432 256z\"><\/path><\/svg>\n\t\t\t\t\t\t\t<\/span>\n\t\t\t\t\t\t<span class=\"uagb-icon-active uagb-faq-icon-wrap\">\n\t\t\t\t\t\t\t\t<svg xmlns=\"https:\/\/www.w3.org\/2000\/svg\" viewBox= \"0 0 448 512\"><path d=\"M400 288h-352c-17.69 0-32-14.32-32-32.01s14.31-31.99 32-31.99h352c17.69 0 32 14.3 32 31.99S417.7 288 400 288z\"><\/path><\/svg>\n\t\t\t\t\t\t\t<\/span>\n\t\t\t<span class=\"uagb-question\"><strong>Kuinka varaan videokonsultaation?<\/strong><\/span><\/div><div class=\"uagb-faq-content\"><p>&#8211; L\u00e4\u00e4k\u00e4rin konsultaation voit varata ottamalla yhtyett\u00e4 asiakaspalveluumme joko yhteydenottolomakkeella, s\u00e4hk\u00f6postitse tai puhelimella.<br>&#8211; Sairaanhoitajan et\u00e4konsultaation voit varata suoraan <a href=\"https:\/\/outlook.office.com\/book\/Hoitajankonsultaatio@clinichelena.com\/?ismsaljsauthenabled\">T\u00c4\u00c4LT\u00c4.<\/a><\/p><\/div><\/div><div class=\"wp-block-uagb-faq-child uagb-faq-child__outer-wrap uagb-faq-item uagb-block-4baea1ec \" role=\"tab\" tabindex=\"0\"><div class=\"uagb-faq-questions-button uagb-faq-questions\">\t\t\t<span class=\"uagb-icon uagb-faq-icon-wrap\">\n\t\t\t\t\t\t\t\t<svg xmlns=\"https:\/\/www.w3.org\/2000\/svg\" viewBox= \"0 0 448 512\"><path d=\"M432 256c0 17.69-14.33 32.01-32 32.01H256v144c0 17.69-14.33 31.99-32 31.99s-32-14.3-32-31.99v-144H48c-17.67 0-32-14.32-32-32.01s14.33-31.99 32-31.99H192v-144c0-17.69 14.33-32.01 32-32.01s32 14.32 32 32.01v144h144C417.7 224 432 238.3 432 256z\"><\/path><\/svg>\n\t\t\t\t\t\t\t<\/span>\n\t\t\t\t\t\t<span class=\"uagb-icon-active uagb-faq-icon-wrap\">\n\t\t\t\t\t\t\t\t<svg xmlns=\"https:\/\/www.w3.org\/2000\/svg\" viewBox= \"0 0 448 512\"><path d=\"M400 288h-352c-17.69 0-32-14.32-32-32.01s14.31-31.99 32-31.99h352c17.69 0 32 14.3 32 31.99S417.7 288 400 288z\"><\/path><\/svg>\n\t\t\t\t\t\t\t<\/span>\n\t\t\t<span class=\"uagb-question\"><strong>Kuinka kauan videokonsultaatio kest\u00e4\u00e4?<\/strong><\/span><\/div><div class=\"uagb-faq-content\"><p>Videokonsultaation kesto on 30 minuuttia.<br><\/p><\/div><\/div><div class=\"wp-block-uagb-faq-child uagb-faq-child__outer-wrap uagb-faq-item uagb-block-d3a0e9a8 \" role=\"tab\" tabindex=\"0\"><div class=\"uagb-faq-questions-button uagb-faq-questions\">\t\t\t<span class=\"uagb-icon uagb-faq-icon-wrap\">\n\t\t\t\t\t\t\t\t<svg xmlns=\"https:\/\/www.w3.org\/2000\/svg\" viewBox= \"0 0 448 512\"><path d=\"M432 256c0 17.69-14.33 32.01-32 32.01H256v144c0 17.69-14.33 31.99-32 31.99s-32-14.3-32-31.99v-144H48c-17.67 0-32-14.32-32-32.01s14.33-31.99 32-31.99H192v-144c0-17.69 14.33-32.01 32-32.01s32 14.32 32 32.01v144h144C417.7 224 432 238.3 432 256z\"><\/path><\/svg>\n\t\t\t\t\t\t\t<\/span>\n\t\t\t\t\t\t<span class=\"uagb-icon-active uagb-faq-icon-wrap\">\n\t\t\t\t\t\t\t\t<svg xmlns=\"https:\/\/www.w3.org\/2000\/svg\" viewBox= \"0 0 448 512\"><path d=\"M400 288h-352c-17.69 0-32-14.32-32-32.01s14.31-31.99 32-31.99h352c17.69 0 32 14.3 32 31.99S417.7 288 400 288z\"><\/path><\/svg>\n\t\t\t\t\t\t\t<\/span>\n\t\t\t<span class=\"uagb-question\"><strong><strong>Konsultaation kieli<\/strong><\/strong><\/span><\/div><div class=\"uagb-faq-content\"><p>Konsultaation kieli on suomi, jos haluat palvelua jollakin muulla kielell\u00e4, kysy lis\u00e4tietoja asiakaspalvelustamme.<br><\/p><\/div><\/div><div class=\"wp-block-uagb-faq-child uagb-faq-child__outer-wrap uagb-faq-item uagb-block-abfc2266 \" role=\"tab\" tabindex=\"0\"><div class=\"uagb-faq-questions-button uagb-faq-questions\">\t\t\t<span class=\"uagb-icon uagb-faq-icon-wrap\">\n\t\t\t\t\t\t\t\t<svg xmlns=\"https:\/\/www.w3.org\/2000\/svg\" viewBox= \"0 0 448 512\"><path d=\"M432 256c0 17.69-14.33 32.01-32 32.01H256v144c0 17.69-14.33 31.99-32 31.99s-32-14.3-32-31.99v-144H48c-17.67 0-32-14.32-32-32.01s14.33-31.99 32-31.99H192v-144c0-17.69 14.33-32.01 32-32.01s32 14.32 32 32.01v144h144C417.7 224 432 238.3 432 256z\"><\/path><\/svg>\n\t\t\t\t\t\t\t<\/span>\n\t\t\t\t\t\t<span class=\"uagb-icon-active uagb-faq-icon-wrap\">\n\t\t\t\t\t\t\t\t<svg xmlns=\"https:\/\/www.w3.org\/2000\/svg\" viewBox= \"0 0 448 512\"><path d=\"M400 288h-352c-17.69 0-32-14.32-32-32.01s14.31-31.99 32-31.99h352c17.69 0 32 14.3 32 31.99S417.7 288 400 288z\"><\/path><\/svg>\n\t\t\t\t\t\t\t<\/span>\n\t\t\t<span class=\"uagb-question\"><strong><strong>Mit\u00e4 tietoa tarvitsette minulta?<\/strong><\/strong><\/span><\/div><div class=\"uagb-faq-content\"><p>Pyyd\u00e4mme sinua l\u00e4hett\u00e4m\u00e4\u00e4n hallussasi olevat hoitoosi liittyv\u00e4t dokumentit meille etuk\u00e4teen, jotta konsultoiva l\u00e4\u00e4k\u00e4ri voi tutustua niihin ennen konsultaatiota.<br>Esimerkiksi, jos sinulla on todettu rintasy\u00f6p\u00e4, sinulla saattavat olla jo seuraavat tutkimukset valmiina:<br>Mammografia \u2013 kuvat ja lausunnot<br>Rinnan ultra\u00e4\u00e4nitutkimukset &#8211; lausunnot<br>Koepalan histologiset ja immunohistokemikaaliset tutkimukset<br>Laboratoriotestit (t\u00e4ydellinen verenkuva)<br><br><\/p><\/div><\/div><div class=\"wp-block-uagb-faq-child uagb-faq-child__outer-wrap uagb-faq-item uagb-block-4c558721 \" role=\"tab\" tabindex=\"0\"><div class=\"uagb-faq-questions-button uagb-faq-questions\">\t\t\t<span class=\"uagb-icon uagb-faq-icon-wrap\">\n\t\t\t\t\t\t\t\t<svg xmlns=\"https:\/\/www.w3.org\/2000\/svg\" viewBox= \"0 0 448 512\"><path d=\"M432 256c0 17.69-14.33 32.01-32 32.01H256v144c0 17.69-14.33 31.99-32 31.99s-32-14.3-32-31.99v-144H48c-17.67 0-32-14.32-32-32.01s14.33-31.99 32-31.99H192v-144c0-17.69 14.33-32.01 32-32.01s32 14.32 32 32.01v144h144C417.7 224 432 238.3 432 256z\"><\/path><\/svg>\n\t\t\t\t\t\t\t<\/span>\n\t\t\t\t\t\t<span class=\"uagb-icon-active uagb-faq-icon-wrap\">\n\t\t\t\t\t\t\t\t<svg xmlns=\"https:\/\/www.w3.org\/2000\/svg\" viewBox= \"0 0 448 512\"><path d=\"M400 288h-352c-17.69 0-32-14.32-32-32.01s14.31-31.99 32-31.99h352c17.69 0 32 14.3 32 31.99S417.7 288 400 288z\"><\/path><\/svg>\n\t\t\t\t\t\t\t<\/span>\n\t\t\t<span class=\"uagb-question\"><strong><strong>Kuinka videokonsultaatio toimii?<\/strong><\/strong><\/span><\/div><div class=\"uagb-faq-content\"><p>Tarvitset videokonsultaatiota varten tietokoneen tai \u00e4lypuhelimen, jossa on kamera ja toimiva internetyhteys. Kameran ja mikrofonin toiminnot kannattaa tarkistaa ennen konsultaatiota.<br>L\u00e4het\u00e4mme sinulle linkin s\u00e4hk\u00f6postitse tai tekstiviestin\u00e4. Et\u00e4konsultaatiopuhelut ovat luottamuksellisia, eik\u00e4 niit\u00e4 tallenneta. Suosittelemme testaamaan linkin toimivuutta ennen konsultaatiota, jotta puhelimella on tarvittavat luvat palvelun k\u00e4ytt\u00f6\u00f6n.<br>Konsultaatiop\u00e4iv\u00e4n\u00e4 p\u00e4\u00e4set linkist\u00e4 konsultaatioon ja l\u00e4\u00e4k\u00e4ri liittyy puheluun kun aika on. <\/p><\/div><\/div><div class=\"wp-block-uagb-faq-child uagb-faq-child__outer-wrap uagb-faq-item uagb-block-9041ebf9 \" role=\"tab\" tabindex=\"0\"><div class=\"uagb-faq-questions-button uagb-faq-questions\">\t\t\t<span class=\"uagb-icon uagb-faq-icon-wrap\">\n\t\t\t\t\t\t\t\t<svg xmlns=\"https:\/\/www.w3.org\/2000\/svg\" viewBox= \"0 0 448 512\"><path d=\"M432 256c0 17.69-14.33 32.01-32 32.01H256v144c0 17.69-14.33 31.99-32 31.99s-32-14.3-32-31.99v-144H48c-17.67 0-32-14.32-32-32.01s14.33-31.99 32-31.99H192v-144c0-17.69 14.33-32.01 32-32.01s32 14.32 32 32.01v144h144C417.7 224 432 238.3 432 256z\"><\/path><\/svg>\n\t\t\t\t\t\t\t<\/span>\n\t\t\t\t\t\t<span class=\"uagb-icon-active uagb-faq-icon-wrap\">\n\t\t\t\t\t\t\t\t<svg xmlns=\"https:\/\/www.w3.org\/2000\/svg\" viewBox= \"0 0 448 512\"><path d=\"M400 288h-352c-17.69 0-32-14.32-32-32.01s14.31-31.99 32-31.99h352c17.69 0 32 14.3 32 31.99S417.7 288 400 288z\"><\/path><\/svg>\n\t\t\t\t\t\t\t<\/span>\n\t\t\t<span class=\"uagb-question\"><strong><strong><strong>Mit\u00e4 konsultaation j\u00e4lkeen tapahtuu?<\/strong><\/strong><\/strong><\/span><\/div><div class=\"uagb-faq-content\"><p>L\u00e4\u00e4k\u00e4ri valmistelee kirjallisen lausunnon ja tarvittaessa my\u00f6s jatkohoitosuunnitelman. <br>Voit tutustua teksteihin omakannassa. L\u00e4het\u00e4mme lausunnon sinulle tarvittaessa my\u00f6s s\u00e4hk\u00f6postitse.<\/p><\/div><\/div><div class=\"wp-block-uagb-faq-child uagb-faq-child__outer-wrap uagb-faq-item uagb-block-1a459b45 \" role=\"tab\" tabindex=\"0\"><div class=\"uagb-faq-questions-button uagb-faq-questions\">\t\t\t<span class=\"uagb-icon uagb-faq-icon-wrap\">\n\t\t\t\t\t\t\t\t<svg xmlns=\"https:\/\/www.w3.org\/2000\/svg\" viewBox= \"0 0 448 512\"><path d=\"M432 256c0 17.69-14.33 32.01-32 32.01H256v144c0 17.69-14.33 31.99-32 31.99s-32-14.3-32-31.99v-144H48c-17.67 0-32-14.32-32-32.01s14.33-31.99 32-31.99H192v-144c0-17.69 14.33-32.01 32-32.01s32 14.32 32 32.01v144h144C417.7 224 432 238.3 432 256z\"><\/path><\/svg>\n\t\t\t\t\t\t\t<\/span>\n\t\t\t\t\t\t<span class=\"uagb-icon-active uagb-faq-icon-wrap\">\n\t\t\t\t\t\t\t\t<svg xmlns=\"https:\/\/www.w3.org\/2000\/svg\" viewBox= \"0 0 448 512\"><path d=\"M400 288h-352c-17.69 0-32-14.32-32-32.01s14.31-31.99 32-31.99h352c17.69 0 32 14.3 32 31.99S417.7 288 400 288z\"><\/path><\/svg>\n\t\t\t\t\t\t\t<\/span>\n\t\t\t<span class=\"uagb-question\"><strong><strong><strong>Peruutus?<\/strong><\/strong><\/strong><\/span><\/div><div class=\"uagb-faq-content\"><p>Varatun videokonsultaation peruminen 24 tuntia ennen varattua aikaa on ilmaista.<\/p><\/div><\/div><\/div>\n\n\n<p><\/p>\n\n\n\n<p><\/p>\n","protected":false},"excerpt":{"rendered":"<p>Videokonsultaatio Et\u00e4vastaanotto l\u00e4\u00e4k\u00e4rin kanssa on joustava ja helppo tapa saada yhteys erikoisl\u00e4\u00e4k\u00e4riin. Clinic Helena tarjoaa nyt mahdollisuutta varata et\u00e4konsultaatio Plastiikkakirurgi Helena Puontin tai sairaanhoitaja P\u00e4ivi Tuomisen kanssa. Videokonsultaation aikana sinun on mahdollista kysy\u00e4 mielt\u00e4si askarruttavat [&hellip;]<\/p>\n","protected":false},"author":17,"featured_media":0,"parent":0,"menu_order":0,"comment_status":"closed","ping_status":"closed","template":"","meta":{"_uag_custom_page_level_css":"","_kad_blocks_custom_css":"","_kad_blocks_head_custom_js":"","_kad_blocks_body_custom_js":"","_kad_blocks_footer_custom_js":"","site-sidebar-layout":"left-sidebar","site-content-layout":"default","ast-site-content-layout":"default","site-content-style":"default","site-sidebar-style":"default","ast-global-header-display":"","ast-banner-title-visibility":"","ast-main-header-display":"","ast-hfb-above-header-display":"","ast-hfb-below-header-display":"","ast-hfb-mobile-header-display":"","site-post-title":"disabled","ast-breadcrumbs-content":"","ast-featured-img":"","footer-sml-layout":"","theme-transparent-header-meta":"default","adv-header-id-meta":"","stick-header-meta":"default","header-above-stick-meta":"","header-main-stick-meta":"","header-below-stick-meta":"","astra-migrate-meta-layouts":"set","ast-page-background-enabled":"default","ast-page-background-meta":{"desktop":{"background-color":"","background-image":"","background-repeat":"repeat","background-position":"center center","background-size":"auto","background-attachment":"scroll","background-type":"","background-media":"","overlay-type":"","overlay-color":"","overlay-opacity":"","overlay-gradient":""},"tablet":{"background-color":"","background-image":"","background-repeat":"repeat","background-position":"center center","background-size":"auto","background-attachment":"scroll","background-type":"","background-media":"","overlay-type":"","overlay-color":"","overlay-opacity":"","overlay-gradient":""},"mobile":{"background-color":"","background-image":"","background-repeat":"repeat","background-position":"center center","background-size":"auto","background-attachment":"scroll","background-type":"","background-media":"","overlay-type":"","overlay-color":"","overlay-opacity":"","overlay-gradient":""}},"ast-content-background-meta":{"desktop":{"background-color":"var(--ast-global-color-5)","background-image":"","background-repeat":"repeat","background-position":"center center","background-size":"auto","background-attachment":"scroll","background-type":"","background-media":"","overlay-type":"","overlay-color":"","overlay-opacity":"","overlay-gradient":""},"tablet":{"background-color":"var(--ast-global-color-5)","background-image":"","background-repeat":"repeat","background-position":"center center","background-size":"auto","background-attachment":"scroll","background-type":"","background-media":"","overlay-type":"","overlay-color":"","overlay-opacity":"","overlay-gradient":""},"mobile":{"background-color":"var(--ast-global-color-5)","background-image":"","background-repeat":"repeat","background-position":"center center","background-size":"auto","background-attachment":"scroll","background-type":"","background-media":"","overlay-type":"","overlay-color":"","overlay-opacity":"","overlay-gradient":""}},"footnotes":""},"class_list":["post-18581","page","type-page","status-publish","hentry"],"yoast_head":"<!-- This site is optimized with the Yoast SEO plugin v26.6 - https:\/\/yoast.com\/wordpress\/plugins\/seo\/ -->\n<title>Videokonsultaatio - Clinic Helena<\/title>\n<meta name=\"description\" content=\"Clinic Helenan et\u00e4konsultaatio on joustava ja helppo tapa keskustella hoitovaihtoehdoista asiantuntijan kanssa. Tervetuloa konsultaatioon!\" \/>\n<meta name=\"robots\" content=\"index, follow, max-snippet:-1, max-image-preview:large, max-video-preview:-1\" \/>\n<link rel=\"canonical\" href=\"https:\/\/www.clinichelena.com\/fi\/videokonsultaatio\/\" \/>\n<meta property=\"og:locale\" content=\"fi_FI\" \/>\n<meta property=\"og:type\" content=\"article\" \/>\n<meta property=\"og:title\" content=\"Videokonsultaatio - Clinic Helena\" \/>\n<meta property=\"og:description\" content=\"Clinic Helenan et\u00e4konsultaatio on joustava ja helppo tapa keskustella hoitovaihtoehdoista asiantuntijan kanssa. Tervetuloa konsultaatioon!\" \/>\n<meta property=\"og:url\" content=\"https:\/\/www.clinichelena.com\/fi\/videokonsultaatio\/\" \/>\n<meta property=\"og:site_name\" content=\"Clinic Helena\" \/>\n<meta property=\"article:modified_time\" content=\"2026-02-16T11:07:45+00:00\" \/>\n<meta name=\"twitter:card\" content=\"summary_large_image\" \/>\n<meta name=\"twitter:label1\" content=\"Arvioitu lukuaika\" \/>\n\t<meta name=\"twitter:data1\" content=\"1 minuutti\" \/>\n<script type=\"application\/ld+json\" class=\"yoast-schema-graph\">{\"@context\":\"https:\/\/schema.org\",\"@graph\":[{\"@type\":[\"WebPage\",\"MedicalWebPage\"],\"@id\":\"https:\/\/www.clinichelena.com\/fi\/videokonsultaatio\/\",\"url\":\"https:\/\/www.clinichelena.com\/fi\/videokonsultaatio\/\",\"name\":\"Videokonsultaatio - Clinic Helena\",\"isPartOf\":{\"@id\":\"https:\/\/www.clinichelena.com\/fi\/#website\"},\"datePublished\":\"2020-10-30T13:36:59+00:00\",\"dateModified\":\"2026-02-16T11:07:45+00:00\",\"description\":\"Clinic Helenan et\u00e4konsultaatio on joustava ja helppo tapa keskustella hoitovaihtoehdoista asiantuntijan kanssa. Tervetuloa konsultaatioon!\",\"breadcrumb\":{\"@id\":\"https:\/\/www.clinichelena.com\/fi\/videokonsultaatio\/#breadcrumb\"},\"inLanguage\":\"fi\",\"potentialAction\":[{\"@type\":\"ReadAction\",\"target\":[\"https:\/\/www.clinichelena.com\/fi\/videokonsultaatio\/\"]}]},{\"@type\":\"BreadcrumbList\",\"@id\":\"https:\/\/www.clinichelena.com\/fi\/videokonsultaatio\/#breadcrumb\",\"itemListElement\":[{\"@type\":\"ListItem\",\"position\":1,\"name\":\"Etusivu\",\"item\":\"https:\/\/www.clinichelena.com\/fi\/\"},{\"@type\":\"ListItem\",\"position\":2,\"name\":\"Videokonsultaatio\"}]},{\"@type\":\"WebSite\",\"@id\":\"https:\/\/www.clinichelena.com\/fi\/#website\",\"url\":\"https:\/\/www.clinichelena.com\/fi\/\",\"name\":\"Clinic Helena\",\"description\":\"Your Breasts Matter\",\"publisher\":{\"@id\":\"https:\/\/www.clinichelena.com\/fi\/#organization\"},\"potentialAction\":[{\"@type\":\"SearchAction\",\"target\":{\"@type\":\"EntryPoint\",\"urlTemplate\":\"https:\/\/www.clinichelena.com\/fi\/?s={search_term_string}\"},\"query-input\":{\"@type\":\"PropertyValueSpecification\",\"valueRequired\":true,\"valueName\":\"search_term_string\"}}],\"inLanguage\":\"fi\"},{\"@type\":\"Organization\",\"@id\":\"https:\/\/www.clinichelena.com\/fi\/#organization\",\"name\":\"Klinikka Helena\",\"url\":\"https:\/\/www.clinichelena.com\/fi\/\",\"logo\":{\"@type\":\"ImageObject\",\"inLanguage\":\"fi\",\"@id\":\"https:\/\/www.clinichelena.com\/fi\/#\/schema\/logo\/image\/\",\"url\":\"https:\/\/www.clinichelena.com\/wp-content\/uploads\/2020\/11\/New-logo.png\",\"contentUrl\":\"https:\/\/www.clinichelena.com\/wp-content\/uploads\/2020\/11\/New-logo.png\",\"width\":950,\"height\":661,\"caption\":\"Klinikka Helena\"},\"image\":{\"@id\":\"https:\/\/www.clinichelena.com\/fi\/#\/schema\/logo\/image\/\"}}]}<\/script>\n<!-- \/ Yoast SEO plugin. -->","yoast_head_json":{"title":"Videokonsultaatio - Clinic Helena","description":"Clinic Helenan et\u00e4konsultaatio on joustava ja helppo tapa keskustella hoitovaihtoehdoista asiantuntijan kanssa. Tervetuloa konsultaatioon!","robots":{"index":"index","follow":"follow","max-snippet":"max-snippet:-1","max-image-preview":"max-image-preview:large","max-video-preview":"max-video-preview:-1"},"canonical":"https:\/\/www.clinichelena.com\/fi\/videokonsultaatio\/","og_locale":"fi_FI","og_type":"article","og_title":"Videokonsultaatio - Clinic Helena","og_description":"Clinic Helenan et\u00e4konsultaatio on joustava ja helppo tapa keskustella hoitovaihtoehdoista asiantuntijan kanssa. Tervetuloa konsultaatioon!","og_url":"https:\/\/www.clinichelena.com\/fi\/videokonsultaatio\/","og_site_name":"Clinic Helena","article_modified_time":"2026-02-16T11:07:45+00:00","twitter_card":"summary_large_image","twitter_misc":{"Arvioitu lukuaika":"1 minuutti"},"schema":{"@context":"https:\/\/schema.org","@graph":[{"@type":["WebPage","MedicalWebPage"],"@id":"https:\/\/www.clinichelena.com\/fi\/videokonsultaatio\/","url":"https:\/\/www.clinichelena.com\/fi\/videokonsultaatio\/","name":"Videokonsultaatio - Clinic Helena","isPartOf":{"@id":"https:\/\/www.clinichelena.com\/fi\/#website"},"datePublished":"2020-10-30T13:36:59+00:00","dateModified":"2026-02-16T11:07:45+00:00","description":"Clinic Helenan et\u00e4konsultaatio on joustava ja helppo tapa keskustella hoitovaihtoehdoista asiantuntijan kanssa. Tervetuloa konsultaatioon!","breadcrumb":{"@id":"https:\/\/www.clinichelena.com\/fi\/videokonsultaatio\/#breadcrumb"},"inLanguage":"fi","potentialAction":[{"@type":"ReadAction","target":["https:\/\/www.clinichelena.com\/fi\/videokonsultaatio\/"]}]},{"@type":"BreadcrumbList","@id":"https:\/\/www.clinichelena.com\/fi\/videokonsultaatio\/#breadcrumb","itemListElement":[{"@type":"ListItem","position":1,"name":"Etusivu","item":"https:\/\/www.clinichelena.com\/fi\/"},{"@type":"ListItem","position":2,"name":"Videokonsultaatio"}]},{"@type":"WebSite","@id":"https:\/\/www.clinichelena.com\/fi\/#website","url":"https:\/\/www.clinichelena.com\/fi\/","name":"Clinic Helena","description":"Your Breasts Matter","publisher":{"@id":"https:\/\/www.clinichelena.com\/fi\/#organization"},"potentialAction":[{"@type":"SearchAction","target":{"@type":"EntryPoint","urlTemplate":"https:\/\/www.clinichelena.com\/fi\/?s={search_term_string}"},"query-input":{"@type":"PropertyValueSpecification","valueRequired":true,"valueName":"search_term_string"}}],"inLanguage":"fi"},{"@type":"Organization","@id":"https:\/\/www.clinichelena.com\/fi\/#organization","name":"Klinikka Helena","url":"https:\/\/www.clinichelena.com\/fi\/","logo":{"@type":"ImageObject","inLanguage":"fi","@id":"https:\/\/www.clinichelena.com\/fi\/#\/schema\/logo\/image\/","url":"https:\/\/www.clinichelena.com\/wp-content\/uploads\/2020\/11\/New-logo.png","contentUrl":"https:\/\/www.clinichelena.com\/wp-content\/uploads\/2020\/11\/New-logo.png","width":950,"height":661,"caption":"Klinikka Helena"},"image":{"@id":"https:\/\/www.clinichelena.com\/fi\/#\/schema\/logo\/image\/"}}]}},"taxonomy_info":[],"featured_image_src_large":false,"author_info":{"display_name":"Reeta","author_link":"https:\/\/www.clinichelena.com\/fi\/author\/reeta-luoto\/"},"comment_info":"","uagb_featured_image_src":{"full":false,"thumbnail":false,"medium":false,"medium_large":false,"large":false,"1536x1536":false,"2048x2048":false,"custom-square":false},"uagb_author_info":{"display_name":"Reeta","author_link":"https:\/\/www.clinichelena.com\/fi\/author\/reeta-luoto\/"},"uagb_comment_info":0,"uagb_excerpt":"Videokonsultaatio Et\u00e4vastaanotto l\u00e4\u00e4k\u00e4rin kanssa on joustava ja helppo tapa saada yhteys erikoisl\u00e4\u00e4k\u00e4riin. Clinic Helena tarjoaa nyt mahdollisuutta varata et\u00e4konsultaatio Plastiikkakirurgi Helena Puontin tai sairaanhoitaja P\u00e4ivi Tuomisen kanssa. Videokonsultaation aikana sinun on mahdollista kysy\u00e4 mielt\u00e4si askarruttavat [&hellip;]","_links":{"self":[{"href":"https:\/\/www.clinichelena.com\/fi\/wp-json\/wp\/v2\/pages\/18581","targetHints":{"allow":["GET"]}}],"collection":[{"href":"https:\/\/www.clinichelena.com\/fi\/wp-json\/wp\/v2\/pages"}],"about":[{"href":"https:\/\/www.clinichelena.com\/fi\/wp-json\/wp\/v2\/types\/page"}],"author":[{"embeddable":true,"href":"https:\/\/www.clinichelena.com\/fi\/wp-json\/wp\/v2\/users\/17"}],"replies":[{"embeddable":true,"href":"https:\/\/www.clinichelena.com\/fi\/wp-json\/wp\/v2\/comments?post=18581"}],"version-history":[{"count":5,"href":"https:\/\/www.clinichelena.com\/fi\/wp-json\/wp\/v2\/pages\/18581\/revisions"}],"predecessor-version":[{"id":34882,"href":"https:\/\/www.clinichelena.com\/fi\/wp-json\/wp\/v2\/pages\/18581\/revisions\/34882"}],"wp:attachment":[{"href":"https:\/\/www.clinichelena.com\/fi\/wp-json\/wp\/v2\/media?parent=18581"}],"curies":[{"name":"wp","href":"https:\/\/api.w.org\/{rel}","templated":true}]}}