{"id":17897,"date":"2020-09-09T13:00:04","date_gmt":"2020-09-09T11:00:04","guid":{"rendered":"http:\/\/clinichelena.kinsta.cloud\/?page_id=17897"},"modified":"2026-02-16T13:52:40","modified_gmt":"2026-02-16T11:52:40","slug":"miksi-valitsisit-klinikka-helenan","status":"publish","type":"page","link":"https:\/\/www.clinichelena.com\/fi\/miksi-valitsisit-klinikka-helenan\/","title":{"rendered":"Miksi valita Clinic Helena?"},"content":{"rendered":"\n<h1 class=\"wp-block-heading\">Miksi valitsisit Clinic Helenan?<\/h1>\n\n\n\n<p>Clinic Helena on suomalaista huippulaatua edustava yksityisklinikka, joka tarjoaa eurooppalaisten standardien mukaista ainutlaatuista rintasy\u00f6v\u00e4n hoitoa ja rintarekonstruktioita. Hoidamme rintasy\u00f6p\u00e4si Suomen korkeatasoisilla standardeilla ja menetelmill\u00e4, joilla saamme maailman parhaimmat hoitotulokset: 5 vuotta sairauden toteamisen j\u00e4lkeen rintasy\u00f6p\u00e4potilaista on elossa 91-92% ja 10 vuoden j\u00e4lkeen 86%.<\/p>\n\n\n\n<p>Suomalainen terveydenhuolto on eritt\u00e4in korkealaatuista, maassamme on maailman pienimm\u00e4t infektioluvut (0,03%, OECD 2016). Sy\u00f6p\u00e4kirurgiassa olemme maailmanlaajuisesti mitattuna eritt\u00e4in korkealla ja edell\u00e4 mainitut rintasy\u00f6v\u00e4n eloonj\u00e4\u00e4mislukumme ovat maailman parhaat.<\/p>\n\n\n\n<section class=\"wp-block-uagb-columns uagb-columns__wrap uagb-columns__stack-mobile uagb-columns__valign- uagb-columns__gap-10 align uagb-block-f916024f uagb-columns__columns-2 uagb-columns__max_width-theme\"><div class=\"uagb-columns__overlay\"><\/div><div class=\"uagb-columns__inner-wrap uagb-columns__columns-2\">\n<div class=\"wp-block-uagb-column uagb-column__wrap uagb-column__background-undefined uagb-block-b6f93812\"><div class=\"uagb-column__overlay\"><\/div>\n<figure class=\"wp-block-image size-medium\"><a href=\"https:\/\/www.clinichelena.com\/wp-content\/uploads\/2020\/11\/068-scaled.jpg\"><img loading=\"lazy\" decoding=\"async\" width=\"300\" height=\"200\" src=\"https:\/\/www.clinichelena.com\/wp-content\/uploads\/2020\/11\/068-300x200.jpg\" alt=\"Klinikan henkil\u00f6kunta Olavinlinna taustalla\" class=\"wp-image-18612\" srcset=\"https:\/\/www.clinichelena.com\/wp-content\/uploads\/2020\/11\/068-300x200.jpg 300w, https:\/\/www.clinichelena.com\/wp-content\/uploads\/2020\/11\/068-1024x683.jpg 1024w, https:\/\/www.clinichelena.com\/wp-content\/uploads\/2020\/11\/068-768x512.jpg 768w, https:\/\/www.clinichelena.com\/wp-content\/uploads\/2020\/11\/068-1536x1024.jpg 1536w, https:\/\/www.clinichelena.com\/wp-content\/uploads\/2020\/11\/068-2048x1365.jpg 2048w, https:\/\/www.clinichelena.com\/wp-content\/uploads\/2020\/11\/068-480x320.jpg 480w\" sizes=\"auto, (max-width: 300px) 100vw, 300px\" \/><\/a><\/figure>\n<\/div>\n\n\n\n<div class=\"wp-block-uagb-column uagb-column__wrap uagb-column__background-undefined uagb-block-87baaa8a\"><div class=\"uagb-column__overlay\"><\/div>\n<p>Olemme erityisesti keskittyneet rinnan muotoiluun ja rinnan rekonstruktioon sy\u00f6v\u00e4n j\u00e4lkeen.<\/p>\n\n\n\n<p>Helena Puontin plastiikkakirurgisen osaamisen ansiosta rintasy\u00f6p\u00e4 on mahdollista operoida rintaa s\u00e4\u00e4st\u00e4v\u00e4sti 75% potilaistamme.<\/p>\n<\/div>\n<\/div><\/section>\n\n\n\n<p>J\u00e4ljelle j\u00e4\u00e4v\u00e4lle 25% potilaista, joille sy\u00f6v\u00e4n levinneisyyden vuoksi on edett\u00e4v\u00e4 rinnanpoistoon saakka, tarjoamme rintarekonstruktiota. Parhaan lopullisen tuloksen saavuttamiseksi on t\u00e4rke\u00e4\u00e4, ett\u00e4 rekonstruktiosuunnitelma tehd\u00e4\u00e4n jo sy\u00f6p\u00e4leikkauksen yhteydess\u00e4. Joissakin tapauksissa rekonstruktio on mahdollista suorittaa jo rinnanpoistoleikkauksen aikana.<\/p>\n\n\n\n<p>L\u00e4\u00e4k\u00e4rimme Helena Puonti on kehitt\u00e4nyt <a href=\"https:\/\/www.clinichelena.com\/fi\/tunteva-rinta-ms-tram\/\">\u201dTuntevan rinnan\u201d<\/a> menetelm\u00e4n, jossa rinnan kauniin muodon lis\u00e4ksi siihen tulee my\u00f6s tuntoa.<\/p>\n\n\n\n<p>Olemme <a href=\"https:\/\/www.clinichelena.com\/fi\/kuntoutus\/\">rintasy\u00f6p\u00e4kuntoutuksen<\/a> edell\u00e4k\u00e4vij\u00f6it\u00e4. Teemme ty\u00f6t\u00e4 syd\u00e4mell\u00e4 ja autamme Sinua paranemaan kokonaan vaikeasta sairaudestasi.<\/p>\n\n\n\n<p><br>Hoidamme moderneilla menetelmill\u00e4mme my\u00f6s <a href=\"https:\/\/www.clinichelena.com\/fi\/melanooma\/\">melanoomaa<\/a> ja ihon kaikkia kirurgiaa vaativia sairauksia sek\u00e4 esteettist\u00e4 kirurgiaa.<\/p>\n","protected":false},"excerpt":{"rendered":"<p>Miksi valitsisit Clinic Helenan? Clinic Helena on suomalaista huippulaatua edustava yksityisklinikka, joka tarjoaa eurooppalaisten standardien mukaista ainutlaatuista rintasy\u00f6v\u00e4n hoitoa ja rintarekonstruktioita. Hoidamme rintasy\u00f6p\u00e4si Suomen korkeatasoisilla standardeilla ja menetelmill\u00e4, joilla saamme maailman parhaimmat hoitotulokset: 5 vuotta [&hellip;]<\/p>\n","protected":false},"author":17,"featured_media":0,"parent":0,"menu_order":0,"comment_status":"closed","ping_status":"closed","template":"","meta":{"_uag_custom_page_level_css":"","_kad_blocks_custom_css":"","_kad_blocks_head_custom_js":"","_kad_blocks_body_custom_js":"","_kad_blocks_footer_custom_js":"","site-sidebar-layout":"default","site-content-layout":"default","ast-site-content-layout":"default","site-content-style":"default","site-sidebar-style":"default","ast-global-header-display":"","ast-banner-title-visibility":"","ast-main-header-display":"","ast-hfb-above-header-display":"","ast-hfb-below-header-display":"","ast-hfb-mobile-header-display":"","site-post-title":"disabled","ast-breadcrumbs-content":"","ast-featured-img":"","footer-sml-layout":"","theme-transparent-header-meta":"default","adv-header-id-meta":"","stick-header-meta":"default","header-above-stick-meta":"","header-main-stick-meta":"","header-below-stick-meta":"","astra-migrate-meta-layouts":"set","ast-page-background-enabled":"default","ast-page-background-meta":{"desktop":{"background-color":"","background-image":"","background-repeat":"repeat","background-position":"center center","background-size":"auto","background-attachment":"scroll","background-type":"","background-media":"","overlay-type":"","overlay-color":"","overlay-opacity":"","overlay-gradient":""},"tablet":{"background-color":"","background-image":"","background-repeat":"repeat","background-position":"center center","background-size":"auto","background-attachment":"scroll","background-type":"","background-media":"","overlay-type":"","overlay-color":"","overlay-opacity":"","overlay-gradient":""},"mobile":{"background-color":"","background-image":"","background-repeat":"repeat","background-position":"center center","background-size":"auto","background-attachment":"scroll","background-type":"","background-media":"","overlay-type":"","overlay-color":"","overlay-opacity":"","overlay-gradient":""}},"ast-content-background-meta":{"desktop":{"background-color":"var(--ast-global-color-5)","background-image":"","background-repeat":"repeat","background-position":"center center","background-size":"auto","background-attachment":"scroll","background-type":"","background-media":"","overlay-type":"","overlay-color":"","overlay-opacity":"","overlay-gradient":""},"tablet":{"background-color":"var(--ast-global-color-5)","background-image":"","background-repeat":"repeat","background-position":"center center","background-size":"auto","background-attachment":"scroll","background-type":"","background-media":"","overlay-type":"","overlay-color":"","overlay-opacity":"","overlay-gradient":""},"mobile":{"background-color":"var(--ast-global-color-5)","background-image":"","background-repeat":"repeat","background-position":"center center","background-size":"auto","background-attachment":"scroll","background-type":"","background-media":"","overlay-type":"","overlay-color":"","overlay-opacity":"","overlay-gradient":""}},"footnotes":""},"class_list":["post-17897","page","type-page","status-publish","hentry"],"yoast_head":"<!-- This site is optimized with the Yoast SEO plugin v26.6 - https:\/\/yoast.com\/wordpress\/plugins\/seo\/ -->\n<title>Miksi valita Clinic Helena? - Clinic Helena<\/title>\n<meta name=\"description\" content=\"Clinic Helena on sitoutunut tarjoamaan sinulle laadukasta hoitoa ja asiantuntevaa ohjausta sek\u00e4 yksil\u00f6llisen ja luotettavan hoitopolun. Lue lis\u00e4\u00e4!\" \/>\n<meta name=\"robots\" content=\"index, follow, max-snippet:-1, max-image-preview:large, max-video-preview:-1\" \/>\n<link rel=\"canonical\" href=\"https:\/\/www.clinichelena.com\/fi\/miksi-valitsisit-klinikka-helenan\/\" \/>\n<meta property=\"og:locale\" content=\"fi_FI\" \/>\n<meta property=\"og:type\" content=\"article\" \/>\n<meta property=\"og:title\" content=\"Miksi valita Clinic Helena? - Clinic Helena\" \/>\n<meta property=\"og:description\" content=\"Clinic Helena on sitoutunut tarjoamaan sinulle laadukasta hoitoa ja asiantuntevaa ohjausta sek\u00e4 yksil\u00f6llisen ja luotettavan hoitopolun. Lue lis\u00e4\u00e4!\" \/>\n<meta property=\"og:url\" content=\"https:\/\/www.clinichelena.com\/fi\/miksi-valitsisit-klinikka-helenan\/\" \/>\n<meta property=\"og:site_name\" content=\"Clinic Helena\" \/>\n<meta property=\"article:modified_time\" content=\"2026-02-16T11:52:40+00:00\" \/>\n<meta property=\"og:image\" content=\"https:\/\/www.clinichelena.com\/wp-content\/uploads\/2020\/11\/068-scaled.jpg\" \/>\n\t<meta property=\"og:image:width\" content=\"2560\" \/>\n\t<meta property=\"og:image:height\" content=\"1707\" \/>\n\t<meta property=\"og:image:type\" content=\"image\/jpeg\" \/>\n<meta name=\"twitter:card\" content=\"summary_large_image\" \/>\n<meta name=\"twitter:label1\" content=\"Arvioitu lukuaika\" \/>\n\t<meta name=\"twitter:data1\" content=\"1 minuutti\" \/>\n<script type=\"application\/ld+json\" class=\"yoast-schema-graph\">{\"@context\":\"https:\/\/schema.org\",\"@graph\":[{\"@type\":[\"WebPage\",\"MedicalWebPage\"],\"@id\":\"https:\/\/www.clinichelena.com\/fi\/miksi-valitsisit-klinikka-helenan\/\",\"url\":\"https:\/\/www.clinichelena.com\/fi\/miksi-valitsisit-klinikka-helenan\/\",\"name\":\"Miksi valita Clinic Helena? - Clinic Helena\",\"isPartOf\":{\"@id\":\"https:\/\/www.clinichelena.com\/fi\/#website\"},\"primaryImageOfPage\":{\"@id\":\"https:\/\/www.clinichelena.com\/fi\/miksi-valitsisit-klinikka-helenan\/#primaryimage\"},\"image\":{\"@id\":\"https:\/\/www.clinichelena.com\/fi\/miksi-valitsisit-klinikka-helenan\/#primaryimage\"},\"thumbnailUrl\":\"https:\/\/www.clinichelena.com\/wp-content\/uploads\/2020\/11\/068-300x200.jpg\",\"datePublished\":\"2020-09-09T11:00:04+00:00\",\"dateModified\":\"2026-02-16T11:52:40+00:00\",\"description\":\"Clinic Helena on sitoutunut tarjoamaan sinulle laadukasta hoitoa ja asiantuntevaa ohjausta sek\u00e4 yksil\u00f6llisen ja luotettavan hoitopolun. Lue lis\u00e4\u00e4!\",\"breadcrumb\":{\"@id\":\"https:\/\/www.clinichelena.com\/fi\/miksi-valitsisit-klinikka-helenan\/#breadcrumb\"},\"inLanguage\":\"fi\",\"potentialAction\":[{\"@type\":\"ReadAction\",\"target\":[\"https:\/\/www.clinichelena.com\/fi\/miksi-valitsisit-klinikka-helenan\/\"]}]},{\"@type\":\"ImageObject\",\"inLanguage\":\"fi\",\"@id\":\"https:\/\/www.clinichelena.com\/fi\/miksi-valitsisit-klinikka-helenan\/#primaryimage\",\"url\":\"https:\/\/www.clinichelena.com\/wp-content\/uploads\/2020\/11\/068-300x200.jpg\",\"contentUrl\":\"https:\/\/www.clinichelena.com\/wp-content\/uploads\/2020\/11\/068-300x200.jpg\"},{\"@type\":\"BreadcrumbList\",\"@id\":\"https:\/\/www.clinichelena.com\/fi\/miksi-valitsisit-klinikka-helenan\/#breadcrumb\",\"itemListElement\":[{\"@type\":\"ListItem\",\"position\":1,\"name\":\"Etusivu\",\"item\":\"https:\/\/www.clinichelena.com\/fi\/\"},{\"@type\":\"ListItem\",\"position\":2,\"name\":\"Miksi valita Clinic Helena?\"}]},{\"@type\":\"WebSite\",\"@id\":\"https:\/\/www.clinichelena.com\/fi\/#website\",\"url\":\"https:\/\/www.clinichelena.com\/fi\/\",\"name\":\"Clinic Helena\",\"description\":\"Your Breasts Matter\",\"publisher\":{\"@id\":\"https:\/\/www.clinichelena.com\/fi\/#organization\"},\"potentialAction\":[{\"@type\":\"SearchAction\",\"target\":{\"@type\":\"EntryPoint\",\"urlTemplate\":\"https:\/\/www.clinichelena.com\/fi\/?s={search_term_string}\"},\"query-input\":{\"@type\":\"PropertyValueSpecification\",\"valueRequired\":true,\"valueName\":\"search_term_string\"}}],\"inLanguage\":\"fi\"},{\"@type\":\"Organization\",\"@id\":\"https:\/\/www.clinichelena.com\/fi\/#organization\",\"name\":\"Klinikka Helena\",\"url\":\"https:\/\/www.clinichelena.com\/fi\/\",\"logo\":{\"@type\":\"ImageObject\",\"inLanguage\":\"fi\",\"@id\":\"https:\/\/www.clinichelena.com\/fi\/#\/schema\/logo\/image\/\",\"url\":\"https:\/\/www.clinichelena.com\/wp-content\/uploads\/2020\/11\/New-logo.png\",\"contentUrl\":\"https:\/\/www.clinichelena.com\/wp-content\/uploads\/2020\/11\/New-logo.png\",\"width\":950,\"height\":661,\"caption\":\"Klinikka Helena\"},\"image\":{\"@id\":\"https:\/\/www.clinichelena.com\/fi\/#\/schema\/logo\/image\/\"}}]}<\/script>\n<!-- \/ Yoast SEO plugin. -->","yoast_head_json":{"title":"Miksi valita Clinic Helena? - Clinic Helena","description":"Clinic Helena on sitoutunut tarjoamaan sinulle laadukasta hoitoa ja asiantuntevaa ohjausta sek\u00e4 yksil\u00f6llisen ja luotettavan hoitopolun. Lue lis\u00e4\u00e4!","robots":{"index":"index","follow":"follow","max-snippet":"max-snippet:-1","max-image-preview":"max-image-preview:large","max-video-preview":"max-video-preview:-1"},"canonical":"https:\/\/www.clinichelena.com\/fi\/miksi-valitsisit-klinikka-helenan\/","og_locale":"fi_FI","og_type":"article","og_title":"Miksi valita Clinic Helena? - Clinic Helena","og_description":"Clinic Helena on sitoutunut tarjoamaan sinulle laadukasta hoitoa ja asiantuntevaa ohjausta sek\u00e4 yksil\u00f6llisen ja luotettavan hoitopolun. Lue lis\u00e4\u00e4!","og_url":"https:\/\/www.clinichelena.com\/fi\/miksi-valitsisit-klinikka-helenan\/","og_site_name":"Clinic Helena","article_modified_time":"2026-02-16T11:52:40+00:00","og_image":[{"width":2560,"height":1707,"url":"https:\/\/www.clinichelena.com\/wp-content\/uploads\/2020\/11\/068-scaled.jpg","type":"image\/jpeg"}],"twitter_card":"summary_large_image","twitter_misc":{"Arvioitu lukuaika":"1 minuutti"},"schema":{"@context":"https:\/\/schema.org","@graph":[{"@type":["WebPage","MedicalWebPage"],"@id":"https:\/\/www.clinichelena.com\/fi\/miksi-valitsisit-klinikka-helenan\/","url":"https:\/\/www.clinichelena.com\/fi\/miksi-valitsisit-klinikka-helenan\/","name":"Miksi valita Clinic Helena? - Clinic Helena","isPartOf":{"@id":"https:\/\/www.clinichelena.com\/fi\/#website"},"primaryImageOfPage":{"@id":"https:\/\/www.clinichelena.com\/fi\/miksi-valitsisit-klinikka-helenan\/#primaryimage"},"image":{"@id":"https:\/\/www.clinichelena.com\/fi\/miksi-valitsisit-klinikka-helenan\/#primaryimage"},"thumbnailUrl":"https:\/\/www.clinichelena.com\/wp-content\/uploads\/2020\/11\/068-300x200.jpg","datePublished":"2020-09-09T11:00:04+00:00","dateModified":"2026-02-16T11:52:40+00:00","description":"Clinic Helena on sitoutunut tarjoamaan sinulle laadukasta hoitoa ja asiantuntevaa ohjausta sek\u00e4 yksil\u00f6llisen ja luotettavan hoitopolun. Lue lis\u00e4\u00e4!","breadcrumb":{"@id":"https:\/\/www.clinichelena.com\/fi\/miksi-valitsisit-klinikka-helenan\/#breadcrumb"},"inLanguage":"fi","potentialAction":[{"@type":"ReadAction","target":["https:\/\/www.clinichelena.com\/fi\/miksi-valitsisit-klinikka-helenan\/"]}]},{"@type":"ImageObject","inLanguage":"fi","@id":"https:\/\/www.clinichelena.com\/fi\/miksi-valitsisit-klinikka-helenan\/#primaryimage","url":"https:\/\/www.clinichelena.com\/wp-content\/uploads\/2020\/11\/068-300x200.jpg","contentUrl":"https:\/\/www.clinichelena.com\/wp-content\/uploads\/2020\/11\/068-300x200.jpg"},{"@type":"BreadcrumbList","@id":"https:\/\/www.clinichelena.com\/fi\/miksi-valitsisit-klinikka-helenan\/#breadcrumb","itemListElement":[{"@type":"ListItem","position":1,"name":"Etusivu","item":"https:\/\/www.clinichelena.com\/fi\/"},{"@type":"ListItem","position":2,"name":"Miksi valita Clinic Helena?"}]},{"@type":"WebSite","@id":"https:\/\/www.clinichelena.com\/fi\/#website","url":"https:\/\/www.clinichelena.com\/fi\/","name":"Clinic Helena","description":"Your Breasts Matter","publisher":{"@id":"https:\/\/www.clinichelena.com\/fi\/#organization"},"potentialAction":[{"@type":"SearchAction","target":{"@type":"EntryPoint","urlTemplate":"https:\/\/www.clinichelena.com\/fi\/?s={search_term_string}"},"query-input":{"@type":"PropertyValueSpecification","valueRequired":true,"valueName":"search_term_string"}}],"inLanguage":"fi"},{"@type":"Organization","@id":"https:\/\/www.clinichelena.com\/fi\/#organization","name":"Klinikka Helena","url":"https:\/\/www.clinichelena.com\/fi\/","logo":{"@type":"ImageObject","inLanguage":"fi","@id":"https:\/\/www.clinichelena.com\/fi\/#\/schema\/logo\/image\/","url":"https:\/\/www.clinichelena.com\/wp-content\/uploads\/2020\/11\/New-logo.png","contentUrl":"https:\/\/www.clinichelena.com\/wp-content\/uploads\/2020\/11\/New-logo.png","width":950,"height":661,"caption":"Klinikka Helena"},"image":{"@id":"https:\/\/www.clinichelena.com\/fi\/#\/schema\/logo\/image\/"}}]}},"taxonomy_info":[],"featured_image_src_large":false,"author_info":{"display_name":"Reeta","author_link":"https:\/\/www.clinichelena.com\/fi\/author\/reeta-luoto\/"},"comment_info":"","uagb_featured_image_src":{"full":false,"thumbnail":false,"medium":false,"medium_large":false,"large":false,"1536x1536":false,"2048x2048":false,"custom-square":false},"uagb_author_info":{"display_name":"Reeta","author_link":"https:\/\/www.clinichelena.com\/fi\/author\/reeta-luoto\/"},"uagb_comment_info":0,"uagb_excerpt":"Miksi valitsisit Clinic Helenan? Clinic Helena on suomalaista huippulaatua edustava yksityisklinikka, joka tarjoaa eurooppalaisten standardien mukaista ainutlaatuista rintasy\u00f6v\u00e4n hoitoa ja rintarekonstruktioita. Hoidamme rintasy\u00f6p\u00e4si Suomen korkeatasoisilla standardeilla ja menetelmill\u00e4, joilla saamme maailman parhaimmat hoitotulokset: 5 vuotta [&hellip;]","_links":{"self":[{"href":"https:\/\/www.clinichelena.com\/fi\/wp-json\/wp\/v2\/pages\/17897","targetHints":{"allow":["GET"]}}],"collection":[{"href":"https:\/\/www.clinichelena.com\/fi\/wp-json\/wp\/v2\/pages"}],"about":[{"href":"https:\/\/www.clinichelena.com\/fi\/wp-json\/wp\/v2\/types\/page"}],"author":[{"embeddable":true,"href":"https:\/\/www.clinichelena.com\/fi\/wp-json\/wp\/v2\/users\/17"}],"replies":[{"embeddable":true,"href":"https:\/\/www.clinichelena.com\/fi\/wp-json\/wp\/v2\/comments?post=17897"}],"version-history":[{"count":15,"href":"https:\/\/www.clinichelena.com\/fi\/wp-json\/wp\/v2\/pages\/17897\/revisions"}],"predecessor-version":[{"id":34885,"href":"https:\/\/www.clinichelena.com\/fi\/wp-json\/wp\/v2\/pages\/17897\/revisions\/34885"}],"wp:attachment":[{"href":"https:\/\/www.clinichelena.com\/fi\/wp-json\/wp\/v2\/media?parent=17897"}],"curies":[{"name":"wp","href":"https:\/\/api.w.org\/{rel}","templated":true}]}}