{"id":16891,"date":"2020-08-02T16:37:14","date_gmt":"2020-08-02T12:37:14","guid":{"rendered":"http:\/\/clinichelena.kinsta.cloud\/diagnostics\/"},"modified":"2024-12-09T13:10:51","modified_gmt":"2024-12-09T11:10:51","slug":"diagnostiikka","status":"publish","type":"page","link":"https:\/\/www.clinichelena.com\/fi\/diagnostiikka\/","title":{"rendered":"Diagnostiikka"},"content":{"rendered":"\n<h1 class=\"wp-block-heading\">Diagnostiikka<\/h1>\n\n\n\n<p class=\"ingressi\">Kaikki ep\u00e4selv\u00e4t rintaoireet tulee tutkia. Rintasy\u00f6v\u00e4n&nbsp;toteamiseen k\u00e4ytett\u00e4vi\u00e4 menetelmi\u00e4 ovat l\u00e4\u00e4k\u00e4rin vastaanotolla suorittama rintojen palpointi eli tunnustelu ja kuvantamistutkimukset, kuten mammografia ja ultra\u00e4\u00e4nitutkimus sek\u00e4 neulabiopsia eli neulan\u00e4yte. Diagnostiikassa rinnassa olevan muutoksen koko, sijainti sek\u00e4 kudosn\u00e4ytteen analyysi vaikuttavat kirurgisen hoidon valintaan. My\u00f6s vastakkaisen, \u201dterveen\u201d rinnan tutkiminen on t\u00e4rke\u00e4t\u00e4.<\/p>\n\n\n\n<div class=\"wp-block-buttons is-layout-flex wp-block-buttons-is-layout-flex\">\n<div class=\"wp-block-button\"><a class=\"wp-block-button__link wp-element-button\" href=\"https:\/\/www.clinichelena.com\/fi\/ajanvaraus\/\">Varaa aika<\/a><\/div>\n<\/div>\n\n\n\n<div style=\"height:40px\" aria-hidden=\"true\" class=\"wp-block-spacer\"><\/div>\n\n\n\n<h3 class=\"wp-block-heading\">Miten rintasy\u00f6p\u00e4 diagnosoidaan?<\/h3>\n\n\n\n<p>Diagnostiikka perustuu kolmoistutkimukseen, jossa l\u00e4\u00e4k\u00e4rin kliininen rintatutkimus yhdistyy kuvantamistutkimuksiin sek\u00e4 tarvitaessa kudon\u00e4ytteiden ottoon. T\u00e4m\u00e4 menetelm\u00e4 tarjoaa kattavan ja luotettavan perustan mahdollisten muutosten tunnistamiseksi ja varmistaa, ett\u00e4 diagnoosi on madollisimman varma.  <\/p>\n\n\n\n<h3 class=\"wp-block-heading has-medium-font-size\">Tutkimuksen kulku:<\/h3>\n\n\n\n<ul class=\"wp-block-list ingressi\">\n<li>erikoisl\u00e4\u00e4k\u00e4ri tutkii rinnat palpoiden eli tunnustellen<\/li>\n\n\n\n<li>radiologi tekee kuvantamistutkimukset eli mammografian ja ultra\u00e4\u00e4nitutkimuksen<\/li>\n\n\n\n<li>ep\u00e4selvist\u00e4 muutoksista otetaan neulan\u00e4yte<\/li>\n\n\n\n<li>tarvittaessa tehd\u00e4\u00e4n rinnan magneettitutkimus<\/li>\n<\/ul>\n\n\n\n<section class=\"wp-block-uagb-section uagb-section__wrap uagb-section__background-color uagb-block-e72ad66f\"><div class=\"uagb-section__overlay\"><\/div><div class=\"uagb-section__inner-wrap\">\n<h2 class=\"wp-block-heading\">Nopeasti tutkimuksiin ja hoitoon <\/h2>\n\n\n\n<p>Jos sinulla on jo todettu rintasy\u00f6p\u00e4 tai ep\u00e4ilet sit\u00e4 <a href=\"https:\/\/www.clinichelena.com\/fi\/rintasyovan-oireet\/\">oireiden perusteella<\/a>, p\u00e4\u00e4set Helena Puontin vastaanotolle nopeasti ja ilman l\u00e4hetett\u00e4. <\/p>\n\n\n\n<h4 class=\"wp-block-heading\">Miksi valita Clinic Helena:<\/h4>\n\n\n\n<ul class=\"wp-block-list\">\n<li>Vuosikymmenten kokemus rintakirurgiasta ja rintasy\u00f6p\u00e4hoidoista.<\/li>\n\n\n\n<li>Helena Puontin ainutlaatuinen Tunteva rinta -menetelm\u00e4 saatavissa vain meill\u00e4.<\/li>\n\n\n\n<li>Teemme ty\u00f6t\u00e4 syd\u00e4mell\u00e4 ja kuljemme rinnallasi hoitopolun alusta loppuun saakka.<\/li>\n<\/ul>\n\n\n\n<div class=\"wp-block-uagb-buttons uagb-buttons__outer-wrap uagb-btn__default-btn uagb-btn-tablet__default-btn uagb-btn-mobile__default-btn uagb-block-bc89627d\"><div class=\"uagb-buttons__wrap uagb-buttons-layout-wrap \">\n<div class=\"wp-block-uagb-buttons-child uagb-buttons__outer-wrap uagb-block-6d02fe3f wp-block-button\"><div class=\"uagb-button__wrapper\"><a class=\"uagb-buttons-repeater wp-block-button__link\" aria-label=\"\" href=\"https:\/\/www.clinichelena.com\/fi\/yhteystiedot\/\" rel=\"follow noopener\" target=\"_self\" role=\"button\"><div class=\"uagb-button__link\">Ota yhteytt\u00e4<\/div><\/a><\/div><\/div>\n\n\n\n<div class=\"wp-block-uagb-buttons-child uagb-buttons__outer-wrap uagb-block-2a73bef6 wp-block-button\"><div class=\"uagb-button__wrapper\"><a class=\"uagb-buttons-repeater wp-block-button__link\" aria-label=\"\" href=\"tel:+358442378021\" rel=\"follow noopener\" target=\"_self\" role=\"button\"><div class=\"uagb-button__link\">050 570 8720 <\/div><\/a><\/div><\/div>\n<\/div><\/div>\n<\/div><\/section>\n\n\n\n<h2 class=\"wp-block-heading\">Mammografia<\/h2>\n\n\n\n<p>Mammografia eli rintojen r\u00f6ntgenkuvaus on yleens\u00e4 ensimm\u00e4inen menetelm\u00e4 rintasy\u00f6v\u00e4n toteamisessa.  Mammografian avulla voidaan todeta rinnan sis\u00e4iset muutokset, kuten alkavat kasvaimet ja kudosmuutokset jo rintasy\u00f6v\u00e4n varhaisessa vaiheessa.<\/p>\n\n\n\n<h2 class=\"wp-block-heading\">Rinnan ultra\u00e4\u00e4nitutkimus<\/h2>\n\n\n\n<p>Rintojen ultra\u00e4\u00e4nitutkimus on mammografiaa t\u00e4ydent\u00e4v\u00e4 menetelm\u00e4. Ultra\u00e4\u00e4nitutkimus on nopea ja helppo toimenpide eik\u00e4 se aiheuta s\u00e4teily\u00e4. Tutkimuksessa radiologian erikoisl\u00e4\u00e4k\u00e4ri kuvaa rinnat ja kainalot ultra\u00e4\u00e4niavusteisesti. Ultra\u00e4\u00e4nitutkimuksen yhteydess\u00e4 on my\u00f6s mahdollista ottaa ep\u00e4ilytt\u00e4vist\u00e4 muutoksista n\u00e4ytteit\u00e4.<\/p>\n\n\n\n<h2 class=\"wp-block-heading\">Neulan\u00e4yte eli neulabiopsia<\/h2>\n\n\n\n<p>Ep\u00e4ilytt\u00e4v\u00e4st\u00e4 muutoksesta otetaan kudosn\u00e4yte neulabiopsialla. N\u00e4ytteen otossa k\u00e4ytet\u00e4\u00e4n apuna ultra\u00e4\u00e4ni- tai mammografiaohjausta. Tarvittaessa n\u00e4yte otetaan stereotaktisesti mammografia- tai MRI-ohjauksessa neulabiopsialla tai tyhji\u00f6imulla (vakuumi-aspiratiobiopsia).<\/p>\n\n\n\n<h2 class=\"wp-block-heading\">Rintojen magneettikuvaus<\/h2>\n\n\n\n<p>Jos rintamuutoksen kokoa tai sijaintia on vaikea m\u00e4\u00e4ritell\u00e4 mammografian tai ultra\u00e4\u00e4nitutkimuksen perusteella, tehd\u00e4\u00e4n rinnan magneettimammografia (MRI). MRI tehd\u00e4\u00e4n my\u00f6s, jos kudosn\u00e4ytteen analyysiss\u00e4 l\u00f6ytyy lobulaarinen sy\u00f6p\u00e4tyyppi. Se n\u00e4kyy yleens\u00e4 huonosti perusmammografiassa. Radiologian erikoisl\u00e4\u00e4k\u00e4ri tutkii rintojen magneettikuvat ja antaa niist\u00e4 lausunnon. <\/p>\n\n\n\n<section class=\"wp-block-uagb-columns uagb-columns__wrap uagb-columns__background-none uagb-columns__stack-none uagb-columns__valign- uagb-columns__gap-10 align uagb-block-3f2ad738 uagb-columns__columns-3 uagb-columns__max_width-theme\"><div class=\"uagb-columns__overlay\"><\/div><div class=\"uagb-columns__inner-wrap uagb-columns__columns-3\">\n<div class=\"wp-block-uagb-column uagb-column__wrap uagb-column__background-undefined uagb-block-98953e7c\"><div class=\"uagb-column__overlay\"><\/div>\n<figure class=\"wp-block-image size-custom-square\"><a href=\"https:\/\/www.clinichelena.com\/wp-content\/uploads\/2024\/09\/IMG_1803-scaled.jpg\"><img loading=\"lazy\" decoding=\"async\" width=\"300\" height=\"300\" src=\"https:\/\/www.clinichelena.com\/wp-content\/uploads\/2024\/09\/IMG_1803-300x300.jpg\" alt=\"Helen Puonti keskustelee potilaan kanssa hoitovaihtoehdoista p\u00f6yd\u00e4n \u00e4\u00e4ress\u00e4\" class=\"wp-image-32384\" srcset=\"https:\/\/www.clinichelena.com\/wp-content\/uploads\/2024\/09\/IMG_1803-300x300.jpg 300w, https:\/\/www.clinichelena.com\/wp-content\/uploads\/2024\/09\/IMG_1803-150x150.jpg 150w\" sizes=\"auto, (max-width: 300px) 100vw, 300px\" \/><\/a><\/figure>\n<\/div>\n\n\n\n<div class=\"wp-block-uagb-column uagb-column__wrap uagb-column__background-undefined uagb-block-7cece3f9\"><div class=\"uagb-column__overlay\"><\/div>\n<figure class=\"wp-block-image size-custom-square\"><a href=\"https:\/\/www.clinichelena.com\/wp-content\/uploads\/2020\/09\/Breast-ultrasound-scaled.jpg\"><img loading=\"lazy\" decoding=\"async\" width=\"300\" height=\"300\" src=\"https:\/\/www.clinichelena.com\/wp-content\/uploads\/2020\/09\/Breast-ultrasound-300x300.jpg\" alt=\"Rinnan ultra\u00e4\u00e4nikuvaus\" class=\"wp-image-17916\" srcset=\"https:\/\/www.clinichelena.com\/wp-content\/uploads\/2020\/09\/Breast-ultrasound-300x300.jpg 300w, https:\/\/www.clinichelena.com\/wp-content\/uploads\/2020\/09\/Breast-ultrasound-150x150.jpg 150w, https:\/\/www.clinichelena.com\/wp-content\/uploads\/2020\/09\/Breast-ultrasound-520x520.jpg 520w, https:\/\/www.clinichelena.com\/wp-content\/uploads\/2020\/09\/Breast-ultrasound-255x255.jpg 255w\" sizes=\"auto, (max-width: 300px) 100vw, 300px\" \/><\/a><\/figure>\n<\/div>\n\n\n\n<div class=\"wp-block-uagb-column uagb-column__wrap uagb-column__background-undefined uagb-block-01e7479f\"><div class=\"uagb-column__overlay\"><\/div>\n<figure class=\"wp-block-image size-custom-square\"><a href=\"https:\/\/www.clinichelena.com\/wp-content\/uploads\/2020\/09\/Mammography-scaled.jpg\"><img loading=\"lazy\" decoding=\"async\" width=\"300\" height=\"300\" src=\"https:\/\/www.clinichelena.com\/wp-content\/uploads\/2020\/09\/Mammography-300x300.jpg\" alt=\"Mammografia\" class=\"wp-image-17919\" srcset=\"https:\/\/www.clinichelena.com\/wp-content\/uploads\/2020\/09\/Mammography-300x300.jpg 300w, https:\/\/www.clinichelena.com\/wp-content\/uploads\/2020\/09\/Mammography-150x150.jpg 150w, https:\/\/www.clinichelena.com\/wp-content\/uploads\/2020\/09\/Mammography-520x520.jpg 520w, https:\/\/www.clinichelena.com\/wp-content\/uploads\/2020\/09\/Mammography-255x255.jpg 255w\" sizes=\"auto, (max-width: 300px) 100vw, 300px\" \/><\/a><\/figure>\n<\/div>\n<\/div><\/section>\n\n\n<style>.wp-block-kadence-advancedheading.kt-adv-heading16891_ac2d12-ac, .wp-block-kadence-advancedheading.kt-adv-heading16891_ac2d12-ac[data-kb-block=\"kb-adv-heading16891_ac2d12-ac\"]{padding-top:var(--global-kb-spacing-md, 2rem);font-style:normal;}.wp-block-kadence-advancedheading.kt-adv-heading16891_ac2d12-ac mark.kt-highlight, .wp-block-kadence-advancedheading.kt-adv-heading16891_ac2d12-ac[data-kb-block=\"kb-adv-heading16891_ac2d12-ac\"] mark.kt-highlight{font-style:normal;color:#f76a0c;-webkit-box-decoration-break:clone;box-decoration-break:clone;padding-top:0px;padding-right:0px;padding-bottom:0px;padding-left:0px;}<\/style>\n<h2 class=\"kt-adv-heading16891_ac2d12-ac wp-block-kadence-advancedheading\" data-kb-block=\"kb-adv-heading16891_ac2d12-ac\">Mit\u00e4 tapahtuu rintasy\u00f6p\u00e4diagnoosin j\u00e4lkeen? <\/h2>\n\n\n\n<p>Diagnoosin vahvistuttua luodaan tarkasti suunniteltu ja yksil\u00f6llisesti r\u00e4\u00e4t\u00e4l\u00f6ity hoitosuunnitelma moniammatillisessa tiimiss\u00e4, jossa yhdistyv\u00e4t syv\u00e4llinen asiantuntemus ja potilaan tarpeet. Tiimi\u00e4 johtaa rintasy\u00f6p\u00e4kirurgiaan erikoistunut Helena Puonti, joka yhdess\u00e4 sy\u00f6p\u00e4tautien asiantuntijoiden ja kuvantamisen ammattilaisten kanssa suunnittelee hoitopolun sy\u00f6v\u00e4n erityispiirteet huomioiden.<\/p>\n\n\n\n<p>Hoitosuunnitelman perustana ovat tarkat diagnostiset tutkimukset, kuten kuvantamistutkimukset ja patologiset analyysit, jotka m\u00e4\u00e4ritt\u00e4v\u00e4t kasvaimen tyypin ja laajuuden. Potilaan hyvinvointi ja yksil\u00f6lliset toiveet otetaan huomioon jokaisessa hoidon vaiheessa. Tavoitteena on aina kokonaisvaltainen, laadukas ja tehokas hoito. Lis\u00e4ksi potilaalle tarjotaan jatkuvaa tukea hoitoprosessin ajan, mik\u00e4 auttaa sek\u00e4 fyysisess\u00e4 ett\u00e4 henkisess\u00e4 toipumisessa<\/p>\n\n\n\n<p><\/p>\n\n\n<style>.wp-block-kadence-advancedheading.kt-adv-heading16891_587646-a9, .wp-block-kadence-advancedheading.kt-adv-heading16891_587646-a9[data-kb-block=\"kb-adv-heading16891_587646-a9\"]{margin-bottom:var(--global-kb-spacing-md, 2rem);font-style:normal;}.wp-block-kadence-advancedheading.kt-adv-heading16891_587646-a9 mark.kt-highlight, .wp-block-kadence-advancedheading.kt-adv-heading16891_587646-a9[data-kb-block=\"kb-adv-heading16891_587646-a9\"] mark.kt-highlight{font-style:normal;color:#f76a0c;-webkit-box-decoration-break:clone;box-decoration-break:clone;padding-top:0px;padding-right:0px;padding-bottom:0px;padding-left:0px;}<\/style>\n<p class=\"kt-adv-heading16891_587646-a9 wp-block-kadence-advancedheading\" data-kb-block=\"kb-adv-heading16891_587646-a9\"><a href=\"https:\/\/www.clinichelena.com\/fi\/rintasyopakirurgia\/\">Lue lis\u00e4\u00e4 rintasy\u00f6p\u00e4leikkauksesta<\/a><\/p>\n\n\n\n<p><\/p>\n","protected":false},"excerpt":{"rendered":"<p>Diagnostiikka Kaikki ep\u00e4selv\u00e4t rintaoireet tulee tutkia. Rintasy\u00f6v\u00e4n&nbsp;toteamiseen k\u00e4ytett\u00e4vi\u00e4 menetelmi\u00e4 ovat l\u00e4\u00e4k\u00e4rin vastaanotolla suorittama rintojen palpointi eli tunnustelu ja kuvantamistutkimukset, kuten mammografia ja ultra\u00e4\u00e4nitutkimus sek\u00e4 neulabiopsia eli neulan\u00e4yte. Diagnostiikassa rinnassa olevan muutoksen koko, sijainti sek\u00e4 kudosn\u00e4ytteen [&hellip;]<\/p>\n","protected":false},"author":17,"featured_media":32596,"parent":0,"menu_order":0,"comment_status":"closed","ping_status":"closed","template":"","meta":{"_uag_custom_page_level_css":"","_kad_blocks_custom_css":"","_kad_blocks_head_custom_js":"","_kad_blocks_body_custom_js":"","_kad_blocks_footer_custom_js":"","site-sidebar-layout":"left-sidebar","site-content-layout":"default","ast-site-content-layout":"default","site-content-style":"default","site-sidebar-style":"default","ast-global-header-display":"","ast-banner-title-visibility":"","ast-main-header-display":"","ast-hfb-above-header-display":"","ast-hfb-below-header-display":"","ast-hfb-mobile-header-display":"","site-post-title":"disabled","ast-breadcrumbs-content":"","ast-featured-img":"","footer-sml-layout":"","theme-transparent-header-meta":"default","adv-header-id-meta":"","stick-header-meta":"default","header-above-stick-meta":"","header-main-stick-meta":"","header-below-stick-meta":"","astra-migrate-meta-layouts":"set","ast-page-background-enabled":"default","ast-page-background-meta":{"desktop":{"background-color":"","background-image":"","background-repeat":"repeat","background-position":"center center","background-size":"auto","background-attachment":"scroll","background-type":"","background-media":"","overlay-type":"","overlay-color":"","overlay-opacity":"","overlay-gradient":""},"tablet":{"background-color":"","background-image":"","background-repeat":"repeat","background-position":"center center","background-size":"auto","background-attachment":"scroll","background-type":"","background-media":"","overlay-type":"","overlay-color":"","overlay-opacity":"","overlay-gradient":""},"mobile":{"background-color":"","background-image":"","background-repeat":"repeat","background-position":"center center","background-size":"auto","background-attachment":"scroll","background-type":"","background-media":"","overlay-type":"","overlay-color":"","overlay-opacity":"","overlay-gradient":""}},"ast-content-background-meta":{"desktop":{"background-color":"var(--ast-global-color-5)","background-image":"","background-repeat":"repeat","background-position":"center center","background-size":"auto","background-attachment":"scroll","background-type":"","background-media":"","overlay-type":"","overlay-color":"","overlay-opacity":"","overlay-gradient":""},"tablet":{"background-color":"var(--ast-global-color-5)","background-image":"","background-repeat":"repeat","background-position":"center center","background-size":"auto","background-attachment":"scroll","background-type":"","background-media":"","overlay-type":"","overlay-color":"","overlay-opacity":"","overlay-gradient":""},"mobile":{"background-color":"var(--ast-global-color-5)","background-image":"","background-repeat":"repeat","background-position":"center center","background-size":"auto","background-attachment":"scroll","background-type":"","background-media":"","overlay-type":"","overlay-color":"","overlay-opacity":"","overlay-gradient":""}},"footnotes":""},"class_list":["post-16891","page","type-page","status-publish","has-post-thumbnail","hentry"],"yoast_head":"<!-- This site is optimized with the Yoast SEO plugin v26.6 - https:\/\/yoast.com\/wordpress\/plugins\/seo\/ -->\n<title>Diagnostiikka - Clinic Helena<\/title>\n<meta name=\"description\" content=\"Tutustu rintasy\u00f6v\u00e4n diagnostiikan t\u00e4rkeisiin vaiheisiin ja edistyksellisiin tekniikoihin. Lue, miten varhainen diagnoosi auttaa hoidon suunnittelussa ja parantaa ennustetta.\" \/>\n<meta name=\"robots\" content=\"index, follow, max-snippet:-1, max-image-preview:large, max-video-preview:-1\" \/>\n<link rel=\"canonical\" href=\"https:\/\/www.clinichelena.com\/fi\/diagnostiikka\/\" \/>\n<meta property=\"og:locale\" content=\"fi_FI\" \/>\n<meta property=\"og:type\" content=\"article\" \/>\n<meta property=\"og:title\" content=\"Diagnostiikka - Clinic Helena\" \/>\n<meta property=\"og:description\" content=\"Tutustu rintasy\u00f6v\u00e4n diagnostiikan t\u00e4rkeisiin vaiheisiin ja edistyksellisiin tekniikoihin. Lue, miten varhainen diagnoosi auttaa hoidon suunnittelussa ja parantaa ennustetta.\" \/>\n<meta property=\"og:url\" content=\"https:\/\/www.clinichelena.com\/fi\/diagnostiikka\/\" \/>\n<meta property=\"og:site_name\" content=\"Clinic Helena\" \/>\n<meta property=\"article:modified_time\" content=\"2024-12-09T11:10:51+00:00\" \/>\n<meta property=\"og:image\" content=\"https:\/\/www.clinichelena.com\/wp-content\/uploads\/2024\/12\/Nimeton-malli-1.jpg\" \/>\n\t<meta property=\"og:image:width\" content=\"1025\" \/>\n\t<meta property=\"og:image:height\" content=\"576\" \/>\n\t<meta property=\"og:image:type\" content=\"image\/jpeg\" \/>\n<meta name=\"twitter:card\" content=\"summary_large_image\" \/>\n<meta name=\"twitter:label1\" content=\"Arvioitu lukuaika\" \/>\n\t<meta name=\"twitter:data1\" content=\"3 minuuttia\" \/>\n<script type=\"application\/ld+json\" class=\"yoast-schema-graph\">{\"@context\":\"https:\/\/schema.org\",\"@graph\":[{\"@type\":[\"WebPage\",\"MedicalWebPage\"],\"@id\":\"https:\/\/www.clinichelena.com\/fi\/diagnostiikka\/\",\"url\":\"https:\/\/www.clinichelena.com\/fi\/diagnostiikka\/\",\"name\":\"Diagnostiikka - Clinic Helena\",\"isPartOf\":{\"@id\":\"https:\/\/www.clinichelena.com\/fi\/#website\"},\"primaryImageOfPage\":{\"@id\":\"https:\/\/www.clinichelena.com\/fi\/diagnostiikka\/#primaryimage\"},\"image\":{\"@id\":\"https:\/\/www.clinichelena.com\/fi\/diagnostiikka\/#primaryimage\"},\"thumbnailUrl\":\"https:\/\/www.clinichelena.com\/wp-content\/uploads\/2024\/12\/Nimeton-malli-1.jpg\",\"datePublished\":\"2020-08-02T12:37:14+00:00\",\"dateModified\":\"2024-12-09T11:10:51+00:00\",\"description\":\"Tutustu rintasy\u00f6v\u00e4n diagnostiikan t\u00e4rkeisiin vaiheisiin ja edistyksellisiin tekniikoihin. Lue, miten varhainen diagnoosi auttaa hoidon suunnittelussa ja parantaa ennustetta.\",\"breadcrumb\":{\"@id\":\"https:\/\/www.clinichelena.com\/fi\/diagnostiikka\/#breadcrumb\"},\"inLanguage\":\"fi\",\"potentialAction\":[{\"@type\":\"ReadAction\",\"target\":[\"https:\/\/www.clinichelena.com\/fi\/diagnostiikka\/\"]}]},{\"@type\":\"ImageObject\",\"inLanguage\":\"fi\",\"@id\":\"https:\/\/www.clinichelena.com\/fi\/diagnostiikka\/#primaryimage\",\"url\":\"https:\/\/www.clinichelena.com\/wp-content\/uploads\/2024\/12\/Nimeton-malli-1.jpg\",\"contentUrl\":\"https:\/\/www.clinichelena.com\/wp-content\/uploads\/2024\/12\/Nimeton-malli-1.jpg\",\"width\":1025,\"height\":576,\"caption\":\"Tutkimustulosten tarkkka analysoiminen on diagnostiikan perusta.\"},{\"@type\":\"BreadcrumbList\",\"@id\":\"https:\/\/www.clinichelena.com\/fi\/diagnostiikka\/#breadcrumb\",\"itemListElement\":[{\"@type\":\"ListItem\",\"position\":1,\"name\":\"Etusivu\",\"item\":\"https:\/\/www.clinichelena.com\/fi\/\"},{\"@type\":\"ListItem\",\"position\":2,\"name\":\"Diagnostiikka\"}]},{\"@type\":\"WebSite\",\"@id\":\"https:\/\/www.clinichelena.com\/fi\/#website\",\"url\":\"https:\/\/www.clinichelena.com\/fi\/\",\"name\":\"Clinic Helena\",\"description\":\"Your Breasts Matter\",\"publisher\":{\"@id\":\"https:\/\/www.clinichelena.com\/fi\/#organization\"},\"potentialAction\":[{\"@type\":\"SearchAction\",\"target\":{\"@type\":\"EntryPoint\",\"urlTemplate\":\"https:\/\/www.clinichelena.com\/fi\/?s={search_term_string}\"},\"query-input\":{\"@type\":\"PropertyValueSpecification\",\"valueRequired\":true,\"valueName\":\"search_term_string\"}}],\"inLanguage\":\"fi\"},{\"@type\":\"Organization\",\"@id\":\"https:\/\/www.clinichelena.com\/fi\/#organization\",\"name\":\"Klinikka Helena\",\"url\":\"https:\/\/www.clinichelena.com\/fi\/\",\"logo\":{\"@type\":\"ImageObject\",\"inLanguage\":\"fi\",\"@id\":\"https:\/\/www.clinichelena.com\/fi\/#\/schema\/logo\/image\/\",\"url\":\"https:\/\/www.clinichelena.com\/wp-content\/uploads\/2020\/11\/New-logo.png\",\"contentUrl\":\"https:\/\/www.clinichelena.com\/wp-content\/uploads\/2020\/11\/New-logo.png\",\"width\":950,\"height\":661,\"caption\":\"Klinikka Helena\"},\"image\":{\"@id\":\"https:\/\/www.clinichelena.com\/fi\/#\/schema\/logo\/image\/\"}}]}<\/script>\n<!-- \/ Yoast SEO plugin. -->","yoast_head_json":{"title":"Diagnostiikka - Clinic Helena","description":"Tutustu rintasy\u00f6v\u00e4n diagnostiikan t\u00e4rkeisiin vaiheisiin ja edistyksellisiin tekniikoihin. Lue, miten varhainen diagnoosi auttaa hoidon suunnittelussa ja parantaa ennustetta.","robots":{"index":"index","follow":"follow","max-snippet":"max-snippet:-1","max-image-preview":"max-image-preview:large","max-video-preview":"max-video-preview:-1"},"canonical":"https:\/\/www.clinichelena.com\/fi\/diagnostiikka\/","og_locale":"fi_FI","og_type":"article","og_title":"Diagnostiikka - Clinic Helena","og_description":"Tutustu rintasy\u00f6v\u00e4n diagnostiikan t\u00e4rkeisiin vaiheisiin ja edistyksellisiin tekniikoihin. Lue, miten varhainen diagnoosi auttaa hoidon suunnittelussa ja parantaa ennustetta.","og_url":"https:\/\/www.clinichelena.com\/fi\/diagnostiikka\/","og_site_name":"Clinic Helena","article_modified_time":"2024-12-09T11:10:51+00:00","og_image":[{"width":1025,"height":576,"url":"https:\/\/www.clinichelena.com\/wp-content\/uploads\/2024\/12\/Nimeton-malli-1.jpg","type":"image\/jpeg"}],"twitter_card":"summary_large_image","twitter_misc":{"Arvioitu lukuaika":"3 minuuttia"},"schema":{"@context":"https:\/\/schema.org","@graph":[{"@type":["WebPage","MedicalWebPage"],"@id":"https:\/\/www.clinichelena.com\/fi\/diagnostiikka\/","url":"https:\/\/www.clinichelena.com\/fi\/diagnostiikka\/","name":"Diagnostiikka - Clinic Helena","isPartOf":{"@id":"https:\/\/www.clinichelena.com\/fi\/#website"},"primaryImageOfPage":{"@id":"https:\/\/www.clinichelena.com\/fi\/diagnostiikka\/#primaryimage"},"image":{"@id":"https:\/\/www.clinichelena.com\/fi\/diagnostiikka\/#primaryimage"},"thumbnailUrl":"https:\/\/www.clinichelena.com\/wp-content\/uploads\/2024\/12\/Nimeton-malli-1.jpg","datePublished":"2020-08-02T12:37:14+00:00","dateModified":"2024-12-09T11:10:51+00:00","description":"Tutustu rintasy\u00f6v\u00e4n diagnostiikan t\u00e4rkeisiin vaiheisiin ja edistyksellisiin tekniikoihin. Lue, miten varhainen diagnoosi auttaa hoidon suunnittelussa ja parantaa ennustetta.","breadcrumb":{"@id":"https:\/\/www.clinichelena.com\/fi\/diagnostiikka\/#breadcrumb"},"inLanguage":"fi","potentialAction":[{"@type":"ReadAction","target":["https:\/\/www.clinichelena.com\/fi\/diagnostiikka\/"]}]},{"@type":"ImageObject","inLanguage":"fi","@id":"https:\/\/www.clinichelena.com\/fi\/diagnostiikka\/#primaryimage","url":"https:\/\/www.clinichelena.com\/wp-content\/uploads\/2024\/12\/Nimeton-malli-1.jpg","contentUrl":"https:\/\/www.clinichelena.com\/wp-content\/uploads\/2024\/12\/Nimeton-malli-1.jpg","width":1025,"height":576,"caption":"Tutkimustulosten tarkkka analysoiminen on diagnostiikan perusta."},{"@type":"BreadcrumbList","@id":"https:\/\/www.clinichelena.com\/fi\/diagnostiikka\/#breadcrumb","itemListElement":[{"@type":"ListItem","position":1,"name":"Etusivu","item":"https:\/\/www.clinichelena.com\/fi\/"},{"@type":"ListItem","position":2,"name":"Diagnostiikka"}]},{"@type":"WebSite","@id":"https:\/\/www.clinichelena.com\/fi\/#website","url":"https:\/\/www.clinichelena.com\/fi\/","name":"Clinic Helena","description":"Your Breasts Matter","publisher":{"@id":"https:\/\/www.clinichelena.com\/fi\/#organization"},"potentialAction":[{"@type":"SearchAction","target":{"@type":"EntryPoint","urlTemplate":"https:\/\/www.clinichelena.com\/fi\/?s={search_term_string}"},"query-input":{"@type":"PropertyValueSpecification","valueRequired":true,"valueName":"search_term_string"}}],"inLanguage":"fi"},{"@type":"Organization","@id":"https:\/\/www.clinichelena.com\/fi\/#organization","name":"Klinikka Helena","url":"https:\/\/www.clinichelena.com\/fi\/","logo":{"@type":"ImageObject","inLanguage":"fi","@id":"https:\/\/www.clinichelena.com\/fi\/#\/schema\/logo\/image\/","url":"https:\/\/www.clinichelena.com\/wp-content\/uploads\/2020\/11\/New-logo.png","contentUrl":"https:\/\/www.clinichelena.com\/wp-content\/uploads\/2020\/11\/New-logo.png","width":950,"height":661,"caption":"Klinikka Helena"},"image":{"@id":"https:\/\/www.clinichelena.com\/fi\/#\/schema\/logo\/image\/"}}]}},"taxonomy_info":[],"featured_image_src_large":["https:\/\/www.clinichelena.com\/wp-content\/uploads\/2024\/12\/Nimeton-malli-1.jpg",1024,575,false],"author_info":{"display_name":"Reeta","author_link":"https:\/\/www.clinichelena.com\/fi\/author\/reeta-luoto\/"},"comment_info":"","uagb_featured_image_src":{"full":["https:\/\/www.clinichelena.com\/wp-content\/uploads\/2024\/12\/Nimeton-malli-1.jpg",1025,576,false],"thumbnail":["https:\/\/www.clinichelena.com\/wp-content\/uploads\/2024\/12\/Nimeton-malli-1-150x150.jpg",150,150,true],"medium":["https:\/\/www.clinichelena.com\/wp-content\/uploads\/2024\/12\/Nimeton-malli-1-300x169.jpg",300,169,true],"medium_large":["https:\/\/www.clinichelena.com\/wp-content\/uploads\/2024\/12\/Nimeton-malli-1-768x432.jpg",768,432,true],"large":["https:\/\/www.clinichelena.com\/wp-content\/uploads\/2024\/12\/Nimeton-malli-1.jpg",1024,575,false],"1536x1536":["https:\/\/www.clinichelena.com\/wp-content\/uploads\/2024\/12\/Nimeton-malli-1.jpg",1025,576,false],"2048x2048":["https:\/\/www.clinichelena.com\/wp-content\/uploads\/2024\/12\/Nimeton-malli-1.jpg",1025,576,false],"custom-square":["https:\/\/www.clinichelena.com\/wp-content\/uploads\/2024\/12\/Nimeton-malli-1-300x300.jpg",300,300,true]},"uagb_author_info":{"display_name":"Reeta","author_link":"https:\/\/www.clinichelena.com\/fi\/author\/reeta-luoto\/"},"uagb_comment_info":0,"uagb_excerpt":"Diagnostiikka Kaikki ep\u00e4selv\u00e4t rintaoireet tulee tutkia. Rintasy\u00f6v\u00e4n&nbsp;toteamiseen k\u00e4ytett\u00e4vi\u00e4 menetelmi\u00e4 ovat l\u00e4\u00e4k\u00e4rin vastaanotolla suorittama rintojen palpointi eli tunnustelu ja kuvantamistutkimukset, kuten mammografia ja ultra\u00e4\u00e4nitutkimus sek\u00e4 neulabiopsia eli neulan\u00e4yte. Diagnostiikassa rinnassa olevan muutoksen koko, sijainti sek\u00e4 kudosn\u00e4ytteen [&hellip;]","_links":{"self":[{"href":"https:\/\/www.clinichelena.com\/fi\/wp-json\/wp\/v2\/pages\/16891","targetHints":{"allow":["GET"]}}],"collection":[{"href":"https:\/\/www.clinichelena.com\/fi\/wp-json\/wp\/v2\/pages"}],"about":[{"href":"https:\/\/www.clinichelena.com\/fi\/wp-json\/wp\/v2\/types\/page"}],"author":[{"embeddable":true,"href":"https:\/\/www.clinichelena.com\/fi\/wp-json\/wp\/v2\/users\/17"}],"replies":[{"embeddable":true,"href":"https:\/\/www.clinichelena.com\/fi\/wp-json\/wp\/v2\/comments?post=16891"}],"version-history":[{"count":24,"href":"https:\/\/www.clinichelena.com\/fi\/wp-json\/wp\/v2\/pages\/16891\/revisions"}],"predecessor-version":[{"id":34213,"href":"https:\/\/www.clinichelena.com\/fi\/wp-json\/wp\/v2\/pages\/16891\/revisions\/34213"}],"wp:featuredmedia":[{"embeddable":true,"href":"https:\/\/www.clinichelena.com\/fi\/wp-json\/wp\/v2\/media\/32596"}],"wp:attachment":[{"href":"https:\/\/www.clinichelena.com\/fi\/wp-json\/wp\/v2\/media?parent=16891"}],"curies":[{"name":"wp","href":"https:\/\/api.w.org\/{rel}","templated":true}]}}