{"id":16873,"date":"2020-08-02T16:39:08","date_gmt":"2020-08-02T12:39:08","guid":{"rendered":"http:\/\/clinichelena.kinsta.cloud\/breast-reconstructive-surgery\/"},"modified":"2025-05-13T16:16:22","modified_gmt":"2025-05-13T14:16:22","slug":"rintarekonstruktiot","status":"publish","type":"page","link":"https:\/\/www.clinichelena.com\/fi\/rintarekonstruktiot\/","title":{"rendered":"Rintarekonstruktiot"},"content":{"rendered":"\n<h1 class=\"wp-block-heading\">Rintarekonstruktiot<\/h1>\n\n\n\n<p class=\"ingressi\">Rinnan rakentaminen rinnan poiston j\u00e4lkeen auttaa rintasy\u00f6p\u00e4potilasta toipumaan vakavasta sairaudestaan ja sopeutumaan takaisin normaaliel\u00e4m\u00e4\u00e4n.<\/p>\n\n\n\n<div class=\"wp-block-buttons is-layout-flex wp-block-buttons-is-layout-flex\">\n<div class=\"wp-block-button\"><a class=\"wp-block-button__link wp-element-button\" href=\"https:\/\/av.dynamichealth.tieto.com\/plastiikkakirurgiahelena\/Ajanvaraus2.aspx\" target=\"_blank\" rel=\"noreferrer noopener\">Varaa aika konsultaatioon<\/a><\/div>\n<\/div>\n\n\n\n<div style=\"height:41px\" aria-hidden=\"true\" class=\"wp-block-spacer\"><\/div>\n\n\n\n<p class=\"ingressi\"><\/p>\n\n\n\n<figure class=\"wp-block-image size-full is-resized\"><a href=\"https:\/\/www.clinichelena.com\/wp-content\/uploads\/2025\/01\/uudelleen-rakennettu-rinta.jpg\"><img loading=\"lazy\" decoding=\"async\" width=\"848\" height=\"582\" src=\"https:\/\/www.clinichelena.com\/wp-content\/uploads\/2025\/01\/uudelleen-rakennettu-rinta.jpg\" alt=\"uudelleen rakennettu rinta n\u00e4ytt\u00e4\u00e4 ja tuntuu aidolta rinnalta.\" class=\"wp-image-32884\" style=\"width:650px\" srcset=\"https:\/\/www.clinichelena.com\/wp-content\/uploads\/2025\/01\/uudelleen-rakennettu-rinta.jpg 848w, https:\/\/www.clinichelena.com\/wp-content\/uploads\/2025\/01\/uudelleen-rakennettu-rinta-300x206.jpg 300w, https:\/\/www.clinichelena.com\/wp-content\/uploads\/2025\/01\/uudelleen-rakennettu-rinta-768x527.jpg 768w\" sizes=\"auto, (max-width: 848px) 100vw, 848px\" \/><\/a><\/figure>\n\n\n\n<p>Perinteinen rintasy\u00f6v\u00e4n hoito, jolloin yleens\u00e4 rinta poistettiin ja kainalon imusolmukkeet tyhjennettiin, aiheutti naiselle paljon fyysisi\u00e4 (esim. k\u00e4den ongelmia, turvotusta, vartalon ep\u00e4symmetriaa)  sek\u00e4 sosiaalisia ja psyykkisi\u00e4 ongelmia.<\/p>\n\n\n\n<p>T\u00e4n\u00e4 p\u00e4iv\u00e4n\u00e4 leikkausmenetelmien kehittyminen rintasy\u00f6p\u00e4kirurgiassa sek\u00e4 mahdollisuudet rinnan rakentamiseen v\u00e4hent\u00e4v\u00e4t n\u00e4it\u00e4 ongelmia ja tukevat potilaidemme laadukasta el\u00e4m\u00e4\u00e4 vakavasta sairaudesta huolimatta.<\/p>\n\n\n\n<h2 class=\"wp-block-heading\">Rintarekonstruktio rintasy\u00f6p\u00e4leikkauksen yhteydess\u00e4 tai sen j\u00e4lkeen<\/h2>\n\n\n\n<p>Rinta voidaan toisinaan rakentaa jo <a href=\"https:\/\/www.clinichelena.com\/fi\/rintarekonstruktio-syopaleikkauksen-aikana\/\">sy\u00f6p\u00e4leikkauksen aikana<\/a> tai sitten, kun <a href=\"https:\/\/www.clinichelena.com\/fi\/rintarekonstruktio-rinnan-poiston-jalkeen\/\">potilas on toipunut rintasy\u00f6p\u00e4hoidoista<\/a>. T\u00e4h\u00e4n menee aikaa yleens\u00e4 pari vuotta. Korkean riskin taudissa suositellaan kolmea toipumisvuotta.<\/p>\n\n\n\n<p><a href=\"https:\/\/www.clinichelena.com\/fi\/ld-rintarekonstruktio\/\">Omakudossiirteill\u00e4<\/a> saadaan paras rinta. Implantit, <a href=\"https:\/\/www.clinichelena.com\/fi\/expander-proteesi\/\">kudosvenyttimet<\/a> ja <a href=\"https:\/\/www.clinichelena.com\/fi\/rasvansiirto\/\">rasvan siirto<\/a> ovat my\u00f6skin kehittyneet ja tarjoavat hyv\u00e4n vaihtoehdon hoikalla asiakkaalla, kun omaa kudosta ei ole tarpeeksi siirrett\u00e4v\u00e4ksi.<\/p>\n\n\n\n<h2 class=\"wp-block-heading\">Tunteva rinta<\/h2>\n\n\n\n<section class=\"wp-block-uagb-columns uagb-columns__wrap uagb-columns__background-none uagb-columns__stack-mobile uagb-columns__valign- uagb-columns__gap-10 align uagb-block-ef75aabb uagb-columns__columns-2 uagb-columns__max_width-theme\"><div class=\"uagb-columns__overlay\"><\/div><div class=\"uagb-columns__inner-wrap uagb-columns__columns-2\">\n<div class=\"wp-block-uagb-column uagb-column__wrap uagb-column__background-undefined uagb-block-de1bd12a\"><div class=\"uagb-column__overlay\"><\/div>\n<figure class=\"wp-block-image size-medium\"><a href=\"https:\/\/www.clinichelena.com\/wp-content\/uploads\/2020\/09\/kirjan-kansikuvaLinkedIn.png\"><img loading=\"lazy\" decoding=\"async\" width=\"300\" height=\"169\" src=\"https:\/\/www.clinichelena.com\/wp-content\/uploads\/2020\/09\/kirjan-kansikuvaLinkedIn-300x169.png\" alt=\"Tunteva rinta\" class=\"wp-image-17843\" srcset=\"https:\/\/www.clinichelena.com\/wp-content\/uploads\/2020\/09\/kirjan-kansikuvaLinkedIn-300x169.png 300w, https:\/\/www.clinichelena.com\/wp-content\/uploads\/2020\/09\/kirjan-kansikuvaLinkedIn.png 657w\" sizes=\"auto, (max-width: 300px) 100vw, 300px\" \/><\/a><\/figure>\n<\/div>\n\n\n\n<div class=\"wp-block-uagb-column uagb-column__wrap uagb-column__background-undefined uagb-block-d29e28a6\"><div class=\"uagb-column__overlay\"><\/div>\n<p>LTT Helena Puonti on kehitt\u00e4nyt \u201dTuntevan Rinnan\u201d menetelm\u00e4n, jossa navan alapuolella olevasta vatsapoimusta rakennetaan rinta siten, ett\u00e4 my\u00f6s kudosten hermot yhdistet\u00e4\u00e4n ja uudessa rinnassa voi olla normaali tunto. T\u00e4m\u00e4 on ainutlaatuista maailmassa. Clinic Helena tarjoaa t\u00e4t\u00e4 menetelm\u00e4\u00e4 kaikille siihen sopiville rintasy\u00f6p\u00e4potilaille.<\/p>\n\n\n\n<p>Lue lis\u00e4\u00e4 <a href=\"https:\/\/www.clinichelena.com\/fi\/tunteva-rinta-ms-tram\/\">Tuntevasta rinnasta t\u00e4\u00e4lt\u00e4<\/a>. <\/p>\n<\/div>\n<\/div><\/section>\n\n\n\n<section class=\"wp-block-uagb-section uagb-section__wrap uagb-section__background-color uagb-block-3d2fffef uag-hide-mob\"><div class=\"uagb-section__overlay\"><\/div><div class=\"uagb-section__inner-wrap\">\n<h2 class=\"wp-block-heading\">Nopeasti tutkimuksiin ja hoitoon <\/h2>\n\n\n\n<p>Jos haluat kuulla hoitovaihtoehdoista ja l\u00f6yt\u00e4\u00e4 sinulle sopivimman toimenpiteen, voit varata ajan ilmaiseen hoitajan konsultaatioon tai suoraan Helena Puontin vastaanotolle, nopeasti ilman l\u00e4hetett\u00e4.<\/p>\n\n\n\n<h4 class=\"wp-block-heading\">Miksi valita Clinic Helena:<\/h4>\n\n\n\n<ul class=\"wp-block-list\">\n<li>Maailmanluokan osaaminen ja vuosikymmenten kokemus nykyaikaisista kirurgisista hoitomenetelmist\u00e4.<\/li>\n\n\n\n<li>Helena Puontin asiantunteva l\u00e4hestymistapa ja nopea hoitoon p\u00e4\u00e4sy.<\/li>\n\n\n\n<li>Tampereelle on helppo saapua mist\u00e4 p\u00e4in Suomea tahansa.<\/li>\n\n\n\n<li>Teemme ty\u00f6t\u00e4 syd\u00e4mell\u00e4 ja olemme rinnallasi koko hoitopolun ajan, auttaen Sinua voimaan paremmin.<\/li>\n<\/ul>\n\n\n\n<div class=\"wp-block-uagb-buttons uagb-buttons__outer-wrap uagb-btn__default-btn uagb-btn-tablet__default-btn uagb-btn-mobile__default-btn uagb-block-aaaee149\"><div class=\"uagb-buttons__wrap uagb-buttons-layout-wrap \">\n<div class=\"wp-block-uagb-buttons-child uagb-buttons__outer-wrap uagb-block-05b51c49 wp-block-button\"><div class=\"uagb-button__wrapper\"><a class=\"uagb-buttons-repeater wp-block-button__link\" aria-label=\"\" href=\"https:\/\/www.clinichelena.com\/fi\/yhteystiedot\/\" rel=\"follow noopener\" target=\"_self\" role=\"button\"><div class=\"uagb-button__link\">Ota yhteytt\u00e4<\/div><\/a><\/div><\/div>\n\n\n\n<div class=\"wp-block-uagb-buttons-child uagb-buttons__outer-wrap uagb-block-145f3d38 wp-block-button\"><div class=\"uagb-button__wrapper\"><a class=\"uagb-buttons-repeater wp-block-button__link\" aria-label=\"\" href=\"tel:+358442378021\" rel=\"follow noopener\" target=\"_self\" role=\"button\"><div class=\"uagb-button__link\">050 570 8720<\/div><\/a><\/div><\/div>\n<\/div><\/div>\n<\/div><\/section>\n\n\n","protected":false},"excerpt":{"rendered":"<p>Clinic Helena on erikoistunut yksil\u00f6llisen rintarekonstruktion toteuttamiseen rinnanpoiston j\u00e4lkeen. Rinnan rakentamiseen on useita menetelmi\u00e4, joista paras valitaan yhdess\u00e4 potilaan kanssa.<\/p>\n","protected":false},"author":17,"featured_media":33961,"parent":0,"menu_order":0,"comment_status":"closed","ping_status":"closed","template":"","meta":{"_uag_custom_page_level_css":"","_kad_blocks_custom_css":"","_kad_blocks_head_custom_js":"","_kad_blocks_body_custom_js":"","_kad_blocks_footer_custom_js":"","site-sidebar-layout":"left-sidebar","site-content-layout":"default","ast-site-content-layout":"default","site-content-style":"default","site-sidebar-style":"default","ast-global-header-display":"","ast-banner-title-visibility":"","ast-main-header-display":"","ast-hfb-above-header-display":"","ast-hfb-below-header-display":"","ast-hfb-mobile-header-display":"","site-post-title":"disabled","ast-breadcrumbs-content":"","ast-featured-img":"disabled","footer-sml-layout":"","theme-transparent-header-meta":"default","adv-header-id-meta":"","stick-header-meta":"default","header-above-stick-meta":"","header-main-stick-meta":"","header-below-stick-meta":"","astra-migrate-meta-layouts":"set","ast-page-background-enabled":"default","ast-page-background-meta":{"desktop":{"background-color":"","background-image":"","background-repeat":"repeat","background-position":"center center","background-size":"auto","background-attachment":"scroll","background-type":"","background-media":"","overlay-type":"","overlay-color":"","overlay-opacity":"","overlay-gradient":""},"tablet":{"background-color":"","background-image":"","background-repeat":"repeat","background-position":"center center","background-size":"auto","background-attachment":"scroll","background-type":"","background-media":"","overlay-type":"","overlay-color":"","overlay-opacity":"","overlay-gradient":""},"mobile":{"background-color":"","background-image":"","background-repeat":"repeat","background-position":"center center","background-size":"auto","background-attachment":"scroll","background-type":"","background-media":"","overlay-type":"","overlay-color":"","overlay-opacity":"","overlay-gradient":""}},"ast-content-background-meta":{"desktop":{"background-color":"var(--ast-global-color-5)","background-image":"","background-repeat":"repeat","background-position":"center center","background-size":"auto","background-attachment":"scroll","background-type":"","background-media":"","overlay-type":"","overlay-color":"","overlay-opacity":"","overlay-gradient":""},"tablet":{"background-color":"var(--ast-global-color-5)","background-image":"","background-repeat":"repeat","background-position":"center center","background-size":"auto","background-attachment":"scroll","background-type":"","background-media":"","overlay-type":"","overlay-color":"","overlay-opacity":"","overlay-gradient":""},"mobile":{"background-color":"var(--ast-global-color-5)","background-image":"","background-repeat":"repeat","background-position":"center center","background-size":"auto","background-attachment":"scroll","background-type":"","background-media":"","overlay-type":"","overlay-color":"","overlay-opacity":"","overlay-gradient":""}},"footnotes":""},"class_list":["post-16873","page","type-page","status-publish","has-post-thumbnail","hentry"],"yoast_head":"<!-- This site is optimized with the Yoast SEO plugin v26.6 - https:\/\/yoast.com\/wordpress\/plugins\/seo\/ -->\n<title>Rintarekonstruktiot - Clinic Helena - Yksil\u00f6llist\u00e4 rintasy\u00f6v\u00e4n hoitoa<\/title>\n<meta name=\"description\" content=\"Clinic Helena on erikoistunut yksil\u00f6llisen rintarekonstruktion toteuttamiseen rinnanpoiston j\u00e4lkeen. Tutustu hoitoihin ja ota yhteytt\u00e4.\" \/>\n<meta name=\"robots\" content=\"index, follow, max-snippet:-1, max-image-preview:large, max-video-preview:-1\" \/>\n<link rel=\"canonical\" href=\"https:\/\/www.clinichelena.com\/fi\/rintarekonstruktiot\/\" \/>\n<meta property=\"og:locale\" content=\"fi_FI\" \/>\n<meta property=\"og:type\" content=\"article\" \/>\n<meta property=\"og:title\" content=\"Rintarekonstruktiot - Clinic Helena - Yksil\u00f6llist\u00e4 rintasy\u00f6v\u00e4n hoitoa\" \/>\n<meta property=\"og:description\" content=\"Clinic Helena on erikoistunut yksil\u00f6llisen rintarekonstruktion toteuttamiseen rinnanpoiston j\u00e4lkeen. Tutustu hoitoihin ja ota yhteytt\u00e4.\" \/>\n<meta property=\"og:url\" content=\"https:\/\/www.clinichelena.com\/fi\/rintarekonstruktiot\/\" \/>\n<meta property=\"og:site_name\" content=\"Clinic Helena\" \/>\n<meta property=\"article:modified_time\" content=\"2025-05-13T14:16:22+00:00\" \/>\n<meta property=\"og:image\" content=\"https:\/\/www.clinichelena.com\/wp-content\/uploads\/2025\/05\/049-scaled.jpg\" \/>\n\t<meta property=\"og:image:width\" content=\"2560\" \/>\n\t<meta property=\"og:image:height\" content=\"1707\" \/>\n\t<meta property=\"og:image:type\" content=\"image\/jpeg\" \/>\n<meta name=\"twitter:card\" content=\"summary_large_image\" \/>\n<meta name=\"twitter:label1\" content=\"Arvioitu lukuaika\" \/>\n\t<meta name=\"twitter:data1\" content=\"2 minuuttia\" \/>\n<script type=\"application\/ld+json\" class=\"yoast-schema-graph\">{\"@context\":\"https:\/\/schema.org\",\"@graph\":[{\"@type\":[\"WebPage\",\"MedicalWebPage\"],\"@id\":\"https:\/\/www.clinichelena.com\/fi\/rintarekonstruktiot\/\",\"url\":\"https:\/\/www.clinichelena.com\/fi\/rintarekonstruktiot\/\",\"name\":\"Rintarekonstruktiot - Clinic Helena - Yksil\u00f6llist\u00e4 rintasy\u00f6v\u00e4n hoitoa\",\"isPartOf\":{\"@id\":\"https:\/\/www.clinichelena.com\/fi\/#website\"},\"primaryImageOfPage\":{\"@id\":\"https:\/\/www.clinichelena.com\/fi\/rintarekonstruktiot\/#primaryimage\"},\"image\":{\"@id\":\"https:\/\/www.clinichelena.com\/fi\/rintarekonstruktiot\/#primaryimage\"},\"thumbnailUrl\":\"https:\/\/www.clinichelena.com\/wp-content\/uploads\/2025\/05\/049-scaled.jpg\",\"datePublished\":\"2020-08-02T12:39:08+00:00\",\"dateModified\":\"2025-05-13T14:16:22+00:00\",\"description\":\"Clinic Helena on erikoistunut yksil\u00f6llisen rintarekonstruktion toteuttamiseen rinnanpoiston j\u00e4lkeen. Tutustu hoitoihin ja ota yhteytt\u00e4.\",\"breadcrumb\":{\"@id\":\"https:\/\/www.clinichelena.com\/fi\/rintarekonstruktiot\/#breadcrumb\"},\"inLanguage\":\"fi\",\"potentialAction\":[{\"@type\":\"ReadAction\",\"target\":[\"https:\/\/www.clinichelena.com\/fi\/rintarekonstruktiot\/\"]}]},{\"@type\":\"ImageObject\",\"inLanguage\":\"fi\",\"@id\":\"https:\/\/www.clinichelena.com\/fi\/rintarekonstruktiot\/#primaryimage\",\"url\":\"https:\/\/www.clinichelena.com\/wp-content\/uploads\/2025\/05\/049-scaled.jpg\",\"contentUrl\":\"https:\/\/www.clinichelena.com\/wp-content\/uploads\/2025\/05\/049-scaled.jpg\",\"width\":2560,\"height\":1707,\"caption\":\"Helena Puonti kuuntelee potilasta.\"},{\"@type\":\"BreadcrumbList\",\"@id\":\"https:\/\/www.clinichelena.com\/fi\/rintarekonstruktiot\/#breadcrumb\",\"itemListElement\":[{\"@type\":\"ListItem\",\"position\":1,\"name\":\"Etusivu\",\"item\":\"https:\/\/www.clinichelena.com\/fi\/\"},{\"@type\":\"ListItem\",\"position\":2,\"name\":\"Rintarekonstruktiot\"}]},{\"@type\":\"WebSite\",\"@id\":\"https:\/\/www.clinichelena.com\/fi\/#website\",\"url\":\"https:\/\/www.clinichelena.com\/fi\/\",\"name\":\"Clinic Helena\",\"description\":\"Your Breasts Matter\",\"publisher\":{\"@id\":\"https:\/\/www.clinichelena.com\/fi\/#organization\"},\"potentialAction\":[{\"@type\":\"SearchAction\",\"target\":{\"@type\":\"EntryPoint\",\"urlTemplate\":\"https:\/\/www.clinichelena.com\/fi\/?s={search_term_string}\"},\"query-input\":{\"@type\":\"PropertyValueSpecification\",\"valueRequired\":true,\"valueName\":\"search_term_string\"}}],\"inLanguage\":\"fi\"},{\"@type\":\"Organization\",\"@id\":\"https:\/\/www.clinichelena.com\/fi\/#organization\",\"name\":\"Klinikka Helena\",\"url\":\"https:\/\/www.clinichelena.com\/fi\/\",\"logo\":{\"@type\":\"ImageObject\",\"inLanguage\":\"fi\",\"@id\":\"https:\/\/www.clinichelena.com\/fi\/#\/schema\/logo\/image\/\",\"url\":\"https:\/\/www.clinichelena.com\/wp-content\/uploads\/2020\/11\/New-logo.png\",\"contentUrl\":\"https:\/\/www.clinichelena.com\/wp-content\/uploads\/2020\/11\/New-logo.png\",\"width\":950,\"height\":661,\"caption\":\"Klinikka Helena\"},\"image\":{\"@id\":\"https:\/\/www.clinichelena.com\/fi\/#\/schema\/logo\/image\/\"}}]}<\/script>\n<!-- \/ Yoast SEO plugin. -->","yoast_head_json":{"title":"Rintarekonstruktiot - Clinic Helena - Yksil\u00f6llist\u00e4 rintasy\u00f6v\u00e4n hoitoa","description":"Clinic Helena on erikoistunut yksil\u00f6llisen rintarekonstruktion toteuttamiseen rinnanpoiston j\u00e4lkeen. Tutustu hoitoihin ja ota yhteytt\u00e4.","robots":{"index":"index","follow":"follow","max-snippet":"max-snippet:-1","max-image-preview":"max-image-preview:large","max-video-preview":"max-video-preview:-1"},"canonical":"https:\/\/www.clinichelena.com\/fi\/rintarekonstruktiot\/","og_locale":"fi_FI","og_type":"article","og_title":"Rintarekonstruktiot - Clinic Helena - Yksil\u00f6llist\u00e4 rintasy\u00f6v\u00e4n hoitoa","og_description":"Clinic Helena on erikoistunut yksil\u00f6llisen rintarekonstruktion toteuttamiseen rinnanpoiston j\u00e4lkeen. Tutustu hoitoihin ja ota yhteytt\u00e4.","og_url":"https:\/\/www.clinichelena.com\/fi\/rintarekonstruktiot\/","og_site_name":"Clinic Helena","article_modified_time":"2025-05-13T14:16:22+00:00","og_image":[{"width":2560,"height":1707,"url":"https:\/\/www.clinichelena.com\/wp-content\/uploads\/2025\/05\/049-scaled.jpg","type":"image\/jpeg"}],"twitter_card":"summary_large_image","twitter_misc":{"Arvioitu lukuaika":"2 minuuttia"},"schema":{"@context":"https:\/\/schema.org","@graph":[{"@type":["WebPage","MedicalWebPage"],"@id":"https:\/\/www.clinichelena.com\/fi\/rintarekonstruktiot\/","url":"https:\/\/www.clinichelena.com\/fi\/rintarekonstruktiot\/","name":"Rintarekonstruktiot - Clinic Helena - Yksil\u00f6llist\u00e4 rintasy\u00f6v\u00e4n hoitoa","isPartOf":{"@id":"https:\/\/www.clinichelena.com\/fi\/#website"},"primaryImageOfPage":{"@id":"https:\/\/www.clinichelena.com\/fi\/rintarekonstruktiot\/#primaryimage"},"image":{"@id":"https:\/\/www.clinichelena.com\/fi\/rintarekonstruktiot\/#primaryimage"},"thumbnailUrl":"https:\/\/www.clinichelena.com\/wp-content\/uploads\/2025\/05\/049-scaled.jpg","datePublished":"2020-08-02T12:39:08+00:00","dateModified":"2025-05-13T14:16:22+00:00","description":"Clinic Helena on erikoistunut yksil\u00f6llisen rintarekonstruktion toteuttamiseen rinnanpoiston j\u00e4lkeen. Tutustu hoitoihin ja ota yhteytt\u00e4.","breadcrumb":{"@id":"https:\/\/www.clinichelena.com\/fi\/rintarekonstruktiot\/#breadcrumb"},"inLanguage":"fi","potentialAction":[{"@type":"ReadAction","target":["https:\/\/www.clinichelena.com\/fi\/rintarekonstruktiot\/"]}]},{"@type":"ImageObject","inLanguage":"fi","@id":"https:\/\/www.clinichelena.com\/fi\/rintarekonstruktiot\/#primaryimage","url":"https:\/\/www.clinichelena.com\/wp-content\/uploads\/2025\/05\/049-scaled.jpg","contentUrl":"https:\/\/www.clinichelena.com\/wp-content\/uploads\/2025\/05\/049-scaled.jpg","width":2560,"height":1707,"caption":"Helena Puonti kuuntelee potilasta."},{"@type":"BreadcrumbList","@id":"https:\/\/www.clinichelena.com\/fi\/rintarekonstruktiot\/#breadcrumb","itemListElement":[{"@type":"ListItem","position":1,"name":"Etusivu","item":"https:\/\/www.clinichelena.com\/fi\/"},{"@type":"ListItem","position":2,"name":"Rintarekonstruktiot"}]},{"@type":"WebSite","@id":"https:\/\/www.clinichelena.com\/fi\/#website","url":"https:\/\/www.clinichelena.com\/fi\/","name":"Clinic Helena","description":"Your Breasts Matter","publisher":{"@id":"https:\/\/www.clinichelena.com\/fi\/#organization"},"potentialAction":[{"@type":"SearchAction","target":{"@type":"EntryPoint","urlTemplate":"https:\/\/www.clinichelena.com\/fi\/?s={search_term_string}"},"query-input":{"@type":"PropertyValueSpecification","valueRequired":true,"valueName":"search_term_string"}}],"inLanguage":"fi"},{"@type":"Organization","@id":"https:\/\/www.clinichelena.com\/fi\/#organization","name":"Klinikka Helena","url":"https:\/\/www.clinichelena.com\/fi\/","logo":{"@type":"ImageObject","inLanguage":"fi","@id":"https:\/\/www.clinichelena.com\/fi\/#\/schema\/logo\/image\/","url":"https:\/\/www.clinichelena.com\/wp-content\/uploads\/2020\/11\/New-logo.png","contentUrl":"https:\/\/www.clinichelena.com\/wp-content\/uploads\/2020\/11\/New-logo.png","width":950,"height":661,"caption":"Klinikka Helena"},"image":{"@id":"https:\/\/www.clinichelena.com\/fi\/#\/schema\/logo\/image\/"}}]}},"taxonomy_info":[],"featured_image_src_large":["https:\/\/www.clinichelena.com\/wp-content\/uploads\/2025\/05\/049-1024x683.jpg",1024,683,true],"author_info":{"display_name":"Reeta","author_link":"https:\/\/www.clinichelena.com\/fi\/author\/reeta-luoto\/"},"comment_info":"","uagb_featured_image_src":{"full":["https:\/\/www.clinichelena.com\/wp-content\/uploads\/2025\/05\/049-scaled.jpg",2560,1707,false],"thumbnail":["https:\/\/www.clinichelena.com\/wp-content\/uploads\/2025\/05\/049-150x150.jpg",150,150,true],"medium":["https:\/\/www.clinichelena.com\/wp-content\/uploads\/2025\/05\/049-300x200.jpg",300,200,true],"medium_large":["https:\/\/www.clinichelena.com\/wp-content\/uploads\/2025\/05\/049-768x512.jpg",768,512,true],"large":["https:\/\/www.clinichelena.com\/wp-content\/uploads\/2025\/05\/049-1024x683.jpg",1024,683,true],"1536x1536":["https:\/\/www.clinichelena.com\/wp-content\/uploads\/2025\/05\/049-1536x1024.jpg",1536,1024,true],"2048x2048":["https:\/\/www.clinichelena.com\/wp-content\/uploads\/2025\/05\/049-2048x1365.jpg",2048,1365,true],"custom-square":["https:\/\/www.clinichelena.com\/wp-content\/uploads\/2025\/05\/049-300x300.jpg",300,300,true]},"uagb_author_info":{"display_name":"Reeta","author_link":"https:\/\/www.clinichelena.com\/fi\/author\/reeta-luoto\/"},"uagb_comment_info":0,"uagb_excerpt":"Clinic Helena on erikoistunut yksil\u00f6llisen rintarekonstruktion toteuttamiseen rinnanpoiston j\u00e4lkeen. Rinnan rakentamiseen on useita menetelmi\u00e4, joista paras valitaan yhdess\u00e4 potilaan kanssa.","_links":{"self":[{"href":"https:\/\/www.clinichelena.com\/fi\/wp-json\/wp\/v2\/pages\/16873","targetHints":{"allow":["GET"]}}],"collection":[{"href":"https:\/\/www.clinichelena.com\/fi\/wp-json\/wp\/v2\/pages"}],"about":[{"href":"https:\/\/www.clinichelena.com\/fi\/wp-json\/wp\/v2\/types\/page"}],"author":[{"embeddable":true,"href":"https:\/\/www.clinichelena.com\/fi\/wp-json\/wp\/v2\/users\/17"}],"replies":[{"embeddable":true,"href":"https:\/\/www.clinichelena.com\/fi\/wp-json\/wp\/v2\/comments?post=16873"}],"version-history":[{"count":26,"href":"https:\/\/www.clinichelena.com\/fi\/wp-json\/wp\/v2\/pages\/16873\/revisions"}],"predecessor-version":[{"id":33973,"href":"https:\/\/www.clinichelena.com\/fi\/wp-json\/wp\/v2\/pages\/16873\/revisions\/33973"}],"wp:featuredmedia":[{"embeddable":true,"href":"https:\/\/www.clinichelena.com\/fi\/wp-json\/wp\/v2\/media\/33961"}],"wp:attachment":[{"href":"https:\/\/www.clinichelena.com\/fi\/wp-json\/wp\/v2\/media?parent=16873"}],"curies":[{"name":"wp","href":"https:\/\/api.w.org\/{rel}","templated":true}]}}