{"id":16858,"date":"2020-08-02T16:40:18","date_gmt":"2020-08-02T12:40:18","guid":{"rendered":"http:\/\/clinichelena.kinsta.cloud\/other-treatments\/"},"modified":"2025-01-31T16:49:31","modified_gmt":"2025-01-31T14:49:31","slug":"muut-hoidot","status":"publish","type":"page","link":"https:\/\/www.clinichelena.com\/fi\/muut-hoidot\/","title":{"rendered":"Muut hoidot"},"content":{"rendered":"\n<h1 class=\"wp-block-heading\">Muut hoidot<\/h1>\n\n\n\n<p>Clinic Helena on erikoistunut korjaavaan plastiikkakirurgiaan, mutta tarjoamme my\u00f6s monia muita ulkon\u00e4k\u00f6\u00e4 ja hyvinvointia tukevia toimenpiteit\u00e4. Hoidamme muun muassa lymfostaasia, arpia ja ihokasvaimia esim. luomia ja melanoomaa. Luomien ja muiden ihokasvainten tarkistuttaminen ja tarvittaessa poistaminen plastiikkakirurgilla kannattaa erityisesti silloin, kun arpi tulee n\u00e4kyv\u00e4lle paikalle ja haluat saada mahdollisimman huomaamattoman lopputuloksen.<\/p>\n\n\n\n<p>PRP (Platelet Rich Plasma) -hoito on erillinen ja erityisen tehokas toimenpide, jota voidaan k\u00e4ytt\u00e4\u00e4 muun muassa nivelten ja arpien hoidossa. PRP-hoito stimuloi kudosten paranemista ja edist\u00e4\u00e4 kollageenin tuotantoa, mik\u00e4 tekee siit\u00e4 tehokkaan vaihtoehdon esimerkiksi liikuntaan liittyvist\u00e4 vammoista toipumisessa sek\u00e4 arpiin liittyviss\u00e4 esteettisiss\u00e4 hoidoissa.<\/p>\n\n\n\n<p>Esteettiset palvelut, kuten kasvojen ja kehon esteettinen kirurgia, Botox-hoidot ja muut esteettiset toimenpiteet l\u00f6ytyv\u00e4t Helena Aesthetics -br\u00e4ndin alta. <em><a href=\"https:\/\/www.helenaaesthetics.com\/\">Helena Aestheticsin <\/a><\/em>verkkosivuilta l\u00f6yd\u00e4t kattavan valikoiman esteettisi\u00e4 hoitoja, kuten kasvojen ja kehon korjausleikkauksia sek\u00e4 ihonhoitomenetelmi\u00e4.<\/p>\n\n\n\n<div class=\"wp-block-uagb-buttons uagb-buttons__outer-wrap uagb-btn__default-btn uagb-btn-tablet__default-btn uagb-btn-mobile__default-btn uagb-block-20ced255\"><div class=\"uagb-buttons__wrap uagb-buttons-layout-wrap \">\n<div class=\"wp-block-uagb-buttons-child uagb-buttons__outer-wrap uagb-block-62e68507 wp-block-button\"><div class=\"uagb-button__wrapper\"><a class=\"uagb-buttons-repeater wp-block-button__link\" aria-label=\"\" href=\"https:\/\/www.clinichelena.com\/fi\/melanooma\/\" rel=\"follow noopener\" target=\"_self\" role=\"button\"><div class=\"uagb-button__link\">Melanooma<\/div><\/a><\/div><\/div>\n\n\n\n<div class=\"wp-block-uagb-buttons-child uagb-buttons__outer-wrap uagb-block-8f978e21 wp-block-button\"><div class=\"uagb-button__wrapper\"><a class=\"uagb-buttons-repeater wp-block-button__link\" aria-label=\"\" href=\"https:\/\/www.clinichelena.com\/fi\/lymfostaasin-hoito\/\" rel=\"follow noopener\" target=\"_self\" role=\"button\"><div class=\"uagb-button__link\">Lymfostaasi<\/div><\/a><\/div><\/div>\n<\/div><\/div>\n\n\n\n<div class=\"wp-block-uagb-buttons uagb-buttons__outer-wrap uagb-btn__default-btn uagb-btn-tablet__default-btn uagb-btn-mobile__default-btn uagb-block-f2c36e82\"><div class=\"uagb-buttons__wrap uagb-buttons-layout-wrap \">\n<div class=\"wp-block-uagb-buttons-child uagb-buttons__outer-wrap uagb-block-41f5834a wp-block-button\"><div class=\"uagb-button__wrapper\"><a class=\"uagb-buttons-repeater wp-block-button__link\" aria-label=\"\" href=\"https:\/\/www.clinichelena.com\/fi\/korjaava-plastiikkakirurgia\/pistoshoidot\/\" rel=\"follow noopener\" target=\"_self\" role=\"button\"><div class=\"uagb-button__link\">Pistoshoidot<\/div><\/a><\/div><\/div>\n\n\n\n<div class=\"wp-block-uagb-buttons-child uagb-buttons__outer-wrap uagb-block-317708e4 wp-block-button\"><div class=\"uagb-button__wrapper\"><a class=\"uagb-buttons-repeater wp-block-button__link\" aria-label=\"\" href=\"https:\/\/www.clinichelena.com\/fi\/arpien-hoito\/\" rel=\"follow noopener\" target=\"_self\" role=\"button\"><div class=\"uagb-button__link\">Arpienhoito<\/div><\/a><\/div><\/div>\n<\/div><\/div>\n\n\n\n<section class=\"wp-block-uagb-section uagb-section__wrap uagb-section__background-color uagb-block-3d2fffef uag-hide-mob\"><div class=\"uagb-section__overlay\"><\/div><div class=\"uagb-section__inner-wrap\">\n<h2 class=\"wp-block-heading\">Nopeasti tutkimuksiin ja hoitoon <\/h2>\n\n\n\n<p>Jos haluat kuulla hoitovaihtoehdoista ja l\u00f6yt\u00e4\u00e4 sinulle sopivimman toimenpiteen, voit varata ajan ilmaiseen hoitajan konsultaatioon tai suoraan Helena Puontin vastaanotolle, nopeasti ilman l\u00e4hetett\u00e4.<\/p>\n\n\n\n<h4 class=\"wp-block-heading\">Miksi valita Clinic Helena:<\/h4>\n\n\n\n<ul class=\"wp-block-list\">\n<li>Maailmanluokan osaaminen ja vuosikymmenten kokemus nykyaikaisista kirurgisista hoitomenetelmist\u00e4.<\/li>\n\n\n\n<li>Helena Puontin asiantunteva l\u00e4hestymistapa ja nopea hoitoon p\u00e4\u00e4sy.<\/li>\n\n\n\n<li>Tampereelle on helppo saapua mist\u00e4 p\u00e4in Suomea tahansa.<\/li>\n\n\n\n<li>Teemme ty\u00f6t\u00e4 syd\u00e4mell\u00e4 ja olemme rinnallasi koko hoitopolun ajan, auttaen Sinua voimaan paremmin.<\/li>\n<\/ul>\n\n\n\n<div class=\"wp-block-uagb-buttons uagb-buttons__outer-wrap uagb-btn__default-btn uagb-btn-tablet__default-btn uagb-btn-mobile__default-btn uagb-block-aaaee149\"><div class=\"uagb-buttons__wrap uagb-buttons-layout-wrap \">\n<div class=\"wp-block-uagb-buttons-child uagb-buttons__outer-wrap uagb-block-05b51c49 wp-block-button\"><div class=\"uagb-button__wrapper\"><a class=\"uagb-buttons-repeater wp-block-button__link\" aria-label=\"\" href=\"https:\/\/www.clinichelena.com\/fi\/yhteystiedot\/\" rel=\"follow noopener\" target=\"_self\" role=\"button\"><div class=\"uagb-button__link\">Ota yhteytt\u00e4<\/div><\/a><\/div><\/div>\n\n\n\n<div class=\"wp-block-uagb-buttons-child uagb-buttons__outer-wrap uagb-block-145f3d38 wp-block-button\"><div class=\"uagb-button__wrapper\"><a class=\"uagb-buttons-repeater wp-block-button__link\" aria-label=\"\" href=\"tel:+358442378021\" rel=\"follow noopener\" target=\"_self\" role=\"button\"><div class=\"uagb-button__link\">050 570 8720<\/div><\/a><\/div><\/div>\n<\/div><\/div>\n<\/div><\/section>\n","protected":false},"excerpt":{"rendered":"<p>Melanooma, kirurgia laihtumisen j\u00e4lkeen ja lymfastaasin hoito ovat erityisosaamistamme. Hoidamme my\u00f6s arvet, kasvojen alueen ihosy\u00f6v\u00e4t ja muut sairaudet.<\/p>\n","protected":false},"author":17,"featured_media":17807,"parent":0,"menu_order":0,"comment_status":"closed","ping_status":"closed","template":"","meta":{"_uag_custom_page_level_css":"","_kad_blocks_custom_css":"","_kad_blocks_head_custom_js":"","_kad_blocks_body_custom_js":"","_kad_blocks_footer_custom_js":"","site-sidebar-layout":"left-sidebar","site-content-layout":"default","ast-site-content-layout":"default","site-content-style":"default","site-sidebar-style":"default","ast-global-header-display":"","ast-banner-title-visibility":"","ast-main-header-display":"","ast-hfb-above-header-display":"","ast-hfb-below-header-display":"","ast-hfb-mobile-header-display":"","site-post-title":"disabled","ast-breadcrumbs-content":"","ast-featured-img":"disabled","footer-sml-layout":"","theme-transparent-header-meta":"default","adv-header-id-meta":"","stick-header-meta":"default","header-above-stick-meta":"","header-main-stick-meta":"","header-below-stick-meta":"","astra-migrate-meta-layouts":"set","ast-page-background-enabled":"default","ast-page-background-meta":{"desktop":{"background-color":"","background-image":"","background-repeat":"repeat","background-position":"center center","background-size":"auto","background-attachment":"scroll","background-type":"","background-media":"","overlay-type":"","overlay-color":"","overlay-opacity":"","overlay-gradient":""},"tablet":{"background-color":"","background-image":"","background-repeat":"repeat","background-position":"center center","background-size":"auto","background-attachment":"scroll","background-type":"","background-media":"","overlay-type":"","overlay-color":"","overlay-opacity":"","overlay-gradient":""},"mobile":{"background-color":"","background-image":"","background-repeat":"repeat","background-position":"center center","background-size":"auto","background-attachment":"scroll","background-type":"","background-media":"","overlay-type":"","overlay-color":"","overlay-opacity":"","overlay-gradient":""}},"ast-content-background-meta":{"desktop":{"background-color":"var(--ast-global-color-5)","background-image":"","background-repeat":"repeat","background-position":"center center","background-size":"auto","background-attachment":"scroll","background-type":"","background-media":"","overlay-type":"","overlay-color":"","overlay-opacity":"","overlay-gradient":""},"tablet":{"background-color":"var(--ast-global-color-5)","background-image":"","background-repeat":"repeat","background-position":"center center","background-size":"auto","background-attachment":"scroll","background-type":"","background-media":"","overlay-type":"","overlay-color":"","overlay-opacity":"","overlay-gradient":""},"mobile":{"background-color":"var(--ast-global-color-5)","background-image":"","background-repeat":"repeat","background-position":"center center","background-size":"auto","background-attachment":"scroll","background-type":"","background-media":"","overlay-type":"","overlay-color":"","overlay-opacity":"","overlay-gradient":""}},"footnotes":""},"class_list":["post-16858","page","type-page","status-publish","has-post-thumbnail","hentry"],"yoast_head":"<!-- This site is optimized with the Yoast SEO plugin v26.6 - https:\/\/yoast.com\/wordpress\/plugins\/seo\/ -->\n<title>Muut hoidot - Clinic Helena<\/title>\n<meta name=\"description\" content=\"Melanooma, kirurgia laihtumisen j\u00e4lkeen ja lymfastaasin hoito ovat erityisosaamistamme. Hoidamme my\u00f6s arvet, kasvojen alueen ihosy\u00f6v\u00e4t ja muut sairaudet.\" \/>\n<meta name=\"robots\" content=\"index, follow, max-snippet:-1, max-image-preview:large, max-video-preview:-1\" \/>\n<link rel=\"canonical\" href=\"https:\/\/www.clinichelena.com\/fi\/muut-hoidot\/\" \/>\n<meta property=\"og:locale\" content=\"fi_FI\" \/>\n<meta property=\"og:type\" content=\"article\" \/>\n<meta property=\"og:title\" content=\"Muut hoidot - Clinic Helena\" \/>\n<meta property=\"og:description\" content=\"Melanooma, kirurgia laihtumisen j\u00e4lkeen ja lymfastaasin hoito ovat erityisosaamistamme. Hoidamme my\u00f6s arvet, kasvojen alueen ihosy\u00f6v\u00e4t ja muut sairaudet.\" \/>\n<meta property=\"og:url\" content=\"https:\/\/www.clinichelena.com\/fi\/muut-hoidot\/\" \/>\n<meta property=\"og:site_name\" content=\"Clinic Helena\" \/>\n<meta property=\"article:modified_time\" content=\"2025-01-31T14:49:31+00:00\" \/>\n<meta property=\"og:image\" content=\"https:\/\/www.clinichelena.com\/wp-content\/uploads\/2020\/09\/Other-treatments-otapostasis-scaled.jpg\" \/>\n\t<meta property=\"og:image:width\" content=\"2560\" \/>\n\t<meta property=\"og:image:height\" content=\"1707\" \/>\n\t<meta property=\"og:image:type\" content=\"image\/jpeg\" \/>\n<meta name=\"twitter:card\" content=\"summary_large_image\" \/>\n<meta name=\"twitter:label1\" content=\"Arvioitu lukuaika\" \/>\n\t<meta name=\"twitter:data1\" content=\"2 minuuttia\" \/>\n<script type=\"application\/ld+json\" class=\"yoast-schema-graph\">{\"@context\":\"https:\/\/schema.org\",\"@graph\":[{\"@type\":[\"WebPage\",\"MedicalWebPage\"],\"@id\":\"https:\/\/www.clinichelena.com\/fi\/muut-hoidot\/\",\"url\":\"https:\/\/www.clinichelena.com\/fi\/muut-hoidot\/\",\"name\":\"Muut hoidot - Clinic Helena\",\"isPartOf\":{\"@id\":\"https:\/\/www.clinichelena.com\/fi\/#website\"},\"primaryImageOfPage\":{\"@id\":\"https:\/\/www.clinichelena.com\/fi\/muut-hoidot\/#primaryimage\"},\"image\":{\"@id\":\"https:\/\/www.clinichelena.com\/fi\/muut-hoidot\/#primaryimage\"},\"thumbnailUrl\":\"https:\/\/www.clinichelena.com\/wp-content\/uploads\/2020\/09\/Other-treatments-otapostasis-scaled.jpg\",\"datePublished\":\"2020-08-02T12:40:18+00:00\",\"dateModified\":\"2025-01-31T14:49:31+00:00\",\"description\":\"Melanooma, kirurgia laihtumisen j\u00e4lkeen ja lymfastaasin hoito ovat erityisosaamistamme. Hoidamme my\u00f6s arvet, kasvojen alueen ihosy\u00f6v\u00e4t ja muut sairaudet.\",\"breadcrumb\":{\"@id\":\"https:\/\/www.clinichelena.com\/fi\/muut-hoidot\/#breadcrumb\"},\"inLanguage\":\"fi\",\"potentialAction\":[{\"@type\":\"ReadAction\",\"target\":[\"https:\/\/www.clinichelena.com\/fi\/muut-hoidot\/\"]}]},{\"@type\":\"ImageObject\",\"inLanguage\":\"fi\",\"@id\":\"https:\/\/www.clinichelena.com\/fi\/muut-hoidot\/#primaryimage\",\"url\":\"https:\/\/www.clinichelena.com\/wp-content\/uploads\/2020\/09\/Other-treatments-otapostasis-scaled.jpg\",\"contentUrl\":\"https:\/\/www.clinichelena.com\/wp-content\/uploads\/2020\/09\/Other-treatments-otapostasis-scaled.jpg\",\"width\":2560,\"height\":1707,\"caption\":\"\u0414\u0440\u0443\u0433\u0438\u0435 \u0432\u0438\u0434\u044b \u043b\u0435\u0447\u0435\u043d\u0438\u044f - \u043e\u0442\u0430\u043f\u0430\u0441\u0442\u0430\u0437\"},{\"@type\":\"BreadcrumbList\",\"@id\":\"https:\/\/www.clinichelena.com\/fi\/muut-hoidot\/#breadcrumb\",\"itemListElement\":[{\"@type\":\"ListItem\",\"position\":1,\"name\":\"Etusivu\",\"item\":\"https:\/\/www.clinichelena.com\/fi\/\"},{\"@type\":\"ListItem\",\"position\":2,\"name\":\"Muut hoidot\"}]},{\"@type\":\"WebSite\",\"@id\":\"https:\/\/www.clinichelena.com\/fi\/#website\",\"url\":\"https:\/\/www.clinichelena.com\/fi\/\",\"name\":\"Clinic Helena\",\"description\":\"Your Breasts Matter\",\"publisher\":{\"@id\":\"https:\/\/www.clinichelena.com\/fi\/#organization\"},\"potentialAction\":[{\"@type\":\"SearchAction\",\"target\":{\"@type\":\"EntryPoint\",\"urlTemplate\":\"https:\/\/www.clinichelena.com\/fi\/?s={search_term_string}\"},\"query-input\":{\"@type\":\"PropertyValueSpecification\",\"valueRequired\":true,\"valueName\":\"search_term_string\"}}],\"inLanguage\":\"fi\"},{\"@type\":\"Organization\",\"@id\":\"https:\/\/www.clinichelena.com\/fi\/#organization\",\"name\":\"Klinikka Helena\",\"url\":\"https:\/\/www.clinichelena.com\/fi\/\",\"logo\":{\"@type\":\"ImageObject\",\"inLanguage\":\"fi\",\"@id\":\"https:\/\/www.clinichelena.com\/fi\/#\/schema\/logo\/image\/\",\"url\":\"https:\/\/www.clinichelena.com\/wp-content\/uploads\/2020\/11\/New-logo.png\",\"contentUrl\":\"https:\/\/www.clinichelena.com\/wp-content\/uploads\/2020\/11\/New-logo.png\",\"width\":950,\"height\":661,\"caption\":\"Klinikka Helena\"},\"image\":{\"@id\":\"https:\/\/www.clinichelena.com\/fi\/#\/schema\/logo\/image\/\"}}]}<\/script>\n<!-- \/ Yoast SEO plugin. -->","yoast_head_json":{"title":"Muut hoidot - Clinic Helena","description":"Melanooma, kirurgia laihtumisen j\u00e4lkeen ja lymfastaasin hoito ovat erityisosaamistamme. Hoidamme my\u00f6s arvet, kasvojen alueen ihosy\u00f6v\u00e4t ja muut sairaudet.","robots":{"index":"index","follow":"follow","max-snippet":"max-snippet:-1","max-image-preview":"max-image-preview:large","max-video-preview":"max-video-preview:-1"},"canonical":"https:\/\/www.clinichelena.com\/fi\/muut-hoidot\/","og_locale":"fi_FI","og_type":"article","og_title":"Muut hoidot - Clinic Helena","og_description":"Melanooma, kirurgia laihtumisen j\u00e4lkeen ja lymfastaasin hoito ovat erityisosaamistamme. Hoidamme my\u00f6s arvet, kasvojen alueen ihosy\u00f6v\u00e4t ja muut sairaudet.","og_url":"https:\/\/www.clinichelena.com\/fi\/muut-hoidot\/","og_site_name":"Clinic Helena","article_modified_time":"2025-01-31T14:49:31+00:00","og_image":[{"width":2560,"height":1707,"url":"https:\/\/www.clinichelena.com\/wp-content\/uploads\/2020\/09\/Other-treatments-otapostasis-scaled.jpg","type":"image\/jpeg"}],"twitter_card":"summary_large_image","twitter_misc":{"Arvioitu lukuaika":"2 minuuttia"},"schema":{"@context":"https:\/\/schema.org","@graph":[{"@type":["WebPage","MedicalWebPage"],"@id":"https:\/\/www.clinichelena.com\/fi\/muut-hoidot\/","url":"https:\/\/www.clinichelena.com\/fi\/muut-hoidot\/","name":"Muut hoidot - Clinic Helena","isPartOf":{"@id":"https:\/\/www.clinichelena.com\/fi\/#website"},"primaryImageOfPage":{"@id":"https:\/\/www.clinichelena.com\/fi\/muut-hoidot\/#primaryimage"},"image":{"@id":"https:\/\/www.clinichelena.com\/fi\/muut-hoidot\/#primaryimage"},"thumbnailUrl":"https:\/\/www.clinichelena.com\/wp-content\/uploads\/2020\/09\/Other-treatments-otapostasis-scaled.jpg","datePublished":"2020-08-02T12:40:18+00:00","dateModified":"2025-01-31T14:49:31+00:00","description":"Melanooma, kirurgia laihtumisen j\u00e4lkeen ja lymfastaasin hoito ovat erityisosaamistamme. Hoidamme my\u00f6s arvet, kasvojen alueen ihosy\u00f6v\u00e4t ja muut sairaudet.","breadcrumb":{"@id":"https:\/\/www.clinichelena.com\/fi\/muut-hoidot\/#breadcrumb"},"inLanguage":"fi","potentialAction":[{"@type":"ReadAction","target":["https:\/\/www.clinichelena.com\/fi\/muut-hoidot\/"]}]},{"@type":"ImageObject","inLanguage":"fi","@id":"https:\/\/www.clinichelena.com\/fi\/muut-hoidot\/#primaryimage","url":"https:\/\/www.clinichelena.com\/wp-content\/uploads\/2020\/09\/Other-treatments-otapostasis-scaled.jpg","contentUrl":"https:\/\/www.clinichelena.com\/wp-content\/uploads\/2020\/09\/Other-treatments-otapostasis-scaled.jpg","width":2560,"height":1707,"caption":"\u0414\u0440\u0443\u0433\u0438\u0435 \u0432\u0438\u0434\u044b \u043b\u0435\u0447\u0435\u043d\u0438\u044f - \u043e\u0442\u0430\u043f\u0430\u0441\u0442\u0430\u0437"},{"@type":"BreadcrumbList","@id":"https:\/\/www.clinichelena.com\/fi\/muut-hoidot\/#breadcrumb","itemListElement":[{"@type":"ListItem","position":1,"name":"Etusivu","item":"https:\/\/www.clinichelena.com\/fi\/"},{"@type":"ListItem","position":2,"name":"Muut hoidot"}]},{"@type":"WebSite","@id":"https:\/\/www.clinichelena.com\/fi\/#website","url":"https:\/\/www.clinichelena.com\/fi\/","name":"Clinic Helena","description":"Your Breasts Matter","publisher":{"@id":"https:\/\/www.clinichelena.com\/fi\/#organization"},"potentialAction":[{"@type":"SearchAction","target":{"@type":"EntryPoint","urlTemplate":"https:\/\/www.clinichelena.com\/fi\/?s={search_term_string}"},"query-input":{"@type":"PropertyValueSpecification","valueRequired":true,"valueName":"search_term_string"}}],"inLanguage":"fi"},{"@type":"Organization","@id":"https:\/\/www.clinichelena.com\/fi\/#organization","name":"Klinikka Helena","url":"https:\/\/www.clinichelena.com\/fi\/","logo":{"@type":"ImageObject","inLanguage":"fi","@id":"https:\/\/www.clinichelena.com\/fi\/#\/schema\/logo\/image\/","url":"https:\/\/www.clinichelena.com\/wp-content\/uploads\/2020\/11\/New-logo.png","contentUrl":"https:\/\/www.clinichelena.com\/wp-content\/uploads\/2020\/11\/New-logo.png","width":950,"height":661,"caption":"Klinikka Helena"},"image":{"@id":"https:\/\/www.clinichelena.com\/fi\/#\/schema\/logo\/image\/"}}]}},"taxonomy_info":[],"featured_image_src_large":["https:\/\/www.clinichelena.com\/wp-content\/uploads\/2020\/09\/Other-treatments-otapostasis-scaled-1024x683.jpg",1024,683,true],"author_info":{"display_name":"Reeta","author_link":"https:\/\/www.clinichelena.com\/fi\/author\/reeta-luoto\/"},"comment_info":"","uagb_featured_image_src":{"full":["https:\/\/www.clinichelena.com\/wp-content\/uploads\/2020\/09\/Other-treatments-otapostasis-scaled.jpg",2560,1707,false],"thumbnail":["https:\/\/www.clinichelena.com\/wp-content\/uploads\/2020\/09\/Other-treatments-otapostasis-scaled-150x150.jpg",150,150,true],"medium":["https:\/\/www.clinichelena.com\/wp-content\/uploads\/2020\/09\/Other-treatments-otapostasis-scaled-300x200.jpg",300,200,true],"medium_large":["https:\/\/www.clinichelena.com\/wp-content\/uploads\/2020\/09\/Other-treatments-otapostasis-scaled-768x512.jpg",768,512,true],"large":["https:\/\/www.clinichelena.com\/wp-content\/uploads\/2020\/09\/Other-treatments-otapostasis-scaled-1024x683.jpg",1024,683,true],"1536x1536":["https:\/\/www.clinichelena.com\/wp-content\/uploads\/2020\/09\/Other-treatments-otapostasis-scaled-1536x1024.jpg",1536,1024,true],"2048x2048":["https:\/\/www.clinichelena.com\/wp-content\/uploads\/2020\/09\/Other-treatments-otapostasis-scaled-2048x1366.jpg",2048,1366,true],"custom-square":["https:\/\/www.clinichelena.com\/wp-content\/uploads\/2020\/09\/Other-treatments-otapostasis-scaled-300x300.jpg",300,300,true]},"uagb_author_info":{"display_name":"Reeta","author_link":"https:\/\/www.clinichelena.com\/fi\/author\/reeta-luoto\/"},"uagb_comment_info":0,"uagb_excerpt":"Melanooma, kirurgia laihtumisen j\u00e4lkeen ja lymfastaasin hoito ovat erityisosaamistamme. Hoidamme my\u00f6s arvet, kasvojen alueen ihosy\u00f6v\u00e4t ja muut sairaudet.","_links":{"self":[{"href":"https:\/\/www.clinichelena.com\/fi\/wp-json\/wp\/v2\/pages\/16858","targetHints":{"allow":["GET"]}}],"collection":[{"href":"https:\/\/www.clinichelena.com\/fi\/wp-json\/wp\/v2\/pages"}],"about":[{"href":"https:\/\/www.clinichelena.com\/fi\/wp-json\/wp\/v2\/types\/page"}],"author":[{"embeddable":true,"href":"https:\/\/www.clinichelena.com\/fi\/wp-json\/wp\/v2\/users\/17"}],"replies":[{"embeddable":true,"href":"https:\/\/www.clinichelena.com\/fi\/wp-json\/wp\/v2\/comments?post=16858"}],"version-history":[{"count":15,"href":"https:\/\/www.clinichelena.com\/fi\/wp-json\/wp\/v2\/pages\/16858\/revisions"}],"predecessor-version":[{"id":33373,"href":"https:\/\/www.clinichelena.com\/fi\/wp-json\/wp\/v2\/pages\/16858\/revisions\/33373"}],"wp:featuredmedia":[{"embeddable":true,"href":"https:\/\/www.clinichelena.com\/fi\/wp-json\/wp\/v2\/media\/17807"}],"wp:attachment":[{"href":"https:\/\/www.clinichelena.com\/fi\/wp-json\/wp\/v2\/media?parent=16858"}],"curies":[{"name":"wp","href":"https:\/\/api.w.org\/{rel}","templated":true}]}}