{"id":16851,"date":"2020-08-02T16:40:55","date_gmt":"2020-08-02T12:40:55","guid":{"rendered":"http:\/\/clinichelena.kinsta.cloud\/lymphostasis\/"},"modified":"2021-09-17T14:40:28","modified_gmt":"2021-09-17T10:40:28","slug":"lymfostaasin-hoito","status":"publish","type":"page","link":"https:\/\/www.clinichelena.com\/fi\/lymfostaasin-hoito\/","title":{"rendered":"Lymfostaasin hoito"},"content":{"rendered":"\n<h1 class=\"wp-block-heading\">Lymfostaasin hoito<\/h1>\n\n\n\n<p>Lymfostaasin hoito on meille syd\u00e4men asia. Hoito kannattaa aloittaa heti turvotuksen ilmennytty\u00e4!<\/p>\n\n\n\n<ul class=\"wp-block-list\"><li>Kompressiohoito on konservatiivisen hoidon kulmakivi!<\/li><li>Kirurgisella hoidolla poistetaan turvonnutta kudosta, ohjataan imuteiden kulku laskimokiertoon tai tuodaan ongelma-alueelle terveit\u00e4 imusolmukkeita mikrokirurgisesti.<\/li><\/ul>\n\n\n\n<h2 class=\"wp-block-heading\">Yleist\u00e4 tietoa lymfostaasin hoidosta<\/h2>\n\n\n\n<section class=\"wp-block-uagb-columns uagb-columns__wrap uagb-columns__background-undefined uagb-columns__stack-mobile uagb-columns__valign-undefined uagb-columns__gap-10 alignundefined uagb-block-1174cb09\"><div class=\"uagb-columns__overlay\"><\/div><div class=\"uagb-columns__inner-wrap uagb-columns__columns-2\">\n<div class=\"wp-block-uagb-column uagb-column__wrap uagb-column__background-undefined uagb-block-24fcfe86\"><div class=\"uagb-column__overlay\"><\/div><div class=\"uagb-column__inner-wrap\">\n<p>Lymfa, imuneste, on valkuaispitoinen neste, joka suodattuu verisuonistamme kudoksiin. Kudoksista neste kulkeutuu imuteit\u00e4 pitkin imusolmukkeisiin, jotka toimivat elimist\u00f6mme immuunipuolustuksen vartioasemina. <\/p>\n\n\n\n<p>Lopulta imusolmukeketjun kautta ylim\u00e4\u00e4r\u00e4inen neste palaa takaisin laskimokiertoomme.<\/p>\n\n\n\n<p>T\u00e4rkeimm\u00e4t imunesteen kierron h\u00e4iri\u00f6n aiheuttaman turvotuksen, lymfostaassin, syyt globaalisti ovat pehmytkudosinfektiot (esim. filariasis). <\/p>\n<\/div><\/div>\n\n\n\n<div class=\"wp-block-uagb-column uagb-column__wrap uagb-column__background-undefined uagb-block-1e8fc795\"><div class=\"uagb-column__overlay\"><\/div><div class=\"uagb-column__inner-wrap\">\n<figure class=\"wp-block-image size-custom-square\"><a href=\"https:\/\/www.clinichelena.com\/wp-content\/uploads\/2020\/09\/Lymphostasis-scaled.jpg\"><img loading=\"lazy\" decoding=\"async\" width=\"300\" height=\"300\" src=\"https:\/\/www.clinichelena.com\/wp-content\/uploads\/2020\/09\/Lymphostasis-300x300.jpg\" alt=\"Lymfostaasin hoito\" class=\"wp-image-17984\" srcset=\"https:\/\/www.clinichelena.com\/wp-content\/uploads\/2020\/09\/Lymphostasis-300x300.jpg 300w, https:\/\/www.clinichelena.com\/wp-content\/uploads\/2020\/09\/Lymphostasis-1024x1024.jpg 1024w, https:\/\/www.clinichelena.com\/wp-content\/uploads\/2020\/09\/Lymphostasis-150x150.jpg 150w, https:\/\/www.clinichelena.com\/wp-content\/uploads\/2020\/09\/Lymphostasis-768x768.jpg 768w, https:\/\/www.clinichelena.com\/wp-content\/uploads\/2020\/09\/Lymphostasis-1536x1536.jpg 1536w, https:\/\/www.clinichelena.com\/wp-content\/uploads\/2020\/09\/Lymphostasis-2048x2048.jpg 2048w, https:\/\/www.clinichelena.com\/wp-content\/uploads\/2020\/09\/Lymphostasis-520x520.jpg 520w, https:\/\/www.clinichelena.com\/wp-content\/uploads\/2020\/09\/Lymphostasis-255x255.jpg 255w\" sizes=\"auto, (max-width: 300px) 100vw, 300px\" \/><\/a><\/figure>\n<\/div><\/div>\n<\/div><\/section>\n\n\n\n<p>Syyn\u00e4 voi olla my\u00f6s synnynn\u00e4inen imusolmukkeiden puute. L\u00e4nsimaisessa yhteiskunnassa tavallisin syy lymfostaassiin on imuteiden kautta levi\u00e4v\u00e4t sy\u00f6p\u00e4taudit (rintasy\u00f6p\u00e4, melanooma, gynekologiset sy\u00f6v\u00e4t), joiden hoidossa joudutaan leikkaamaan ja s\u00e4dehoitamaan imusolmukealueita radikaalisti. <\/p>\n\n\n\n<p>My\u00f6s ylipaino voi aiheuttaa imuteiden turvotusta, samoin alaraajojen hankala suonikohjutauti.<\/p>\n\n\n\n<h2 class=\"wp-block-heading\">Konservatiivinen hoito<\/h2>\n\n\n\n<p>Sy\u00f6p\u00e4hoitojen leikkaustekniikkojen ja s\u00e4dehoidon laadun parannuttua imunesteen kierron h\u00e4iri\u00f6 on yleens\u00e4 liev\u00e4. Konservatiivinen turvotuksen hoito useimmiten auttaa riitt\u00e4v\u00e4sti. Kompressiohoito on hoidon kulmakivi.<\/p>\n\n\n\n<p>Manuaalinen lymfaterapia, koneellinen imuhieronta eli LPG-hoito ja ihon hoito ovat ensisijaisia. Tarkoin mittojen mukaan tehty\u00e4 kompressiohihaa tulee pit\u00e4\u00e4 jatkuvasti. Liikunta, kohoasento ja painon pudotus auttavat my\u00f6s merkitt\u00e4v\u00e4sti.<\/p>\n\n\n\n<h2 class=\"wp-block-heading\">Kirurginen hoito<\/h2>\n\n\n\n<p>Ellei konservatiivinen hoito tehoa ja lymfastaassi lis\u00e4\u00e4ntyy, kannattaa jo varhaisvaiheessa harkita my\u00f6s kirurgista hoitoa.<br>Rasvaimu v\u00e4hent\u00e4\u00e4 turvonneiden rasvasolujen m\u00e4\u00e4r\u00e4\u00e4 ja voi tuoda riitt\u00e4v\u00e4n avun. Yleens\u00e4 kompressiohihaa silti tulee k\u00e4ytt\u00e4\u00e4 jatkuvasti. Rasvaimuun pit\u00e4\u00e4 valmistautua huolella. Ihorikkoja ei saa olla, antibioottiprofylaksia on t\u00e4rke\u00e4, ja j\u00e4lkihoitona kudosvuotojen ehk\u00e4iseminen on t\u00e4rke\u00e4t\u00e4.<\/p>\n\n\n\n<p>Jos lymfostaassi on merkitt\u00e4v\u00e4\u00e4, kannattaa harkita imuteiden siirtoa mikrovaskulaarisena tai lymfavenafistelin rakentamista mikrokirurgisesti.<\/p>\n\n\n\n<p>Rintasy\u00f6p\u00e4potilaalle, jolla on rinnan poiston ja kainaloevacuation j\u00e4lkeen k\u00e4den turvotusta, on ideaalista tehd\u00e4 mikrovaskulaarisen alavatsakielekerintarekonstruktion (ms-TRAM) yhteydess\u00e4 nivusalueelta my\u00f6s imusolmukesiirto. T\u00e4ll\u00f6in nivusalueen imusolmukkeita siirret\u00e4\u00e4n verenkierrotettuina leikatulle kainaloalueelle. Imusolmukkeet voidaan siirt\u00e4\u00e4 my\u00f6s ilman rintarekonstruktiota, mutta onneksi rintaa s\u00e4\u00e4st\u00e4v\u00e4ss\u00e4 kirurgiassa potilaalle harvoin tulee hankalaa k\u00e4den turvotusta.<\/p>\n\n\n\n<p>Plastiikkakirurgillamme Helena Puontilla on pitk\u00e4aikainen kokemus mikrokirurgiasta ja rinnan rakentamisesta mikroneurovaskulaarisella alavatsakielekkeell\u00e4, johon tarvittaessa liitet\u00e4\u00e4n nivusalueelta imusolmukesiirto. Potilaan tulisi kuitenkin olla kohtuullisen terve, ettei iso leikkaus vaaranna potilaan toipumista siit\u00e4.<\/p>\n\n\n\n<p>Aikaisemmin lymfavenafistelin ompelu ei tuottanut hyv\u00e4\u00e4 tulosta. Ilmeisesti krooninen turvotus oli ehtinyt aiheuttaa jo ihon paksuuntumista ja ihon alaisen kerroksen sidekudostumista, jolloin vain ihonalaisen kudoksen kirurgisella poistolla ja ihonsiirrolla voitiin turvotusta helpottaa.<\/p>\n\n\n\n<p>Lymfavenafisteli on tekniikkojen parantuessa tullut uudelleen muotiin. Se on kuitenkin teht\u00e4v\u00e4 riitt\u00e4v\u00e4n varhaisvaiheessa, ennen kuin k\u00e4den tilanne kroonistuu. Pieni imutie ommellaan laskimon kylkeen mikroskoopin avulla. Kyyn\u00e4rvarren turvotuksessa lymfavenafisteli tai mieluummin pari ommellaan ranteen alueelle, olkavarren turvotuksessa se tehd\u00e4\u00e4n my\u00f6s kyyn\u00e4rtaipeeseen.<\/p>\n\n\n\n<p>Plastiikkakirurgimme<a href=\"https:\/\/www.clinichelena.com\/fi\/helena-puonti\/\"> Helena Puonti<\/a> on erityisen kiinnostunut imunesteen kierron parantamisesta, ja on ty\u00f6skennellyt ongelman parissa jo yli 20 vuoden ajan.<\/p>\n","protected":false},"excerpt":{"rendered":"<p>Lymfostaasin hoito Lymfostaasin hoito on meille syd\u00e4men asia. Hoito kannattaa aloittaa heti turvotuksen ilmennytty\u00e4! Kompressiohoito on konservatiivisen hoidon kulmakivi! Kirurgisella hoidolla poistetaan turvonnutta kudosta, ohjataan imuteiden kulku laskimokiertoon tai tuodaan ongelma-alueelle terveit\u00e4 imusolmukkeita mikrokirurgisesti. Yleist\u00e4 [&hellip;]<\/p>\n","protected":false},"author":17,"featured_media":0,"parent":0,"menu_order":0,"comment_status":"closed","ping_status":"closed","template":"","meta":{"_uag_custom_page_level_css":"","_kad_blocks_custom_css":"","_kad_blocks_head_custom_js":"","_kad_blocks_body_custom_js":"","_kad_blocks_footer_custom_js":"","site-sidebar-layout":"left-sidebar","site-content-layout":"default","ast-site-content-layout":"default","site-content-style":"default","site-sidebar-style":"default","ast-global-header-display":"","ast-banner-title-visibility":"","ast-main-header-display":"","ast-hfb-above-header-display":"","ast-hfb-below-header-display":"","ast-hfb-mobile-header-display":"","site-post-title":"disabled","ast-breadcrumbs-content":"","ast-featured-img":"","footer-sml-layout":"","theme-transparent-header-meta":"default","adv-header-id-meta":"","stick-header-meta":"default","header-above-stick-meta":"","header-main-stick-meta":"","header-below-stick-meta":"","astra-migrate-meta-layouts":"default","ast-page-background-enabled":"default","ast-page-background-meta":{"desktop":{"background-color":"","background-image":"","background-repeat":"repeat","background-position":"center center","background-size":"auto","background-attachment":"scroll","background-type":"","background-media":"","overlay-type":"","overlay-color":"","overlay-opacity":"","overlay-gradient":""},"tablet":{"background-color":"","background-image":"","background-repeat":"repeat","background-position":"center center","background-size":"auto","background-attachment":"scroll","background-type":"","background-media":"","overlay-type":"","overlay-color":"","overlay-opacity":"","overlay-gradient":""},"mobile":{"background-color":"","background-image":"","background-repeat":"repeat","background-position":"center center","background-size":"auto","background-attachment":"scroll","background-type":"","background-media":"","overlay-type":"","overlay-color":"","overlay-opacity":"","overlay-gradient":""}},"ast-content-background-meta":{"desktop":{"background-color":"var(--ast-global-color-5)","background-image":"","background-repeat":"repeat","background-position":"center center","background-size":"auto","background-attachment":"scroll","background-type":"","background-media":"","overlay-type":"","overlay-color":"","overlay-opacity":"","overlay-gradient":""},"tablet":{"background-color":"var(--ast-global-color-5)","background-image":"","background-repeat":"repeat","background-position":"center center","background-size":"auto","background-attachment":"scroll","background-type":"","background-media":"","overlay-type":"","overlay-color":"","overlay-opacity":"","overlay-gradient":""},"mobile":{"background-color":"var(--ast-global-color-5)","background-image":"","background-repeat":"repeat","background-position":"center center","background-size":"auto","background-attachment":"scroll","background-type":"","background-media":"","overlay-type":"","overlay-color":"","overlay-opacity":"","overlay-gradient":""}},"footnotes":""},"class_list":["post-16851","page","type-page","status-publish","hentry"],"yoast_head":"<!-- This site is optimized with the Yoast SEO plugin v26.6 - https:\/\/yoast.com\/wordpress\/plugins\/seo\/ -->\n<title>Lymfostaasin hoito - Clinic Helena<\/title>\n<meta name=\"description\" content=\"Lymfostaasin hoito on meille syd\u00e4men asia. Hoito kannattaa aloittaa heti turvotuksen ilmennytty\u00e4!\" \/>\n<meta name=\"robots\" content=\"index, follow, max-snippet:-1, max-image-preview:large, max-video-preview:-1\" \/>\n<link rel=\"canonical\" href=\"https:\/\/www.clinichelena.com\/fi\/lymfostaasin-hoito\/\" \/>\n<meta property=\"og:locale\" content=\"fi_FI\" \/>\n<meta property=\"og:type\" content=\"article\" \/>\n<meta property=\"og:title\" content=\"Lymfostaasin hoito - Clinic Helena\" \/>\n<meta property=\"og:description\" content=\"Lymfostaasin hoito on meille syd\u00e4men asia. Hoito kannattaa aloittaa heti turvotuksen ilmennytty\u00e4!\" \/>\n<meta property=\"og:url\" content=\"https:\/\/www.clinichelena.com\/fi\/lymfostaasin-hoito\/\" \/>\n<meta property=\"og:site_name\" content=\"Clinic Helena\" \/>\n<meta property=\"article:modified_time\" content=\"2021-09-17T10:40:28+00:00\" \/>\n<meta property=\"og:image\" content=\"https:\/\/www.clinichelena.com\/wp-content\/uploads\/2020\/09\/Lymphostasis-300x300.jpg\" \/>\n<meta name=\"twitter:card\" content=\"summary_large_image\" \/>\n<meta name=\"twitter:label1\" content=\"Arvioitu lukuaika\" \/>\n\t<meta name=\"twitter:data1\" content=\"2 minuuttia\" \/>\n<script type=\"application\/ld+json\" class=\"yoast-schema-graph\">{\"@context\":\"https:\/\/schema.org\",\"@graph\":[{\"@type\":[\"WebPage\",\"MedicalWebPage\"],\"@id\":\"https:\/\/www.clinichelena.com\/fi\/lymfostaasin-hoito\/\",\"url\":\"https:\/\/www.clinichelena.com\/fi\/lymfostaasin-hoito\/\",\"name\":\"Lymfostaasin hoito - Clinic Helena\",\"isPartOf\":{\"@id\":\"https:\/\/www.clinichelena.com\/fi\/#website\"},\"primaryImageOfPage\":{\"@id\":\"https:\/\/www.clinichelena.com\/fi\/lymfostaasin-hoito\/#primaryimage\"},\"image\":{\"@id\":\"https:\/\/www.clinichelena.com\/fi\/lymfostaasin-hoito\/#primaryimage\"},\"thumbnailUrl\":\"https:\/\/www.clinichelena.com\/wp-content\/uploads\/2020\/09\/Lymphostasis-300x300.jpg\",\"datePublished\":\"2020-08-02T12:40:55+00:00\",\"dateModified\":\"2021-09-17T10:40:28+00:00\",\"description\":\"Lymfostaasin hoito on meille syd\u00e4men asia. Hoito kannattaa aloittaa heti turvotuksen ilmennytty\u00e4!\",\"breadcrumb\":{\"@id\":\"https:\/\/www.clinichelena.com\/fi\/lymfostaasin-hoito\/#breadcrumb\"},\"inLanguage\":\"fi\",\"potentialAction\":[{\"@type\":\"ReadAction\",\"target\":[\"https:\/\/www.clinichelena.com\/fi\/lymfostaasin-hoito\/\"]}]},{\"@type\":\"ImageObject\",\"inLanguage\":\"fi\",\"@id\":\"https:\/\/www.clinichelena.com\/fi\/lymfostaasin-hoito\/#primaryimage\",\"url\":\"https:\/\/www.clinichelena.com\/wp-content\/uploads\/2020\/09\/Lymphostasis-300x300.jpg\",\"contentUrl\":\"https:\/\/www.clinichelena.com\/wp-content\/uploads\/2020\/09\/Lymphostasis-300x300.jpg\"},{\"@type\":\"BreadcrumbList\",\"@id\":\"https:\/\/www.clinichelena.com\/fi\/lymfostaasin-hoito\/#breadcrumb\",\"itemListElement\":[{\"@type\":\"ListItem\",\"position\":1,\"name\":\"Etusivu\",\"item\":\"https:\/\/www.clinichelena.com\/fi\/\"},{\"@type\":\"ListItem\",\"position\":2,\"name\":\"Lymfostaasin hoito\"}]},{\"@type\":\"WebSite\",\"@id\":\"https:\/\/www.clinichelena.com\/fi\/#website\",\"url\":\"https:\/\/www.clinichelena.com\/fi\/\",\"name\":\"Clinic Helena\",\"description\":\"Your Breasts Matter\",\"publisher\":{\"@id\":\"https:\/\/www.clinichelena.com\/fi\/#organization\"},\"potentialAction\":[{\"@type\":\"SearchAction\",\"target\":{\"@type\":\"EntryPoint\",\"urlTemplate\":\"https:\/\/www.clinichelena.com\/fi\/?s={search_term_string}\"},\"query-input\":{\"@type\":\"PropertyValueSpecification\",\"valueRequired\":true,\"valueName\":\"search_term_string\"}}],\"inLanguage\":\"fi\"},{\"@type\":\"Organization\",\"@id\":\"https:\/\/www.clinichelena.com\/fi\/#organization\",\"name\":\"Klinikka Helena\",\"url\":\"https:\/\/www.clinichelena.com\/fi\/\",\"logo\":{\"@type\":\"ImageObject\",\"inLanguage\":\"fi\",\"@id\":\"https:\/\/www.clinichelena.com\/fi\/#\/schema\/logo\/image\/\",\"url\":\"https:\/\/www.clinichelena.com\/wp-content\/uploads\/2020\/11\/New-logo.png\",\"contentUrl\":\"https:\/\/www.clinichelena.com\/wp-content\/uploads\/2020\/11\/New-logo.png\",\"width\":950,\"height\":661,\"caption\":\"Klinikka Helena\"},\"image\":{\"@id\":\"https:\/\/www.clinichelena.com\/fi\/#\/schema\/logo\/image\/\"}}]}<\/script>\n<!-- \/ Yoast SEO plugin. -->","yoast_head_json":{"title":"Lymfostaasin hoito - Clinic Helena","description":"Lymfostaasin hoito on meille syd\u00e4men asia. Hoito kannattaa aloittaa heti turvotuksen ilmennytty\u00e4!","robots":{"index":"index","follow":"follow","max-snippet":"max-snippet:-1","max-image-preview":"max-image-preview:large","max-video-preview":"max-video-preview:-1"},"canonical":"https:\/\/www.clinichelena.com\/fi\/lymfostaasin-hoito\/","og_locale":"fi_FI","og_type":"article","og_title":"Lymfostaasin hoito - Clinic Helena","og_description":"Lymfostaasin hoito on meille syd\u00e4men asia. Hoito kannattaa aloittaa heti turvotuksen ilmennytty\u00e4!","og_url":"https:\/\/www.clinichelena.com\/fi\/lymfostaasin-hoito\/","og_site_name":"Clinic Helena","article_modified_time":"2021-09-17T10:40:28+00:00","og_image":[{"url":"https:\/\/www.clinichelena.com\/wp-content\/uploads\/2020\/09\/Lymphostasis-300x300.jpg","type":"","width":"","height":""}],"twitter_card":"summary_large_image","twitter_misc":{"Arvioitu lukuaika":"2 minuuttia"},"schema":{"@context":"https:\/\/schema.org","@graph":[{"@type":["WebPage","MedicalWebPage"],"@id":"https:\/\/www.clinichelena.com\/fi\/lymfostaasin-hoito\/","url":"https:\/\/www.clinichelena.com\/fi\/lymfostaasin-hoito\/","name":"Lymfostaasin hoito - Clinic Helena","isPartOf":{"@id":"https:\/\/www.clinichelena.com\/fi\/#website"},"primaryImageOfPage":{"@id":"https:\/\/www.clinichelena.com\/fi\/lymfostaasin-hoito\/#primaryimage"},"image":{"@id":"https:\/\/www.clinichelena.com\/fi\/lymfostaasin-hoito\/#primaryimage"},"thumbnailUrl":"https:\/\/www.clinichelena.com\/wp-content\/uploads\/2020\/09\/Lymphostasis-300x300.jpg","datePublished":"2020-08-02T12:40:55+00:00","dateModified":"2021-09-17T10:40:28+00:00","description":"Lymfostaasin hoito on meille syd\u00e4men asia. Hoito kannattaa aloittaa heti turvotuksen ilmennytty\u00e4!","breadcrumb":{"@id":"https:\/\/www.clinichelena.com\/fi\/lymfostaasin-hoito\/#breadcrumb"},"inLanguage":"fi","potentialAction":[{"@type":"ReadAction","target":["https:\/\/www.clinichelena.com\/fi\/lymfostaasin-hoito\/"]}]},{"@type":"ImageObject","inLanguage":"fi","@id":"https:\/\/www.clinichelena.com\/fi\/lymfostaasin-hoito\/#primaryimage","url":"https:\/\/www.clinichelena.com\/wp-content\/uploads\/2020\/09\/Lymphostasis-300x300.jpg","contentUrl":"https:\/\/www.clinichelena.com\/wp-content\/uploads\/2020\/09\/Lymphostasis-300x300.jpg"},{"@type":"BreadcrumbList","@id":"https:\/\/www.clinichelena.com\/fi\/lymfostaasin-hoito\/#breadcrumb","itemListElement":[{"@type":"ListItem","position":1,"name":"Etusivu","item":"https:\/\/www.clinichelena.com\/fi\/"},{"@type":"ListItem","position":2,"name":"Lymfostaasin hoito"}]},{"@type":"WebSite","@id":"https:\/\/www.clinichelena.com\/fi\/#website","url":"https:\/\/www.clinichelena.com\/fi\/","name":"Clinic Helena","description":"Your Breasts Matter","publisher":{"@id":"https:\/\/www.clinichelena.com\/fi\/#organization"},"potentialAction":[{"@type":"SearchAction","target":{"@type":"EntryPoint","urlTemplate":"https:\/\/www.clinichelena.com\/fi\/?s={search_term_string}"},"query-input":{"@type":"PropertyValueSpecification","valueRequired":true,"valueName":"search_term_string"}}],"inLanguage":"fi"},{"@type":"Organization","@id":"https:\/\/www.clinichelena.com\/fi\/#organization","name":"Klinikka Helena","url":"https:\/\/www.clinichelena.com\/fi\/","logo":{"@type":"ImageObject","inLanguage":"fi","@id":"https:\/\/www.clinichelena.com\/fi\/#\/schema\/logo\/image\/","url":"https:\/\/www.clinichelena.com\/wp-content\/uploads\/2020\/11\/New-logo.png","contentUrl":"https:\/\/www.clinichelena.com\/wp-content\/uploads\/2020\/11\/New-logo.png","width":950,"height":661,"caption":"Klinikka Helena"},"image":{"@id":"https:\/\/www.clinichelena.com\/fi\/#\/schema\/logo\/image\/"}}]}},"taxonomy_info":[],"featured_image_src_large":false,"author_info":{"display_name":"Reeta","author_link":"https:\/\/www.clinichelena.com\/fi\/author\/reeta-luoto\/"},"comment_info":"","uagb_featured_image_src":{"full":false,"thumbnail":false,"medium":false,"medium_large":false,"large":false,"1536x1536":false,"2048x2048":false,"custom-square":false},"uagb_author_info":{"display_name":"Reeta","author_link":"https:\/\/www.clinichelena.com\/fi\/author\/reeta-luoto\/"},"uagb_comment_info":0,"uagb_excerpt":"Lymfostaasin hoito Lymfostaasin hoito on meille syd\u00e4men asia. Hoito kannattaa aloittaa heti turvotuksen ilmennytty\u00e4! Kompressiohoito on konservatiivisen hoidon kulmakivi! Kirurgisella hoidolla poistetaan turvonnutta kudosta, ohjataan imuteiden kulku laskimokiertoon tai tuodaan ongelma-alueelle terveit\u00e4 imusolmukkeita mikrokirurgisesti. Yleist\u00e4 [&hellip;]","_links":{"self":[{"href":"https:\/\/www.clinichelena.com\/fi\/wp-json\/wp\/v2\/pages\/16851","targetHints":{"allow":["GET"]}}],"collection":[{"href":"https:\/\/www.clinichelena.com\/fi\/wp-json\/wp\/v2\/pages"}],"about":[{"href":"https:\/\/www.clinichelena.com\/fi\/wp-json\/wp\/v2\/types\/page"}],"author":[{"embeddable":true,"href":"https:\/\/www.clinichelena.com\/fi\/wp-json\/wp\/v2\/users\/17"}],"replies":[{"embeddable":true,"href":"https:\/\/www.clinichelena.com\/fi\/wp-json\/wp\/v2\/comments?post=16851"}],"version-history":[{"count":9,"href":"https:\/\/www.clinichelena.com\/fi\/wp-json\/wp\/v2\/pages\/16851\/revisions"}],"predecessor-version":[{"id":25159,"href":"https:\/\/www.clinichelena.com\/fi\/wp-json\/wp\/v2\/pages\/16851\/revisions\/25159"}],"wp:attachment":[{"href":"https:\/\/www.clinichelena.com\/fi\/wp-json\/wp\/v2\/media?parent=16851"}],"curies":[{"name":"wp","href":"https:\/\/api.w.org\/{rel}","templated":true}]}}