{"id":16850,"date":"2020-08-02T16:41:01","date_gmt":"2020-08-02T12:41:01","guid":{"rendered":"http:\/\/clinichelena.kinsta.cloud\/facial-reconstructions-and-tumours\/"},"modified":"2026-02-16T13:02:30","modified_gmt":"2026-02-16T11:02:30","slug":"kasvojen-alueen-sairaudet-ja-syovat","status":"publish","type":"page","link":"https:\/\/www.clinichelena.com\/fi\/kasvojen-alueen-sairaudet-ja-syovat\/","title":{"rendered":"Kasvojen alueen sairaudet ja sy\u00f6v\u00e4t"},"content":{"rendered":"\n<h1 class=\"wp-block-heading\">Kasvojen alueen sairaudet ja sy\u00f6v\u00e4t<\/h1>\n\n\n\n<h2 class=\"wp-block-heading\">Silm\u00e4luomien rekonstruktiot<\/h2>\n\n\n\n<figure class=\"wp-block-image alignleft size-custom-square\"><a href=\"https:\/\/www.clinichelena.com\/wp-content\/uploads\/2025\/01\/Nimeton-malli-12.jpg\"><img loading=\"lazy\" decoding=\"async\" width=\"300\" height=\"300\" src=\"https:\/\/www.clinichelena.com\/wp-content\/uploads\/2025\/01\/Nimeton-malli-12-300x300.jpg\" alt=\"\" class=\"wp-image-33283\" srcset=\"https:\/\/www.clinichelena.com\/wp-content\/uploads\/2025\/01\/Nimeton-malli-12-300x300.jpg 300w, https:\/\/www.clinichelena.com\/wp-content\/uploads\/2025\/01\/Nimeton-malli-12-150x150.jpg 150w, https:\/\/www.clinichelena.com\/wp-content\/uploads\/2025\/01\/Nimeton-malli-12.jpg 430w\" sizes=\"auto, (max-width: 300px) 100vw, 300px\" \/><\/a><\/figure>\n\n\n\n<p><b>Ektropium <\/b> tarkoittaa silm\u00e4luomen l\u00f6ystymist\u00e4 ja ulosp\u00e4in k\u00e4\u00e4ntymist\u00e4. Silm\u00e4luomi ei t\u00e4ll\u00f6in en\u00e4\u00e4 suojaa silm\u00e4n pintaa. Silm\u00e4 \u00e4rtyy ja tulehtuu helposti sek\u00e4 vetist\u00e4\u00e4. Kyynelneste yritt\u00e4\u00e4 huuhdella silm\u00e4\u00e4 enemm\u00e4n ja korjata tilannetta. Silm\u00e4tulehdus voi johtaa silm\u00e4n pinnan vaurioitumiseen ja n\u00e4\u00f6n menetykseen.<\/p>\n\n\n\n<p>Ektropium-leikkauksessa lyhennet\u00e4\u00e4n luomea ja ripustetaan se silm\u00e4n ulkokulman tukikudokseen (canthopexia). Toisinaan my\u00f6s alaluomen iho voi olla kureutunut, jolloin siihen tuodaan tervett\u00e4 ihoa esim. yl\u00e4luomen iholta kaksikantaisella kielekkeell\u00e4. T\u00e4ll\u00f6in leikkaus on kaksivaiheinen. Ensin korjataan ihopuutos ja 2-3 viikon kuluttua silm\u00e4n sis\u00e4nurkan puoleinen siirtokielekkeen reuna irrotetaan ja siistit\u00e4\u00e4n.<\/p>\n\n\n\n<p><b>Entropium<\/b> tarkoittaa silm\u00e4luomen k\u00e4\u00e4ntymist\u00e4 sis\u00e4\u00e4np\u00e4in. T\u00e4ll\u00f6in silm\u00e4ripset hankaavat silm\u00e4n pintaa. Silm\u00e4 tulehtuu j\u00e4lleen helposti, r\u00e4hmii ja vetist\u00e4\u00e4 jatkuvasti. Korjauksessa poistetaan liikaihoa ja tarvittaessa korjataan kirist\u00e4v\u00e4t arvet tai pidennet\u00e4\u00e4n silm\u00e4luomen sis\u00e4pinnan limakalvoa suusta otettavalla limakalvosiirteell\u00e4.<\/p>\n\n\n\n<p>Jos kasvaimen takia joudutaan poistamaan koko silm\u00e4luomi, rekonstruoidaan sen iho paikallisella kielekkeell\u00e4. Silm\u00e4luomen tukikalvo tarsus korvataan rustosiirteell\u00e4. Rustosiirre voidaan ottaa nen\u00e4n v\u00e4lisein\u00e4m\u00e4st\u00e4 tai korvalehdest\u00e4. Useimmiten silm\u00e4n sis\u00e4pinnalle joudutaan ottamaan suun limakalvosiirre, joka on riitt\u00e4v\u00e4n sile\u00e4, eik\u00e4 hankaa silm\u00e4n pintaa.<\/p>\n\n\n\n<h2 class=\"wp-block-heading\">Muut kasvojen alueen rekonstruktiot<\/h2>\n\n\n\n<p>Kasvojen kasvaimien, esim. melanooman tai basalioman leikkauksissa voidaan joutua laajoihin kudospoistoihin. T\u00e4ll\u00f6in ne rakennetaan paikallisilla kielekkeill\u00e4. Laajoissa kudospuutoksissa voidaan joutua tyytym\u00e4\u00e4n ihonsiirtoihin tai tehd\u00e4\u00e4n mikrovaskulaarinen vapaa kudossiirto. My\u00f6s temporaalifasciaa voidaan k\u00e4ytt\u00e4\u00e4 kielekesiirtona ihonsiirron alustaksi.<\/p>\n\n\n\n<p>Kasvohermohalvaus aiheuttaa merkitt\u00e4v\u00e4n ep\u00e4symmetrian ja toiminnan h\u00e4iri\u00f6n kasvojen alueelle. T\u00e4st\u00e4 muodostuu usein iso sosiaalinen haitta. Korjaavassa kirurgiassa voidaan tasapainottaa tilanne lepoasentoon. Jos tavoitellaan suupielen supistusliikett\u00e4, tarvitaan vapaata mikroneurovaskulaarista kudossiirtoa. Leikkaus suunnitellaan yksil\u00f6llisesti vamman vakavuuden mukaan.<\/p>\n\n\n\n<p>\u00c4\u00e4ritapauksena voidaan koko kasvot siirt\u00e4\u00e4. Ensimm\u00e4inen onnistunut kasvojen siirto tehtiin Ranskassa useita vuosia sitten. Suomessa kasvojen siirrot tehd\u00e4\u00e4n Helsingin Yliopistollisessa sairaalassa<\/p>\n\n\n\n<p>Kasvojen alueen rekonstruktiot ovat vaativia ja aina vamman laadusta riippuvaisia. Plastiikkakirugi Helena Puonti on erikoistunut kasvojen alueen korjauksiin. Eritt\u00e4in vaativissa tapauksissa voidaan kuitenkin tarvita moniammatillista yhteisty\u00f6t\u00e4. T\u00e4ll\u00f6in konsultoidaan kyseiseen ongelmaan erikoistuneita kollegoita ja j\u00e4rjestet\u00e4\u00e4n jokaiselle asiakkaalle paras mahdollinen hoito.<\/p>\n\n\n\n<h2 class=\"wp-block-heading\">Kasvojen alueen sy\u00f6v\u00e4t<\/h2>\n\n\n\n<p><b>Basaliooma<\/b> eli tyvisolusy\u00f6p\u00e4 on tavallisin kasvojen alueen sy\u00f6p\u00e4. Se tulee pitk\u00e4n i\u00e4n my\u00f6t\u00e4 yleens\u00e4 auringon altistamille alueille. Toisinaan my\u00f6s nuorempi ihminen voi sairastua t\u00e4h\u00e4n. Hilseilev\u00e4, punoittava ja helposti rikkoutuva ihoalue, joka ei parane, voi olla ensimm\u00e4inen merkki basaliomasta. Ne tulee leikata pois.<\/p>\n\n\n\n<figure class=\"wp-block-image alignright size-custom-square\"><a href=\"https:\/\/www.clinichelena.com\/wp-content\/uploads\/2020\/09\/Other-treatments-basalioma-.jpg\"><img loading=\"lazy\" decoding=\"async\" width=\"300\" height=\"300\" src=\"https:\/\/www.clinichelena.com\/wp-content\/uploads\/2020\/09\/Other-treatments-basalioma--300x300.jpg\" alt=\"Muut hoidot - Basaliooma\" class=\"wp-image-17952\" srcset=\"https:\/\/www.clinichelena.com\/wp-content\/uploads\/2020\/09\/Other-treatments-basalioma--300x300.jpg 300w, https:\/\/www.clinichelena.com\/wp-content\/uploads\/2020\/09\/Other-treatments-basalioma--150x150.jpg 150w, https:\/\/www.clinichelena.com\/wp-content\/uploads\/2020\/09\/Other-treatments-basalioma--520x520.jpg 520w, https:\/\/www.clinichelena.com\/wp-content\/uploads\/2020\/09\/Other-treatments-basalioma--255x255.jpg 255w\" sizes=\"auto, (max-width: 300px) 100vw, 300px\" \/><\/a><figcaption class=\"wp-element-caption\"><em>Basaliooma nen\u00e4n p\u00e4\u00e4ss\u00e4<\/em><\/figcaption><\/figure>\n\n\n\n<p>Hoitomuodot ovat kehittyneet viime vuosina. T\u00e4llaiset pinnalliset ihopunoitukset ja rikkoalueet voidaan hoitaa paikallisilla voiteilla tai ihokuorinnalla ihotautil\u00e4\u00e4k\u00e4rin toimesta. Kaikista ihomuutoksista tulee ottaa koepala ennen hoidon aloittamista.<\/p>\n\n\n\n<p>Jos ihomuutos on kasvanut haavaumaksi, jossa voi olla vallimaiset reunat ja paksuuntumaa, on kirurginen poisto paras vaihtoehto. Basalioman hoidoksi riitt\u00e4\u00e4 sen radikaali poisto selke\u00e4ll\u00e4 tervekudosmarginaalilla.<\/p>\n\n\n\n<p>Leikkauksen vaativuus riippuu siit\u00e4, miss\u00e4 paikassa basalioma on. Salakavalasti se voi tulla esim. silm\u00e4luomeen ja kasvaa limakalvolle asti. T\u00e4ll\u00f6in silm\u00e4 on vaarassa. Toisinaan joudutaan poistamaan koko silm\u00e4luomi ja rakentamaan se uudelleen. T\u00e4m\u00e4 onnistuu vierusalueen kudoksista. Tarvittaessa otetaan korvalehdest\u00e4 rustoa esim. alaluomen tukemiseksi.<\/p>\n\n\n\n<figure class=\"wp-block-image alignleft size-large is-resized\"><a href=\"https:\/\/www.clinichelena.com\/wp-content\/uploads\/2020\/08\/\u043d\u0430-\u043b\u0438\u0446\u0435.jpg\"><img loading=\"lazy\" decoding=\"async\" width=\"68\" height=\"127\" src=\"https:\/\/www.clinichelena.com\/wp-content\/uploads\/2020\/08\/\u043d\u0430-\u043b\u0438\u0446\u0435.jpg\" alt=\"Muut hoidot - Basaliooma nen\u00e4ss\u00e4\" class=\"wp-image-17290\" style=\"width:104px;height:auto\"\/><\/a><\/figure>\n\n\n\n<p>Kasvojen alueen sy\u00f6p\u00e4kirurgia on vaativaa. Arpi useimmiten j\u00e4\u00e4 n\u00e4kyviin, mutta muoto pyrit\u00e4\u00e4n palauttamaan mahdollisuuksien mukaan.<\/p>\n\n\n\n<p>Muita kasvojenalueen sy\u00f6pi\u00e4 ovat ihon<strong> pintaepiteelin epidermoidicarsinooma<\/strong>, <strong>hikirauhasten sy\u00f6p\u00e4kasvaimet, melanooma<\/strong> ym, mutta ne ovat kohtuullisen harvinaisia. T\u00e4rke\u00e4t\u00e4 on, ett\u00e4 jokaisesta ep\u00e4ilytt\u00e4v\u00e4st\u00e4 muutoksesta otetaan koepala ja suunnitellaan yksil\u00f6llinen hoito. Melanoomaa ep\u00e4ilt\u00e4ess\u00e4 luomi tulisi poistaa kokonaan jo n\u00e4ytteen oton yhteydess\u00e4. Melanoomasta lis\u00e4\u00e4 t\u00e4\u00e4ll\u00e4.<\/p>\n\n\n\n<section class=\"wp-block-uagb-section uagb-section__wrap uagb-section__background-color uagb-block-3d2fffef uag-hide-mob\"><div class=\"uagb-section__overlay\"><\/div><div class=\"uagb-section__inner-wrap\">\n<h2 class=\"wp-block-heading\">Nopeasti tutkimuksiin ja hoitoon <\/h2>\n\n\n\n<p>Jos haluat kuulla hoitovaihtoehdoista ja l\u00f6yt\u00e4\u00e4 sinulle sopivimman toimenpiteen, voit varata ajan ilmaiseen hoitajan konsultaatioon tai suoraan Helena Puontin vastaanotolle, nopeasti ilman l\u00e4hetett\u00e4.<\/p>\n\n\n\n<h4 class=\"wp-block-heading\">Miksi valita Clinic Helena:<\/h4>\n\n\n\n<ul class=\"wp-block-list\">\n<li>Maailmanluokan osaaminen ja vuosikymmenten kokemus nykyaikaisista kirurgisista hoitomenetelmist\u00e4.<\/li>\n\n\n\n<li>Helena Puontin asiantunteva l\u00e4hestymistapa ja nopea hoitoon p\u00e4\u00e4sy.<\/li>\n\n\n\n<li>Tampereelle on helppo saapua mist\u00e4 p\u00e4in Suomea tahansa.<\/li>\n\n\n\n<li>Teemme ty\u00f6t\u00e4 syd\u00e4mell\u00e4 ja olemme rinnallasi koko hoitopolun ajan, auttaen Sinua voimaan paremmin.<\/li>\n<\/ul>\n\n\n\n<div class=\"wp-block-uagb-buttons uagb-buttons__outer-wrap uagb-btn__default-btn uagb-btn-tablet__default-btn uagb-btn-mobile__default-btn uagb-block-aaaee149\"><div class=\"uagb-buttons__wrap uagb-buttons-layout-wrap \">\n<div class=\"wp-block-uagb-buttons-child uagb-buttons__outer-wrap uagb-block-05b51c49 wp-block-button\"><div class=\"uagb-button__wrapper\"><a class=\"uagb-buttons-repeater wp-block-button__link\" aria-label=\"\" href=\"https:\/\/www.clinichelena.com\/fi\/yhteystiedot\/\" rel=\"follow noopener\" target=\"_self\" role=\"button\"><div class=\"uagb-button__link\">Ota yhteytt\u00e4<\/div><\/a><\/div><\/div>\n\n\n\n<div class=\"wp-block-uagb-buttons-child uagb-buttons__outer-wrap uagb-block-145f3d38 wp-block-button\"><div class=\"uagb-button__wrapper\"><a class=\"uagb-buttons-repeater wp-block-button__link\" aria-label=\"\" href=\"tel:+358442378021\" rel=\"follow noopener\" target=\"_self\" role=\"button\"><div class=\"uagb-button__link\">050 570 8720<\/div><\/a><\/div><\/div>\n<\/div><\/div>\n<\/div><\/section>\n","protected":false},"excerpt":{"rendered":"<p>Hoidamme ammattitaidolla my\u00f6s erilaiset kasvojen alueen rekonstruktiot.<\/p>\n","protected":false},"author":17,"featured_media":0,"parent":0,"menu_order":0,"comment_status":"closed","ping_status":"closed","template":"","meta":{"_uag_custom_page_level_css":"","_kad_blocks_custom_css":"","_kad_blocks_head_custom_js":"","_kad_blocks_body_custom_js":"","_kad_blocks_footer_custom_js":"","site-sidebar-layout":"left-sidebar","site-content-layout":"default","ast-site-content-layout":"default","site-content-style":"default","site-sidebar-style":"default","ast-global-header-display":"","ast-banner-title-visibility":"","ast-main-header-display":"","ast-hfb-above-header-display":"","ast-hfb-below-header-display":"","ast-hfb-mobile-header-display":"","site-post-title":"disabled","ast-breadcrumbs-content":"","ast-featured-img":"","footer-sml-layout":"","theme-transparent-header-meta":"default","adv-header-id-meta":"","stick-header-meta":"default","header-above-stick-meta":"","header-main-stick-meta":"","header-below-stick-meta":"","astra-migrate-meta-layouts":"set","ast-page-background-enabled":"default","ast-page-background-meta":{"desktop":{"background-color":"","background-image":"","background-repeat":"repeat","background-position":"center center","background-size":"auto","background-attachment":"scroll","background-type":"","background-media":"","overlay-type":"","overlay-color":"","overlay-opacity":"","overlay-gradient":""},"tablet":{"background-color":"","background-image":"","background-repeat":"repeat","background-position":"center center","background-size":"auto","background-attachment":"scroll","background-type":"","background-media":"","overlay-type":"","overlay-color":"","overlay-opacity":"","overlay-gradient":""},"mobile":{"background-color":"","background-image":"","background-repeat":"repeat","background-position":"center center","background-size":"auto","background-attachment":"scroll","background-type":"","background-media":"","overlay-type":"","overlay-color":"","overlay-opacity":"","overlay-gradient":""}},"ast-content-background-meta":{"desktop":{"background-color":"var(--ast-global-color-5)","background-image":"","background-repeat":"repeat","background-position":"center center","background-size":"auto","background-attachment":"scroll","background-type":"","background-media":"","overlay-type":"","overlay-color":"","overlay-opacity":"","overlay-gradient":""},"tablet":{"background-color":"var(--ast-global-color-5)","background-image":"","background-repeat":"repeat","background-position":"center center","background-size":"auto","background-attachment":"scroll","background-type":"","background-media":"","overlay-type":"","overlay-color":"","overlay-opacity":"","overlay-gradient":""},"mobile":{"background-color":"var(--ast-global-color-5)","background-image":"","background-repeat":"repeat","background-position":"center center","background-size":"auto","background-attachment":"scroll","background-type":"","background-media":"","overlay-type":"","overlay-color":"","overlay-opacity":"","overlay-gradient":""}},"footnotes":""},"class_list":["post-16850","page","type-page","status-publish","hentry"],"yoast_head":"<!-- This site is optimized with the Yoast SEO plugin v26.6 - https:\/\/yoast.com\/wordpress\/plugins\/seo\/ -->\n<title>Kasvojen alueen sairaudet ja sy\u00f6v\u00e4t - Clinic Helena<\/title>\n<meta name=\"description\" content=\"Clinic Helena auttaa kasvojen alueen sairauksien ja sy\u00f6pien hoidossa, yhdist\u00e4en plastiikkakirurgisen osaamisen ja potilaan yksil\u00f6lliset tarpeet. Lue lis\u00e4\u00e4!\" \/>\n<meta name=\"robots\" content=\"index, follow, max-snippet:-1, max-image-preview:large, max-video-preview:-1\" \/>\n<link rel=\"canonical\" href=\"https:\/\/www.clinichelena.com\/fi\/kasvojen-alueen-sairaudet-ja-syovat\/\" \/>\n<meta property=\"og:locale\" content=\"fi_FI\" \/>\n<meta property=\"og:type\" content=\"article\" \/>\n<meta property=\"og:title\" content=\"Kasvojen alueen sairaudet ja sy\u00f6v\u00e4t - Clinic Helena\" \/>\n<meta property=\"og:description\" content=\"Clinic Helena auttaa kasvojen alueen sairauksien ja sy\u00f6pien hoidossa, yhdist\u00e4en plastiikkakirurgisen osaamisen ja potilaan yksil\u00f6lliset tarpeet. Lue lis\u00e4\u00e4!\" \/>\n<meta property=\"og:url\" content=\"https:\/\/www.clinichelena.com\/fi\/kasvojen-alueen-sairaudet-ja-syovat\/\" \/>\n<meta property=\"og:site_name\" content=\"Clinic Helena\" \/>\n<meta property=\"article:modified_time\" content=\"2026-02-16T11:02:30+00:00\" \/>\n<meta property=\"og:image\" content=\"https:\/\/www.clinichelena.com\/wp-content\/uploads\/2025\/01\/Nimeton-malli-12.jpg\" \/>\n\t<meta property=\"og:image:width\" content=\"430\" \/>\n\t<meta property=\"og:image:height\" content=\"430\" \/>\n\t<meta property=\"og:image:type\" content=\"image\/jpeg\" \/>\n<meta name=\"twitter:card\" content=\"summary_large_image\" \/>\n<meta name=\"twitter:label1\" content=\"Arvioitu lukuaika\" \/>\n\t<meta name=\"twitter:data1\" content=\"6 minuuttia\" \/>\n<script type=\"application\/ld+json\" class=\"yoast-schema-graph\">{\"@context\":\"https:\/\/schema.org\",\"@graph\":[{\"@type\":[\"WebPage\",\"MedicalWebPage\"],\"@id\":\"https:\/\/www.clinichelena.com\/fi\/kasvojen-alueen-sairaudet-ja-syovat\/\",\"url\":\"https:\/\/www.clinichelena.com\/fi\/kasvojen-alueen-sairaudet-ja-syovat\/\",\"name\":\"Kasvojen alueen sairaudet ja sy\u00f6v\u00e4t - Clinic Helena\",\"isPartOf\":{\"@id\":\"https:\/\/www.clinichelena.com\/fi\/#website\"},\"primaryImageOfPage\":{\"@id\":\"https:\/\/www.clinichelena.com\/fi\/kasvojen-alueen-sairaudet-ja-syovat\/#primaryimage\"},\"image\":{\"@id\":\"https:\/\/www.clinichelena.com\/fi\/kasvojen-alueen-sairaudet-ja-syovat\/#primaryimage\"},\"thumbnailUrl\":\"https:\/\/www.clinichelena.com\/wp-content\/uploads\/2025\/01\/Nimeton-malli-12-300x300.jpg\",\"datePublished\":\"2020-08-02T12:41:01+00:00\",\"dateModified\":\"2026-02-16T11:02:30+00:00\",\"description\":\"Clinic Helena auttaa kasvojen alueen sairauksien ja sy\u00f6pien hoidossa, yhdist\u00e4en plastiikkakirurgisen osaamisen ja potilaan yksil\u00f6lliset tarpeet. Lue lis\u00e4\u00e4!\",\"breadcrumb\":{\"@id\":\"https:\/\/www.clinichelena.com\/fi\/kasvojen-alueen-sairaudet-ja-syovat\/#breadcrumb\"},\"inLanguage\":\"fi\",\"potentialAction\":[{\"@type\":\"ReadAction\",\"target\":[\"https:\/\/www.clinichelena.com\/fi\/kasvojen-alueen-sairaudet-ja-syovat\/\"]}]},{\"@type\":\"ImageObject\",\"inLanguage\":\"fi\",\"@id\":\"https:\/\/www.clinichelena.com\/fi\/kasvojen-alueen-sairaudet-ja-syovat\/#primaryimage\",\"url\":\"https:\/\/www.clinichelena.com\/wp-content\/uploads\/2025\/01\/Nimeton-malli-12-300x300.jpg\",\"contentUrl\":\"https:\/\/www.clinichelena.com\/wp-content\/uploads\/2025\/01\/Nimeton-malli-12-300x300.jpg\"},{\"@type\":\"BreadcrumbList\",\"@id\":\"https:\/\/www.clinichelena.com\/fi\/kasvojen-alueen-sairaudet-ja-syovat\/#breadcrumb\",\"itemListElement\":[{\"@type\":\"ListItem\",\"position\":1,\"name\":\"Etusivu\",\"item\":\"https:\/\/www.clinichelena.com\/fi\/\"},{\"@type\":\"ListItem\",\"position\":2,\"name\":\"Kasvojen alueen sairaudet ja sy\u00f6v\u00e4t\"}]},{\"@type\":\"WebSite\",\"@id\":\"https:\/\/www.clinichelena.com\/fi\/#website\",\"url\":\"https:\/\/www.clinichelena.com\/fi\/\",\"name\":\"Clinic Helena\",\"description\":\"Your Breasts Matter\",\"publisher\":{\"@id\":\"https:\/\/www.clinichelena.com\/fi\/#organization\"},\"potentialAction\":[{\"@type\":\"SearchAction\",\"target\":{\"@type\":\"EntryPoint\",\"urlTemplate\":\"https:\/\/www.clinichelena.com\/fi\/?s={search_term_string}\"},\"query-input\":{\"@type\":\"PropertyValueSpecification\",\"valueRequired\":true,\"valueName\":\"search_term_string\"}}],\"inLanguage\":\"fi\"},{\"@type\":\"Organization\",\"@id\":\"https:\/\/www.clinichelena.com\/fi\/#organization\",\"name\":\"Klinikka Helena\",\"url\":\"https:\/\/www.clinichelena.com\/fi\/\",\"logo\":{\"@type\":\"ImageObject\",\"inLanguage\":\"fi\",\"@id\":\"https:\/\/www.clinichelena.com\/fi\/#\/schema\/logo\/image\/\",\"url\":\"https:\/\/www.clinichelena.com\/wp-content\/uploads\/2020\/11\/New-logo.png\",\"contentUrl\":\"https:\/\/www.clinichelena.com\/wp-content\/uploads\/2020\/11\/New-logo.png\",\"width\":950,\"height\":661,\"caption\":\"Klinikka Helena\"},\"image\":{\"@id\":\"https:\/\/www.clinichelena.com\/fi\/#\/schema\/logo\/image\/\"}}]}<\/script>\n<!-- \/ Yoast SEO plugin. -->","yoast_head_json":{"title":"Kasvojen alueen sairaudet ja sy\u00f6v\u00e4t - Clinic Helena","description":"Clinic Helena auttaa kasvojen alueen sairauksien ja sy\u00f6pien hoidossa, yhdist\u00e4en plastiikkakirurgisen osaamisen ja potilaan yksil\u00f6lliset tarpeet. Lue lis\u00e4\u00e4!","robots":{"index":"index","follow":"follow","max-snippet":"max-snippet:-1","max-image-preview":"max-image-preview:large","max-video-preview":"max-video-preview:-1"},"canonical":"https:\/\/www.clinichelena.com\/fi\/kasvojen-alueen-sairaudet-ja-syovat\/","og_locale":"fi_FI","og_type":"article","og_title":"Kasvojen alueen sairaudet ja sy\u00f6v\u00e4t - Clinic Helena","og_description":"Clinic Helena auttaa kasvojen alueen sairauksien ja sy\u00f6pien hoidossa, yhdist\u00e4en plastiikkakirurgisen osaamisen ja potilaan yksil\u00f6lliset tarpeet. Lue lis\u00e4\u00e4!","og_url":"https:\/\/www.clinichelena.com\/fi\/kasvojen-alueen-sairaudet-ja-syovat\/","og_site_name":"Clinic Helena","article_modified_time":"2026-02-16T11:02:30+00:00","og_image":[{"width":430,"height":430,"url":"https:\/\/www.clinichelena.com\/wp-content\/uploads\/2025\/01\/Nimeton-malli-12.jpg","type":"image\/jpeg"}],"twitter_card":"summary_large_image","twitter_misc":{"Arvioitu lukuaika":"6 minuuttia"},"schema":{"@context":"https:\/\/schema.org","@graph":[{"@type":["WebPage","MedicalWebPage"],"@id":"https:\/\/www.clinichelena.com\/fi\/kasvojen-alueen-sairaudet-ja-syovat\/","url":"https:\/\/www.clinichelena.com\/fi\/kasvojen-alueen-sairaudet-ja-syovat\/","name":"Kasvojen alueen sairaudet ja sy\u00f6v\u00e4t - Clinic Helena","isPartOf":{"@id":"https:\/\/www.clinichelena.com\/fi\/#website"},"primaryImageOfPage":{"@id":"https:\/\/www.clinichelena.com\/fi\/kasvojen-alueen-sairaudet-ja-syovat\/#primaryimage"},"image":{"@id":"https:\/\/www.clinichelena.com\/fi\/kasvojen-alueen-sairaudet-ja-syovat\/#primaryimage"},"thumbnailUrl":"https:\/\/www.clinichelena.com\/wp-content\/uploads\/2025\/01\/Nimeton-malli-12-300x300.jpg","datePublished":"2020-08-02T12:41:01+00:00","dateModified":"2026-02-16T11:02:30+00:00","description":"Clinic Helena auttaa kasvojen alueen sairauksien ja sy\u00f6pien hoidossa, yhdist\u00e4en plastiikkakirurgisen osaamisen ja potilaan yksil\u00f6lliset tarpeet. Lue lis\u00e4\u00e4!","breadcrumb":{"@id":"https:\/\/www.clinichelena.com\/fi\/kasvojen-alueen-sairaudet-ja-syovat\/#breadcrumb"},"inLanguage":"fi","potentialAction":[{"@type":"ReadAction","target":["https:\/\/www.clinichelena.com\/fi\/kasvojen-alueen-sairaudet-ja-syovat\/"]}]},{"@type":"ImageObject","inLanguage":"fi","@id":"https:\/\/www.clinichelena.com\/fi\/kasvojen-alueen-sairaudet-ja-syovat\/#primaryimage","url":"https:\/\/www.clinichelena.com\/wp-content\/uploads\/2025\/01\/Nimeton-malli-12-300x300.jpg","contentUrl":"https:\/\/www.clinichelena.com\/wp-content\/uploads\/2025\/01\/Nimeton-malli-12-300x300.jpg"},{"@type":"BreadcrumbList","@id":"https:\/\/www.clinichelena.com\/fi\/kasvojen-alueen-sairaudet-ja-syovat\/#breadcrumb","itemListElement":[{"@type":"ListItem","position":1,"name":"Etusivu","item":"https:\/\/www.clinichelena.com\/fi\/"},{"@type":"ListItem","position":2,"name":"Kasvojen alueen sairaudet ja sy\u00f6v\u00e4t"}]},{"@type":"WebSite","@id":"https:\/\/www.clinichelena.com\/fi\/#website","url":"https:\/\/www.clinichelena.com\/fi\/","name":"Clinic Helena","description":"Your Breasts Matter","publisher":{"@id":"https:\/\/www.clinichelena.com\/fi\/#organization"},"potentialAction":[{"@type":"SearchAction","target":{"@type":"EntryPoint","urlTemplate":"https:\/\/www.clinichelena.com\/fi\/?s={search_term_string}"},"query-input":{"@type":"PropertyValueSpecification","valueRequired":true,"valueName":"search_term_string"}}],"inLanguage":"fi"},{"@type":"Organization","@id":"https:\/\/www.clinichelena.com\/fi\/#organization","name":"Klinikka Helena","url":"https:\/\/www.clinichelena.com\/fi\/","logo":{"@type":"ImageObject","inLanguage":"fi","@id":"https:\/\/www.clinichelena.com\/fi\/#\/schema\/logo\/image\/","url":"https:\/\/www.clinichelena.com\/wp-content\/uploads\/2020\/11\/New-logo.png","contentUrl":"https:\/\/www.clinichelena.com\/wp-content\/uploads\/2020\/11\/New-logo.png","width":950,"height":661,"caption":"Klinikka Helena"},"image":{"@id":"https:\/\/www.clinichelena.com\/fi\/#\/schema\/logo\/image\/"}}]}},"taxonomy_info":[],"featured_image_src_large":false,"author_info":{"display_name":"Reeta","author_link":"https:\/\/www.clinichelena.com\/fi\/author\/reeta-luoto\/"},"comment_info":"","uagb_featured_image_src":{"full":false,"thumbnail":false,"medium":false,"medium_large":false,"large":false,"1536x1536":false,"2048x2048":false,"custom-square":false},"uagb_author_info":{"display_name":"Reeta","author_link":"https:\/\/www.clinichelena.com\/fi\/author\/reeta-luoto\/"},"uagb_comment_info":0,"uagb_excerpt":"Hoidamme ammattitaidolla my\u00f6s erilaiset kasvojen alueen rekonstruktiot.","_links":{"self":[{"href":"https:\/\/www.clinichelena.com\/fi\/wp-json\/wp\/v2\/pages\/16850","targetHints":{"allow":["GET"]}}],"collection":[{"href":"https:\/\/www.clinichelena.com\/fi\/wp-json\/wp\/v2\/pages"}],"about":[{"href":"https:\/\/www.clinichelena.com\/fi\/wp-json\/wp\/v2\/types\/page"}],"author":[{"embeddable":true,"href":"https:\/\/www.clinichelena.com\/fi\/wp-json\/wp\/v2\/users\/17"}],"replies":[{"embeddable":true,"href":"https:\/\/www.clinichelena.com\/fi\/wp-json\/wp\/v2\/comments?post=16850"}],"version-history":[{"count":16,"href":"https:\/\/www.clinichelena.com\/fi\/wp-json\/wp\/v2\/pages\/16850\/revisions"}],"predecessor-version":[{"id":33289,"href":"https:\/\/www.clinichelena.com\/fi\/wp-json\/wp\/v2\/pages\/16850\/revisions\/33289"}],"wp:attachment":[{"href":"https:\/\/www.clinichelena.com\/fi\/wp-json\/wp\/v2\/media?parent=16850"}],"curies":[{"name":"wp","href":"https:\/\/api.w.org\/{rel}","templated":true}]}}