{"id":16833,"date":"2020-08-02T16:42:15","date_gmt":"2020-08-02T12:42:15","guid":{"rendered":"http:\/\/clinichelena.kinsta.cloud\/body-contouring-after-massive-weight-loss\/"},"modified":"2025-01-30T12:36:14","modified_gmt":"2025-01-30T10:36:14","slug":"kirurgia-laihtumisen-jalkeen","status":"publish","type":"page","link":"https:\/\/www.clinichelena.com\/fi\/kirurgia-laihtumisen-jalkeen\/","title":{"rendered":"Kirurgia laihtumisen j\u00e4lkeen"},"content":{"rendered":"\n<h1 class=\"wp-block-heading\">Kirurgia laihtumisen j\u00e4lkeen<\/h1>\n\n\n\n<figure class=\"wp-block-image alignleft size-custom-square\"><a href=\"https:\/\/www.clinichelena.com\/wp-content\/uploads\/2025\/01\/Nimeton-malli-16.jpg\"><img loading=\"lazy\" decoding=\"async\" width=\"300\" height=\"300\" src=\"https:\/\/www.clinichelena.com\/wp-content\/uploads\/2025\/01\/Nimeton-malli-16-300x300.jpg\" alt=\"Laitumisen j\u00e4lkeen potilaalla saattaa olla paljon ylim\u00e4\u00e4r\u00e4ist\u00e4 ihoa jokaaiheuttaa toiminnallista ja esteettist\u00e4 haittaa t\u00e4ll\u00f6in plastiikakirurgia voi parantaa merkitt\u00e4v\u00e4sti potilaan hyvinvointia.\" class=\"wp-image-33349\" srcset=\"https:\/\/www.clinichelena.com\/wp-content\/uploads\/2025\/01\/Nimeton-malli-16-300x300.jpg 300w, https:\/\/www.clinichelena.com\/wp-content\/uploads\/2025\/01\/Nimeton-malli-16-150x150.jpg 150w\" sizes=\"auto, (max-width: 300px) 100vw, 300px\" \/><\/a><\/figure>\n\n\n\n<p>Ylipainoiselle laihtuminen on t\u00e4rke\u00e4 tavoite, joka saavutetaan usein ruokavalio-ohjeistuksella ja s\u00e4\u00e4nn\u00f6llisell\u00e4 liikunnalla. Joissakin tapauksissa, kun perinteiset menetelm\u00e4t eiv\u00e4t tuota toivottuja tuloksia, voidaan turvautua lihavuuskirurgiaan. Vaikka laihtuminen itsess\u00e4\u00e4n parantaa hyvinvointia ja terveytt\u00e4, se voi tuoda mukanaan my\u00f6s haasteita. Kehon rakenteen muutos voi aiheuttaa ylim\u00e4\u00e4r\u00e4ist\u00e4 ihoa, joka muodostaa ik\u00e4vi\u00e4 ihopoimuja. N\u00e4m\u00e4 poimut voivat vaikuttaa paitsi esteettiseen ulkon\u00e4k\u00f6\u00f6n my\u00f6s aiheuttaa toiminnallisia haittoja, kuten hankauksia ja liikkumisvaikeuksia.<\/p>\n\n\n\n<p>Laihtumisen j\u00e4lkeen elimist\u00f6n aineenvaihdunnan tulee tasaantua ennen plastiikkakirurgisia korjausleikkauksia, ja t\u00e4m\u00e4 voi kest\u00e4\u00e4 jopa kaksi vuotta. Aineenvaihdunnan tasapainottaminen on t\u00e4rke\u00e4\u00e4, jotta ihon kimmoisuus palautuu mahdollisimman hyvin ja leikkauksista saadaan parhaat mahdolliset tulokset. Jos korjaustoimenpiteit\u00e4 suoritetaan liian aikaisin, iho ei v\u00e4ltt\u00e4m\u00e4tt\u00e4 ole viel\u00e4 valmis k\u00e4sitelt\u00e4v\u00e4ksi, ja leikkauksen lopputulos saattaa j\u00e4\u00e4d\u00e4 huonommaksi. T\u00e4st\u00e4 syyst\u00e4 on t\u00e4rke\u00e4\u00e4, ett\u00e4 potilas odottaa riitt\u00e4v\u00e4n pitk\u00e4\u00e4n ja antaa keholle aikaa sopeutua.<\/p>\n\n\n\n<p>Laihtumisen j\u00e4lkeinen korjausleikkausprosessi vaatii huolellista suunnittelua. On t\u00e4rke\u00e4\u00e4 tehd\u00e4 kokonaisvaltainen suunnitelma siit\u00e4, mit\u00e4 alueita korjataan ja miss\u00e4 j\u00e4rjestyksess\u00e4. Leikkauksia voi olla tarpeen tehd\u00e4 useassa eri vaiheessa, jotta saavutetaan tasapainoiset ja luonnolliset tulokset. Samalla potilaan on hyv\u00e4 huolehtia painonsa pit\u00e4misest\u00e4 vakaana ja jatkaa s\u00e4\u00e4nn\u00f6llist\u00e4 liikuntaa. Liikunta ei ainoastaan edist\u00e4 ihon kimmoisuutta, vaan parantaa my\u00f6s leikkauksen lopputulosta, sill\u00e4 se lis\u00e4\u00e4 verenkiertoa ja tukee ihon ja lihasten palautumista.<\/p>\n\n\n\n<section class=\"wp-block-uagb-columns uagb-columns__wrap uagb-columns__background-none uagb-columns__stack-none uagb-columns__valign- uagb-columns__gap-10 align uagb-block-2acd8555 uagb-columns__columns-3 uagb-columns__max_width-theme\"><div class=\"uagb-columns__overlay\"><\/div><div class=\"uagb-columns__inner-wrap uagb-columns__columns-3\">\n<div class=\"wp-block-uagb-column uagb-column__wrap uagb-column__background-undefined uagb-block-18671e1c\"><div class=\"uagb-column__overlay\"><\/div>\n<figure class=\"wp-block-image size-custom-square\"><a href=\"https:\/\/www.clinichelena.com\/wp-content\/uploads\/2025\/01\/Nimeton-malli-13.jpg\"><img loading=\"lazy\" decoding=\"async\" width=\"300\" height=\"300\" src=\"https:\/\/www.clinichelena.com\/wp-content\/uploads\/2025\/01\/Nimeton-malli-13-300x300.jpg\" alt=\"\" class=\"wp-image-33337\" srcset=\"https:\/\/www.clinichelena.com\/wp-content\/uploads\/2025\/01\/Nimeton-malli-13-300x300.jpg 300w, https:\/\/www.clinichelena.com\/wp-content\/uploads\/2025\/01\/Nimeton-malli-13-150x150.jpg 150w\" sizes=\"auto, (max-width: 300px) 100vw, 300px\" \/><\/a><\/figure>\n\n\n\n<figure class=\"wp-block-image size-custom-square\"><a href=\"https:\/\/www.clinichelena.com\/wp-content\/uploads\/2025\/01\/4-5.jpg\"><img loading=\"lazy\" decoding=\"async\" width=\"300\" height=\"300\" src=\"https:\/\/www.clinichelena.com\/wp-content\/uploads\/2025\/01\/4-5-300x300.jpg\" alt=\"\" class=\"wp-image-33331\" srcset=\"https:\/\/www.clinichelena.com\/wp-content\/uploads\/2025\/01\/4-5-300x300.jpg 300w, https:\/\/www.clinichelena.com\/wp-content\/uploads\/2025\/01\/4-5-150x150.jpg 150w\" sizes=\"auto, (max-width: 300px) 100vw, 300px\" \/><\/a><\/figure>\n<\/div>\n\n\n\n<div class=\"wp-block-uagb-column uagb-column__wrap uagb-column__background-undefined uagb-block-ecaa5dc6\"><div class=\"uagb-column__overlay\"><\/div>\n<figure class=\"wp-block-image size-custom-square\"><a href=\"https:\/\/www.clinichelena.com\/wp-content\/uploads\/2020\/09\/Other-treatments-postbariatric-syndr-preop-2.jpg\"><img loading=\"lazy\" decoding=\"async\" width=\"300\" height=\"300\" src=\"https:\/\/www.clinichelena.com\/wp-content\/uploads\/2020\/09\/Other-treatments-postbariatric-syndr-preop-2-300x300.jpg\" alt=\"Kirurgia laihtumisen j\u00e4lkeen - edest\u00e4 ennen leikkausta\" class=\"wp-image-17956\" srcset=\"https:\/\/www.clinichelena.com\/wp-content\/uploads\/2020\/09\/Other-treatments-postbariatric-syndr-preop-2-300x300.jpg 300w, https:\/\/www.clinichelena.com\/wp-content\/uploads\/2020\/09\/Other-treatments-postbariatric-syndr-preop-2-150x150.jpg 150w, https:\/\/www.clinichelena.com\/wp-content\/uploads\/2020\/09\/Other-treatments-postbariatric-syndr-preop-2-520x520.jpg 520w, https:\/\/www.clinichelena.com\/wp-content\/uploads\/2020\/09\/Other-treatments-postbariatric-syndr-preop-2-255x255.jpg 255w\" sizes=\"auto, (max-width: 300px) 100vw, 300px\" \/><\/a><\/figure>\n\n\n\n<figure class=\"wp-block-image size-custom-square\"><a href=\"https:\/\/www.clinichelena.com\/wp-content\/uploads\/2025\/01\/3-3.jpg\"><img loading=\"lazy\" decoding=\"async\" width=\"300\" height=\"300\" src=\"https:\/\/www.clinichelena.com\/wp-content\/uploads\/2025\/01\/3-3-300x300.jpg\" alt=\"\" class=\"wp-image-33325\" srcset=\"https:\/\/www.clinichelena.com\/wp-content\/uploads\/2025\/01\/3-3-300x300.jpg 300w, https:\/\/www.clinichelena.com\/wp-content\/uploads\/2025\/01\/3-3-150x150.jpg 150w\" sizes=\"auto, (max-width: 300px) 100vw, 300px\" \/><\/a><\/figure>\n<\/div>\n\n\n\n<div class=\"wp-block-uagb-column uagb-column__wrap uagb-column__background-undefined uagb-block-d535c6fd\"><div class=\"uagb-column__overlay\"><\/div>\n<figure class=\"wp-block-image size-custom-square\"><a href=\"https:\/\/www.clinichelena.com\/wp-content\/uploads\/2025\/01\/Nimeton-malli-14.jpg\"><img loading=\"lazy\" decoding=\"async\" width=\"300\" height=\"300\" src=\"https:\/\/www.clinichelena.com\/wp-content\/uploads\/2025\/01\/Nimeton-malli-14-300x300.jpg\" alt=\"\" class=\"wp-image-33343\" srcset=\"https:\/\/www.clinichelena.com\/wp-content\/uploads\/2025\/01\/Nimeton-malli-14-300x300.jpg 300w, https:\/\/www.clinichelena.com\/wp-content\/uploads\/2025\/01\/Nimeton-malli-14-150x150.jpg 150w, https:\/\/www.clinichelena.com\/wp-content\/uploads\/2025\/01\/Nimeton-malli-14.jpg 430w\" sizes=\"auto, (max-width: 300px) 100vw, 300px\" \/><\/a><\/figure>\n\n\n\n<figure class=\"wp-block-image size-custom-square\"><a href=\"https:\/\/www.clinichelena.com\/wp-content\/uploads\/2020\/09\/Other-treatments-Post-bariatric-abdominoplastia-postop-L-2.jpg\"><img loading=\"lazy\" decoding=\"async\" width=\"300\" height=\"300\" src=\"https:\/\/www.clinichelena.com\/wp-content\/uploads\/2020\/09\/Other-treatments-Post-bariatric-abdominoplastia-postop-L-2-300x300.jpg\" alt=\"Kirurgia laihtumisen j\u00e4lkeen - sivukuva leikkauksen j\u00e4lkeen vasen\" class=\"wp-image-17968\" srcset=\"https:\/\/www.clinichelena.com\/wp-content\/uploads\/2020\/09\/Other-treatments-Post-bariatric-abdominoplastia-postop-L-2-300x300.jpg 300w, https:\/\/www.clinichelena.com\/wp-content\/uploads\/2020\/09\/Other-treatments-Post-bariatric-abdominoplastia-postop-L-2-150x150.jpg 150w, https:\/\/www.clinichelena.com\/wp-content\/uploads\/2020\/09\/Other-treatments-Post-bariatric-abdominoplastia-postop-L-2-520x520.jpg 520w, https:\/\/www.clinichelena.com\/wp-content\/uploads\/2020\/09\/Other-treatments-Post-bariatric-abdominoplastia-postop-L-2-255x255.jpg 255w\" sizes=\"auto, (max-width: 300px) 100vw, 300px\" \/><\/a><\/figure>\n<\/div>\n<\/div><\/section>\n\n\n\n<section class=\"wp-block-uagb-section uagb-section__wrap uagb-section__background-color uagb-block-3d2fffef uag-hide-mob\"><div class=\"uagb-section__overlay\"><\/div><div class=\"uagb-section__inner-wrap\">\n<h2 class=\"wp-block-heading\">Nopeasti tutkimuksiin ja hoitoon <\/h2>\n\n\n\n<p>Jos haluat kuulla hoitovaihtoehdoista ja l\u00f6yt\u00e4\u00e4 sinulle sopivimman toimenpiteen, voit varata ajan ilmaiseen hoitajan konsultaatioon. Voit my\u00f6s varata ajan suoraan Helena Puontin  tai Timo Halosen vastaanotolle, nopeasti ilman l\u00e4hetett\u00e4.<\/p>\n\n\n\n<h4 class=\"wp-block-heading\">Miksi valita Clinic Helena:<\/h4>\n\n\n\n<ul class=\"wp-block-list\">\n<li>Vuosikymmenten kokemus rintasy\u00f6v\u00e4st\u00e4 ja erilaisista plastiikkakirurgisista hoitomenetelmist\u00e4.<\/li>\n\n\n\n<li>Potilasl\u00e4ht\u00f6inen ja ymm\u00e4rt\u00e4v\u00e4 l\u00e4hestymistapa sek\u00e4 nopea hoitoon p\u00e4\u00e4sy.<\/li>\n\n\n\n<li>Tampereelle on helppo saapua mist\u00e4 p\u00e4in Suomea tahansa.<\/li>\n\n\n\n<li>Teemme ty\u00f6t\u00e4 syd\u00e4mell\u00e4 ja olemme rinnallasi koko hoitopolun ajan, auttaen Sinua voimaan paremmin.<\/li>\n<\/ul>\n\n\n\n<div class=\"wp-block-uagb-buttons uagb-buttons__outer-wrap uagb-btn__default-btn uagb-btn-tablet__default-btn uagb-btn-mobile__default-btn uagb-block-aaaee149\"><div class=\"uagb-buttons__wrap uagb-buttons-layout-wrap \">\n<div class=\"wp-block-uagb-buttons-child uagb-buttons__outer-wrap uagb-block-05b51c49 wp-block-button\"><div class=\"uagb-button__wrapper\"><a class=\"uagb-buttons-repeater wp-block-button__link\" aria-label=\"\" href=\"https:\/\/www.clinichelena.com\/fi\/yhteystiedot\/\" rel=\"follow noopener\" target=\"_self\" role=\"button\"><div class=\"uagb-button__link\">Ota yhteytt\u00e4<\/div><\/a><\/div><\/div>\n\n\n\n<div class=\"wp-block-uagb-buttons-child uagb-buttons__outer-wrap uagb-block-145f3d38 wp-block-button\"><div class=\"uagb-button__wrapper\"><a class=\"uagb-buttons-repeater wp-block-button__link\" aria-label=\"\" href=\"tel:+358442378021\" rel=\"follow noopener\" target=\"_self\" role=\"button\"><div class=\"uagb-button__link\">050 570 8720<\/div><\/a><\/div><\/div>\n<\/div><\/div>\n<\/div><\/section>\n","protected":false},"excerpt":{"rendered":"<p>Iloa voimakkaasta laihtumisesta himment\u00e4\u00e4 vartaloon muodostuvat ihopoimut, jotka aiheuttavat ep\u00e4muotoisuutta. T\u00e4ll\u00f6in voidaan ottaa avuksi kirurgiset mentetelm\u00e4t.<\/p>\n","protected":false},"author":17,"featured_media":0,"parent":0,"menu_order":0,"comment_status":"closed","ping_status":"closed","template":"","meta":{"_uag_custom_page_level_css":"","_kad_blocks_custom_css":"","_kad_blocks_head_custom_js":"","_kad_blocks_body_custom_js":"","_kad_blocks_footer_custom_js":"","site-sidebar-layout":"left-sidebar","site-content-layout":"default","ast-site-content-layout":"default","site-content-style":"default","site-sidebar-style":"default","ast-global-header-display":"","ast-banner-title-visibility":"","ast-main-header-display":"","ast-hfb-above-header-display":"","ast-hfb-below-header-display":"","ast-hfb-mobile-header-display":"","site-post-title":"disabled","ast-breadcrumbs-content":"","ast-featured-img":"","footer-sml-layout":"","theme-transparent-header-meta":"default","adv-header-id-meta":"","stick-header-meta":"default","header-above-stick-meta":"","header-main-stick-meta":"","header-below-stick-meta":"","astra-migrate-meta-layouts":"set","ast-page-background-enabled":"default","ast-page-background-meta":{"desktop":{"background-color":"","background-image":"","background-repeat":"repeat","background-position":"center center","background-size":"auto","background-attachment":"scroll","background-type":"","background-media":"","overlay-type":"","overlay-color":"","overlay-opacity":"","overlay-gradient":""},"tablet":{"background-color":"","background-image":"","background-repeat":"repeat","background-position":"center center","background-size":"auto","background-attachment":"scroll","background-type":"","background-media":"","overlay-type":"","overlay-color":"","overlay-opacity":"","overlay-gradient":""},"mobile":{"background-color":"","background-image":"","background-repeat":"repeat","background-position":"center center","background-size":"auto","background-attachment":"scroll","background-type":"","background-media":"","overlay-type":"","overlay-color":"","overlay-opacity":"","overlay-gradient":""}},"ast-content-background-meta":{"desktop":{"background-color":"var(--ast-global-color-5)","background-image":"","background-repeat":"repeat","background-position":"center center","background-size":"auto","background-attachment":"scroll","background-type":"","background-media":"","overlay-type":"","overlay-color":"","overlay-opacity":"","overlay-gradient":""},"tablet":{"background-color":"var(--ast-global-color-5)","background-image":"","background-repeat":"repeat","background-position":"center center","background-size":"auto","background-attachment":"scroll","background-type":"","background-media":"","overlay-type":"","overlay-color":"","overlay-opacity":"","overlay-gradient":""},"mobile":{"background-color":"var(--ast-global-color-5)","background-image":"","background-repeat":"repeat","background-position":"center center","background-size":"auto","background-attachment":"scroll","background-type":"","background-media":"","overlay-type":"","overlay-color":"","overlay-opacity":"","overlay-gradient":""}},"footnotes":""},"class_list":["post-16833","page","type-page","status-publish","hentry"],"yoast_head":"<!-- This site is optimized with the Yoast SEO plugin v26.6 - https:\/\/yoast.com\/wordpress\/plugins\/seo\/ -->\n<title>Kirurgia laihtumisen j\u00e4lkeen - Clinic Helena<\/title>\n<meta name=\"description\" content=\"Iloa voimakkaasta laihtumisesta himment\u00e4\u00e4 vartaloon muodostuvat ihopoimut, jotka aiheuttavat ep\u00e4muotoisuutta. T\u00e4ll\u00f6in voidaan ottaa avuksi kirurgiset mentetelm\u00e4t.\" \/>\n<meta name=\"robots\" content=\"index, follow, max-snippet:-1, max-image-preview:large, max-video-preview:-1\" \/>\n<link rel=\"canonical\" href=\"https:\/\/www.clinichelena.com\/fi\/kirurgia-laihtumisen-jalkeen\/\" \/>\n<meta property=\"og:locale\" content=\"fi_FI\" \/>\n<meta property=\"og:type\" content=\"article\" \/>\n<meta property=\"og:title\" content=\"Kirurgia laihtumisen j\u00e4lkeen - Clinic Helena\" \/>\n<meta property=\"og:description\" content=\"Iloa voimakkaasta laihtumisesta himment\u00e4\u00e4 vartaloon muodostuvat ihopoimut, jotka aiheuttavat ep\u00e4muotoisuutta. T\u00e4ll\u00f6in voidaan ottaa avuksi kirurgiset mentetelm\u00e4t.\" \/>\n<meta property=\"og:url\" content=\"https:\/\/www.clinichelena.com\/fi\/kirurgia-laihtumisen-jalkeen\/\" \/>\n<meta property=\"og:site_name\" content=\"Clinic Helena\" \/>\n<meta property=\"article:modified_time\" content=\"2025-01-30T10:36:14+00:00\" \/>\n<meta property=\"og:image\" content=\"https:\/\/www.clinichelena.com\/wp-content\/uploads\/2025\/01\/Nimeton-malli-16-300x300.jpg\" \/>\n<meta name=\"twitter:card\" content=\"summary_large_image\" \/>\n<meta name=\"twitter:label1\" content=\"Arvioitu lukuaika\" \/>\n\t<meta name=\"twitter:data1\" content=\"3 minuuttia\" \/>\n<script type=\"application\/ld+json\" class=\"yoast-schema-graph\">{\"@context\":\"https:\/\/schema.org\",\"@graph\":[{\"@type\":[\"WebPage\",\"MedicalWebPage\"],\"@id\":\"https:\/\/www.clinichelena.com\/fi\/kirurgia-laihtumisen-jalkeen\/\",\"url\":\"https:\/\/www.clinichelena.com\/fi\/kirurgia-laihtumisen-jalkeen\/\",\"name\":\"Kirurgia laihtumisen j\u00e4lkeen - Clinic Helena\",\"isPartOf\":{\"@id\":\"https:\/\/www.clinichelena.com\/fi\/#website\"},\"primaryImageOfPage\":{\"@id\":\"https:\/\/www.clinichelena.com\/fi\/kirurgia-laihtumisen-jalkeen\/#primaryimage\"},\"image\":{\"@id\":\"https:\/\/www.clinichelena.com\/fi\/kirurgia-laihtumisen-jalkeen\/#primaryimage\"},\"thumbnailUrl\":\"https:\/\/www.clinichelena.com\/wp-content\/uploads\/2025\/01\/Nimeton-malli-16-300x300.jpg\",\"datePublished\":\"2020-08-02T12:42:15+00:00\",\"dateModified\":\"2025-01-30T10:36:14+00:00\",\"description\":\"Iloa voimakkaasta laihtumisesta himment\u00e4\u00e4 vartaloon muodostuvat ihopoimut, jotka aiheuttavat ep\u00e4muotoisuutta. T\u00e4ll\u00f6in voidaan ottaa avuksi kirurgiset mentetelm\u00e4t.\",\"breadcrumb\":{\"@id\":\"https:\/\/www.clinichelena.com\/fi\/kirurgia-laihtumisen-jalkeen\/#breadcrumb\"},\"inLanguage\":\"fi\",\"potentialAction\":[{\"@type\":\"ReadAction\",\"target\":[\"https:\/\/www.clinichelena.com\/fi\/kirurgia-laihtumisen-jalkeen\/\"]}]},{\"@type\":\"ImageObject\",\"inLanguage\":\"fi\",\"@id\":\"https:\/\/www.clinichelena.com\/fi\/kirurgia-laihtumisen-jalkeen\/#primaryimage\",\"url\":\"https:\/\/www.clinichelena.com\/wp-content\/uploads\/2025\/01\/Nimeton-malli-16-300x300.jpg\",\"contentUrl\":\"https:\/\/www.clinichelena.com\/wp-content\/uploads\/2025\/01\/Nimeton-malli-16-300x300.jpg\"},{\"@type\":\"BreadcrumbList\",\"@id\":\"https:\/\/www.clinichelena.com\/fi\/kirurgia-laihtumisen-jalkeen\/#breadcrumb\",\"itemListElement\":[{\"@type\":\"ListItem\",\"position\":1,\"name\":\"Etusivu\",\"item\":\"https:\/\/www.clinichelena.com\/fi\/\"},{\"@type\":\"ListItem\",\"position\":2,\"name\":\"Kirurgia laihtumisen j\u00e4lkeen\"}]},{\"@type\":\"WebSite\",\"@id\":\"https:\/\/www.clinichelena.com\/fi\/#website\",\"url\":\"https:\/\/www.clinichelena.com\/fi\/\",\"name\":\"Clinic Helena\",\"description\":\"Your Breasts Matter\",\"publisher\":{\"@id\":\"https:\/\/www.clinichelena.com\/fi\/#organization\"},\"potentialAction\":[{\"@type\":\"SearchAction\",\"target\":{\"@type\":\"EntryPoint\",\"urlTemplate\":\"https:\/\/www.clinichelena.com\/fi\/?s={search_term_string}\"},\"query-input\":{\"@type\":\"PropertyValueSpecification\",\"valueRequired\":true,\"valueName\":\"search_term_string\"}}],\"inLanguage\":\"fi\"},{\"@type\":\"Organization\",\"@id\":\"https:\/\/www.clinichelena.com\/fi\/#organization\",\"name\":\"Klinikka Helena\",\"url\":\"https:\/\/www.clinichelena.com\/fi\/\",\"logo\":{\"@type\":\"ImageObject\",\"inLanguage\":\"fi\",\"@id\":\"https:\/\/www.clinichelena.com\/fi\/#\/schema\/logo\/image\/\",\"url\":\"https:\/\/www.clinichelena.com\/wp-content\/uploads\/2020\/11\/New-logo.png\",\"contentUrl\":\"https:\/\/www.clinichelena.com\/wp-content\/uploads\/2020\/11\/New-logo.png\",\"width\":950,\"height\":661,\"caption\":\"Klinikka Helena\"},\"image\":{\"@id\":\"https:\/\/www.clinichelena.com\/fi\/#\/schema\/logo\/image\/\"}}]}<\/script>\n<!-- \/ Yoast SEO plugin. -->","yoast_head_json":{"title":"Kirurgia laihtumisen j\u00e4lkeen - Clinic Helena","description":"Iloa voimakkaasta laihtumisesta himment\u00e4\u00e4 vartaloon muodostuvat ihopoimut, jotka aiheuttavat ep\u00e4muotoisuutta. T\u00e4ll\u00f6in voidaan ottaa avuksi kirurgiset mentetelm\u00e4t.","robots":{"index":"index","follow":"follow","max-snippet":"max-snippet:-1","max-image-preview":"max-image-preview:large","max-video-preview":"max-video-preview:-1"},"canonical":"https:\/\/www.clinichelena.com\/fi\/kirurgia-laihtumisen-jalkeen\/","og_locale":"fi_FI","og_type":"article","og_title":"Kirurgia laihtumisen j\u00e4lkeen - Clinic Helena","og_description":"Iloa voimakkaasta laihtumisesta himment\u00e4\u00e4 vartaloon muodostuvat ihopoimut, jotka aiheuttavat ep\u00e4muotoisuutta. T\u00e4ll\u00f6in voidaan ottaa avuksi kirurgiset mentetelm\u00e4t.","og_url":"https:\/\/www.clinichelena.com\/fi\/kirurgia-laihtumisen-jalkeen\/","og_site_name":"Clinic Helena","article_modified_time":"2025-01-30T10:36:14+00:00","og_image":[{"url":"https:\/\/www.clinichelena.com\/wp-content\/uploads\/2025\/01\/Nimeton-malli-16-300x300.jpg","type":"","width":"","height":""}],"twitter_card":"summary_large_image","twitter_misc":{"Arvioitu lukuaika":"3 minuuttia"},"schema":{"@context":"https:\/\/schema.org","@graph":[{"@type":["WebPage","MedicalWebPage"],"@id":"https:\/\/www.clinichelena.com\/fi\/kirurgia-laihtumisen-jalkeen\/","url":"https:\/\/www.clinichelena.com\/fi\/kirurgia-laihtumisen-jalkeen\/","name":"Kirurgia laihtumisen j\u00e4lkeen - Clinic Helena","isPartOf":{"@id":"https:\/\/www.clinichelena.com\/fi\/#website"},"primaryImageOfPage":{"@id":"https:\/\/www.clinichelena.com\/fi\/kirurgia-laihtumisen-jalkeen\/#primaryimage"},"image":{"@id":"https:\/\/www.clinichelena.com\/fi\/kirurgia-laihtumisen-jalkeen\/#primaryimage"},"thumbnailUrl":"https:\/\/www.clinichelena.com\/wp-content\/uploads\/2025\/01\/Nimeton-malli-16-300x300.jpg","datePublished":"2020-08-02T12:42:15+00:00","dateModified":"2025-01-30T10:36:14+00:00","description":"Iloa voimakkaasta laihtumisesta himment\u00e4\u00e4 vartaloon muodostuvat ihopoimut, jotka aiheuttavat ep\u00e4muotoisuutta. T\u00e4ll\u00f6in voidaan ottaa avuksi kirurgiset mentetelm\u00e4t.","breadcrumb":{"@id":"https:\/\/www.clinichelena.com\/fi\/kirurgia-laihtumisen-jalkeen\/#breadcrumb"},"inLanguage":"fi","potentialAction":[{"@type":"ReadAction","target":["https:\/\/www.clinichelena.com\/fi\/kirurgia-laihtumisen-jalkeen\/"]}]},{"@type":"ImageObject","inLanguage":"fi","@id":"https:\/\/www.clinichelena.com\/fi\/kirurgia-laihtumisen-jalkeen\/#primaryimage","url":"https:\/\/www.clinichelena.com\/wp-content\/uploads\/2025\/01\/Nimeton-malli-16-300x300.jpg","contentUrl":"https:\/\/www.clinichelena.com\/wp-content\/uploads\/2025\/01\/Nimeton-malli-16-300x300.jpg"},{"@type":"BreadcrumbList","@id":"https:\/\/www.clinichelena.com\/fi\/kirurgia-laihtumisen-jalkeen\/#breadcrumb","itemListElement":[{"@type":"ListItem","position":1,"name":"Etusivu","item":"https:\/\/www.clinichelena.com\/fi\/"},{"@type":"ListItem","position":2,"name":"Kirurgia laihtumisen j\u00e4lkeen"}]},{"@type":"WebSite","@id":"https:\/\/www.clinichelena.com\/fi\/#website","url":"https:\/\/www.clinichelena.com\/fi\/","name":"Clinic Helena","description":"Your Breasts Matter","publisher":{"@id":"https:\/\/www.clinichelena.com\/fi\/#organization"},"potentialAction":[{"@type":"SearchAction","target":{"@type":"EntryPoint","urlTemplate":"https:\/\/www.clinichelena.com\/fi\/?s={search_term_string}"},"query-input":{"@type":"PropertyValueSpecification","valueRequired":true,"valueName":"search_term_string"}}],"inLanguage":"fi"},{"@type":"Organization","@id":"https:\/\/www.clinichelena.com\/fi\/#organization","name":"Klinikka Helena","url":"https:\/\/www.clinichelena.com\/fi\/","logo":{"@type":"ImageObject","inLanguage":"fi","@id":"https:\/\/www.clinichelena.com\/fi\/#\/schema\/logo\/image\/","url":"https:\/\/www.clinichelena.com\/wp-content\/uploads\/2020\/11\/New-logo.png","contentUrl":"https:\/\/www.clinichelena.com\/wp-content\/uploads\/2020\/11\/New-logo.png","width":950,"height":661,"caption":"Klinikka Helena"},"image":{"@id":"https:\/\/www.clinichelena.com\/fi\/#\/schema\/logo\/image\/"}}]}},"taxonomy_info":[],"featured_image_src_large":false,"author_info":{"display_name":"Reeta","author_link":"https:\/\/www.clinichelena.com\/fi\/author\/reeta-luoto\/"},"comment_info":"","uagb_featured_image_src":{"full":false,"thumbnail":false,"medium":false,"medium_large":false,"large":false,"1536x1536":false,"2048x2048":false,"custom-square":false},"uagb_author_info":{"display_name":"Reeta","author_link":"https:\/\/www.clinichelena.com\/fi\/author\/reeta-luoto\/"},"uagb_comment_info":0,"uagb_excerpt":"Iloa voimakkaasta laihtumisesta himment\u00e4\u00e4 vartaloon muodostuvat ihopoimut, jotka aiheuttavat ep\u00e4muotoisuutta. T\u00e4ll\u00f6in voidaan ottaa avuksi kirurgiset mentetelm\u00e4t.","_links":{"self":[{"href":"https:\/\/www.clinichelena.com\/fi\/wp-json\/wp\/v2\/pages\/16833","targetHints":{"allow":["GET"]}}],"collection":[{"href":"https:\/\/www.clinichelena.com\/fi\/wp-json\/wp\/v2\/pages"}],"about":[{"href":"https:\/\/www.clinichelena.com\/fi\/wp-json\/wp\/v2\/types\/page"}],"author":[{"embeddable":true,"href":"https:\/\/www.clinichelena.com\/fi\/wp-json\/wp\/v2\/users\/17"}],"replies":[{"embeddable":true,"href":"https:\/\/www.clinichelena.com\/fi\/wp-json\/wp\/v2\/comments?post=16833"}],"version-history":[{"count":10,"href":"https:\/\/www.clinichelena.com\/fi\/wp-json\/wp\/v2\/pages\/16833\/revisions"}],"predecessor-version":[{"id":33355,"href":"https:\/\/www.clinichelena.com\/fi\/wp-json\/wp\/v2\/pages\/16833\/revisions\/33355"}],"wp:attachment":[{"href":"https:\/\/www.clinichelena.com\/fi\/wp-json\/wp\/v2\/media?parent=16833"}],"curies":[{"name":"wp","href":"https:\/\/api.w.org\/{rel}","templated":true}]}}