{"id":16828,"date":"2020-08-02T16:42:43","date_gmt":"2020-08-02T12:42:43","guid":{"rendered":"http:\/\/clinichelena.kinsta.cloud\/tummy-tuck\/"},"modified":"2022-09-15T13:39:29","modified_gmt":"2022-09-15T11:39:29","slug":"riippuvatsaleikkaus","status":"publish","type":"page","link":"https:\/\/www.clinichelena.com\/fi\/korjaava-plastiikkakirurgia\/riippuvatsaleikkaus\/","title":{"rendered":"Riippuvatsaleikkaus"},"content":{"rendered":"\n<h1 class=\"wp-block-heading\">Vatsan muotoiluleikkaus, abdominoplastia<\/h1>\n\n\n\n<p class=\"ingressi\">Vatsanmuotoiluleikkaus tai &#8221;riippuvatsaleikkaus&#8221; eli abdominoplastia auttaa parhaiten, jos vatsan ihon kimmoisuus on alentunut, tai jos ns. riippuvatsa on kehittynyt raskauksien tai laihduttamisen j\u00e4lkeen.<\/p>\n\n\n\n<div class=\"wp-block-buttons is-layout-flex wp-block-buttons-is-layout-flex\">\n<div class=\"wp-block-button\"><a class=\"wp-block-button__link\" href=\"https:\/\/www.clinichelena.com\/fi\/ajanvaraus\/\">Varaa aika<\/a><\/div>\n<\/div>\n\n\n\n<div style=\"height:40px\" aria-hidden=\"true\" class=\"wp-block-spacer\"><\/div>\n\n\n\n<section class=\"wp-block-uagb-columns uagb-columns__wrap uagb-columns__stack-none uagb-columns__valign- uagb-columns__gap-10 align uagb-block-8ae7e173 uagb-columns__columns-4 uagb-columns__max_width-theme\"><div class=\"uagb-columns__overlay\"><\/div><div class=\"uagb-columns__inner-wrap uagb-columns__columns-4\">\n<div class=\"wp-block-uagb-column uagb-column__wrap uagb-column__background-undefined uagb-block-1b498eeb\"><div class=\"uagb-column__overlay\"><\/div>\n<figure class=\"wp-block-image size-custom-square\"><a href=\"https:\/\/www.clinichelena.com\/wp-content\/uploads\/2020\/09\/Aesthetic-surgery-esteettinen-abdominoplastia-preop..jpg\"><img loading=\"lazy\" decoding=\"async\" width=\"300\" height=\"300\" src=\"https:\/\/www.clinichelena.com\/wp-content\/uploads\/2020\/09\/Aesthetic-surgery-esteettinen-abdominoplastia-preop.-300x300.jpg\" alt=\"Esteettinen kirurgia - abdominoplastia, ennen\" class=\"wp-image-17783\" srcset=\"https:\/\/www.clinichelena.com\/wp-content\/uploads\/2020\/09\/Aesthetic-surgery-esteettinen-abdominoplastia-preop.-300x300.jpg 300w, https:\/\/www.clinichelena.com\/wp-content\/uploads\/2020\/09\/Aesthetic-surgery-esteettinen-abdominoplastia-preop.-150x150.jpg 150w, https:\/\/www.clinichelena.com\/wp-content\/uploads\/2020\/09\/Aesthetic-surgery-esteettinen-abdominoplastia-preop.-520x520.jpg 520w, https:\/\/www.clinichelena.com\/wp-content\/uploads\/2020\/09\/Aesthetic-surgery-esteettinen-abdominoplastia-preop.-255x255.jpg 255w\" sizes=\"auto, (max-width: 300px) 100vw, 300px\" \/><\/a><\/figure>\n<\/div>\n\n\n\n<div class=\"wp-block-uagb-column uagb-column__wrap uagb-column__background-undefined uagb-block-224ba824\"><div class=\"uagb-column__overlay\"><\/div>\n<figure class=\"wp-block-image size-custom-square\"><a href=\"https:\/\/www.clinichelena.com\/wp-content\/uploads\/2020\/09\/Aesthetic-surgery-Abdominoplastia-4-postop-esteettinen.jpg\"><img loading=\"lazy\" decoding=\"async\" width=\"300\" height=\"300\" src=\"https:\/\/www.clinichelena.com\/wp-content\/uploads\/2020\/09\/Aesthetic-surgery-Abdominoplastia-4-postop-esteettinen-300x300.jpg\" alt=\"Esteettinen kirurgia - abdominoplastia, j\u00e4lkeen\" class=\"wp-image-17768\" srcset=\"https:\/\/www.clinichelena.com\/wp-content\/uploads\/2020\/09\/Aesthetic-surgery-Abdominoplastia-4-postop-esteettinen-300x300.jpg 300w, https:\/\/www.clinichelena.com\/wp-content\/uploads\/2020\/09\/Aesthetic-surgery-Abdominoplastia-4-postop-esteettinen-150x150.jpg 150w, https:\/\/www.clinichelena.com\/wp-content\/uploads\/2020\/09\/Aesthetic-surgery-Abdominoplastia-4-postop-esteettinen-520x520.jpg 520w, https:\/\/www.clinichelena.com\/wp-content\/uploads\/2020\/09\/Aesthetic-surgery-Abdominoplastia-4-postop-esteettinen-255x255.jpg 255w\" sizes=\"auto, (max-width: 300px) 100vw, 300px\" \/><\/a><\/figure>\n<\/div>\n\n\n\n<div class=\"wp-block-uagb-column uagb-column__wrap uagb-column__background-undefined uagb-block-9369e119\"><div class=\"uagb-column__overlay\"><\/div>\n<figure class=\"wp-block-image size-custom-square\"><a href=\"https:\/\/www.clinichelena.com\/wp-content\/uploads\/2020\/09\/Aesthetic-surgery-abdominoplastia-3-sivukuva.jpg\"><img loading=\"lazy\" decoding=\"async\" width=\"300\" height=\"300\" src=\"https:\/\/www.clinichelena.com\/wp-content\/uploads\/2020\/09\/Aesthetic-surgery-abdominoplastia-3-sivukuva-300x300.jpg\" alt=\"Esteettinen kirurgia - abdominoplastia, sivukuva, ennen\" class=\"wp-image-17765\" srcset=\"https:\/\/www.clinichelena.com\/wp-content\/uploads\/2020\/09\/Aesthetic-surgery-abdominoplastia-3-sivukuva-300x300.jpg 300w, https:\/\/www.clinichelena.com\/wp-content\/uploads\/2020\/09\/Aesthetic-surgery-abdominoplastia-3-sivukuva-150x150.jpg 150w, https:\/\/www.clinichelena.com\/wp-content\/uploads\/2020\/09\/Aesthetic-surgery-abdominoplastia-3-sivukuva-520x520.jpg 520w, https:\/\/www.clinichelena.com\/wp-content\/uploads\/2020\/09\/Aesthetic-surgery-abdominoplastia-3-sivukuva-255x255.jpg 255w\" sizes=\"auto, (max-width: 300px) 100vw, 300px\" \/><\/a><\/figure>\n<\/div>\n\n\n\n<div class=\"wp-block-uagb-column uagb-column__wrap uagb-column__background-undefined uagb-block-c1b41f10\"><div class=\"uagb-column__overlay\"><\/div>\n<figure class=\"wp-block-image size-custom-square\"><a href=\"https:\/\/www.clinichelena.com\/wp-content\/uploads\/2020\/09\/esth-abdominoplkasty-sivukuva-5-postop.jpg\"><img loading=\"lazy\" decoding=\"async\" width=\"300\" height=\"300\" src=\"https:\/\/www.clinichelena.com\/wp-content\/uploads\/2020\/09\/esth-abdominoplkasty-sivukuva-5-postop-300x300.jpg\" alt=\"Esteettinen kirurgia - abdominoplastia, sivukuva, j\u00e4lkeen\" class=\"wp-image-17813\" srcset=\"https:\/\/www.clinichelena.com\/wp-content\/uploads\/2020\/09\/esth-abdominoplkasty-sivukuva-5-postop-300x300.jpg 300w, https:\/\/www.clinichelena.com\/wp-content\/uploads\/2020\/09\/esth-abdominoplkasty-sivukuva-5-postop-150x150.jpg 150w, https:\/\/www.clinichelena.com\/wp-content\/uploads\/2020\/09\/esth-abdominoplkasty-sivukuva-5-postop-520x520.jpg 520w, https:\/\/www.clinichelena.com\/wp-content\/uploads\/2020\/09\/esth-abdominoplkasty-sivukuva-5-postop-255x255.jpg 255w\" sizes=\"auto, (max-width: 300px) 100vw, 300px\" \/><\/a><\/figure>\n<\/div>\n<\/div><\/section>\n\n\n\n<h3 class=\"wp-block-heading\">Toimenpide<\/h3>\n\n\n\n<p>Toimenpide tehd\u00e4\u00e4n nukutuksessa. Ylim\u00e4\u00e4r\u00e4inen kudos alavatsalta poistetaan ja yl\u00e4vatsan ihosta muotoillaan uusi vatsa. Jos vatsalihasten v\u00e4liss\u00e4 keskiviivassa on leventym\u00e4\u00e4, se korjataan samalla. N\u00e4in vatsaontelon tila pienenee ja v\u00e4litt\u00f6m\u00e4ss\u00e4 toipumisessa on t\u00e4rke\u00e4t\u00e4 kiinnitt\u00e4\u00e4 erityist\u00e4 huomiota hyv\u00e4\u00e4n hengitt\u00e4miseen paranemisen edist\u00e4miseksi.<\/p>\n\n\n\n<h3 class=\"wp-block-heading\">Toimenpiteen j\u00e4lkeen<\/h3>\n\n\n\n<p>Potilas j\u00e4\u00e4 valvontaan her\u00e4\u00e4m\u00f6\u00f6n ja kotiutuu seuraavana p\u00e4iv\u00e4n\u00e4.<\/p>\n\n\n\n<p>J\u00e4lkihoidossa suosittelemme yksil\u00f6llist\u00e4 bodya (tukiliivi\u00e4) noin 6 viikon ajan. Se nopeuttaa kudosten paranemista. My\u00f6s lymfahieronta edist\u00e4\u00e4 nestekierron paranemista ja v\u00e4hent\u00e4\u00e4 turvotusta.<\/p>\n\n\n\n<p>Toipumiseen on hyv\u00e4 varata aikaa v\u00e4hint\u00e4\u00e4n kolme viikkoa.<\/p>\n","protected":false},"excerpt":{"rendered":"<p>Vatsanmuotoiluleikkaus tai &#8221;riippuvatsaleikkaus&#8221; eli abdominoplastia auttaa parhaiten, jos vatsan ihon kimmoisuus on alentunut, tai jos ns. riippuvatsa on kehittynyt raskauksien tai laihduttamisen j\u00e4lkeen.<\/p>\n","protected":false},"author":2,"featured_media":0,"parent":18066,"menu_order":0,"comment_status":"closed","ping_status":"closed","template":"","meta":{"_uag_custom_page_level_css":"","_kad_blocks_custom_css":"","_kad_blocks_head_custom_js":"","_kad_blocks_body_custom_js":"","_kad_blocks_footer_custom_js":"","site-sidebar-layout":"left-sidebar","site-content-layout":"default","ast-site-content-layout":"default","site-content-style":"default","site-sidebar-style":"default","ast-global-header-display":"","ast-banner-title-visibility":"","ast-main-header-display":"","ast-hfb-above-header-display":"","ast-hfb-below-header-display":"","ast-hfb-mobile-header-display":"","site-post-title":"disabled","ast-breadcrumbs-content":"","ast-featured-img":"","footer-sml-layout":"","theme-transparent-header-meta":"default","adv-header-id-meta":"","stick-header-meta":"default","header-above-stick-meta":"","header-main-stick-meta":"","header-below-stick-meta":"","astra-migrate-meta-layouts":"default","ast-page-background-enabled":"default","ast-page-background-meta":{"desktop":{"background-color":"","background-image":"","background-repeat":"repeat","background-position":"center center","background-size":"auto","background-attachment":"scroll","background-type":"","background-media":"","overlay-type":"","overlay-color":"","overlay-opacity":"","overlay-gradient":""},"tablet":{"background-color":"","background-image":"","background-repeat":"repeat","background-position":"center center","background-size":"auto","background-attachment":"scroll","background-type":"","background-media":"","overlay-type":"","overlay-color":"","overlay-opacity":"","overlay-gradient":""},"mobile":{"background-color":"","background-image":"","background-repeat":"repeat","background-position":"center center","background-size":"auto","background-attachment":"scroll","background-type":"","background-media":"","overlay-type":"","overlay-color":"","overlay-opacity":"","overlay-gradient":""}},"ast-content-background-meta":{"desktop":{"background-color":"var(--ast-global-color-5)","background-image":"","background-repeat":"repeat","background-position":"center center","background-size":"auto","background-attachment":"scroll","background-type":"","background-media":"","overlay-type":"","overlay-color":"","overlay-opacity":"","overlay-gradient":""},"tablet":{"background-color":"var(--ast-global-color-5)","background-image":"","background-repeat":"repeat","background-position":"center center","background-size":"auto","background-attachment":"scroll","background-type":"","background-media":"","overlay-type":"","overlay-color":"","overlay-opacity":"","overlay-gradient":""},"mobile":{"background-color":"var(--ast-global-color-5)","background-image":"","background-repeat":"repeat","background-position":"center center","background-size":"auto","background-attachment":"scroll","background-type":"","background-media":"","overlay-type":"","overlay-color":"","overlay-opacity":"","overlay-gradient":""}},"footnotes":""},"class_list":["post-16828","page","type-page","status-publish","hentry"],"yoast_head":"<!-- This site is optimized with the Yoast SEO plugin v26.6 - https:\/\/yoast.com\/wordpress\/plugins\/seo\/ -->\n<title>Riippuvatsaleikkaus - Clinic Helena Savonlinna Finland<\/title>\n<meta name=\"description\" content=\"Riippuvatsaleikkaus eli abdominoplastia vatsan muotoiluksi saatavissa Clinic Helenassa. Lue leikkauksesta lis\u00e4\u00e4 t\u00e4\u00e4lt\u00e4!\" \/>\n<meta name=\"robots\" content=\"index, follow, max-snippet:-1, max-image-preview:large, max-video-preview:-1\" \/>\n<link rel=\"canonical\" href=\"https:\/\/www.clinichelena.com\/fi\/korjaava-plastiikkakirurgia\/riippuvatsaleikkaus\/\" \/>\n<meta property=\"og:locale\" content=\"fi_FI\" \/>\n<meta property=\"og:type\" content=\"article\" \/>\n<meta property=\"og:title\" content=\"Riippuvatsaleikkaus - Clinic Helena Savonlinna Finland\" \/>\n<meta property=\"og:description\" content=\"Riippuvatsaleikkaus eli abdominoplastia vatsan muotoiluksi saatavissa Clinic Helenassa. Lue leikkauksesta lis\u00e4\u00e4 t\u00e4\u00e4lt\u00e4!\" \/>\n<meta property=\"og:url\" content=\"https:\/\/www.clinichelena.com\/fi\/korjaava-plastiikkakirurgia\/riippuvatsaleikkaus\/\" \/>\n<meta property=\"og:site_name\" content=\"Clinic Helena\" \/>\n<meta property=\"article:modified_time\" content=\"2022-09-15T11:39:29+00:00\" \/>\n<meta property=\"og:image\" content=\"https:\/\/www.clinichelena.com\/wp-content\/uploads\/2020\/09\/Aesthetic-surgery-esteettinen-abdominoplastia-preop.-300x300.jpg\" \/>\n<meta name=\"twitter:card\" content=\"summary_large_image\" \/>\n<meta name=\"twitter:label1\" content=\"Arvioitu lukuaika\" \/>\n\t<meta name=\"twitter:data1\" content=\"2 minuuttia\" \/>\n<script type=\"application\/ld+json\" class=\"yoast-schema-graph\">{\"@context\":\"https:\/\/schema.org\",\"@graph\":[{\"@type\":[\"WebPage\",\"MedicalWebPage\"],\"@id\":\"https:\/\/www.clinichelena.com\/fi\/korjaava-plastiikkakirurgia\/riippuvatsaleikkaus\/\",\"url\":\"https:\/\/www.clinichelena.com\/fi\/korjaava-plastiikkakirurgia\/riippuvatsaleikkaus\/\",\"name\":\"Riippuvatsaleikkaus - Clinic Helena Savonlinna Finland\",\"isPartOf\":{\"@id\":\"https:\/\/www.clinichelena.com\/fi\/#website\"},\"primaryImageOfPage\":{\"@id\":\"https:\/\/www.clinichelena.com\/fi\/korjaava-plastiikkakirurgia\/riippuvatsaleikkaus\/#primaryimage\"},\"image\":{\"@id\":\"https:\/\/www.clinichelena.com\/fi\/korjaava-plastiikkakirurgia\/riippuvatsaleikkaus\/#primaryimage\"},\"thumbnailUrl\":\"https:\/\/www.clinichelena.com\/wp-content\/uploads\/2020\/09\/Aesthetic-surgery-esteettinen-abdominoplastia-preop.-300x300.jpg\",\"datePublished\":\"2020-08-02T12:42:43+00:00\",\"dateModified\":\"2022-09-15T11:39:29+00:00\",\"description\":\"Riippuvatsaleikkaus eli abdominoplastia vatsan muotoiluksi saatavissa Clinic Helenassa. Lue leikkauksesta lis\u00e4\u00e4 t\u00e4\u00e4lt\u00e4!\",\"breadcrumb\":{\"@id\":\"https:\/\/www.clinichelena.com\/fi\/korjaava-plastiikkakirurgia\/riippuvatsaleikkaus\/#breadcrumb\"},\"inLanguage\":\"fi\",\"potentialAction\":[{\"@type\":\"ReadAction\",\"target\":[\"https:\/\/www.clinichelena.com\/fi\/korjaava-plastiikkakirurgia\/riippuvatsaleikkaus\/\"]}]},{\"@type\":\"ImageObject\",\"inLanguage\":\"fi\",\"@id\":\"https:\/\/www.clinichelena.com\/fi\/korjaava-plastiikkakirurgia\/riippuvatsaleikkaus\/#primaryimage\",\"url\":\"https:\/\/www.clinichelena.com\/wp-content\/uploads\/2020\/09\/Aesthetic-surgery-esteettinen-abdominoplastia-preop.-300x300.jpg\",\"contentUrl\":\"https:\/\/www.clinichelena.com\/wp-content\/uploads\/2020\/09\/Aesthetic-surgery-esteettinen-abdominoplastia-preop.-300x300.jpg\"},{\"@type\":\"BreadcrumbList\",\"@id\":\"https:\/\/www.clinichelena.com\/fi\/korjaava-plastiikkakirurgia\/riippuvatsaleikkaus\/#breadcrumb\",\"itemListElement\":[{\"@type\":\"ListItem\",\"position\":1,\"name\":\"Etusivu\",\"item\":\"https:\/\/www.clinichelena.com\/fi\/\"},{\"@type\":\"ListItem\",\"position\":2,\"name\":\"Korjaava kirurgia\",\"item\":\"https:\/\/www.clinichelena.com\/fi\/korjaava-plastiikkakirurgia\/\"},{\"@type\":\"ListItem\",\"position\":3,\"name\":\"Riippuvatsaleikkaus\"}]},{\"@type\":\"WebSite\",\"@id\":\"https:\/\/www.clinichelena.com\/fi\/#website\",\"url\":\"https:\/\/www.clinichelena.com\/fi\/\",\"name\":\"Clinic Helena\",\"description\":\"Your Breasts Matter\",\"publisher\":{\"@id\":\"https:\/\/www.clinichelena.com\/fi\/#organization\"},\"potentialAction\":[{\"@type\":\"SearchAction\",\"target\":{\"@type\":\"EntryPoint\",\"urlTemplate\":\"https:\/\/www.clinichelena.com\/fi\/?s={search_term_string}\"},\"query-input\":{\"@type\":\"PropertyValueSpecification\",\"valueRequired\":true,\"valueName\":\"search_term_string\"}}],\"inLanguage\":\"fi\"},{\"@type\":\"Organization\",\"@id\":\"https:\/\/www.clinichelena.com\/fi\/#organization\",\"name\":\"Klinikka Helena\",\"url\":\"https:\/\/www.clinichelena.com\/fi\/\",\"logo\":{\"@type\":\"ImageObject\",\"inLanguage\":\"fi\",\"@id\":\"https:\/\/www.clinichelena.com\/fi\/#\/schema\/logo\/image\/\",\"url\":\"https:\/\/www.clinichelena.com\/wp-content\/uploads\/2020\/11\/New-logo.png\",\"contentUrl\":\"https:\/\/www.clinichelena.com\/wp-content\/uploads\/2020\/11\/New-logo.png\",\"width\":950,\"height\":661,\"caption\":\"Klinikka Helena\"},\"image\":{\"@id\":\"https:\/\/www.clinichelena.com\/fi\/#\/schema\/logo\/image\/\"}}]}<\/script>\n<!-- \/ Yoast SEO plugin. -->","yoast_head_json":{"title":"Riippuvatsaleikkaus - Clinic Helena Savonlinna Finland","description":"Riippuvatsaleikkaus eli abdominoplastia vatsan muotoiluksi saatavissa Clinic Helenassa. Lue leikkauksesta lis\u00e4\u00e4 t\u00e4\u00e4lt\u00e4!","robots":{"index":"index","follow":"follow","max-snippet":"max-snippet:-1","max-image-preview":"max-image-preview:large","max-video-preview":"max-video-preview:-1"},"canonical":"https:\/\/www.clinichelena.com\/fi\/korjaava-plastiikkakirurgia\/riippuvatsaleikkaus\/","og_locale":"fi_FI","og_type":"article","og_title":"Riippuvatsaleikkaus - Clinic Helena Savonlinna Finland","og_description":"Riippuvatsaleikkaus eli abdominoplastia vatsan muotoiluksi saatavissa Clinic Helenassa. Lue leikkauksesta lis\u00e4\u00e4 t\u00e4\u00e4lt\u00e4!","og_url":"https:\/\/www.clinichelena.com\/fi\/korjaava-plastiikkakirurgia\/riippuvatsaleikkaus\/","og_site_name":"Clinic Helena","article_modified_time":"2022-09-15T11:39:29+00:00","og_image":[{"url":"https:\/\/www.clinichelena.com\/wp-content\/uploads\/2020\/09\/Aesthetic-surgery-esteettinen-abdominoplastia-preop.-300x300.jpg","type":"","width":"","height":""}],"twitter_card":"summary_large_image","twitter_misc":{"Arvioitu lukuaika":"2 minuuttia"},"schema":{"@context":"https:\/\/schema.org","@graph":[{"@type":["WebPage","MedicalWebPage"],"@id":"https:\/\/www.clinichelena.com\/fi\/korjaava-plastiikkakirurgia\/riippuvatsaleikkaus\/","url":"https:\/\/www.clinichelena.com\/fi\/korjaava-plastiikkakirurgia\/riippuvatsaleikkaus\/","name":"Riippuvatsaleikkaus - Clinic Helena Savonlinna Finland","isPartOf":{"@id":"https:\/\/www.clinichelena.com\/fi\/#website"},"primaryImageOfPage":{"@id":"https:\/\/www.clinichelena.com\/fi\/korjaava-plastiikkakirurgia\/riippuvatsaleikkaus\/#primaryimage"},"image":{"@id":"https:\/\/www.clinichelena.com\/fi\/korjaava-plastiikkakirurgia\/riippuvatsaleikkaus\/#primaryimage"},"thumbnailUrl":"https:\/\/www.clinichelena.com\/wp-content\/uploads\/2020\/09\/Aesthetic-surgery-esteettinen-abdominoplastia-preop.-300x300.jpg","datePublished":"2020-08-02T12:42:43+00:00","dateModified":"2022-09-15T11:39:29+00:00","description":"Riippuvatsaleikkaus eli abdominoplastia vatsan muotoiluksi saatavissa Clinic Helenassa. Lue leikkauksesta lis\u00e4\u00e4 t\u00e4\u00e4lt\u00e4!","breadcrumb":{"@id":"https:\/\/www.clinichelena.com\/fi\/korjaava-plastiikkakirurgia\/riippuvatsaleikkaus\/#breadcrumb"},"inLanguage":"fi","potentialAction":[{"@type":"ReadAction","target":["https:\/\/www.clinichelena.com\/fi\/korjaava-plastiikkakirurgia\/riippuvatsaleikkaus\/"]}]},{"@type":"ImageObject","inLanguage":"fi","@id":"https:\/\/www.clinichelena.com\/fi\/korjaava-plastiikkakirurgia\/riippuvatsaleikkaus\/#primaryimage","url":"https:\/\/www.clinichelena.com\/wp-content\/uploads\/2020\/09\/Aesthetic-surgery-esteettinen-abdominoplastia-preop.-300x300.jpg","contentUrl":"https:\/\/www.clinichelena.com\/wp-content\/uploads\/2020\/09\/Aesthetic-surgery-esteettinen-abdominoplastia-preop.-300x300.jpg"},{"@type":"BreadcrumbList","@id":"https:\/\/www.clinichelena.com\/fi\/korjaava-plastiikkakirurgia\/riippuvatsaleikkaus\/#breadcrumb","itemListElement":[{"@type":"ListItem","position":1,"name":"Etusivu","item":"https:\/\/www.clinichelena.com\/fi\/"},{"@type":"ListItem","position":2,"name":"Korjaava kirurgia","item":"https:\/\/www.clinichelena.com\/fi\/korjaava-plastiikkakirurgia\/"},{"@type":"ListItem","position":3,"name":"Riippuvatsaleikkaus"}]},{"@type":"WebSite","@id":"https:\/\/www.clinichelena.com\/fi\/#website","url":"https:\/\/www.clinichelena.com\/fi\/","name":"Clinic Helena","description":"Your Breasts Matter","publisher":{"@id":"https:\/\/www.clinichelena.com\/fi\/#organization"},"potentialAction":[{"@type":"SearchAction","target":{"@type":"EntryPoint","urlTemplate":"https:\/\/www.clinichelena.com\/fi\/?s={search_term_string}"},"query-input":{"@type":"PropertyValueSpecification","valueRequired":true,"valueName":"search_term_string"}}],"inLanguage":"fi"},{"@type":"Organization","@id":"https:\/\/www.clinichelena.com\/fi\/#organization","name":"Klinikka Helena","url":"https:\/\/www.clinichelena.com\/fi\/","logo":{"@type":"ImageObject","inLanguage":"fi","@id":"https:\/\/www.clinichelena.com\/fi\/#\/schema\/logo\/image\/","url":"https:\/\/www.clinichelena.com\/wp-content\/uploads\/2020\/11\/New-logo.png","contentUrl":"https:\/\/www.clinichelena.com\/wp-content\/uploads\/2020\/11\/New-logo.png","width":950,"height":661,"caption":"Klinikka Helena"},"image":{"@id":"https:\/\/www.clinichelena.com\/fi\/#\/schema\/logo\/image\/"}}]}},"taxonomy_info":[],"featured_image_src_large":false,"author_info":{"display_name":"\u041e\u043b\u044c\u0433\u0430","author_link":"https:\/\/www.clinichelena.com\/fi\/author\/admin\/"},"comment_info":"","uagb_featured_image_src":{"full":false,"thumbnail":false,"medium":false,"medium_large":false,"large":false,"1536x1536":false,"2048x2048":false,"custom-square":false},"uagb_author_info":{"display_name":"\u041e\u043b\u044c\u0433\u0430","author_link":"https:\/\/www.clinichelena.com\/fi\/author\/admin\/"},"uagb_comment_info":0,"uagb_excerpt":"Vatsanmuotoiluleikkaus tai \"riippuvatsaleikkaus\" eli abdominoplastia auttaa parhaiten, jos vatsan ihon kimmoisuus on alentunut, tai jos ns. riippuvatsa on kehittynyt raskauksien tai laihduttamisen j\u00e4lkeen.","_links":{"self":[{"href":"https:\/\/www.clinichelena.com\/fi\/wp-json\/wp\/v2\/pages\/16828","targetHints":{"allow":["GET"]}}],"collection":[{"href":"https:\/\/www.clinichelena.com\/fi\/wp-json\/wp\/v2\/pages"}],"about":[{"href":"https:\/\/www.clinichelena.com\/fi\/wp-json\/wp\/v2\/types\/page"}],"author":[{"embeddable":true,"href":"https:\/\/www.clinichelena.com\/fi\/wp-json\/wp\/v2\/users\/2"}],"replies":[{"embeddable":true,"href":"https:\/\/www.clinichelena.com\/fi\/wp-json\/wp\/v2\/comments?post=16828"}],"version-history":[{"count":9,"href":"https:\/\/www.clinichelena.com\/fi\/wp-json\/wp\/v2\/pages\/16828\/revisions"}],"predecessor-version":[{"id":28640,"href":"https:\/\/www.clinichelena.com\/fi\/wp-json\/wp\/v2\/pages\/16828\/revisions\/28640"}],"up":[{"embeddable":true,"href":"https:\/\/www.clinichelena.com\/fi\/wp-json\/wp\/v2\/pages\/18066"}],"wp:attachment":[{"href":"https:\/\/www.clinichelena.com\/fi\/wp-json\/wp\/v2\/media?parent=16828"}],"curies":[{"name":"wp","href":"https:\/\/api.w.org\/{rel}","templated":true}]}}