{"id":16821,"date":"2020-08-02T16:43:08","date_gmt":"2020-08-02T12:43:08","guid":{"rendered":"http:\/\/clinichelena.kinsta.cloud\/scar-treatment\/"},"modified":"2025-11-19T17:12:41","modified_gmt":"2025-11-19T15:12:41","slug":"arpien-hoito","status":"publish","type":"page","link":"https:\/\/www.clinichelena.com\/fi\/arpien-hoito\/","title":{"rendered":"Arpien hoito"},"content":{"rendered":"\n<h1 class=\"wp-block-heading\">Arpien hoito<\/h1>\n\n\n\n<section class=\"wp-block-uagb-columns uagb-columns__wrap uagb-columns__background-none uagb-columns__stack-mobile uagb-columns__valign- uagb-columns__gap-10 align uagb-block-42246af2 uagb-columns__columns-2 uagb-columns__max_width-theme\"><div class=\"uagb-columns__overlay\"><\/div><div class=\"uagb-columns__inner-wrap uagb-columns__columns-2\">\n<div class=\"wp-block-uagb-column uagb-column__wrap uagb-column__background-undefined uagb-block-68ee6edf\"><div class=\"uagb-column__overlay\"><\/div>\n<figure class=\"wp-block-image aligncenter size-custom-square\"><a href=\"https:\/\/www.clinichelena.com\/wp-content\/uploads\/2020\/09\/Other-treatments-keloid-scar-scaled.jpg\"><img loading=\"lazy\" decoding=\"async\" width=\"300\" height=\"300\" src=\"https:\/\/www.clinichelena.com\/wp-content\/uploads\/2020\/09\/Other-treatments-keloid-scar-300x300.jpg\" alt=\"Muut hoidot - Keloidiarpi rinnassa\" class=\"wp-image-17974\" srcset=\"https:\/\/www.clinichelena.com\/wp-content\/uploads\/2020\/09\/Other-treatments-keloid-scar-300x300.jpg 300w, https:\/\/www.clinichelena.com\/wp-content\/uploads\/2020\/09\/Other-treatments-keloid-scar-150x150.jpg 150w, https:\/\/www.clinichelena.com\/wp-content\/uploads\/2020\/09\/Other-treatments-keloid-scar-520x520.jpg 520w, https:\/\/www.clinichelena.com\/wp-content\/uploads\/2020\/09\/Other-treatments-keloid-scar-255x255.jpg 255w\" sizes=\"auto, (max-width: 300px) 100vw, 300px\" \/><\/a><\/figure>\n<\/div>\n\n\n\n<div class=\"wp-block-uagb-column uagb-column__wrap uagb-column__background-undefined uagb-block-92c12edf\"><div class=\"uagb-column__overlay\"><\/div>\n<p>Arpien hoito on meille arkip\u00e4iv\u00e4\u00e4. <\/p>\n\n\n\n<p>Erilaiset arvet ja kuroumat ulkon\u00e4\u00f6ss\u00e4mme h\u00e4iritsev\u00e4t meit\u00e4 p\u00e4ivitt\u00e4in. Niiden korjaaminen on plastiikkakirurgille suuri haaste, sill\u00e4 haavan paraneminen on yksil\u00f6llinen ja pitk\u00e4 tapahtuma.<\/p>\n\n\n\n<p>Jos plastiikkakirurgi saa itse suunnitella leikkaushaavan paikan, h\u00e4n useimmiten pystyy piilottamaan arven luonnollisten ihopoimujen ja uurteiden suuntaan. T\u00e4ll\u00f6in arpi saattaa parannuttuaan olla t\u00e4ysin huomaamaton. Tapaturmaisesti syntyneet, haittaavat arvet eiv\u00e4t yleens\u00e4 noudata n\u00e4it\u00e4 lakeja. Niiden piilottaminen voi olla hyvin vaikeata, joskus mahdotonta.<\/p>\n<\/div>\n<\/div><\/section>\n\n\n\n<p>Arven lopputulos riippuu leikkauksen kudosk\u00e4sittelyn hellyydest\u00e4, k\u00e4ytetyist\u00e4 ommelaineista, mutta my\u00f6s ihon paranemisominaisuuksista. Mit\u00e4 nuorempi henkil\u00f6 on sen voimakkaampaa voi olla arven liikakasvu. Joillakin ihmisill\u00e4 t\u00e4m\u00e4 liikakasvu (ylikorjaus haavan paranemisprosessissa) on eritt\u00e4in voimakasta, jolloin puhutaan keloidimuodostuksesta.<\/p>\n\n\n\n<p>Arven liikakasvua voidaan ehk\u00e4ist\u00e4 painehoidolla. Se toteutetaan tavallisimmin silikoni \u00abteipill\u00e4\u00bb. Ellei siten saada kohdistettua riitt\u00e4v\u00e4\u00e4 painetta arpeen, k\u00e4ytet\u00e4\u00e4n mittojen mukaan tehtyj\u00e4 elastisia painetekstiilej\u00e4. Ne ovat v\u00e4ltt\u00e4m\u00e4tt\u00f6mi\u00e4 palovamma-arpien ja yleens\u00e4 ihonsiirrearpien j\u00e4lkihoitona.<\/p>\n\n\n\n<blockquote class=\"wp-block-quote is-layout-flow wp-block-quote-is-layout-flow\">\n<p>Pid\u00e4th\u00e4n huolta haavoistasi est\u00e4m\u00e4ll\u00e4 arven muodostumista. Me suosittelemme Mepiform-teipin k\u00e4ytt\u00f6\u00e4, joka hidastaa arven kasvua.<br>My\u00f6s PRP-pistokset auttavat pit\u00e4m\u00e4\u00e4n arpea kurissa.<\/p>\n<\/blockquote>\n\n\n\n<p>Haavan paraneminen ei lopu ompeleiden poistoon. Alussa leikkaushaava on aina punertava. Se voi kest\u00e4\u00e4 viikkoja, joskus kuukausia ja vuosiakin. Kypsyess\u00e4\u00e4n arpi vaalenee. Arvenmuodostus on voimakkaimmillaan ensimm\u00e4iset 3 kk haavan syntymisest\u00e4. Sen vuoksi arven painehoito tulee aloittaa heti leikkauksen j\u00e4lkeen. Keloidiarven painehoidosta voi olla hy\u00f6ty\u00e4 viel\u00e4 my\u00f6hemminkin. Arpi muotoutuu painehoidolla elastisemmaksi, v\u00e4hemm\u00e4n kirist\u00e4v\u00e4ksi ja huomaamattomammaksi.<\/p>\n\n\n\n<p>Uusinta uutta on, ett\u00e4 keloidiarpi leikataan ja aloitetaan toistuva PRP-hoito noin 4 viikon v\u00e4lein, kunnes arpi on vaalentunut.<\/p>\n\n\n\n<p>Arpien muotoutuminen ihossa vaihtelee ihmisill\u00e4 riippuen haavan paranemisen yksil\u00f6llisest\u00e4 immunologisesta vasteesta. <\/p>\n\n\n\n<section class=\"wp-block-uagb-columns uagb-columns__wrap uagb-columns__background-none uagb-columns__stack-mobile uagb-columns__valign- uagb-columns__gap-10 align uagb-block-7c6d60dc uagb-columns__columns-2 uagb-columns__max_width-theme\"><div class=\"uagb-columns__overlay\"><\/div><div class=\"uagb-columns__inner-wrap uagb-columns__columns-2\">\n<div class=\"wp-block-uagb-column uagb-column__wrap uagb-column__background-undefined uagb-block-420f28ca\"><div class=\"uagb-column__overlay\"><\/div>\n<p>Jos keloidiarpi on muodostunut, sit\u00e4 ei kannata l\u00e4hte\u00e4 uudelleen leikkaamaan, koska lopputuloksena voi olla entist\u00e4 suurempi keloidi.<\/p>\n\n\n\n<p>Painehoidon (esim. Mepiform) lis\u00e4ksi arven sis\u00e4iset pitk\u00e4vaikutteiset kortisonipistokset (esim. Lederspan) saattavat auttaa.<\/p>\n\n\n\n<p>Keloidihoitoa tutkitaan ja pyrit\u00e4\u00e4n kehitt\u00e4m\u00e4\u00e4n koko ajan. PRP-hoidosta on selke\u00e4 hy\u00f6ty arven paranemisvaiheessa. Jos arpi muodostaa uurretta, on PRP-injektiosta rasvan siirron kanssa hy\u00f6ty\u00e4.<\/p>\n<\/div>\n\n\n\n<div class=\"wp-block-uagb-column uagb-column__wrap uagb-column__background-undefined uagb-block-b8b54428\"><div class=\"uagb-column__overlay\"><\/div>\n<figure class=\"wp-block-image size-custom-square\"><a href=\"https:\/\/www.clinichelena.com\/wp-content\/uploads\/2020\/09\/Other-treatments-keloid-scar-1-scaled.jpg\"><img loading=\"lazy\" decoding=\"async\" width=\"300\" height=\"300\" src=\"https:\/\/www.clinichelena.com\/wp-content\/uploads\/2020\/09\/Other-treatments-keloid-scar-1-300x300.jpg\" alt=\"Arpien hoito - Keloidiarpi\" class=\"wp-image-17977\" srcset=\"https:\/\/www.clinichelena.com\/wp-content\/uploads\/2020\/09\/Other-treatments-keloid-scar-1-300x300.jpg 300w, https:\/\/www.clinichelena.com\/wp-content\/uploads\/2020\/09\/Other-treatments-keloid-scar-1-150x150.jpg 150w, https:\/\/www.clinichelena.com\/wp-content\/uploads\/2020\/09\/Other-treatments-keloid-scar-1-520x520.jpg 520w, https:\/\/www.clinichelena.com\/wp-content\/uploads\/2020\/09\/Other-treatments-keloid-scar-1-255x255.jpg 255w\" sizes=\"auto, (max-width: 300px) 100vw, 300px\" \/><\/a><\/figure>\n<\/div>\n<\/div><\/section>\n","protected":false},"excerpt":{"rendered":"<p>Erilaiset arvet ja kuroumat ulkon\u00e4\u00f6ss\u00e4mme h\u00e4iritsev\u00e4t meit\u00e4 p\u00e4ivitt\u00e4in. Niiden korjaaminen on plastiikkakirurgille suuri haaste, sill\u00e4 haavan paraneminen on yksil\u00f6llinen ja pitk\u00e4 tapahtuma.<\/p>\n","protected":false},"author":17,"featured_media":0,"parent":0,"menu_order":0,"comment_status":"closed","ping_status":"closed","template":"","meta":{"_uag_custom_page_level_css":"","_kad_blocks_custom_css":"","_kad_blocks_head_custom_js":"","_kad_blocks_body_custom_js":"","_kad_blocks_footer_custom_js":"","site-sidebar-layout":"left-sidebar","site-content-layout":"default","ast-site-content-layout":"default","site-content-style":"default","site-sidebar-style":"default","ast-global-header-display":"","ast-banner-title-visibility":"","ast-main-header-display":"","ast-hfb-above-header-display":"","ast-hfb-below-header-display":"","ast-hfb-mobile-header-display":"","site-post-title":"disabled","ast-breadcrumbs-content":"","ast-featured-img":"","footer-sml-layout":"","theme-transparent-header-meta":"default","adv-header-id-meta":"","stick-header-meta":"default","header-above-stick-meta":"","header-main-stick-meta":"","header-below-stick-meta":"","astra-migrate-meta-layouts":"set","ast-page-background-enabled":"default","ast-page-background-meta":{"desktop":{"background-color":"","background-image":"","background-repeat":"repeat","background-position":"center center","background-size":"auto","background-attachment":"scroll","background-type":"","background-media":"","overlay-type":"","overlay-color":"","overlay-opacity":"","overlay-gradient":""},"tablet":{"background-color":"","background-image":"","background-repeat":"repeat","background-position":"center center","background-size":"auto","background-attachment":"scroll","background-type":"","background-media":"","overlay-type":"","overlay-color":"","overlay-opacity":"","overlay-gradient":""},"mobile":{"background-color":"","background-image":"","background-repeat":"repeat","background-position":"center center","background-size":"auto","background-attachment":"scroll","background-type":"","background-media":"","overlay-type":"","overlay-color":"","overlay-opacity":"","overlay-gradient":""}},"ast-content-background-meta":{"desktop":{"background-color":"var(--ast-global-color-5)","background-image":"","background-repeat":"repeat","background-position":"center center","background-size":"auto","background-attachment":"scroll","background-type":"","background-media":"","overlay-type":"","overlay-color":"","overlay-opacity":"","overlay-gradient":""},"tablet":{"background-color":"var(--ast-global-color-5)","background-image":"","background-repeat":"repeat","background-position":"center center","background-size":"auto","background-attachment":"scroll","background-type":"","background-media":"","overlay-type":"","overlay-color":"","overlay-opacity":"","overlay-gradient":""},"mobile":{"background-color":"var(--ast-global-color-5)","background-image":"","background-repeat":"repeat","background-position":"center center","background-size":"auto","background-attachment":"scroll","background-type":"","background-media":"","overlay-type":"","overlay-color":"","overlay-opacity":"","overlay-gradient":""}},"footnotes":""},"class_list":["post-16821","page","type-page","status-publish","hentry"],"yoast_head":"<!-- This site is optimized with the Yoast SEO plugin v26.6 - https:\/\/yoast.com\/wordpress\/plugins\/seo\/ -->\n<title>Arpien hoito - Clinic Helena Tampere<\/title>\n<meta name=\"description\" content=\"Arpien hoito on meille tuttua. Erilaiset arvet ja kuroumat ulkon\u00e4\u00f6ss\u00e4 hoituvat Clinic Helenan plastiikkakirurgisella osaamisella.\" \/>\n<meta name=\"robots\" content=\"index, follow, max-snippet:-1, max-image-preview:large, max-video-preview:-1\" \/>\n<link rel=\"canonical\" href=\"https:\/\/www.clinichelena.com\/fi\/arpien-hoito\/\" \/>\n<meta property=\"og:locale\" content=\"fi_FI\" \/>\n<meta property=\"og:type\" content=\"article\" \/>\n<meta property=\"og:title\" content=\"Arpien hoito - Clinic Helena Tampere\" \/>\n<meta property=\"og:description\" content=\"Arpien hoito on meille tuttua. Erilaiset arvet ja kuroumat ulkon\u00e4\u00f6ss\u00e4 hoituvat Clinic Helenan plastiikkakirurgisella osaamisella.\" \/>\n<meta property=\"og:url\" content=\"https:\/\/www.clinichelena.com\/fi\/arpien-hoito\/\" \/>\n<meta property=\"og:site_name\" content=\"Clinic Helena\" \/>\n<meta property=\"article:modified_time\" content=\"2025-11-19T15:12:41+00:00\" \/>\n<meta property=\"og:image\" content=\"https:\/\/www.clinichelena.com\/wp-content\/uploads\/2020\/09\/Other-treatments-keloid-scar-300x300.jpg\" \/>\n<meta name=\"twitter:card\" content=\"summary_large_image\" \/>\n<meta name=\"twitter:label1\" content=\"Arvioitu lukuaika\" \/>\n\t<meta name=\"twitter:data1\" content=\"2 minuuttia\" \/>\n<script type=\"application\/ld+json\" class=\"yoast-schema-graph\">{\"@context\":\"https:\/\/schema.org\",\"@graph\":[{\"@type\":[\"WebPage\",\"MedicalWebPage\"],\"@id\":\"https:\/\/www.clinichelena.com\/fi\/arpien-hoito\/\",\"url\":\"https:\/\/www.clinichelena.com\/fi\/arpien-hoito\/\",\"name\":\"Arpien hoito - Clinic Helena Tampere\",\"isPartOf\":{\"@id\":\"https:\/\/www.clinichelena.com\/fi\/#website\"},\"primaryImageOfPage\":{\"@id\":\"https:\/\/www.clinichelena.com\/fi\/arpien-hoito\/#primaryimage\"},\"image\":{\"@id\":\"https:\/\/www.clinichelena.com\/fi\/arpien-hoito\/#primaryimage\"},\"thumbnailUrl\":\"https:\/\/www.clinichelena.com\/wp-content\/uploads\/2020\/09\/Other-treatments-keloid-scar-300x300.jpg\",\"datePublished\":\"2020-08-02T12:43:08+00:00\",\"dateModified\":\"2025-11-19T15:12:41+00:00\",\"description\":\"Arpien hoito on meille tuttua. Erilaiset arvet ja kuroumat ulkon\u00e4\u00f6ss\u00e4 hoituvat Clinic Helenan plastiikkakirurgisella osaamisella.\",\"breadcrumb\":{\"@id\":\"https:\/\/www.clinichelena.com\/fi\/arpien-hoito\/#breadcrumb\"},\"inLanguage\":\"fi\",\"potentialAction\":[{\"@type\":\"ReadAction\",\"target\":[\"https:\/\/www.clinichelena.com\/fi\/arpien-hoito\/\"]}]},{\"@type\":\"ImageObject\",\"inLanguage\":\"fi\",\"@id\":\"https:\/\/www.clinichelena.com\/fi\/arpien-hoito\/#primaryimage\",\"url\":\"https:\/\/www.clinichelena.com\/wp-content\/uploads\/2020\/09\/Other-treatments-keloid-scar-300x300.jpg\",\"contentUrl\":\"https:\/\/www.clinichelena.com\/wp-content\/uploads\/2020\/09\/Other-treatments-keloid-scar-300x300.jpg\"},{\"@type\":\"BreadcrumbList\",\"@id\":\"https:\/\/www.clinichelena.com\/fi\/arpien-hoito\/#breadcrumb\",\"itemListElement\":[{\"@type\":\"ListItem\",\"position\":1,\"name\":\"Etusivu\",\"item\":\"https:\/\/www.clinichelena.com\/fi\/\"},{\"@type\":\"ListItem\",\"position\":2,\"name\":\"Arpien hoito\"}]},{\"@type\":\"WebSite\",\"@id\":\"https:\/\/www.clinichelena.com\/fi\/#website\",\"url\":\"https:\/\/www.clinichelena.com\/fi\/\",\"name\":\"Clinic Helena\",\"description\":\"Your Breasts Matter\",\"publisher\":{\"@id\":\"https:\/\/www.clinichelena.com\/fi\/#organization\"},\"potentialAction\":[{\"@type\":\"SearchAction\",\"target\":{\"@type\":\"EntryPoint\",\"urlTemplate\":\"https:\/\/www.clinichelena.com\/fi\/?s={search_term_string}\"},\"query-input\":{\"@type\":\"PropertyValueSpecification\",\"valueRequired\":true,\"valueName\":\"search_term_string\"}}],\"inLanguage\":\"fi\"},{\"@type\":\"Organization\",\"@id\":\"https:\/\/www.clinichelena.com\/fi\/#organization\",\"name\":\"Klinikka Helena\",\"url\":\"https:\/\/www.clinichelena.com\/fi\/\",\"logo\":{\"@type\":\"ImageObject\",\"inLanguage\":\"fi\",\"@id\":\"https:\/\/www.clinichelena.com\/fi\/#\/schema\/logo\/image\/\",\"url\":\"https:\/\/www.clinichelena.com\/wp-content\/uploads\/2020\/11\/New-logo.png\",\"contentUrl\":\"https:\/\/www.clinichelena.com\/wp-content\/uploads\/2020\/11\/New-logo.png\",\"width\":950,\"height\":661,\"caption\":\"Klinikka Helena\"},\"image\":{\"@id\":\"https:\/\/www.clinichelena.com\/fi\/#\/schema\/logo\/image\/\"}}]}<\/script>\n<!-- \/ Yoast SEO plugin. -->","yoast_head_json":{"title":"Arpien hoito - Clinic Helena Tampere","description":"Arpien hoito on meille tuttua. Erilaiset arvet ja kuroumat ulkon\u00e4\u00f6ss\u00e4 hoituvat Clinic Helenan plastiikkakirurgisella osaamisella.","robots":{"index":"index","follow":"follow","max-snippet":"max-snippet:-1","max-image-preview":"max-image-preview:large","max-video-preview":"max-video-preview:-1"},"canonical":"https:\/\/www.clinichelena.com\/fi\/arpien-hoito\/","og_locale":"fi_FI","og_type":"article","og_title":"Arpien hoito - Clinic Helena Tampere","og_description":"Arpien hoito on meille tuttua. Erilaiset arvet ja kuroumat ulkon\u00e4\u00f6ss\u00e4 hoituvat Clinic Helenan plastiikkakirurgisella osaamisella.","og_url":"https:\/\/www.clinichelena.com\/fi\/arpien-hoito\/","og_site_name":"Clinic Helena","article_modified_time":"2025-11-19T15:12:41+00:00","og_image":[{"url":"https:\/\/www.clinichelena.com\/wp-content\/uploads\/2020\/09\/Other-treatments-keloid-scar-300x300.jpg","type":"","width":"","height":""}],"twitter_card":"summary_large_image","twitter_misc":{"Arvioitu lukuaika":"2 minuuttia"},"schema":{"@context":"https:\/\/schema.org","@graph":[{"@type":["WebPage","MedicalWebPage"],"@id":"https:\/\/www.clinichelena.com\/fi\/arpien-hoito\/","url":"https:\/\/www.clinichelena.com\/fi\/arpien-hoito\/","name":"Arpien hoito - Clinic Helena Tampere","isPartOf":{"@id":"https:\/\/www.clinichelena.com\/fi\/#website"},"primaryImageOfPage":{"@id":"https:\/\/www.clinichelena.com\/fi\/arpien-hoito\/#primaryimage"},"image":{"@id":"https:\/\/www.clinichelena.com\/fi\/arpien-hoito\/#primaryimage"},"thumbnailUrl":"https:\/\/www.clinichelena.com\/wp-content\/uploads\/2020\/09\/Other-treatments-keloid-scar-300x300.jpg","datePublished":"2020-08-02T12:43:08+00:00","dateModified":"2025-11-19T15:12:41+00:00","description":"Arpien hoito on meille tuttua. Erilaiset arvet ja kuroumat ulkon\u00e4\u00f6ss\u00e4 hoituvat Clinic Helenan plastiikkakirurgisella osaamisella.","breadcrumb":{"@id":"https:\/\/www.clinichelena.com\/fi\/arpien-hoito\/#breadcrumb"},"inLanguage":"fi","potentialAction":[{"@type":"ReadAction","target":["https:\/\/www.clinichelena.com\/fi\/arpien-hoito\/"]}]},{"@type":"ImageObject","inLanguage":"fi","@id":"https:\/\/www.clinichelena.com\/fi\/arpien-hoito\/#primaryimage","url":"https:\/\/www.clinichelena.com\/wp-content\/uploads\/2020\/09\/Other-treatments-keloid-scar-300x300.jpg","contentUrl":"https:\/\/www.clinichelena.com\/wp-content\/uploads\/2020\/09\/Other-treatments-keloid-scar-300x300.jpg"},{"@type":"BreadcrumbList","@id":"https:\/\/www.clinichelena.com\/fi\/arpien-hoito\/#breadcrumb","itemListElement":[{"@type":"ListItem","position":1,"name":"Etusivu","item":"https:\/\/www.clinichelena.com\/fi\/"},{"@type":"ListItem","position":2,"name":"Arpien hoito"}]},{"@type":"WebSite","@id":"https:\/\/www.clinichelena.com\/fi\/#website","url":"https:\/\/www.clinichelena.com\/fi\/","name":"Clinic Helena","description":"Your Breasts Matter","publisher":{"@id":"https:\/\/www.clinichelena.com\/fi\/#organization"},"potentialAction":[{"@type":"SearchAction","target":{"@type":"EntryPoint","urlTemplate":"https:\/\/www.clinichelena.com\/fi\/?s={search_term_string}"},"query-input":{"@type":"PropertyValueSpecification","valueRequired":true,"valueName":"search_term_string"}}],"inLanguage":"fi"},{"@type":"Organization","@id":"https:\/\/www.clinichelena.com\/fi\/#organization","name":"Klinikka Helena","url":"https:\/\/www.clinichelena.com\/fi\/","logo":{"@type":"ImageObject","inLanguage":"fi","@id":"https:\/\/www.clinichelena.com\/fi\/#\/schema\/logo\/image\/","url":"https:\/\/www.clinichelena.com\/wp-content\/uploads\/2020\/11\/New-logo.png","contentUrl":"https:\/\/www.clinichelena.com\/wp-content\/uploads\/2020\/11\/New-logo.png","width":950,"height":661,"caption":"Klinikka Helena"},"image":{"@id":"https:\/\/www.clinichelena.com\/fi\/#\/schema\/logo\/image\/"}}]}},"taxonomy_info":[],"featured_image_src_large":false,"author_info":{"display_name":"Reeta","author_link":"https:\/\/www.clinichelena.com\/fi\/author\/reeta-luoto\/"},"comment_info":"","uagb_featured_image_src":{"full":false,"thumbnail":false,"medium":false,"medium_large":false,"large":false,"1536x1536":false,"2048x2048":false,"custom-square":false},"uagb_author_info":{"display_name":"Reeta","author_link":"https:\/\/www.clinichelena.com\/fi\/author\/reeta-luoto\/"},"uagb_comment_info":0,"uagb_excerpt":"Erilaiset arvet ja kuroumat ulkon\u00e4\u00f6ss\u00e4mme h\u00e4iritsev\u00e4t meit\u00e4 p\u00e4ivitt\u00e4in. Niiden korjaaminen on plastiikkakirurgille suuri haaste, sill\u00e4 haavan paraneminen on yksil\u00f6llinen ja pitk\u00e4 tapahtuma.","_links":{"self":[{"href":"https:\/\/www.clinichelena.com\/fi\/wp-json\/wp\/v2\/pages\/16821","targetHints":{"allow":["GET"]}}],"collection":[{"href":"https:\/\/www.clinichelena.com\/fi\/wp-json\/wp\/v2\/pages"}],"about":[{"href":"https:\/\/www.clinichelena.com\/fi\/wp-json\/wp\/v2\/types\/page"}],"author":[{"embeddable":true,"href":"https:\/\/www.clinichelena.com\/fi\/wp-json\/wp\/v2\/users\/17"}],"replies":[{"embeddable":true,"href":"https:\/\/www.clinichelena.com\/fi\/wp-json\/wp\/v2\/comments?post=16821"}],"version-history":[{"count":12,"href":"https:\/\/www.clinichelena.com\/fi\/wp-json\/wp\/v2\/pages\/16821\/revisions"}],"predecessor-version":[{"id":34668,"href":"https:\/\/www.clinichelena.com\/fi\/wp-json\/wp\/v2\/pages\/16821\/revisions\/34668"}],"wp:attachment":[{"href":"https:\/\/www.clinichelena.com\/fi\/wp-json\/wp\/v2\/media?parent=16821"}],"curies":[{"name":"wp","href":"https:\/\/api.w.org\/{rel}","templated":true}]}}