{"id":16788,"date":"2020-08-02T16:46:21","date_gmt":"2020-08-02T12:46:21","guid":{"rendered":"http:\/\/clinichelena.kinsta.cloud\/breast-reshaping-2\/"},"modified":"2025-11-26T19:29:07","modified_gmt":"2025-11-26T17:29:07","slug":"rintojen-muotoilu","status":"publish","type":"page","link":"https:\/\/www.clinichelena.com\/fi\/korjaava-plastiikkakirurgia\/rintojen-muotoilu\/","title":{"rendered":"Rintojen muotoilu"},"content":{"rendered":"\n<h1 class=\"wp-block-heading\">Rintojen muotoilu<\/h1>\n\n\n\n<section class=\"wp-block-uagb-columns uagb-columns__wrap uagb-columns__background-none uagb-columns__stack-mobile uagb-columns__valign- uagb-columns__gap-10 align uagb-block-012045d5 uagb-columns__columns-2 uagb-columns__max_width-theme\"><div class=\"uagb-columns__overlay\"><\/div><div class=\"uagb-columns__inner-wrap uagb-columns__columns-2\">\n<div class=\"wp-block-uagb-column uagb-column__wrap uagb-column__background-undefined uagb-block-a835805f\"><div class=\"uagb-column__overlay\"><\/div>\n<figure class=\"wp-block-image size-custom-square\"><a href=\"https:\/\/www.clinichelena.com\/wp-content\/uploads\/2014\/05\/mammoplastic.jpg\"><img loading=\"lazy\" decoding=\"async\" width=\"300\" height=\"300\" src=\"https:\/\/www.clinichelena.com\/wp-content\/uploads\/2014\/05\/mammoplastic-300x300.jpg\" alt=\"Rintojen muotoilu (mammoplastia)\" class=\"wp-image-16280\" srcset=\"https:\/\/www.clinichelena.com\/wp-content\/uploads\/2014\/05\/mammoplastic-300x300.jpg 300w, https:\/\/www.clinichelena.com\/wp-content\/uploads\/2014\/05\/mammoplastic-150x150.jpg 150w\" sizes=\"auto, (max-width: 300px) 100vw, 300px\" \/><\/a><\/figure>\n<\/div>\n\n\n\n<div class=\"wp-block-uagb-column uagb-column__wrap uagb-column__background-undefined uagb-block-b4add913\"><div class=\"uagb-column__overlay\"><\/div>\n<p>Rinnat, olivatpa ne suuret tai pienet, ovat merkitt\u00e4v\u00e4 osa jokaisen naisen kehonkuvaa ja identiteetti\u00e4. Toisinaan ne voivat kuitenkin aiheuttaa fyysisi\u00e4 tai henkisi\u00e4 haasteita. Olipa kyse rintojen koon, muodon tai symmetrian aiheuttamista ongelmista voi rintojen muotoilu tarjota ratkaisun, joka parantaa sek\u00e4 kehon toimintaa ett\u00e4 kokonaisvaltaista hyvinvointia.<\/p>\n\n\n\n<p>Me Clinic Helenassa tarjoamme yksil\u00f6llisesti suunniteltuja toimenpiteit\u00e4 rintojen muotoiluun. Meill\u00e4 on kymmenien vuosien kokemus mm. rintasy\u00f6v\u00e4n j\u00e4lkeisist\u00e4 rintarekonstruktioista, rintojen pienennysleikkauksista sek\u00e4 ep\u00e4symmetrioiden korjaamisesta.<\/p>\n\n\n\n<p>Lue lis\u00e4\u00e4 erilaisista toimenpiteist\u00e4 ja  <a href=\"https:\/\/www.clinichelena.com\/fi\/ajanvaraus\/\">varaa aika konsultaatioon.<\/a><\/p>\n<\/div>\n<\/div><\/section>\n","protected":false},"excerpt":{"rendered":"<p>Mammoplastia tarkoittaa rintojen muodon korjausta tai niiden koon muutosta suurempaan tai pienemp\u00e4\u00e4n. Rintojen muoto on t\u00e4rke\u00e4\u00e4, koska tasapainoiset ja symmetriset rinnat suhteessa kehoomme parantavat itseluottamusta!<\/p>\n","protected":false},"author":2,"featured_media":16280,"parent":18066,"menu_order":0,"comment_status":"closed","ping_status":"closed","template":"","meta":{"_uag_custom_page_level_css":"","_kad_blocks_custom_css":"","_kad_blocks_head_custom_js":"","_kad_blocks_body_custom_js":"","_kad_blocks_footer_custom_js":"","site-sidebar-layout":"left-sidebar","site-content-layout":"default","ast-site-content-layout":"default","site-content-style":"default","site-sidebar-style":"default","ast-global-header-display":"","ast-banner-title-visibility":"","ast-main-header-display":"","ast-hfb-above-header-display":"","ast-hfb-below-header-display":"","ast-hfb-mobile-header-display":"","site-post-title":"disabled","ast-breadcrumbs-content":"","ast-featured-img":"","footer-sml-layout":"","theme-transparent-header-meta":"default","adv-header-id-meta":"","stick-header-meta":"default","header-above-stick-meta":"","header-main-stick-meta":"","header-below-stick-meta":"","astra-migrate-meta-layouts":"set","ast-page-background-enabled":"default","ast-page-background-meta":{"desktop":{"background-color":"","background-image":"","background-repeat":"repeat","background-position":"center center","background-size":"auto","background-attachment":"scroll","background-type":"","background-media":"","overlay-type":"","overlay-color":"","overlay-opacity":"","overlay-gradient":""},"tablet":{"background-color":"","background-image":"","background-repeat":"repeat","background-position":"center center","background-size":"auto","background-attachment":"scroll","background-type":"","background-media":"","overlay-type":"","overlay-color":"","overlay-opacity":"","overlay-gradient":""},"mobile":{"background-color":"","background-image":"","background-repeat":"repeat","background-position":"center center","background-size":"auto","background-attachment":"scroll","background-type":"","background-media":"","overlay-type":"","overlay-color":"","overlay-opacity":"","overlay-gradient":""}},"ast-content-background-meta":{"desktop":{"background-color":"var(--ast-global-color-5)","background-image":"","background-repeat":"repeat","background-position":"center center","background-size":"auto","background-attachment":"scroll","background-type":"","background-media":"","overlay-type":"","overlay-color":"","overlay-opacity":"","overlay-gradient":""},"tablet":{"background-color":"var(--ast-global-color-5)","background-image":"","background-repeat":"repeat","background-position":"center center","background-size":"auto","background-attachment":"scroll","background-type":"","background-media":"","overlay-type":"","overlay-color":"","overlay-opacity":"","overlay-gradient":""},"mobile":{"background-color":"var(--ast-global-color-5)","background-image":"","background-repeat":"repeat","background-position":"center center","background-size":"auto","background-attachment":"scroll","background-type":"","background-media":"","overlay-type":"","overlay-color":"","overlay-opacity":"","overlay-gradient":""}},"footnotes":""},"class_list":["post-16788","page","type-page","status-publish","has-post-thumbnail","hentry"],"yoast_head":"<!-- This site is optimized with the Yoast SEO plugin v26.6 - https:\/\/yoast.com\/wordpress\/plugins\/seo\/ -->\n<title>Rintojen muotoilu - Clinic Helena<\/title>\n<meta name=\"description\" content=\"Rintojen muotoilu auttaa palauttamaan rintojen muodon\" \/>\n<meta name=\"robots\" content=\"index, follow, max-snippet:-1, max-image-preview:large, max-video-preview:-1\" \/>\n<link rel=\"canonical\" href=\"https:\/\/www.clinichelena.com\/fi\/korjaava-plastiikkakirurgia\/rintojen-muotoilu\/\" \/>\n<meta property=\"og:locale\" content=\"fi_FI\" \/>\n<meta property=\"og:type\" content=\"article\" \/>\n<meta property=\"og:title\" content=\"Rintojen muotoilu - Clinic Helena\" \/>\n<meta property=\"og:description\" content=\"Rintojen muotoilu auttaa palauttamaan rintojen muodon\" \/>\n<meta property=\"og:url\" content=\"https:\/\/www.clinichelena.com\/fi\/korjaava-plastiikkakirurgia\/rintojen-muotoilu\/\" \/>\n<meta property=\"og:site_name\" content=\"Clinic Helena\" \/>\n<meta property=\"article:modified_time\" content=\"2025-11-26T17:29:07+00:00\" \/>\n<meta property=\"og:image\" content=\"https:\/\/www.clinichelena.com\/wp-content\/uploads\/2014\/05\/mammoplastic.jpg\" \/>\n\t<meta property=\"og:image:width\" content=\"650\" \/>\n\t<meta property=\"og:image:height\" content=\"433\" \/>\n\t<meta property=\"og:image:type\" content=\"image\/jpeg\" \/>\n<meta name=\"twitter:card\" content=\"summary_large_image\" \/>\n<meta name=\"twitter:label1\" content=\"Arvioitu lukuaika\" \/>\n\t<meta name=\"twitter:data1\" content=\"1 minuutti\" \/>\n<script type=\"application\/ld+json\" class=\"yoast-schema-graph\">{\"@context\":\"https:\/\/schema.org\",\"@graph\":[{\"@type\":[\"WebPage\",\"MedicalWebPage\"],\"@id\":\"https:\/\/www.clinichelena.com\/fi\/korjaava-plastiikkakirurgia\/rintojen-muotoilu\/\",\"url\":\"https:\/\/www.clinichelena.com\/fi\/korjaava-plastiikkakirurgia\/rintojen-muotoilu\/\",\"name\":\"Rintojen muotoilu - Clinic Helena\",\"isPartOf\":{\"@id\":\"https:\/\/www.clinichelena.com\/fi\/#website\"},\"primaryImageOfPage\":{\"@id\":\"https:\/\/www.clinichelena.com\/fi\/korjaava-plastiikkakirurgia\/rintojen-muotoilu\/#primaryimage\"},\"image\":{\"@id\":\"https:\/\/www.clinichelena.com\/fi\/korjaava-plastiikkakirurgia\/rintojen-muotoilu\/#primaryimage\"},\"thumbnailUrl\":\"https:\/\/www.clinichelena.com\/wp-content\/uploads\/2014\/05\/mammoplastic.jpg\",\"datePublished\":\"2020-08-02T12:46:21+00:00\",\"dateModified\":\"2025-11-26T17:29:07+00:00\",\"description\":\"Rintojen muotoilu auttaa palauttamaan rintojen muodon\",\"breadcrumb\":{\"@id\":\"https:\/\/www.clinichelena.com\/fi\/korjaava-plastiikkakirurgia\/rintojen-muotoilu\/#breadcrumb\"},\"inLanguage\":\"fi\",\"potentialAction\":[{\"@type\":\"ReadAction\",\"target\":[\"https:\/\/www.clinichelena.com\/fi\/korjaava-plastiikkakirurgia\/rintojen-muotoilu\/\"]}]},{\"@type\":\"ImageObject\",\"inLanguage\":\"fi\",\"@id\":\"https:\/\/www.clinichelena.com\/fi\/korjaava-plastiikkakirurgia\/rintojen-muotoilu\/#primaryimage\",\"url\":\"https:\/\/www.clinichelena.com\/wp-content\/uploads\/2014\/05\/mammoplastic.jpg\",\"contentUrl\":\"https:\/\/www.clinichelena.com\/wp-content\/uploads\/2014\/05\/mammoplastic.jpg\",\"width\":650,\"height\":433,\"caption\":\"Rintojen muotoilu (mammoplastia)\"},{\"@type\":\"BreadcrumbList\",\"@id\":\"https:\/\/www.clinichelena.com\/fi\/korjaava-plastiikkakirurgia\/rintojen-muotoilu\/#breadcrumb\",\"itemListElement\":[{\"@type\":\"ListItem\",\"position\":1,\"name\":\"Etusivu\",\"item\":\"https:\/\/www.clinichelena.com\/fi\/\"},{\"@type\":\"ListItem\",\"position\":2,\"name\":\"Korjaava kirurgia\",\"item\":\"https:\/\/www.clinichelena.com\/fi\/korjaava-plastiikkakirurgia\/\"},{\"@type\":\"ListItem\",\"position\":3,\"name\":\"Rintojen muotoilu\"}]},{\"@type\":\"WebSite\",\"@id\":\"https:\/\/www.clinichelena.com\/fi\/#website\",\"url\":\"https:\/\/www.clinichelena.com\/fi\/\",\"name\":\"Clinic Helena\",\"description\":\"Your Breasts Matter\",\"publisher\":{\"@id\":\"https:\/\/www.clinichelena.com\/fi\/#organization\"},\"potentialAction\":[{\"@type\":\"SearchAction\",\"target\":{\"@type\":\"EntryPoint\",\"urlTemplate\":\"https:\/\/www.clinichelena.com\/fi\/?s={search_term_string}\"},\"query-input\":{\"@type\":\"PropertyValueSpecification\",\"valueRequired\":true,\"valueName\":\"search_term_string\"}}],\"inLanguage\":\"fi\"},{\"@type\":\"Organization\",\"@id\":\"https:\/\/www.clinichelena.com\/fi\/#organization\",\"name\":\"Klinikka Helena\",\"url\":\"https:\/\/www.clinichelena.com\/fi\/\",\"logo\":{\"@type\":\"ImageObject\",\"inLanguage\":\"fi\",\"@id\":\"https:\/\/www.clinichelena.com\/fi\/#\/schema\/logo\/image\/\",\"url\":\"https:\/\/www.clinichelena.com\/wp-content\/uploads\/2020\/11\/New-logo.png\",\"contentUrl\":\"https:\/\/www.clinichelena.com\/wp-content\/uploads\/2020\/11\/New-logo.png\",\"width\":950,\"height\":661,\"caption\":\"Klinikka Helena\"},\"image\":{\"@id\":\"https:\/\/www.clinichelena.com\/fi\/#\/schema\/logo\/image\/\"}}]}<\/script>\n<!-- \/ Yoast SEO plugin. -->","yoast_head_json":{"title":"Rintojen muotoilu - Clinic Helena","description":"Rintojen muotoilu auttaa palauttamaan rintojen muodon","robots":{"index":"index","follow":"follow","max-snippet":"max-snippet:-1","max-image-preview":"max-image-preview:large","max-video-preview":"max-video-preview:-1"},"canonical":"https:\/\/www.clinichelena.com\/fi\/korjaava-plastiikkakirurgia\/rintojen-muotoilu\/","og_locale":"fi_FI","og_type":"article","og_title":"Rintojen muotoilu - Clinic Helena","og_description":"Rintojen muotoilu auttaa palauttamaan rintojen muodon","og_url":"https:\/\/www.clinichelena.com\/fi\/korjaava-plastiikkakirurgia\/rintojen-muotoilu\/","og_site_name":"Clinic Helena","article_modified_time":"2025-11-26T17:29:07+00:00","og_image":[{"width":650,"height":433,"url":"https:\/\/www.clinichelena.com\/wp-content\/uploads\/2014\/05\/mammoplastic.jpg","type":"image\/jpeg"}],"twitter_card":"summary_large_image","twitter_misc":{"Arvioitu lukuaika":"1 minuutti"},"schema":{"@context":"https:\/\/schema.org","@graph":[{"@type":["WebPage","MedicalWebPage"],"@id":"https:\/\/www.clinichelena.com\/fi\/korjaava-plastiikkakirurgia\/rintojen-muotoilu\/","url":"https:\/\/www.clinichelena.com\/fi\/korjaava-plastiikkakirurgia\/rintojen-muotoilu\/","name":"Rintojen muotoilu - Clinic Helena","isPartOf":{"@id":"https:\/\/www.clinichelena.com\/fi\/#website"},"primaryImageOfPage":{"@id":"https:\/\/www.clinichelena.com\/fi\/korjaava-plastiikkakirurgia\/rintojen-muotoilu\/#primaryimage"},"image":{"@id":"https:\/\/www.clinichelena.com\/fi\/korjaava-plastiikkakirurgia\/rintojen-muotoilu\/#primaryimage"},"thumbnailUrl":"https:\/\/www.clinichelena.com\/wp-content\/uploads\/2014\/05\/mammoplastic.jpg","datePublished":"2020-08-02T12:46:21+00:00","dateModified":"2025-11-26T17:29:07+00:00","description":"Rintojen muotoilu auttaa palauttamaan rintojen muodon","breadcrumb":{"@id":"https:\/\/www.clinichelena.com\/fi\/korjaava-plastiikkakirurgia\/rintojen-muotoilu\/#breadcrumb"},"inLanguage":"fi","potentialAction":[{"@type":"ReadAction","target":["https:\/\/www.clinichelena.com\/fi\/korjaava-plastiikkakirurgia\/rintojen-muotoilu\/"]}]},{"@type":"ImageObject","inLanguage":"fi","@id":"https:\/\/www.clinichelena.com\/fi\/korjaava-plastiikkakirurgia\/rintojen-muotoilu\/#primaryimage","url":"https:\/\/www.clinichelena.com\/wp-content\/uploads\/2014\/05\/mammoplastic.jpg","contentUrl":"https:\/\/www.clinichelena.com\/wp-content\/uploads\/2014\/05\/mammoplastic.jpg","width":650,"height":433,"caption":"Rintojen muotoilu (mammoplastia)"},{"@type":"BreadcrumbList","@id":"https:\/\/www.clinichelena.com\/fi\/korjaava-plastiikkakirurgia\/rintojen-muotoilu\/#breadcrumb","itemListElement":[{"@type":"ListItem","position":1,"name":"Etusivu","item":"https:\/\/www.clinichelena.com\/fi\/"},{"@type":"ListItem","position":2,"name":"Korjaava kirurgia","item":"https:\/\/www.clinichelena.com\/fi\/korjaava-plastiikkakirurgia\/"},{"@type":"ListItem","position":3,"name":"Rintojen muotoilu"}]},{"@type":"WebSite","@id":"https:\/\/www.clinichelena.com\/fi\/#website","url":"https:\/\/www.clinichelena.com\/fi\/","name":"Clinic Helena","description":"Your Breasts Matter","publisher":{"@id":"https:\/\/www.clinichelena.com\/fi\/#organization"},"potentialAction":[{"@type":"SearchAction","target":{"@type":"EntryPoint","urlTemplate":"https:\/\/www.clinichelena.com\/fi\/?s={search_term_string}"},"query-input":{"@type":"PropertyValueSpecification","valueRequired":true,"valueName":"search_term_string"}}],"inLanguage":"fi"},{"@type":"Organization","@id":"https:\/\/www.clinichelena.com\/fi\/#organization","name":"Klinikka Helena","url":"https:\/\/www.clinichelena.com\/fi\/","logo":{"@type":"ImageObject","inLanguage":"fi","@id":"https:\/\/www.clinichelena.com\/fi\/#\/schema\/logo\/image\/","url":"https:\/\/www.clinichelena.com\/wp-content\/uploads\/2020\/11\/New-logo.png","contentUrl":"https:\/\/www.clinichelena.com\/wp-content\/uploads\/2020\/11\/New-logo.png","width":950,"height":661,"caption":"Klinikka Helena"},"image":{"@id":"https:\/\/www.clinichelena.com\/fi\/#\/schema\/logo\/image\/"}}]}},"taxonomy_info":[],"featured_image_src_large":["https:\/\/www.clinichelena.com\/wp-content\/uploads\/2014\/05\/mammoplastic.jpg",650,433,false],"author_info":{"display_name":"\u041e\u043b\u044c\u0433\u0430","author_link":"https:\/\/www.clinichelena.com\/fi\/author\/admin\/"},"comment_info":"","uagb_featured_image_src":{"full":["https:\/\/www.clinichelena.com\/wp-content\/uploads\/2014\/05\/mammoplastic.jpg",650,433,false],"thumbnail":["https:\/\/www.clinichelena.com\/wp-content\/uploads\/2014\/05\/mammoplastic-150x150.jpg",150,150,true],"medium":["https:\/\/www.clinichelena.com\/wp-content\/uploads\/2014\/05\/mammoplastic-300x200.jpg",300,200,true],"medium_large":["https:\/\/www.clinichelena.com\/wp-content\/uploads\/2014\/05\/mammoplastic.jpg",650,433,false],"large":["https:\/\/www.clinichelena.com\/wp-content\/uploads\/2014\/05\/mammoplastic.jpg",650,433,false],"1536x1536":["https:\/\/www.clinichelena.com\/wp-content\/uploads\/2014\/05\/mammoplastic.jpg",650,433,false],"2048x2048":["https:\/\/www.clinichelena.com\/wp-content\/uploads\/2014\/05\/mammoplastic.jpg",650,433,false],"custom-square":["https:\/\/www.clinichelena.com\/wp-content\/uploads\/2014\/05\/mammoplastic-300x300.jpg",300,300,true]},"uagb_author_info":{"display_name":"\u041e\u043b\u044c\u0433\u0430","author_link":"https:\/\/www.clinichelena.com\/fi\/author\/admin\/"},"uagb_comment_info":0,"uagb_excerpt":"Mammoplastia tarkoittaa rintojen muodon korjausta tai niiden koon muutosta suurempaan tai pienemp\u00e4\u00e4n. Rintojen muoto on t\u00e4rke\u00e4\u00e4, koska tasapainoiset ja symmetriset rinnat suhteessa kehoomme parantavat itseluottamusta!","_links":{"self":[{"href":"https:\/\/www.clinichelena.com\/fi\/wp-json\/wp\/v2\/pages\/16788","targetHints":{"allow":["GET"]}}],"collection":[{"href":"https:\/\/www.clinichelena.com\/fi\/wp-json\/wp\/v2\/pages"}],"about":[{"href":"https:\/\/www.clinichelena.com\/fi\/wp-json\/wp\/v2\/types\/page"}],"author":[{"embeddable":true,"href":"https:\/\/www.clinichelena.com\/fi\/wp-json\/wp\/v2\/users\/2"}],"replies":[{"embeddable":true,"href":"https:\/\/www.clinichelena.com\/fi\/wp-json\/wp\/v2\/comments?post=16788"}],"version-history":[{"count":12,"href":"https:\/\/www.clinichelena.com\/fi\/wp-json\/wp\/v2\/pages\/16788\/revisions"}],"predecessor-version":[{"id":34714,"href":"https:\/\/www.clinichelena.com\/fi\/wp-json\/wp\/v2\/pages\/16788\/revisions\/34714"}],"up":[{"embeddable":true,"href":"https:\/\/www.clinichelena.com\/fi\/wp-json\/wp\/v2\/pages\/18066"}],"wp:featuredmedia":[{"embeddable":true,"href":"https:\/\/www.clinichelena.com\/fi\/wp-json\/wp\/v2\/media\/16280"}],"wp:attachment":[{"href":"https:\/\/www.clinichelena.com\/fi\/wp-json\/wp\/v2\/media?parent=16788"}],"curies":[{"name":"wp","href":"https:\/\/api.w.org\/{rel}","templated":true}]}}