{"id":16778,"date":"2020-08-02T16:47:02","date_gmt":"2020-08-02T12:47:02","guid":{"rendered":"http:\/\/clinichelena.kinsta.cloud\/breast-lift\/"},"modified":"2026-02-16T13:08:43","modified_gmt":"2026-02-16T11:08:43","slug":"rintojen-kohotus","status":"publish","type":"page","link":"https:\/\/www.clinichelena.com\/fi\/korjaava-plastiikkakirurgia\/rintojen-kohotus\/","title":{"rendered":"Rintojen kohotus"},"content":{"rendered":"\n<h1 class=\"wp-block-heading\">Rintojen kohotus (mastopexia)<\/h1>\n\n\n\n<p class=\"ingressi\">Jos putoavat rinnat kaipaavat muutosta, ne voidaan nostaa ja muotoilla kauniin py\u00f6reiksi. Rintojen kohotuksesta rinnan kudosta ei poisteta, se vain nostetaan uuteen paikkaan. Tarvittaessa rintoihin voidaan tuoda lis\u00e4kudosta esim. implantilla tai rasvansiirrolla.<\/p>\n\n\n\n<h2 class=\"wp-block-heading\">Miksi rinnat putoavat (riippuvat)?<\/h2>\n\n\n\n<p>Ihon kimmoisuus ja rintaa kiinnitt\u00e4v\u00e4 tukikalvo voi olla jo synnynn\u00e4isesti \u201dl\u00f6ys\u00e4\u201d. Lis\u00e4ksi i\u00e4n my\u00f6t\u00e4 ihon kimmoisuus v\u00e4henee, jolloin iho ja tukikalvot venyv\u00e4t. Yksil\u00f6llisi\u00e4 eroja on paljon.<\/p>\n\n\n\n<p>Synnytyksen j\u00e4lkeen maidon nousu rintoihin venytt\u00e4\u00e4 rintakudosta. Imetysjakson j\u00e4lkeen rintojen koko palautuu ennalleen. Kaikilla ihon kimmoisuus ei palaudu, jolloin rinnat laskeutuvat alasp\u00e4in. Merkitt\u00e4v\u00e4 painon vaihtelu voi aiheuttaa saman ilmi\u00f6n.<\/p>\n\n\n\n<h2 class=\"wp-block-heading\">Kenelle suositellaan kirurgiaa?<\/h2>\n\n\n\n<p>Rinta luokitellaan laskeutuvaksi (riippuvaksi), kun n\u00e4nni laskeutuu rinnan alapoimun alapuolelle. Muutos voi olla vain v\u00e4h\u00e4inen, ja jos rinnan volyymi on riitt\u00e4v\u00e4, rinta on kaunis.<\/p>\n\n\n\n<p>Rintojen laskeutuma voi toisinaan ulottua jopa navan tasolle, jolloin etenkin suuret rinnat aiheuttavat ongelmia, jotka voidaan katsoa my\u00f6s l\u00e4\u00e4ketieteelliseksi haitaksi. Haitta voi olla jokap\u00e4iv\u00e4ist\u00e4, mutta etenkin urheillessa, tanssiessa ym. liikunnassa haitta lis\u00e4\u00e4ntyy.<\/p>\n\n\n\n<p>T\u00e4rke\u00e4t\u00e4 on, miten asiakas kokee oman kehon kuvansa. Monet kokevat h\u00e4pe\u00e4\u00e4 putoavien rintojen takia ja v\u00e4lttelev\u00e4t yleisi\u00e4 uimahalleja tms.<\/p>\n\n\n\n<p>Rintojen kohotus (mastopexia) on Klinikka Helenan erityisosaamista. Suunnittelemme jokaiselle asiakkaalle yksil\u00f6llisen toimenpiteen, jonka tuloksena on kaunis, py\u00f6re\u00e4 rinta oikealla paikallaan.<\/p>\n\n\n\n<h2 class=\"wp-block-heading\">Mastopexian kirurgiset menetelm\u00e4t:<\/h2>\n\n\n\n<p>Jos rinnassa on riitt\u00e4v\u00e4sti volyymia asiakkaan toiveiden toteuttamiseen, muotoillaan kaunis ja pyre\u00e4 rinta potilaan oman rinnan kudoksista. T\u00e4ll\u00f6in vain ihoa poistetaan.<\/p>\n\n\n\n<p>Jos rinnan volyymia (tilavuutta, kokoa) ei ole riitt\u00e4v\u00e4sti, voidaan mastopexiaan liitt\u00e4\u00e4 implanttikorjaus tai rasvansiirto. T\u00e4ll\u00f6in puhutaan <a href=\"https:\/\/www.clinichelena.com\/fi\/esteettinen-kirurgia\/rintojen-suurennus\/\">rintojen suurentamisesta<\/a> eli augmentatiosta.<\/p>\n\n\n\n<p>Rinnan kohotus pyrit\u00e4\u00e4n tekem\u00e4\u00e4n mahdollisimman pienill\u00e4 haavoilla, jotta rintaan ei j\u00e4\u00e4 suuria n\u00e4kyvi\u00e4 arpia.<\/p>\n\n\n\n<p>V\u00e4h\u00e4inen rintojen nosto tehd\u00e4\u00e4n n\u00e4nnipihan reunaan tehdyst\u00e4 avauksesta (circumareolaarinen, periareolaarinen). K\u00e4yt\u00e4mme tavallisesti ns. Lecourin ihoavausta. T\u00e4ll\u00f6in leikkaushaava tulee n\u00e4nnipihan ymp\u00e4rille ja siit\u00e4 alaspin klo 6 suunnassa. Kaikki rintakudos s\u00e4ilytet\u00e4\u00e4n. Vain ihon m\u00e4\u00e4r\u00e4\u00e4 pienennet\u00e4\u00e4n.<\/p>\n\n\n\n<p>Eritt\u00e4in voimakkaasti laskeutuvassa reilun kokoisessa (kohtalaisen suuressa) rinnassa  k\u00e4ytet\u00e4\u00e4n ns. ankkuriviiltoa. T\u00e4ll\u00f6in rinnan arpi tulee n\u00e4nnipihan ymp\u00e4rille, kohtisuoraan alas klo 6 suunnassa, sek\u00e4 lis\u00e4ksi (horisontaalinen) kaariviilto rinnan alareunan poimuun (submammaaripoimuun).<\/p>\n\n\n\n<h2 class=\"wp-block-heading\">Toimenpide ja toipuminen<\/h2>\n\n\n\n<p>Toimenpide tehd\u00e4\u00e4n nukutuksessa ja asiakas y\u00f6pyy osastolla.<\/p>\n\n\n\n<p>V\u00e4litt\u00f6m\u00e4\u00e4n toipumiseen ja ty\u00f6st\u00e4 poissaoloon tulisi varata 1-3 viikkoa.<\/p>\n","protected":false},"excerpt":{"rendered":"<p>Rintojen kohotus (mastopexia) Jos putoavat rinnat kaipaavat muutosta, ne voidaan nostaa ja muotoilla kauniin py\u00f6reiksi. Rintojen kohotuksesta rinnan kudosta ei poisteta, se vain nostetaan uuteen paikkaan. Tarvittaessa rintoihin voidaan tuoda lis\u00e4kudosta esim. implantilla tai rasvansiirrolla. [&hellip;]<\/p>\n","protected":false},"author":2,"featured_media":0,"parent":18066,"menu_order":0,"comment_status":"closed","ping_status":"closed","template":"","meta":{"_uag_custom_page_level_css":"","_kad_blocks_custom_css":"","_kad_blocks_head_custom_js":"","_kad_blocks_body_custom_js":"","_kad_blocks_footer_custom_js":"","site-sidebar-layout":"left-sidebar","site-content-layout":"default","ast-site-content-layout":"default","site-content-style":"default","site-sidebar-style":"default","ast-global-header-display":"","ast-banner-title-visibility":"","ast-main-header-display":"","ast-hfb-above-header-display":"","ast-hfb-below-header-display":"","ast-hfb-mobile-header-display":"","site-post-title":"disabled","ast-breadcrumbs-content":"","ast-featured-img":"","footer-sml-layout":"","theme-transparent-header-meta":"default","adv-header-id-meta":"","stick-header-meta":"default","header-above-stick-meta":"","header-main-stick-meta":"","header-below-stick-meta":"","astra-migrate-meta-layouts":"set","ast-page-background-enabled":"default","ast-page-background-meta":{"desktop":{"background-color":"","background-image":"","background-repeat":"repeat","background-position":"center center","background-size":"auto","background-attachment":"scroll","background-type":"","background-media":"","overlay-type":"","overlay-color":"","overlay-opacity":"","overlay-gradient":""},"tablet":{"background-color":"","background-image":"","background-repeat":"repeat","background-position":"center center","background-size":"auto","background-attachment":"scroll","background-type":"","background-media":"","overlay-type":"","overlay-color":"","overlay-opacity":"","overlay-gradient":""},"mobile":{"background-color":"","background-image":"","background-repeat":"repeat","background-position":"center center","background-size":"auto","background-attachment":"scroll","background-type":"","background-media":"","overlay-type":"","overlay-color":"","overlay-opacity":"","overlay-gradient":""}},"ast-content-background-meta":{"desktop":{"background-color":"var(--ast-global-color-5)","background-image":"","background-repeat":"repeat","background-position":"center center","background-size":"auto","background-attachment":"scroll","background-type":"","background-media":"","overlay-type":"","overlay-color":"","overlay-opacity":"","overlay-gradient":""},"tablet":{"background-color":"var(--ast-global-color-5)","background-image":"","background-repeat":"repeat","background-position":"center center","background-size":"auto","background-attachment":"scroll","background-type":"","background-media":"","overlay-type":"","overlay-color":"","overlay-opacity":"","overlay-gradient":""},"mobile":{"background-color":"var(--ast-global-color-5)","background-image":"","background-repeat":"repeat","background-position":"center center","background-size":"auto","background-attachment":"scroll","background-type":"","background-media":"","overlay-type":"","overlay-color":"","overlay-opacity":"","overlay-gradient":""}},"footnotes":""},"class_list":["post-16778","page","type-page","status-publish","hentry"],"yoast_head":"<!-- This site is optimized with the Yoast SEO plugin v26.6 - https:\/\/yoast.com\/wordpress\/plugins\/seo\/ -->\n<title>Rintojen kohotus - Clinic Helena<\/title>\n<meta name=\"description\" content=\"Rintojen kohotus Clinic Helenassa: turvallinen, yksil\u00f6llinen hoitopolku ja luonnollinen lopputulos. Ota askel kohti toivomaasi ulkon\u00e4k\u00f6\u00e4 \u2013 varaa konsultaatio!\" \/>\n<meta name=\"robots\" content=\"index, follow, max-snippet:-1, max-image-preview:large, max-video-preview:-1\" \/>\n<link rel=\"canonical\" href=\"https:\/\/www.clinichelena.com\/fi\/korjaava-plastiikkakirurgia\/rintojen-kohotus\/\" \/>\n<meta property=\"og:locale\" content=\"fi_FI\" \/>\n<meta property=\"og:type\" content=\"article\" \/>\n<meta property=\"og:title\" content=\"Rintojen kohotus - Clinic Helena\" \/>\n<meta property=\"og:description\" content=\"Rintojen kohotus Clinic Helenassa: turvallinen, yksil\u00f6llinen hoitopolku ja luonnollinen lopputulos. Ota askel kohti toivomaasi ulkon\u00e4k\u00f6\u00e4 \u2013 varaa konsultaatio!\" \/>\n<meta property=\"og:url\" content=\"https:\/\/www.clinichelena.com\/fi\/korjaava-plastiikkakirurgia\/rintojen-kohotus\/\" \/>\n<meta property=\"og:site_name\" content=\"Clinic Helena\" \/>\n<meta property=\"article:modified_time\" content=\"2026-02-16T11:08:43+00:00\" \/>\n<meta name=\"twitter:card\" content=\"summary_large_image\" \/>\n<meta name=\"twitter:label1\" content=\"Arvioitu lukuaika\" \/>\n\t<meta name=\"twitter:data1\" content=\"2 minuuttia\" \/>\n<script type=\"application\/ld+json\" class=\"yoast-schema-graph\">{\"@context\":\"https:\/\/schema.org\",\"@graph\":[{\"@type\":[\"WebPage\",\"MedicalWebPage\"],\"@id\":\"https:\/\/www.clinichelena.com\/fi\/korjaava-plastiikkakirurgia\/rintojen-kohotus\/\",\"url\":\"https:\/\/www.clinichelena.com\/fi\/korjaava-plastiikkakirurgia\/rintojen-kohotus\/\",\"name\":\"Rintojen kohotus - Clinic Helena\",\"isPartOf\":{\"@id\":\"https:\/\/www.clinichelena.com\/fi\/#website\"},\"datePublished\":\"2020-08-02T12:47:02+00:00\",\"dateModified\":\"2026-02-16T11:08:43+00:00\",\"description\":\"Rintojen kohotus Clinic Helenassa: turvallinen, yksil\u00f6llinen hoitopolku ja luonnollinen lopputulos. Ota askel kohti toivomaasi ulkon\u00e4k\u00f6\u00e4 \u2013 varaa konsultaatio!\",\"breadcrumb\":{\"@id\":\"https:\/\/www.clinichelena.com\/fi\/korjaava-plastiikkakirurgia\/rintojen-kohotus\/#breadcrumb\"},\"inLanguage\":\"fi\",\"potentialAction\":[{\"@type\":\"ReadAction\",\"target\":[\"https:\/\/www.clinichelena.com\/fi\/korjaava-plastiikkakirurgia\/rintojen-kohotus\/\"]}]},{\"@type\":\"BreadcrumbList\",\"@id\":\"https:\/\/www.clinichelena.com\/fi\/korjaava-plastiikkakirurgia\/rintojen-kohotus\/#breadcrumb\",\"itemListElement\":[{\"@type\":\"ListItem\",\"position\":1,\"name\":\"Etusivu\",\"item\":\"https:\/\/www.clinichelena.com\/fi\/\"},{\"@type\":\"ListItem\",\"position\":2,\"name\":\"Korjaava kirurgia\",\"item\":\"https:\/\/www.clinichelena.com\/fi\/korjaava-plastiikkakirurgia\/\"},{\"@type\":\"ListItem\",\"position\":3,\"name\":\"Rintojen kohotus\"}]},{\"@type\":\"WebSite\",\"@id\":\"https:\/\/www.clinichelena.com\/fi\/#website\",\"url\":\"https:\/\/www.clinichelena.com\/fi\/\",\"name\":\"Clinic Helena\",\"description\":\"Your Breasts Matter\",\"publisher\":{\"@id\":\"https:\/\/www.clinichelena.com\/fi\/#organization\"},\"potentialAction\":[{\"@type\":\"SearchAction\",\"target\":{\"@type\":\"EntryPoint\",\"urlTemplate\":\"https:\/\/www.clinichelena.com\/fi\/?s={search_term_string}\"},\"query-input\":{\"@type\":\"PropertyValueSpecification\",\"valueRequired\":true,\"valueName\":\"search_term_string\"}}],\"inLanguage\":\"fi\"},{\"@type\":\"Organization\",\"@id\":\"https:\/\/www.clinichelena.com\/fi\/#organization\",\"name\":\"Klinikka Helena\",\"url\":\"https:\/\/www.clinichelena.com\/fi\/\",\"logo\":{\"@type\":\"ImageObject\",\"inLanguage\":\"fi\",\"@id\":\"https:\/\/www.clinichelena.com\/fi\/#\/schema\/logo\/image\/\",\"url\":\"https:\/\/www.clinichelena.com\/wp-content\/uploads\/2020\/11\/New-logo.png\",\"contentUrl\":\"https:\/\/www.clinichelena.com\/wp-content\/uploads\/2020\/11\/New-logo.png\",\"width\":950,\"height\":661,\"caption\":\"Klinikka Helena\"},\"image\":{\"@id\":\"https:\/\/www.clinichelena.com\/fi\/#\/schema\/logo\/image\/\"}}]}<\/script>\n<!-- \/ Yoast SEO plugin. -->","yoast_head_json":{"title":"Rintojen kohotus - Clinic Helena","description":"Rintojen kohotus Clinic Helenassa: turvallinen, yksil\u00f6llinen hoitopolku ja luonnollinen lopputulos. Ota askel kohti toivomaasi ulkon\u00e4k\u00f6\u00e4 \u2013 varaa konsultaatio!","robots":{"index":"index","follow":"follow","max-snippet":"max-snippet:-1","max-image-preview":"max-image-preview:large","max-video-preview":"max-video-preview:-1"},"canonical":"https:\/\/www.clinichelena.com\/fi\/korjaava-plastiikkakirurgia\/rintojen-kohotus\/","og_locale":"fi_FI","og_type":"article","og_title":"Rintojen kohotus - Clinic Helena","og_description":"Rintojen kohotus Clinic Helenassa: turvallinen, yksil\u00f6llinen hoitopolku ja luonnollinen lopputulos. Ota askel kohti toivomaasi ulkon\u00e4k\u00f6\u00e4 \u2013 varaa konsultaatio!","og_url":"https:\/\/www.clinichelena.com\/fi\/korjaava-plastiikkakirurgia\/rintojen-kohotus\/","og_site_name":"Clinic Helena","article_modified_time":"2026-02-16T11:08:43+00:00","twitter_card":"summary_large_image","twitter_misc":{"Arvioitu lukuaika":"2 minuuttia"},"schema":{"@context":"https:\/\/schema.org","@graph":[{"@type":["WebPage","MedicalWebPage"],"@id":"https:\/\/www.clinichelena.com\/fi\/korjaava-plastiikkakirurgia\/rintojen-kohotus\/","url":"https:\/\/www.clinichelena.com\/fi\/korjaava-plastiikkakirurgia\/rintojen-kohotus\/","name":"Rintojen kohotus - Clinic Helena","isPartOf":{"@id":"https:\/\/www.clinichelena.com\/fi\/#website"},"datePublished":"2020-08-02T12:47:02+00:00","dateModified":"2026-02-16T11:08:43+00:00","description":"Rintojen kohotus Clinic Helenassa: turvallinen, yksil\u00f6llinen hoitopolku ja luonnollinen lopputulos. Ota askel kohti toivomaasi ulkon\u00e4k\u00f6\u00e4 \u2013 varaa konsultaatio!","breadcrumb":{"@id":"https:\/\/www.clinichelena.com\/fi\/korjaava-plastiikkakirurgia\/rintojen-kohotus\/#breadcrumb"},"inLanguage":"fi","potentialAction":[{"@type":"ReadAction","target":["https:\/\/www.clinichelena.com\/fi\/korjaava-plastiikkakirurgia\/rintojen-kohotus\/"]}]},{"@type":"BreadcrumbList","@id":"https:\/\/www.clinichelena.com\/fi\/korjaava-plastiikkakirurgia\/rintojen-kohotus\/#breadcrumb","itemListElement":[{"@type":"ListItem","position":1,"name":"Etusivu","item":"https:\/\/www.clinichelena.com\/fi\/"},{"@type":"ListItem","position":2,"name":"Korjaava kirurgia","item":"https:\/\/www.clinichelena.com\/fi\/korjaava-plastiikkakirurgia\/"},{"@type":"ListItem","position":3,"name":"Rintojen kohotus"}]},{"@type":"WebSite","@id":"https:\/\/www.clinichelena.com\/fi\/#website","url":"https:\/\/www.clinichelena.com\/fi\/","name":"Clinic Helena","description":"Your Breasts Matter","publisher":{"@id":"https:\/\/www.clinichelena.com\/fi\/#organization"},"potentialAction":[{"@type":"SearchAction","target":{"@type":"EntryPoint","urlTemplate":"https:\/\/www.clinichelena.com\/fi\/?s={search_term_string}"},"query-input":{"@type":"PropertyValueSpecification","valueRequired":true,"valueName":"search_term_string"}}],"inLanguage":"fi"},{"@type":"Organization","@id":"https:\/\/www.clinichelena.com\/fi\/#organization","name":"Klinikka Helena","url":"https:\/\/www.clinichelena.com\/fi\/","logo":{"@type":"ImageObject","inLanguage":"fi","@id":"https:\/\/www.clinichelena.com\/fi\/#\/schema\/logo\/image\/","url":"https:\/\/www.clinichelena.com\/wp-content\/uploads\/2020\/11\/New-logo.png","contentUrl":"https:\/\/www.clinichelena.com\/wp-content\/uploads\/2020\/11\/New-logo.png","width":950,"height":661,"caption":"Klinikka Helena"},"image":{"@id":"https:\/\/www.clinichelena.com\/fi\/#\/schema\/logo\/image\/"}}]}},"taxonomy_info":[],"featured_image_src_large":false,"author_info":{"display_name":"\u041e\u043b\u044c\u0433\u0430","author_link":"https:\/\/www.clinichelena.com\/fi\/author\/admin\/"},"comment_info":"","uagb_featured_image_src":{"full":false,"thumbnail":false,"medium":false,"medium_large":false,"large":false,"1536x1536":false,"2048x2048":false,"custom-square":false},"uagb_author_info":{"display_name":"\u041e\u043b\u044c\u0433\u0430","author_link":"https:\/\/www.clinichelena.com\/fi\/author\/admin\/"},"uagb_comment_info":0,"uagb_excerpt":"Rintojen kohotus (mastopexia) Jos putoavat rinnat kaipaavat muutosta, ne voidaan nostaa ja muotoilla kauniin py\u00f6reiksi. Rintojen kohotuksesta rinnan kudosta ei poisteta, se vain nostetaan uuteen paikkaan. Tarvittaessa rintoihin voidaan tuoda lis\u00e4kudosta esim. implantilla tai rasvansiirrolla. [&hellip;]","_links":{"self":[{"href":"https:\/\/www.clinichelena.com\/fi\/wp-json\/wp\/v2\/pages\/16778","targetHints":{"allow":["GET"]}}],"collection":[{"href":"https:\/\/www.clinichelena.com\/fi\/wp-json\/wp\/v2\/pages"}],"about":[{"href":"https:\/\/www.clinichelena.com\/fi\/wp-json\/wp\/v2\/types\/page"}],"author":[{"embeddable":true,"href":"https:\/\/www.clinichelena.com\/fi\/wp-json\/wp\/v2\/users\/2"}],"replies":[{"embeddable":true,"href":"https:\/\/www.clinichelena.com\/fi\/wp-json\/wp\/v2\/comments?post=16778"}],"version-history":[{"count":5,"href":"https:\/\/www.clinichelena.com\/fi\/wp-json\/wp\/v2\/pages\/16778\/revisions"}],"predecessor-version":[{"id":34748,"href":"https:\/\/www.clinichelena.com\/fi\/wp-json\/wp\/v2\/pages\/16778\/revisions\/34748"}],"up":[{"embeddable":true,"href":"https:\/\/www.clinichelena.com\/fi\/wp-json\/wp\/v2\/pages\/18066"}],"wp:attachment":[{"href":"https:\/\/www.clinichelena.com\/fi\/wp-json\/wp\/v2\/media?parent=16778"}],"curies":[{"name":"wp","href":"https:\/\/api.w.org\/{rel}","templated":true}]}}