{"id":16773,"date":"2020-08-02T17:15:09","date_gmt":"2020-08-02T13:15:09","guid":{"rendered":"http:\/\/clinichelena.kinsta.cloud\/?page_id=16773"},"modified":"2026-02-16T17:01:18","modified_gmt":"2026-02-16T15:01:18","slug":"ylaluomileikkaus","status":"publish","type":"page","link":"https:\/\/www.clinichelena.com\/fi\/ylaluomileikkaus\/","title":{"rendered":"Yl\u00e4luomileikkaus"},"content":{"rendered":"\n<h1 class=\"wp-block-heading has--font-size\">Yl\u00e4luomiplastia on ratkaisu laskeutuneisiin yl\u00e4luomiin<\/h1>\n\n\n\n<p class=\"has-medium-font-size\"><em>Yl\u00e4luomien laskeutuminen voi aiheuttaa sek\u00e4 ulkon\u00e4\u00f6llisi\u00e4 muutoksia ett\u00e4 terveydellisi\u00e4 haittoja, kuten n\u00e4k\u00f6kent\u00e4n kaventumista, silmien v\u00e4symist\u00e4 ja p\u00e4\u00e4ns\u00e4rky\u00e4. Syyn\u00e4 voi olla ihon kimmoisuuden heikkeneminen, perinn\u00f6lliset tekij\u00e4t tai silm\u00e4luomien rakenteelliset ominaisuudet.<\/em><\/p>\n\n\n\n<div class=\"wp-block-uagb-image uagb-block-e5cbdc82 wp-block-uagb-image--layout-default wp-block-uagb-image--effect-static wp-block-uagb-image--align-none\"><figure class=\"wp-block-uagb-image__figure\"><a class=\"\" href=\"https:\/\/www.clinichelena.com\/wp-content\/uploads\/2014\/05\/26-\u0432\u0435\u043a\u0438.jpg\" target=\"\" rel=\"noopener\"><img decoding=\"async\" srcset=\"https:\/\/www.clinichelena.com\/wp-content\/uploads\/2014\/05\/26-\u0432\u0435\u043a\u0438.jpg ,https:\/\/www.clinichelena.com\/wp-content\/uploads\/2014\/05\/26-\u0432\u0435\u043a\u0438.jpg 780w, https:\/\/www.clinichelena.com\/wp-content\/uploads\/2014\/05\/26-\u0432\u0435\u043a\u0438.jpg 360w\" sizes=\"auto, (max-width: 480px) 150px\" src=\"https:\/\/www.clinichelena.com\/wp-content\/uploads\/2014\/05\/26-\u0432\u0435\u043a\u0438.jpg\" alt=\"Esteettinen kirurgia - silm\u00e4luomien kohotus 2\" class=\"uag-image-16261\" width=\"1024\" height=\"576\" title=\"Esteettinen kirurgia - silm\u00e4luomien kohotus 2\" loading=\"lazy\" role=\"img\"\/><\/a><\/figure><\/div>\n\n\n\n<h2 class=\"wp-block-heading has-ast-global-color-0-color has-text-color has-link-color wp-elements-9706ac59581e0ac616df4445103e536d\">Kenelle yl\u00e4luomiplastia sopii?<\/h2>\n\n\n\n<p>Jos kulmakarvojen et\u00e4isyys yl\u00e4luomen reunaan on riitt\u00e4v\u00e4, voidaan tehd\u00e4 yl\u00e4luomiplastia (blefaroplastia). T\u00e4m\u00e4 on tehokas toimenpide potilaille, joilla ylim\u00e4\u00e4r\u00e4inen iho h\u00e4iritsee n\u00e4k\u00f6kyky\u00e4 tai aiheuttaa raskaan tunteen silmiss\u00e4.<\/p>\n\n\n\n<p>Nuoremmilla potilailla, joilla yl\u00e4luomien laskeutuminen liittyy enemm\u00e4n kulmakarvojen asentoon kuin itse luomen ihoon, voidaan harkita my\u00f6s kulmakarvojen nostoa (brow lift) yksin\u00e4\u00e4n tai yl\u00e4luomileikkauksen lis\u00e4n\u00e4.<\/p>\n\n\n\n<h2 class=\"wp-block-heading has-ast-global-color-0-color has-text-color has-link-color wp-elements-4bfb656dea9a6b6ac8394da04b243feb\">Miten yl\u00e4luomiplastia tehd\u00e4\u00e4n?<\/h2>\n\n\n\n<p>Yl\u00e4luomiplastia suoritetaan yleens\u00e4 paikallispuudutuksessa polikliinisesti. Toimenpiteess\u00e4 poistetaan ylim\u00e4\u00e4r\u00e4inen iho ja tarvittaessa rasvaa, mik\u00e4 kevent\u00e4\u00e4 silm\u00e4luomia ja laajentaa n\u00e4k\u00f6kentt\u00e4\u00e4. Leikkausarpi sijoittuu luonnolliseen luomivakoon ja on hyvin huomaamaton.<\/p>\n\n\n\n<p>Kulmien nosto voidaan joissakin tapauksissa yhdist\u00e4\u00e4 yl\u00e4luomileikkaukseen. Endoskooppinen kulmien nosto tehd\u00e4\u00e4n nukutuksessa pienist\u00e4 hiuspohjaan teht\u00e4vist\u00e4 haavoista, jolloin arvet j\u00e4\u00e4v\u00e4t huomaamattomiksi.<\/p>\n\n\n\n<h2 class=\"wp-block-heading has-ast-global-color-0-color has-text-color has-link-color wp-elements-730a169eebf492cc7c6c3903f921b969\">Toipuminen ja j\u00e4lkihoito<\/h2>\n\n\n\n<p>Leikkauksen j\u00e4lkeen turvotus ja mustelmat ovat yleisi\u00e4, mutta ne v\u00e4henev\u00e4t muutamassa p\u00e4iv\u00e4ss\u00e4. Kylm\u00e4pakkauksia suositellaan turvotuksen estoon ensimm\u00e4isten p\u00e4ivien ajan. Kumartelua ja raskasta fyysist\u00e4 rasitusta tulee v\u00e4ltt\u00e4\u00e4 v\u00e4hint\u00e4\u00e4n kolme p\u00e4iv\u00e4\u00e4.<\/p>\n\n\n\n<p>Toipumiseen kannattaa varata noin kaksi viikkoa, jolloin suurin osa turvotuksesta laskee. Jos kulmien nosto on tehty samassa yhteydess\u00e4, suosittelen k\u00e4ytt\u00e4m\u00e4\u00e4n otsapantaa kahden viikon ajan. Kevyeen arkeen voi palata viikon kuluttua, mutta raskasta liikuntaa ja saunomista tulee v\u00e4ltt\u00e4\u00e4 kolme viikkoa.<\/p>\n\n\n\n<h2 class=\"wp-block-heading has-ast-global-color-0-color has-text-color has-link-color wp-elements-838fe5d3f460ff4aba3b1cf17f78dfc4\">Yl\u00e4luomiplastian hy\u00f6dyt<\/h2>\n\n\n\n<ul class=\"wp-block-list\">\n<li>&#8211; Parantaa n\u00e4k\u00f6kentt\u00e4\u00e4 ja helpottaa n\u00e4kemist\u00e4 <\/li>\n\n\n\n<li>&#8211; V\u00e4hent\u00e4\u00e4 silmien raskauden tunnetta ja v\u00e4symist\u00e4<\/li>\n\n\n\n<li>&#8211; Voi auttaa v\u00e4hent\u00e4m\u00e4\u00e4n p\u00e4\u00e4ns\u00e4rkyj\u00e4 ja otsalihasten j\u00e4nnityst\u00e4<\/li>\n\n\n\n<li>&#8211; Antaa pirte\u00e4mm\u00e4n ja lev\u00e4nneemm\u00e4n ilmeen<\/li>\n<\/ul>\n\n\n\n<section class=\"wp-block-uagb-columns uagb-columns__wrap uagb-columns__background-none uagb-columns__stack-mobile uagb-columns__valign- uagb-columns__gap-10 align uagb-block-a9be1283 uagb-columns__columns-3 uagb-columns__max_width-theme\"><div class=\"uagb-columns__overlay\"><\/div><div class=\"uagb-columns__inner-wrap uagb-columns__columns-3\">\n<div class=\"wp-block-uagb-column uagb-column__wrap uagb-column__background-undefined uagb-block-2f8b58ff\"><div class=\"uagb-column__overlay\"><\/div>\n<div class=\"wp-block-uagb-image uagb-block-c53c6a37 wp-block-uagb-image--layout-default wp-block-uagb-image--effect-static wp-block-uagb-image--align-none\"><figure class=\"wp-block-uagb-image__figure\"><a class=\"\" href=\"https:\/\/www.clinichelena.com\/wp-content\/uploads\/2014\/05\/24-\u0432\u0435\u043a\u0438.jpg\" target=\"\" rel=\"noopener\"><img decoding=\"async\" srcset=\"https:\/\/www.clinichelena.com\/wp-content\/uploads\/2014\/05\/24-\u0432\u0435\u043a\u0438.jpg ,https:\/\/www.clinichelena.com\/wp-content\/uploads\/2014\/05\/24-\u0432\u0435\u043a\u0438.jpg 780w, https:\/\/www.clinichelena.com\/wp-content\/uploads\/2014\/05\/24-\u0432\u0435\u043a\u0438.jpg 360w\" sizes=\"auto, (max-width: 480px) 150px\" src=\"https:\/\/www.clinichelena.com\/wp-content\/uploads\/2014\/05\/24-\u0432\u0435\u043a\u0438.jpg\" alt=\"Esteettinen kirurgia - silm\u00e4luomien kohotus 1\" class=\"uag-image-16256\" width=\"1024\" height=\"576\" title=\"Esteettinen kirurgia - silm\u00e4luomien kohotus 1\" loading=\"lazy\" role=\"img\"\/><\/a><\/figure><\/div>\n<\/div>\n\n\n\n<div class=\"wp-block-uagb-column uagb-column__wrap uagb-column__background-undefined uagb-block-e1809f6f\"><div class=\"uagb-column__overlay\"><\/div>\n<div class=\"wp-block-uagb-image uagb-block-a7046731 wp-block-uagb-image--layout-default wp-block-uagb-image--effect-static wp-block-uagb-image--align-none\"><figure class=\"wp-block-uagb-image__figure\"><a class=\"\" href=\"https:\/\/www.clinichelena.com\/wp-content\/uploads\/2014\/05\/25-\u0432\u0435\u043a\u0438.jpg\" target=\"\" rel=\"noopener\"><img decoding=\"async\" srcset=\"https:\/\/www.clinichelena.com\/wp-content\/uploads\/2014\/05\/25-\u0432\u0435\u043a\u0438.jpg ,https:\/\/www.clinichelena.com\/wp-content\/uploads\/2014\/05\/25-\u0432\u0435\u043a\u0438.jpg 780w, https:\/\/www.clinichelena.com\/wp-content\/uploads\/2014\/05\/25-\u0432\u0435\u043a\u0438.jpg 360w\" sizes=\"auto, (max-width: 480px) 150px\" src=\"https:\/\/www.clinichelena.com\/wp-content\/uploads\/2014\/05\/25-\u0432\u0435\u043a\u0438.jpg\" alt=\"Esteettinen kirurgia - silm\u00e4luomien kohotus 4\" class=\"uag-image-16260\" width=\"1024\" height=\"576\" title=\"Esteettinen kirurgia - silm\u00e4luomien kohotus 4\" loading=\"lazy\" role=\"img\"\/><\/a><\/figure><\/div>\n<\/div>\n\n\n\n<div class=\"wp-block-uagb-column uagb-column__wrap uagb-column__background-undefined uagb-block-91001cf7\"><div class=\"uagb-column__overlay\"><\/div>\n<div class=\"wp-block-uagb-image uagb-block-cc60a6e7 wp-block-uagb-image--layout-default wp-block-uagb-image--effect-static wp-block-uagb-image--align-none\"><figure class=\"wp-block-uagb-image__figure\"><a class=\"\" href=\"https:\/\/www.clinichelena.com\/wp-content\/uploads\/2014\/05\/27-\u0432\u0435\u043a\u0438.jpg\" target=\"\" rel=\"noopener\"><img decoding=\"async\" srcset=\"https:\/\/www.clinichelena.com\/wp-content\/uploads\/2014\/05\/27-\u0432\u0435\u043a\u0438.jpg ,https:\/\/www.clinichelena.com\/wp-content\/uploads\/2014\/05\/27-\u0432\u0435\u043a\u0438.jpg 780w, https:\/\/www.clinichelena.com\/wp-content\/uploads\/2014\/05\/27-\u0432\u0435\u043a\u0438.jpg 360w\" sizes=\"auto, (max-width: 480px) 150px\" src=\"https:\/\/www.clinichelena.com\/wp-content\/uploads\/2014\/05\/27-\u0432\u0435\u043a\u0438.jpg\" alt=\"Esteettinen kirurgia - silm\u00e4luomien kohotus 3\" class=\"uag-image-16262\" width=\"1024\" height=\"576\" title=\"Esteettinen kirurgia - silm\u00e4luomien kohotus 3\" loading=\"lazy\" role=\"img\"\/><\/a><\/figure><\/div>\n<\/div>\n<\/div><\/section>\n\n\n\n<h2 class=\"wp-block-heading has-ast-global-color-0-color has-text-color has-link-color wp-elements-3c84321a3da46e3aa0bd0f992321433e\">Miksi valita Clinic Helena?<\/h2>\n\n\n\n<p>Clinic Helenassa p\u00e4\u00e4set hoitoon nopeasti kokeneen plastiikkakirurgin k\u00e4siss\u00e4. Klinikkaa johtavalla Helena Puontilla on yli 30 vuoden kokemus plastiikkakirurgiasta ja silm\u00e4luomileikkauksista. Meilt\u00e4 saat yksil\u00f6llisen hoitosuunnitelman ja luonnollisen lopputuloksen. Varaa nyt aikasi hoitajan ilmaiseen konsultaatioon. Siell\u00e4 saat vastauksia kysymyksiisi ja tietoa valintasi perusteeksi.<\/p>\n\n\n\n<p class=\"has-medium-font-size\"><em>N\u00e4hd\u00e4\u00e4n vastaanotolla!<\/em><\/p>\n\n\n\n<div class=\"wp-block-group is-layout-constrained wp-block-group-is-layout-constrained\"><div class=\"wp-block-group__inner-container\">\n<section class=\"wp-block-uagb-section uagb-section__wrap uagb-section__background-color uagb-block-3d2fffef uag-hide-mob\"><div class=\"uagb-section__overlay\"><\/div><div class=\"uagb-section__inner-wrap\">\n<h2 class=\"wp-block-heading\">Nopeasti tutkimuksiin ja hoitoon <\/h2>\n\n\n\n<p>Jos haluat kuulla hoitovaihtoehdoista ja l\u00f6yt\u00e4\u00e4 sinulle sopivimman toimenpiteen, voit varata ajan ilmaiseen hoitajan konsultaatioon. Voit my\u00f6s varata ajan suoraan Helena Puontin  tai Timo Halosen vastaanotolle, nopeasti ilman l\u00e4hetett\u00e4.<\/p>\n\n\n\n<h4 class=\"wp-block-heading\">Miksi valita Clinic Helena:<\/h4>\n\n\n\n<ul class=\"wp-block-list\">\n<li>Vuosikymmenten kokemus rintasy\u00f6v\u00e4st\u00e4 ja erilaisista plastiikkakirurgisista hoitomenetelmist\u00e4.<\/li>\n\n\n\n<li>Potilasl\u00e4ht\u00f6inen ja ymm\u00e4rt\u00e4v\u00e4 l\u00e4hestymistapa sek\u00e4 nopea hoitoon p\u00e4\u00e4sy.<\/li>\n\n\n\n<li>Tampereelle on helppo saapua mist\u00e4 p\u00e4in Suomea tahansa.<\/li>\n\n\n\n<li>Teemme ty\u00f6t\u00e4 syd\u00e4mell\u00e4 ja olemme rinnallasi koko hoitopolun ajan, auttaen Sinua voimaan paremmin.<\/li>\n<\/ul>\n\n\n\n<div class=\"wp-block-uagb-buttons uagb-buttons__outer-wrap uagb-btn__default-btn uagb-btn-tablet__default-btn uagb-btn-mobile__default-btn uagb-block-aaaee149\"><div class=\"uagb-buttons__wrap uagb-buttons-layout-wrap \">\n<div class=\"wp-block-uagb-buttons-child uagb-buttons__outer-wrap uagb-block-05b51c49 wp-block-button\"><div class=\"uagb-button__wrapper\"><a class=\"uagb-buttons-repeater wp-block-button__link\" aria-label=\"\" href=\"https:\/\/www.clinichelena.com\/fi\/yhteystiedot\/\" rel=\"follow noopener\" target=\"_self\" role=\"button\"><div class=\"uagb-button__link\">Ota yhteytt\u00e4<\/div><\/a><\/div><\/div>\n\n\n\n<div class=\"wp-block-uagb-buttons-child uagb-buttons__outer-wrap uagb-block-145f3d38 wp-block-button\"><div class=\"uagb-button__wrapper\"><a class=\"uagb-buttons-repeater wp-block-button__link\" aria-label=\"\" href=\"tel:+358442378021\" rel=\"follow noopener\" target=\"_self\" role=\"button\"><div class=\"uagb-button__link\">050 570 8720<\/div><\/a><\/div><\/div>\n<\/div><\/div>\n<\/div><\/section>\n<\/div><\/div>\n","protected":false},"excerpt":{"rendered":"<p>Yl\u00e4luomiplastia on ratkaisu laskeutuneisiin yl\u00e4luomiin Yl\u00e4luomien laskeutuminen voi aiheuttaa sek\u00e4 ulkon\u00e4\u00f6llisi\u00e4 muutoksia ett\u00e4 terveydellisi\u00e4 haittoja, kuten n\u00e4k\u00f6kent\u00e4n kaventumista, silmien v\u00e4symist\u00e4 ja p\u00e4\u00e4ns\u00e4rky\u00e4. Syyn\u00e4 voi olla ihon kimmoisuuden heikkeneminen, perinn\u00f6lliset tekij\u00e4t tai silm\u00e4luomien rakenteelliset ominaisuudet. Kenelle [&hellip;]<\/p>\n","protected":false},"author":17,"featured_media":0,"parent":0,"menu_order":0,"comment_status":"closed","ping_status":"closed","template":"","meta":{"_uag_custom_page_level_css":"","_kad_blocks_custom_css":"","_kad_blocks_head_custom_js":"","_kad_blocks_body_custom_js":"","_kad_blocks_footer_custom_js":"","site-sidebar-layout":"left-sidebar","site-content-layout":"default","ast-site-content-layout":"default","site-content-style":"default","site-sidebar-style":"default","ast-global-header-display":"","ast-banner-title-visibility":"","ast-main-header-display":"","ast-hfb-above-header-display":"","ast-hfb-below-header-display":"","ast-hfb-mobile-header-display":"","site-post-title":"","ast-breadcrumbs-content":"","ast-featured-img":"","footer-sml-layout":"","theme-transparent-header-meta":"default","adv-header-id-meta":"","stick-header-meta":"default","header-above-stick-meta":"","header-main-stick-meta":"","header-below-stick-meta":"","astra-migrate-meta-layouts":"set","ast-page-background-enabled":"default","ast-page-background-meta":{"desktop":{"background-color":"","background-image":"","background-repeat":"repeat","background-position":"center center","background-size":"auto","background-attachment":"scroll","background-type":"","background-media":"","overlay-type":"","overlay-color":"","overlay-opacity":"","overlay-gradient":""},"tablet":{"background-color":"","background-image":"","background-repeat":"repeat","background-position":"center center","background-size":"auto","background-attachment":"scroll","background-type":"","background-media":"","overlay-type":"","overlay-color":"","overlay-opacity":"","overlay-gradient":""},"mobile":{"background-color":"","background-image":"","background-repeat":"repeat","background-position":"center center","background-size":"auto","background-attachment":"scroll","background-type":"","background-media":"","overlay-type":"","overlay-color":"","overlay-opacity":"","overlay-gradient":""}},"ast-content-background-meta":{"desktop":{"background-color":"var(--ast-global-color-5)","background-image":"","background-repeat":"repeat","background-position":"center center","background-size":"auto","background-attachment":"scroll","background-type":"","background-media":"","overlay-type":"","overlay-color":"","overlay-opacity":"","overlay-gradient":""},"tablet":{"background-color":"var(--ast-global-color-5)","background-image":"","background-repeat":"repeat","background-position":"center center","background-size":"auto","background-attachment":"scroll","background-type":"","background-media":"","overlay-type":"","overlay-color":"","overlay-opacity":"","overlay-gradient":""},"mobile":{"background-color":"var(--ast-global-color-5)","background-image":"","background-repeat":"repeat","background-position":"center center","background-size":"auto","background-attachment":"scroll","background-type":"","background-media":"","overlay-type":"","overlay-color":"","overlay-opacity":"","overlay-gradient":""}},"footnotes":""},"class_list":["post-16773","page","type-page","status-publish","hentry"],"yoast_head":"<!-- This site is optimized with the Yoast SEO plugin v26.6 - https:\/\/yoast.com\/wordpress\/plugins\/seo\/ -->\n<title>Yl\u00e4luomileikkaus - Clinic Helena<\/title>\n<meta name=\"description\" content=\"Yl\u00e4luomileikkaus Clinic Helenassa tukee kasvojen tasapainoista ilmett\u00e4 ja lis\u00e4\u00e4 mukavuutta arkeen. Lue lis\u00e4\u00e4 ja varaa konsultaatio!\" \/>\n<meta name=\"robots\" content=\"index, follow, max-snippet:-1, max-image-preview:large, max-video-preview:-1\" \/>\n<link rel=\"canonical\" href=\"https:\/\/www.clinichelena.com\/fi\/ylaluomileikkaus\/\" \/>\n<meta property=\"og:locale\" content=\"fi_FI\" \/>\n<meta property=\"og:type\" content=\"article\" \/>\n<meta property=\"og:title\" content=\"Yl\u00e4luomileikkaus - Clinic Helena\" \/>\n<meta property=\"og:description\" content=\"Yl\u00e4luomileikkaus Clinic Helenassa tukee kasvojen tasapainoista ilmett\u00e4 ja lis\u00e4\u00e4 mukavuutta arkeen. Lue lis\u00e4\u00e4 ja varaa konsultaatio!\" \/>\n<meta property=\"og:url\" content=\"https:\/\/www.clinichelena.com\/fi\/ylaluomileikkaus\/\" \/>\n<meta property=\"og:site_name\" content=\"Clinic Helena\" \/>\n<meta property=\"article:modified_time\" content=\"2026-02-16T15:01:18+00:00\" \/>\n<meta name=\"twitter:card\" content=\"summary_large_image\" \/>\n<meta name=\"twitter:label1\" content=\"Arvioitu lukuaika\" \/>\n\t<meta name=\"twitter:data1\" content=\"5 minuuttia\" \/>\n<script type=\"application\/ld+json\" class=\"yoast-schema-graph\">{\"@context\":\"https:\/\/schema.org\",\"@graph\":[{\"@type\":[\"WebPage\",\"MedicalWebPage\"],\"@id\":\"https:\/\/www.clinichelena.com\/fi\/ylaluomileikkaus\/\",\"url\":\"https:\/\/www.clinichelena.com\/fi\/ylaluomileikkaus\/\",\"name\":\"Yl\u00e4luomileikkaus - Clinic Helena\",\"isPartOf\":{\"@id\":\"https:\/\/www.clinichelena.com\/fi\/#website\"},\"datePublished\":\"2020-08-02T13:15:09+00:00\",\"dateModified\":\"2026-02-16T15:01:18+00:00\",\"description\":\"Yl\u00e4luomileikkaus Clinic Helenassa tukee kasvojen tasapainoista ilmett\u00e4 ja lis\u00e4\u00e4 mukavuutta arkeen. Lue lis\u00e4\u00e4 ja varaa konsultaatio!\",\"breadcrumb\":{\"@id\":\"https:\/\/www.clinichelena.com\/fi\/ylaluomileikkaus\/#breadcrumb\"},\"inLanguage\":\"fi\",\"potentialAction\":[{\"@type\":\"ReadAction\",\"target\":[\"https:\/\/www.clinichelena.com\/fi\/ylaluomileikkaus\/\"]}]},{\"@type\":\"BreadcrumbList\",\"@id\":\"https:\/\/www.clinichelena.com\/fi\/ylaluomileikkaus\/#breadcrumb\",\"itemListElement\":[{\"@type\":\"ListItem\",\"position\":1,\"name\":\"Etusivu\",\"item\":\"https:\/\/www.clinichelena.com\/fi\/\"},{\"@type\":\"ListItem\",\"position\":2,\"name\":\"Yl\u00e4luomileikkaus\"}]},{\"@type\":\"WebSite\",\"@id\":\"https:\/\/www.clinichelena.com\/fi\/#website\",\"url\":\"https:\/\/www.clinichelena.com\/fi\/\",\"name\":\"Clinic Helena\",\"description\":\"Your Breasts Matter\",\"publisher\":{\"@id\":\"https:\/\/www.clinichelena.com\/fi\/#organization\"},\"potentialAction\":[{\"@type\":\"SearchAction\",\"target\":{\"@type\":\"EntryPoint\",\"urlTemplate\":\"https:\/\/www.clinichelena.com\/fi\/?s={search_term_string}\"},\"query-input\":{\"@type\":\"PropertyValueSpecification\",\"valueRequired\":true,\"valueName\":\"search_term_string\"}}],\"inLanguage\":\"fi\"},{\"@type\":\"Organization\",\"@id\":\"https:\/\/www.clinichelena.com\/fi\/#organization\",\"name\":\"Klinikka Helena\",\"url\":\"https:\/\/www.clinichelena.com\/fi\/\",\"logo\":{\"@type\":\"ImageObject\",\"inLanguage\":\"fi\",\"@id\":\"https:\/\/www.clinichelena.com\/fi\/#\/schema\/logo\/image\/\",\"url\":\"https:\/\/www.clinichelena.com\/wp-content\/uploads\/2020\/11\/New-logo.png\",\"contentUrl\":\"https:\/\/www.clinichelena.com\/wp-content\/uploads\/2020\/11\/New-logo.png\",\"width\":950,\"height\":661,\"caption\":\"Klinikka Helena\"},\"image\":{\"@id\":\"https:\/\/www.clinichelena.com\/fi\/#\/schema\/logo\/image\/\"}}]}<\/script>\n<!-- \/ Yoast SEO plugin. -->","yoast_head_json":{"title":"Yl\u00e4luomileikkaus - Clinic Helena","description":"Yl\u00e4luomileikkaus Clinic Helenassa tukee kasvojen tasapainoista ilmett\u00e4 ja lis\u00e4\u00e4 mukavuutta arkeen. Lue lis\u00e4\u00e4 ja varaa konsultaatio!","robots":{"index":"index","follow":"follow","max-snippet":"max-snippet:-1","max-image-preview":"max-image-preview:large","max-video-preview":"max-video-preview:-1"},"canonical":"https:\/\/www.clinichelena.com\/fi\/ylaluomileikkaus\/","og_locale":"fi_FI","og_type":"article","og_title":"Yl\u00e4luomileikkaus - Clinic Helena","og_description":"Yl\u00e4luomileikkaus Clinic Helenassa tukee kasvojen tasapainoista ilmett\u00e4 ja lis\u00e4\u00e4 mukavuutta arkeen. Lue lis\u00e4\u00e4 ja varaa konsultaatio!","og_url":"https:\/\/www.clinichelena.com\/fi\/ylaluomileikkaus\/","og_site_name":"Clinic Helena","article_modified_time":"2026-02-16T15:01:18+00:00","twitter_card":"summary_large_image","twitter_misc":{"Arvioitu lukuaika":"5 minuuttia"},"schema":{"@context":"https:\/\/schema.org","@graph":[{"@type":["WebPage","MedicalWebPage"],"@id":"https:\/\/www.clinichelena.com\/fi\/ylaluomileikkaus\/","url":"https:\/\/www.clinichelena.com\/fi\/ylaluomileikkaus\/","name":"Yl\u00e4luomileikkaus - Clinic Helena","isPartOf":{"@id":"https:\/\/www.clinichelena.com\/fi\/#website"},"datePublished":"2020-08-02T13:15:09+00:00","dateModified":"2026-02-16T15:01:18+00:00","description":"Yl\u00e4luomileikkaus Clinic Helenassa tukee kasvojen tasapainoista ilmett\u00e4 ja lis\u00e4\u00e4 mukavuutta arkeen. Lue lis\u00e4\u00e4 ja varaa konsultaatio!","breadcrumb":{"@id":"https:\/\/www.clinichelena.com\/fi\/ylaluomileikkaus\/#breadcrumb"},"inLanguage":"fi","potentialAction":[{"@type":"ReadAction","target":["https:\/\/www.clinichelena.com\/fi\/ylaluomileikkaus\/"]}]},{"@type":"BreadcrumbList","@id":"https:\/\/www.clinichelena.com\/fi\/ylaluomileikkaus\/#breadcrumb","itemListElement":[{"@type":"ListItem","position":1,"name":"Etusivu","item":"https:\/\/www.clinichelena.com\/fi\/"},{"@type":"ListItem","position":2,"name":"Yl\u00e4luomileikkaus"}]},{"@type":"WebSite","@id":"https:\/\/www.clinichelena.com\/fi\/#website","url":"https:\/\/www.clinichelena.com\/fi\/","name":"Clinic Helena","description":"Your Breasts Matter","publisher":{"@id":"https:\/\/www.clinichelena.com\/fi\/#organization"},"potentialAction":[{"@type":"SearchAction","target":{"@type":"EntryPoint","urlTemplate":"https:\/\/www.clinichelena.com\/fi\/?s={search_term_string}"},"query-input":{"@type":"PropertyValueSpecification","valueRequired":true,"valueName":"search_term_string"}}],"inLanguage":"fi"},{"@type":"Organization","@id":"https:\/\/www.clinichelena.com\/fi\/#organization","name":"Klinikka Helena","url":"https:\/\/www.clinichelena.com\/fi\/","logo":{"@type":"ImageObject","inLanguage":"fi","@id":"https:\/\/www.clinichelena.com\/fi\/#\/schema\/logo\/image\/","url":"https:\/\/www.clinichelena.com\/wp-content\/uploads\/2020\/11\/New-logo.png","contentUrl":"https:\/\/www.clinichelena.com\/wp-content\/uploads\/2020\/11\/New-logo.png","width":950,"height":661,"caption":"Klinikka Helena"},"image":{"@id":"https:\/\/www.clinichelena.com\/fi\/#\/schema\/logo\/image\/"}}]}},"taxonomy_info":[],"featured_image_src_large":false,"author_info":{"display_name":"Reeta","author_link":"https:\/\/www.clinichelena.com\/fi\/author\/reeta-luoto\/"},"comment_info":"","uagb_featured_image_src":{"full":false,"thumbnail":false,"medium":false,"medium_large":false,"large":false,"1536x1536":false,"2048x2048":false,"custom-square":false},"uagb_author_info":{"display_name":"Reeta","author_link":"https:\/\/www.clinichelena.com\/fi\/author\/reeta-luoto\/"},"uagb_comment_info":0,"uagb_excerpt":"Yl\u00e4luomiplastia on ratkaisu laskeutuneisiin yl\u00e4luomiin Yl\u00e4luomien laskeutuminen voi aiheuttaa sek\u00e4 ulkon\u00e4\u00f6llisi\u00e4 muutoksia ett\u00e4 terveydellisi\u00e4 haittoja, kuten n\u00e4k\u00f6kent\u00e4n kaventumista, silmien v\u00e4symist\u00e4 ja p\u00e4\u00e4ns\u00e4rky\u00e4. Syyn\u00e4 voi olla ihon kimmoisuuden heikkeneminen, perinn\u00f6lliset tekij\u00e4t tai silm\u00e4luomien rakenteelliset ominaisuudet. Kenelle [&hellip;]","_links":{"self":[{"href":"https:\/\/www.clinichelena.com\/fi\/wp-json\/wp\/v2\/pages\/16773","targetHints":{"allow":["GET"]}}],"collection":[{"href":"https:\/\/www.clinichelena.com\/fi\/wp-json\/wp\/v2\/pages"}],"about":[{"href":"https:\/\/www.clinichelena.com\/fi\/wp-json\/wp\/v2\/types\/page"}],"author":[{"embeddable":true,"href":"https:\/\/www.clinichelena.com\/fi\/wp-json\/wp\/v2\/users\/17"}],"replies":[{"embeddable":true,"href":"https:\/\/www.clinichelena.com\/fi\/wp-json\/wp\/v2\/comments?post=16773"}],"version-history":[{"count":6,"href":"https:\/\/www.clinichelena.com\/fi\/wp-json\/wp\/v2\/pages\/16773\/revisions"}],"predecessor-version":[{"id":33168,"href":"https:\/\/www.clinichelena.com\/fi\/wp-json\/wp\/v2\/pages\/16773\/revisions\/33168"}],"wp:attachment":[{"href":"https:\/\/www.clinichelena.com\/fi\/wp-json\/wp\/v2\/media?parent=16773"}],"curies":[{"name":"wp","href":"https:\/\/api.w.org\/{rel}","templated":true}]}}