{"id":16760,"date":"2020-08-02T17:09:44","date_gmt":"2020-08-02T13:09:44","guid":{"rendered":"http:\/\/clinichelena.kinsta.cloud\/?page_id=16760"},"modified":"2025-11-19T17:15:18","modified_gmt":"2025-11-19T15:15:18","slug":"prp-terapia","status":"publish","type":"page","link":"https:\/\/www.clinichelena.com\/fi\/korjaava-plastiikkakirurgia\/prp-terapia\/","title":{"rendered":"Pistoshoidot"},"content":{"rendered":"\n<h1 class=\"wp-block-heading\">Pistoshoidot<\/h1>\n\n\n\n<h2 class=\"wp-block-heading\">Kasvojen muotoilu PRP-terapian avulla<\/h2>\n\n\n\n<section class=\"wp-block-uagb-columns uagb-columns__wrap uagb-columns__background-none uagb-columns__stack-none uagb-columns__valign- uagb-columns__gap-10 align uagb-block-1a7fb036 uagb-columns__columns-2 uagb-columns__max_width-theme\"><div class=\"uagb-columns__overlay\"><\/div><div class=\"uagb-columns__inner-wrap uagb-columns__columns-2\">\n<div class=\"wp-block-uagb-column uagb-column__wrap uagb-column__background-undefined uagb-block-e91eb2c2\"><div class=\"uagb-column__overlay\"><\/div>\n<figure class=\"wp-block-image aligncenter size-custom-square\"><a href=\"https:\/\/www.clinichelena.com\/wp-content\/uploads\/2014\/05\/16.jpg\"><img loading=\"lazy\" decoding=\"async\" width=\"300\" height=\"300\" src=\"https:\/\/www.clinichelena.com\/wp-content\/uploads\/2014\/05\/16-300x300.jpg\" alt=\"PRP-terapia\" class=\"wp-image-16238\" srcset=\"https:\/\/www.clinichelena.com\/wp-content\/uploads\/2014\/05\/16-300x300.jpg 300w, https:\/\/www.clinichelena.com\/wp-content\/uploads\/2014\/05\/16-150x150.jpg 150w, https:\/\/www.clinichelena.com\/wp-content\/uploads\/2014\/05\/16-520x520.jpg 520w\" sizes=\"auto, (max-width: 300px) 100vw, 300px\" \/><\/a><\/figure>\n<\/div>\n\n\n\n<div class=\"wp-block-uagb-column uagb-column__wrap uagb-column__background-undefined uagb-block-ba5fa6fb\"><div class=\"uagb-column__overlay\"><\/div>\n<figure class=\"wp-block-image aligncenter size-custom-square\"><a href=\"https:\/\/www.clinichelena.com\/wp-content\/uploads\/2014\/05\/19.jpg\"><img loading=\"lazy\" decoding=\"async\" width=\"300\" height=\"300\" src=\"https:\/\/www.clinichelena.com\/wp-content\/uploads\/2014\/05\/19-300x300.jpg\" alt=\"PRP-terapian valmistelu\" class=\"wp-image-16241\" srcset=\"https:\/\/www.clinichelena.com\/wp-content\/uploads\/2014\/05\/19-300x300.jpg 300w, https:\/\/www.clinichelena.com\/wp-content\/uploads\/2014\/05\/19-150x150.jpg 150w, https:\/\/www.clinichelena.com\/wp-content\/uploads\/2014\/05\/19-520x520.jpg 520w\" sizes=\"auto, (max-width: 300px) 100vw, 300px\" \/><\/a><\/figure>\n<\/div>\n<\/div><\/section>\n\n\n\n<p>PRP-konsentraattia voidaan k\u00e4ytt\u00e4\u00e4 sellaisenaan mesoterapian tapaan injisoiden sit\u00e4 kasvojen alueen pintaihoon. PRP el\u00e4v\u00f6itt\u00e4\u00e4 ja parantaa ihon laatua. Ryppyjen hoitamisessa tarvitaan useampi hoitokerta.<\/p>\n\n\n\n<p>PRP (platelet rich plasma) valmistetaan potilaan omasta verest\u00e4. Punasolujen poistamisen j\u00e4lkeen seerumi sentrifugoidaan ja saadaan suodos, joka sis\u00e4lt\u00e4\u00e4 l\u00e4hes 20 eri kasvutekij\u00e4\u00e4, jotka auttavat eri solujen kasvua.<\/p>\n\n\n\n<p>PRP voidaan my\u00f6s sekoittaa asiakkaan omiin rasvasoluihin (suhteessa 20\/80 %), ja t\u00e4t\u00e4 sekoitusta k\u00e4ytet\u00e4\u00e4n kasvojen uurteisiin ja ryppyihin tai muihin ep\u00e4tasaisuuksiin. PRP auttaa rasvasolujen kiinnittymisess\u00e4 uuteen paikkaansa.<\/p>\n\n\n\n<h2 class=\"wp-block-heading\">PRP -terapia auttaa my\u00f6s arpiin ja nivelvaivoihin<\/h2>\n\n\n\n<p>PRP-pistoksista voi olla hy\u00f6ty\u00e4 my\u00f6s arpien hoidossa. Verest\u00e4 eristetty verihiutalerikas plasma sis\u00e4lt\u00e4\u00e4 kasvutekij\u00f6it\u00e4, jotka aktivoivat ihon uudistumista, kollageenin tuotantoa ja kudosten paranemista. PRP-pistoksia voidaan k\u00e4ytt\u00e4\u00e4 esimerkiksi<a href=\"https:\/\/www.clinichelena.com\/fi\/arpien-hoito\/\"> leikkausarpien tai keloidiarpien hoitoon.<\/a><\/p>\n\n\n\n<p>PRP:lle on my\u00f6s uusi k\u00e4ytt\u00f6aihe nivelvaivoihin sek\u00e4 j\u00e4nnetulehduksiin. Monet nivelrikon oireista k\u00e4rsiv\u00e4t ovat jo saaneet nivelensis\u00e4isest\u00e4 PRP-hoidosta hy\u00f6ty\u00e4.<\/p>\n\n\n\n<p>Kyseess\u00e4 on elimist\u00f6n oma aine ja se sopii kaikille!<\/p>\n","protected":false},"excerpt":{"rendered":"<p>Clinic Helena tarjoaa kasvojen muotoilua ilman kirurgiaa t\u00e4yteaineiden ja Botox-hoitojen avulla.<\/p>\n","protected":false},"author":17,"featured_media":0,"parent":18066,"menu_order":0,"comment_status":"closed","ping_status":"closed","template":"","meta":{"_uag_custom_page_level_css":"","_kad_blocks_custom_css":"","_kad_blocks_head_custom_js":"","_kad_blocks_body_custom_js":"","_kad_blocks_footer_custom_js":"","site-sidebar-layout":"left-sidebar","site-content-layout":"default","ast-site-content-layout":"default","site-content-style":"default","site-sidebar-style":"default","ast-global-header-display":"","ast-banner-title-visibility":"","ast-main-header-display":"","ast-hfb-above-header-display":"","ast-hfb-below-header-display":"","ast-hfb-mobile-header-display":"","site-post-title":"disabled","ast-breadcrumbs-content":"","ast-featured-img":"","footer-sml-layout":"","theme-transparent-header-meta":"default","adv-header-id-meta":"","stick-header-meta":"default","header-above-stick-meta":"","header-main-stick-meta":"","header-below-stick-meta":"","astra-migrate-meta-layouts":"set","ast-page-background-enabled":"default","ast-page-background-meta":{"desktop":{"background-color":"","background-image":"","background-repeat":"repeat","background-position":"center center","background-size":"auto","background-attachment":"scroll","background-type":"","background-media":"","overlay-type":"","overlay-color":"","overlay-opacity":"","overlay-gradient":""},"tablet":{"background-color":"","background-image":"","background-repeat":"repeat","background-position":"center center","background-size":"auto","background-attachment":"scroll","background-type":"","background-media":"","overlay-type":"","overlay-color":"","overlay-opacity":"","overlay-gradient":""},"mobile":{"background-color":"","background-image":"","background-repeat":"repeat","background-position":"center center","background-size":"auto","background-attachment":"scroll","background-type":"","background-media":"","overlay-type":"","overlay-color":"","overlay-opacity":"","overlay-gradient":""}},"ast-content-background-meta":{"desktop":{"background-color":"var(--ast-global-color-5)","background-image":"","background-repeat":"repeat","background-position":"center center","background-size":"auto","background-attachment":"scroll","background-type":"","background-media":"","overlay-type":"","overlay-color":"","overlay-opacity":"","overlay-gradient":""},"tablet":{"background-color":"var(--ast-global-color-5)","background-image":"","background-repeat":"repeat","background-position":"center center","background-size":"auto","background-attachment":"scroll","background-type":"","background-media":"","overlay-type":"","overlay-color":"","overlay-opacity":"","overlay-gradient":""},"mobile":{"background-color":"var(--ast-global-color-5)","background-image":"","background-repeat":"repeat","background-position":"center center","background-size":"auto","background-attachment":"scroll","background-type":"","background-media":"","overlay-type":"","overlay-color":"","overlay-opacity":"","overlay-gradient":""}},"footnotes":""},"class_list":["post-16760","page","type-page","status-publish","hentry"],"yoast_head":"<!-- This site is optimized with the Yoast SEO plugin v26.6 - https:\/\/yoast.com\/wordpress\/plugins\/seo\/ -->\n<title>Pistoshoidot - Clinic Helena<\/title>\n<meta name=\"description\" content=\"PRP-hoidoilla voidaan elvytt\u00e4\u00e4 kasvoje ihoan kasvutekij\u00f6it\u00e4, korjata arpia ja parantaa nivelongelmia.\" \/>\n<meta name=\"robots\" content=\"index, follow, max-snippet:-1, max-image-preview:large, max-video-preview:-1\" \/>\n<link rel=\"canonical\" href=\"https:\/\/www.clinichelena.com\/fi\/korjaava-plastiikkakirurgia\/prp-terapia\/\" \/>\n<meta property=\"og:locale\" content=\"fi_FI\" \/>\n<meta property=\"og:type\" content=\"article\" \/>\n<meta property=\"og:title\" content=\"Pistoshoidot - Clinic Helena\" \/>\n<meta property=\"og:description\" content=\"PRP-hoidoilla voidaan elvytt\u00e4\u00e4 kasvoje ihoan kasvutekij\u00f6it\u00e4, korjata arpia ja parantaa nivelongelmia.\" \/>\n<meta property=\"og:url\" content=\"https:\/\/www.clinichelena.com\/fi\/korjaava-plastiikkakirurgia\/prp-terapia\/\" \/>\n<meta property=\"og:site_name\" content=\"Clinic Helena\" \/>\n<meta property=\"article:modified_time\" content=\"2025-11-19T15:15:18+00:00\" \/>\n<meta property=\"og:image\" content=\"https:\/\/www.clinichelena.com\/wp-content\/uploads\/2014\/05\/16-300x300.jpg\" \/>\n<meta name=\"twitter:card\" content=\"summary_large_image\" \/>\n<meta name=\"twitter:label1\" content=\"Arvioitu lukuaika\" \/>\n\t<meta name=\"twitter:data1\" content=\"2 minuuttia\" \/>\n<script type=\"application\/ld+json\" class=\"yoast-schema-graph\">{\"@context\":\"https:\/\/schema.org\",\"@graph\":[{\"@type\":[\"WebPage\",\"MedicalWebPage\"],\"@id\":\"https:\/\/www.clinichelena.com\/fi\/korjaava-plastiikkakirurgia\/prp-terapia\/\",\"url\":\"https:\/\/www.clinichelena.com\/fi\/korjaava-plastiikkakirurgia\/prp-terapia\/\",\"name\":\"Pistoshoidot - Clinic Helena\",\"isPartOf\":{\"@id\":\"https:\/\/www.clinichelena.com\/fi\/#website\"},\"primaryImageOfPage\":{\"@id\":\"https:\/\/www.clinichelena.com\/fi\/korjaava-plastiikkakirurgia\/prp-terapia\/#primaryimage\"},\"image\":{\"@id\":\"https:\/\/www.clinichelena.com\/fi\/korjaava-plastiikkakirurgia\/prp-terapia\/#primaryimage\"},\"thumbnailUrl\":\"https:\/\/www.clinichelena.com\/wp-content\/uploads\/2014\/05\/16-300x300.jpg\",\"datePublished\":\"2020-08-02T13:09:44+00:00\",\"dateModified\":\"2025-11-19T15:15:18+00:00\",\"description\":\"PRP-hoidoilla voidaan elvytt\u00e4\u00e4 kasvoje ihoan kasvutekij\u00f6it\u00e4, korjata arpia ja parantaa nivelongelmia.\",\"breadcrumb\":{\"@id\":\"https:\/\/www.clinichelena.com\/fi\/korjaava-plastiikkakirurgia\/prp-terapia\/#breadcrumb\"},\"inLanguage\":\"fi\",\"potentialAction\":[{\"@type\":\"ReadAction\",\"target\":[\"https:\/\/www.clinichelena.com\/fi\/korjaava-plastiikkakirurgia\/prp-terapia\/\"]}]},{\"@type\":\"ImageObject\",\"inLanguage\":\"fi\",\"@id\":\"https:\/\/www.clinichelena.com\/fi\/korjaava-plastiikkakirurgia\/prp-terapia\/#primaryimage\",\"url\":\"https:\/\/www.clinichelena.com\/wp-content\/uploads\/2014\/05\/16-300x300.jpg\",\"contentUrl\":\"https:\/\/www.clinichelena.com\/wp-content\/uploads\/2014\/05\/16-300x300.jpg\"},{\"@type\":\"BreadcrumbList\",\"@id\":\"https:\/\/www.clinichelena.com\/fi\/korjaava-plastiikkakirurgia\/prp-terapia\/#breadcrumb\",\"itemListElement\":[{\"@type\":\"ListItem\",\"position\":1,\"name\":\"Etusivu\",\"item\":\"https:\/\/www.clinichelena.com\/fi\/\"},{\"@type\":\"ListItem\",\"position\":2,\"name\":\"Korjaava kirurgia\",\"item\":\"https:\/\/www.clinichelena.com\/fi\/korjaava-plastiikkakirurgia\/\"},{\"@type\":\"ListItem\",\"position\":3,\"name\":\"Pistoshoidot\"}]},{\"@type\":\"WebSite\",\"@id\":\"https:\/\/www.clinichelena.com\/fi\/#website\",\"url\":\"https:\/\/www.clinichelena.com\/fi\/\",\"name\":\"Clinic Helena\",\"description\":\"Your Breasts Matter\",\"publisher\":{\"@id\":\"https:\/\/www.clinichelena.com\/fi\/#organization\"},\"potentialAction\":[{\"@type\":\"SearchAction\",\"target\":{\"@type\":\"EntryPoint\",\"urlTemplate\":\"https:\/\/www.clinichelena.com\/fi\/?s={search_term_string}\"},\"query-input\":{\"@type\":\"PropertyValueSpecification\",\"valueRequired\":true,\"valueName\":\"search_term_string\"}}],\"inLanguage\":\"fi\"},{\"@type\":\"Organization\",\"@id\":\"https:\/\/www.clinichelena.com\/fi\/#organization\",\"name\":\"Klinikka Helena\",\"url\":\"https:\/\/www.clinichelena.com\/fi\/\",\"logo\":{\"@type\":\"ImageObject\",\"inLanguage\":\"fi\",\"@id\":\"https:\/\/www.clinichelena.com\/fi\/#\/schema\/logo\/image\/\",\"url\":\"https:\/\/www.clinichelena.com\/wp-content\/uploads\/2020\/11\/New-logo.png\",\"contentUrl\":\"https:\/\/www.clinichelena.com\/wp-content\/uploads\/2020\/11\/New-logo.png\",\"width\":950,\"height\":661,\"caption\":\"Klinikka Helena\"},\"image\":{\"@id\":\"https:\/\/www.clinichelena.com\/fi\/#\/schema\/logo\/image\/\"}}]}<\/script>\n<!-- \/ Yoast SEO plugin. -->","yoast_head_json":{"title":"Pistoshoidot - Clinic Helena","description":"PRP-hoidoilla voidaan elvytt\u00e4\u00e4 kasvoje ihoan kasvutekij\u00f6it\u00e4, korjata arpia ja parantaa nivelongelmia.","robots":{"index":"index","follow":"follow","max-snippet":"max-snippet:-1","max-image-preview":"max-image-preview:large","max-video-preview":"max-video-preview:-1"},"canonical":"https:\/\/www.clinichelena.com\/fi\/korjaava-plastiikkakirurgia\/prp-terapia\/","og_locale":"fi_FI","og_type":"article","og_title":"Pistoshoidot - Clinic Helena","og_description":"PRP-hoidoilla voidaan elvytt\u00e4\u00e4 kasvoje ihoan kasvutekij\u00f6it\u00e4, korjata arpia ja parantaa nivelongelmia.","og_url":"https:\/\/www.clinichelena.com\/fi\/korjaava-plastiikkakirurgia\/prp-terapia\/","og_site_name":"Clinic Helena","article_modified_time":"2025-11-19T15:15:18+00:00","og_image":[{"url":"https:\/\/www.clinichelena.com\/wp-content\/uploads\/2014\/05\/16-300x300.jpg","type":"","width":"","height":""}],"twitter_card":"summary_large_image","twitter_misc":{"Arvioitu lukuaika":"2 minuuttia"},"schema":{"@context":"https:\/\/schema.org","@graph":[{"@type":["WebPage","MedicalWebPage"],"@id":"https:\/\/www.clinichelena.com\/fi\/korjaava-plastiikkakirurgia\/prp-terapia\/","url":"https:\/\/www.clinichelena.com\/fi\/korjaava-plastiikkakirurgia\/prp-terapia\/","name":"Pistoshoidot - Clinic Helena","isPartOf":{"@id":"https:\/\/www.clinichelena.com\/fi\/#website"},"primaryImageOfPage":{"@id":"https:\/\/www.clinichelena.com\/fi\/korjaava-plastiikkakirurgia\/prp-terapia\/#primaryimage"},"image":{"@id":"https:\/\/www.clinichelena.com\/fi\/korjaava-plastiikkakirurgia\/prp-terapia\/#primaryimage"},"thumbnailUrl":"https:\/\/www.clinichelena.com\/wp-content\/uploads\/2014\/05\/16-300x300.jpg","datePublished":"2020-08-02T13:09:44+00:00","dateModified":"2025-11-19T15:15:18+00:00","description":"PRP-hoidoilla voidaan elvytt\u00e4\u00e4 kasvoje ihoan kasvutekij\u00f6it\u00e4, korjata arpia ja parantaa nivelongelmia.","breadcrumb":{"@id":"https:\/\/www.clinichelena.com\/fi\/korjaava-plastiikkakirurgia\/prp-terapia\/#breadcrumb"},"inLanguage":"fi","potentialAction":[{"@type":"ReadAction","target":["https:\/\/www.clinichelena.com\/fi\/korjaava-plastiikkakirurgia\/prp-terapia\/"]}]},{"@type":"ImageObject","inLanguage":"fi","@id":"https:\/\/www.clinichelena.com\/fi\/korjaava-plastiikkakirurgia\/prp-terapia\/#primaryimage","url":"https:\/\/www.clinichelena.com\/wp-content\/uploads\/2014\/05\/16-300x300.jpg","contentUrl":"https:\/\/www.clinichelena.com\/wp-content\/uploads\/2014\/05\/16-300x300.jpg"},{"@type":"BreadcrumbList","@id":"https:\/\/www.clinichelena.com\/fi\/korjaava-plastiikkakirurgia\/prp-terapia\/#breadcrumb","itemListElement":[{"@type":"ListItem","position":1,"name":"Etusivu","item":"https:\/\/www.clinichelena.com\/fi\/"},{"@type":"ListItem","position":2,"name":"Korjaava kirurgia","item":"https:\/\/www.clinichelena.com\/fi\/korjaava-plastiikkakirurgia\/"},{"@type":"ListItem","position":3,"name":"Pistoshoidot"}]},{"@type":"WebSite","@id":"https:\/\/www.clinichelena.com\/fi\/#website","url":"https:\/\/www.clinichelena.com\/fi\/","name":"Clinic Helena","description":"Your Breasts Matter","publisher":{"@id":"https:\/\/www.clinichelena.com\/fi\/#organization"},"potentialAction":[{"@type":"SearchAction","target":{"@type":"EntryPoint","urlTemplate":"https:\/\/www.clinichelena.com\/fi\/?s={search_term_string}"},"query-input":{"@type":"PropertyValueSpecification","valueRequired":true,"valueName":"search_term_string"}}],"inLanguage":"fi"},{"@type":"Organization","@id":"https:\/\/www.clinichelena.com\/fi\/#organization","name":"Klinikka Helena","url":"https:\/\/www.clinichelena.com\/fi\/","logo":{"@type":"ImageObject","inLanguage":"fi","@id":"https:\/\/www.clinichelena.com\/fi\/#\/schema\/logo\/image\/","url":"https:\/\/www.clinichelena.com\/wp-content\/uploads\/2020\/11\/New-logo.png","contentUrl":"https:\/\/www.clinichelena.com\/wp-content\/uploads\/2020\/11\/New-logo.png","width":950,"height":661,"caption":"Klinikka Helena"},"image":{"@id":"https:\/\/www.clinichelena.com\/fi\/#\/schema\/logo\/image\/"}}]}},"taxonomy_info":[],"featured_image_src_large":false,"author_info":{"display_name":"Reeta","author_link":"https:\/\/www.clinichelena.com\/fi\/author\/reeta-luoto\/"},"comment_info":"","uagb_featured_image_src":{"full":false,"thumbnail":false,"medium":false,"medium_large":false,"large":false,"1536x1536":false,"2048x2048":false,"custom-square":false},"uagb_author_info":{"display_name":"Reeta","author_link":"https:\/\/www.clinichelena.com\/fi\/author\/reeta-luoto\/"},"uagb_comment_info":0,"uagb_excerpt":"Clinic Helena tarjoaa kasvojen muotoilua ilman kirurgiaa t\u00e4yteaineiden ja Botox-hoitojen avulla.","_links":{"self":[{"href":"https:\/\/www.clinichelena.com\/fi\/wp-json\/wp\/v2\/pages\/16760","targetHints":{"allow":["GET"]}}],"collection":[{"href":"https:\/\/www.clinichelena.com\/fi\/wp-json\/wp\/v2\/pages"}],"about":[{"href":"https:\/\/www.clinichelena.com\/fi\/wp-json\/wp\/v2\/types\/page"}],"author":[{"embeddable":true,"href":"https:\/\/www.clinichelena.com\/fi\/wp-json\/wp\/v2\/users\/17"}],"replies":[{"embeddable":true,"href":"https:\/\/www.clinichelena.com\/fi\/wp-json\/wp\/v2\/comments?post=16760"}],"version-history":[{"count":10,"href":"https:\/\/www.clinichelena.com\/fi\/wp-json\/wp\/v2\/pages\/16760\/revisions"}],"predecessor-version":[{"id":34667,"href":"https:\/\/www.clinichelena.com\/fi\/wp-json\/wp\/v2\/pages\/16760\/revisions\/34667"}],"up":[{"embeddable":true,"href":"https:\/\/www.clinichelena.com\/fi\/wp-json\/wp\/v2\/pages\/18066"}],"wp:attachment":[{"href":"https:\/\/www.clinichelena.com\/fi\/wp-json\/wp\/v2\/media?parent=16760"}],"curies":[{"name":"wp","href":"https:\/\/api.w.org\/{rel}","templated":true}]}}