{"id":16751,"date":"2020-08-02T16:58:21","date_gmt":"2020-08-02T12:58:21","guid":{"rendered":"http:\/\/clinichelena.kinsta.cloud\/liposuction\/"},"modified":"2026-02-16T12:59:19","modified_gmt":"2026-02-16T10:59:19","slug":"rasvaimu","status":"publish","type":"page","link":"https:\/\/www.clinichelena.com\/fi\/korjaava-plastiikkakirurgia\/rasvaimu\/","title":{"rendered":"Rasvaimu"},"content":{"rendered":"\n<h1 class=\"wp-block-heading\">Rasvaimu<\/h1>\n\n\n\n<p>Rasvaimu on tehokas keino vartalon muotoiluun. Amerikassa se on nykyisin tavallisin kosmeettisen kirurgian leikkaus. <\/p>\n\n\n\n<p>Parhaiten se sopii paikallisen rasvakertym\u00e4n poistoon, esim. miesten rintojen tai vatsan alueella, naisten vatsanpeitteiden, reisien ja pakaraseudun alueilla selluliittikertymien hoitoon.<\/p>\n\n\n\n<p>Rasvaimu ei ole laihdutusmenetelm\u00e4. Parhaat tulokset saadaan, jos ihon kimmoisuus on hyv\u00e4. Toipumista ja lopputulosta parantaa hyv\u00e4 j\u00e4lkihoito, painevaatteet ja lymfahieronta sek\u00e4 runsas liikunta. Toisinaan liikaihon poisto kirurgisesti on tarpeen.<\/p>\n\n\n\n<figure class=\"wp-block-image aligncenter size-custom-square\"><a href=\"https:\/\/www.clinichelena.com\/wp-content\/uploads\/2020\/08\/Aesthetics-Body-modelling-Liposuction.jpg\"><img loading=\"lazy\" decoding=\"async\" width=\"300\" height=\"300\" src=\"https:\/\/www.clinichelena.com\/wp-content\/uploads\/2020\/08\/Aesthetics-Body-modelling-Liposuction-300x300.jpg\" alt=\"Esteettinen kirurgia - rasvaimu\" class=\"wp-image-17338\" srcset=\"https:\/\/www.clinichelena.com\/wp-content\/uploads\/2020\/08\/Aesthetics-Body-modelling-Liposuction-300x300.jpg 300w, https:\/\/www.clinichelena.com\/wp-content\/uploads\/2020\/08\/Aesthetics-Body-modelling-Liposuction-150x150.jpg 150w, https:\/\/www.clinichelena.com\/wp-content\/uploads\/2020\/08\/Aesthetics-Body-modelling-Liposuction-520x520.jpg 520w, https:\/\/www.clinichelena.com\/wp-content\/uploads\/2020\/08\/Aesthetics-Body-modelling-Liposuction-255x255.jpg 255w\" sizes=\"auto, (max-width: 300px) 100vw, 300px\" \/><\/a><\/figure>\n\n\n\n<p>Rasvaimussa poistetaan ihonalaista rasvaa alipaineella pienist\u00e4 viilloista. Toimenpiteess\u00e4 voidaan k\u00e4ytt\u00e4\u00e4 pelkk\u00e4\u00e4 mekaanista imua, mutta t\u00e4ll\u00e4 hetkell\u00e4 tehokkain menetelm\u00e4 on vesisuihkuavusteinen tekniikka.<\/p>\n\n\n\n<p>Vesisuihku irrottaa rasvasoluja ja vie samalla hoidettavalle alueelle paikallispuudutteen. T\u00e4ll\u00f6in asiakasta ei tarvitse nukuttaa muuta kuin laajoissa rasvan poistoissa. T\u00e4m\u00e4 hell\u00e4varaisempi tekniikka sopii my\u00f6s rasvan siirtoihin. Imetty rasvakudos voidaan siirt\u00e4\u00e4 samanaikaisesti esim. rintoihin. Kerrallaan rasvaa imet\u00e4\u00e4n korkeintaan 5 litraa. Toimenpideaika riippuu poistettavan kudoksen m\u00e4\u00e4r\u00e4st\u00e4, keskim\u00e4\u00e4rin 1-3 tuntia.<\/p>\n\n\n\n<p>Kuten kaikissa leikkauksissa, toimenpiteen riskit pyrit\u00e4\u00e4n minimoimaan. Potilaan tulee olla terve, tupakointi ja asperiinin tyyppiset l\u00e4\u00e4kkeet tulisi lopettaa pari viikkoa ennen toimenpidett\u00e4, koska ne lis\u00e4\u00e4v\u00e4t j\u00e4lkivuodon ja iho-ongelmien riski\u00e4. Laskimotukosten riskit ennakoidaan miniverenohennusl\u00e4\u00e4kityksell\u00e4 ja tukisukilla.<\/p>\n\n\n\n<p>Vesisuihkuavusteinen rasvaimu on p\u00e4iv\u00e4kirurginen toimenpide. Koska potilasta ei nukuteta, ei h\u00e4nelle tule nukutukseen mahdollisesti liittyv\u00e4\u00e4 pahoinvointia. Toipuminen on muutenkin nopeaa. Mustelmat ja arkuus h\u00e4vi\u00e4\u00e4 viikossa.<\/p>\n\n\n\n<h2 class=\"wp-block-heading\">J\u00e4lkihoito<\/h2>\n\n\n\n<p>Leikkauksen j\u00e4lkivalvonta tapahtuu l\u00e4\u00e4k\u00e4riasemalla, kunnes potilas on kotiutuskunnossa. Heti leikkauksen j\u00e4lkeen toimenpidealue \u00absidotaan\u00bb yksil\u00f6llisesti tilatuilla \u00abpaine\u00bbvaatteilla. Niit\u00e4 suositellaan pidett\u00e4v\u00e4ksi jatkuvasti v\u00e4hint\u00e4\u00e4n 2 viikkoa, mielell\u00e4\u00e4n 6 viikon ajan.<\/p>\n\n\n\n<p>Suihkuun saa menn\u00e4 toisena leikkausp\u00e4iv\u00e4n j\u00e4lkeisen\u00e4 vuorokautena, my\u00f6s pienet haavat saa kastella. Haavat peitet\u00e4\u00e4n yleens\u00e4 haavateipill\u00e4 ja ompeleita pidet\u00e4\u00e4n viikon ajan.<\/p>\n\n\n\n<p>Alussa hoidettu alue on arka, turvoksissa ja mustelmilla. Normaali liikkuminen ja my\u00f6s ulkona olo on suositeltavaa. Noin viikon ajan kannattaa varoa voimakasta hikoilua, voimakasta fyysist\u00e4 ponnistelua ja saunaa. Ihon kimmoisuuden palautumista ja \u00abliikaihon\u00bb kutistumista edist\u00e4\u00e4 ja nopeuttaa LPG-hieronta ja lymfahieronta.<\/p>\n\n\n\n<p>Kevyess\u00e4 ty\u00f6ss\u00e4 ei sairausloma ole v\u00e4ltt\u00e4m\u00e4t\u00f6n. Raskaassa ty\u00f6ss\u00e4 kannattaa j\u00e4rjest\u00e4\u00e4 parin viikon loma toimenpiteen j\u00e4lkeen. Kosmeettisesta syyst\u00e4 tehty toimenpide ei kuulu Kelan korvausten piiriin, eik\u00e4 normaalia sairauslomaoikeutta silloin ole.<\/p>\n","protected":false},"excerpt":{"rendered":"<p>Rasvaimu on tehokas keino vartalon muotoiluun, joka sopii parhaiten paikallisen rasvakertym\u00e4n poistoon.<\/p>\n","protected":false},"author":2,"featured_media":17338,"parent":18066,"menu_order":0,"comment_status":"closed","ping_status":"closed","template":"","meta":{"_uag_custom_page_level_css":"","_kad_blocks_custom_css":"","_kad_blocks_head_custom_js":"","_kad_blocks_body_custom_js":"","_kad_blocks_footer_custom_js":"","site-sidebar-layout":"left-sidebar","site-content-layout":"default","ast-site-content-layout":"default","site-content-style":"default","site-sidebar-style":"default","ast-global-header-display":"","ast-banner-title-visibility":"","ast-main-header-display":"","ast-hfb-above-header-display":"","ast-hfb-below-header-display":"","ast-hfb-mobile-header-display":"","site-post-title":"disabled","ast-breadcrumbs-content":"","ast-featured-img":"disabled","footer-sml-layout":"","theme-transparent-header-meta":"default","adv-header-id-meta":"","stick-header-meta":"default","header-above-stick-meta":"","header-main-stick-meta":"","header-below-stick-meta":"","astra-migrate-meta-layouts":"set","ast-page-background-enabled":"default","ast-page-background-meta":{"desktop":{"background-color":"","background-image":"","background-repeat":"repeat","background-position":"center center","background-size":"auto","background-attachment":"scroll","background-type":"","background-media":"","overlay-type":"","overlay-color":"","overlay-opacity":"","overlay-gradient":""},"tablet":{"background-color":"","background-image":"","background-repeat":"repeat","background-position":"center center","background-size":"auto","background-attachment":"scroll","background-type":"","background-media":"","overlay-type":"","overlay-color":"","overlay-opacity":"","overlay-gradient":""},"mobile":{"background-color":"","background-image":"","background-repeat":"repeat","background-position":"center center","background-size":"auto","background-attachment":"scroll","background-type":"","background-media":"","overlay-type":"","overlay-color":"","overlay-opacity":"","overlay-gradient":""}},"ast-content-background-meta":{"desktop":{"background-color":"var(--ast-global-color-5)","background-image":"","background-repeat":"repeat","background-position":"center center","background-size":"auto","background-attachment":"scroll","background-type":"","background-media":"","overlay-type":"","overlay-color":"","overlay-opacity":"","overlay-gradient":""},"tablet":{"background-color":"var(--ast-global-color-5)","background-image":"","background-repeat":"repeat","background-position":"center center","background-size":"auto","background-attachment":"scroll","background-type":"","background-media":"","overlay-type":"","overlay-color":"","overlay-opacity":"","overlay-gradient":""},"mobile":{"background-color":"var(--ast-global-color-5)","background-image":"","background-repeat":"repeat","background-position":"center center","background-size":"auto","background-attachment":"scroll","background-type":"","background-media":"","overlay-type":"","overlay-color":"","overlay-opacity":"","overlay-gradient":""}},"footnotes":""},"class_list":["post-16751","page","type-page","status-publish","has-post-thumbnail","hentry"],"yoast_head":"<!-- This site is optimized with the Yoast SEO plugin v26.6 - https:\/\/yoast.com\/wordpress\/plugins\/seo\/ -->\n<title>Rasvaimu - Clinic Helena<\/title>\n<meta name=\"description\" content=\"Clinic Helenan rasvaimu on tehokas keino muotoilla vartaloa paikallisesti \u2013 toimenpiteess\u00e4 poistetaan ihonalaista rasvaa turvallisesti. Lue lis\u00e4\u00e4!\" \/>\n<meta name=\"robots\" content=\"index, follow, max-snippet:-1, max-image-preview:large, max-video-preview:-1\" \/>\n<link rel=\"canonical\" href=\"https:\/\/www.clinichelena.com\/fi\/korjaava-plastiikkakirurgia\/rasvaimu\/\" \/>\n<meta property=\"og:locale\" content=\"fi_FI\" \/>\n<meta property=\"og:type\" content=\"article\" \/>\n<meta property=\"og:title\" content=\"Rasvaimu - Clinic Helena\" \/>\n<meta property=\"og:description\" content=\"Clinic Helenan rasvaimu on tehokas keino muotoilla vartaloa paikallisesti \u2013 toimenpiteess\u00e4 poistetaan ihonalaista rasvaa turvallisesti. Lue lis\u00e4\u00e4!\" \/>\n<meta property=\"og:url\" content=\"https:\/\/www.clinichelena.com\/fi\/korjaava-plastiikkakirurgia\/rasvaimu\/\" \/>\n<meta property=\"og:site_name\" content=\"Clinic Helena\" \/>\n<meta property=\"article:modified_time\" content=\"2026-02-16T10:59:19+00:00\" \/>\n<meta property=\"og:image\" content=\"https:\/\/www.clinichelena.com\/wp-content\/uploads\/2020\/08\/Aesthetics-Body-modelling-Liposuction.jpg\" \/>\n\t<meta property=\"og:image:width\" content=\"1541\" \/>\n\t<meta property=\"og:image:height\" content=\"1156\" \/>\n\t<meta property=\"og:image:type\" content=\"image\/jpeg\" \/>\n<meta name=\"twitter:card\" content=\"summary_large_image\" \/>\n<meta name=\"twitter:label1\" content=\"Arvioitu lukuaika\" \/>\n\t<meta name=\"twitter:data1\" content=\"2 minuuttia\" \/>\n<script type=\"application\/ld+json\" class=\"yoast-schema-graph\">{\"@context\":\"https:\/\/schema.org\",\"@graph\":[{\"@type\":[\"WebPage\",\"MedicalWebPage\"],\"@id\":\"https:\/\/www.clinichelena.com\/fi\/korjaava-plastiikkakirurgia\/rasvaimu\/\",\"url\":\"https:\/\/www.clinichelena.com\/fi\/korjaava-plastiikkakirurgia\/rasvaimu\/\",\"name\":\"Rasvaimu - Clinic Helena\",\"isPartOf\":{\"@id\":\"https:\/\/www.clinichelena.com\/fi\/#website\"},\"primaryImageOfPage\":{\"@id\":\"https:\/\/www.clinichelena.com\/fi\/korjaava-plastiikkakirurgia\/rasvaimu\/#primaryimage\"},\"image\":{\"@id\":\"https:\/\/www.clinichelena.com\/fi\/korjaava-plastiikkakirurgia\/rasvaimu\/#primaryimage\"},\"thumbnailUrl\":\"https:\/\/www.clinichelena.com\/wp-content\/uploads\/2020\/08\/Aesthetics-Body-modelling-Liposuction.jpg\",\"datePublished\":\"2020-08-02T12:58:21+00:00\",\"dateModified\":\"2026-02-16T10:59:19+00:00\",\"description\":\"Clinic Helenan rasvaimu on tehokas keino muotoilla vartaloa paikallisesti \u2013 toimenpiteess\u00e4 poistetaan ihonalaista rasvaa turvallisesti. Lue lis\u00e4\u00e4!\",\"breadcrumb\":{\"@id\":\"https:\/\/www.clinichelena.com\/fi\/korjaava-plastiikkakirurgia\/rasvaimu\/#breadcrumb\"},\"inLanguage\":\"fi\",\"potentialAction\":[{\"@type\":\"ReadAction\",\"target\":[\"https:\/\/www.clinichelena.com\/fi\/korjaava-plastiikkakirurgia\/rasvaimu\/\"]}]},{\"@type\":\"ImageObject\",\"inLanguage\":\"fi\",\"@id\":\"https:\/\/www.clinichelena.com\/fi\/korjaava-plastiikkakirurgia\/rasvaimu\/#primaryimage\",\"url\":\"https:\/\/www.clinichelena.com\/wp-content\/uploads\/2020\/08\/Aesthetics-Body-modelling-Liposuction.jpg\",\"contentUrl\":\"https:\/\/www.clinichelena.com\/wp-content\/uploads\/2020\/08\/Aesthetics-Body-modelling-Liposuction.jpg\",\"width\":1541,\"height\":1156,\"caption\":\"Esteettinen kirurgia - rasvaimu\"},{\"@type\":\"BreadcrumbList\",\"@id\":\"https:\/\/www.clinichelena.com\/fi\/korjaava-plastiikkakirurgia\/rasvaimu\/#breadcrumb\",\"itemListElement\":[{\"@type\":\"ListItem\",\"position\":1,\"name\":\"Etusivu\",\"item\":\"https:\/\/www.clinichelena.com\/fi\/\"},{\"@type\":\"ListItem\",\"position\":2,\"name\":\"Korjaava kirurgia\",\"item\":\"https:\/\/www.clinichelena.com\/fi\/korjaava-plastiikkakirurgia\/\"},{\"@type\":\"ListItem\",\"position\":3,\"name\":\"Rasvaimu\"}]},{\"@type\":\"WebSite\",\"@id\":\"https:\/\/www.clinichelena.com\/fi\/#website\",\"url\":\"https:\/\/www.clinichelena.com\/fi\/\",\"name\":\"Clinic Helena\",\"description\":\"Your Breasts Matter\",\"publisher\":{\"@id\":\"https:\/\/www.clinichelena.com\/fi\/#organization\"},\"potentialAction\":[{\"@type\":\"SearchAction\",\"target\":{\"@type\":\"EntryPoint\",\"urlTemplate\":\"https:\/\/www.clinichelena.com\/fi\/?s={search_term_string}\"},\"query-input\":{\"@type\":\"PropertyValueSpecification\",\"valueRequired\":true,\"valueName\":\"search_term_string\"}}],\"inLanguage\":\"fi\"},{\"@type\":\"Organization\",\"@id\":\"https:\/\/www.clinichelena.com\/fi\/#organization\",\"name\":\"Klinikka Helena\",\"url\":\"https:\/\/www.clinichelena.com\/fi\/\",\"logo\":{\"@type\":\"ImageObject\",\"inLanguage\":\"fi\",\"@id\":\"https:\/\/www.clinichelena.com\/fi\/#\/schema\/logo\/image\/\",\"url\":\"https:\/\/www.clinichelena.com\/wp-content\/uploads\/2020\/11\/New-logo.png\",\"contentUrl\":\"https:\/\/www.clinichelena.com\/wp-content\/uploads\/2020\/11\/New-logo.png\",\"width\":950,\"height\":661,\"caption\":\"Klinikka Helena\"},\"image\":{\"@id\":\"https:\/\/www.clinichelena.com\/fi\/#\/schema\/logo\/image\/\"}}]}<\/script>\n<!-- \/ Yoast SEO plugin. -->","yoast_head_json":{"title":"Rasvaimu - Clinic Helena","description":"Clinic Helenan rasvaimu on tehokas keino muotoilla vartaloa paikallisesti \u2013 toimenpiteess\u00e4 poistetaan ihonalaista rasvaa turvallisesti. Lue lis\u00e4\u00e4!","robots":{"index":"index","follow":"follow","max-snippet":"max-snippet:-1","max-image-preview":"max-image-preview:large","max-video-preview":"max-video-preview:-1"},"canonical":"https:\/\/www.clinichelena.com\/fi\/korjaava-plastiikkakirurgia\/rasvaimu\/","og_locale":"fi_FI","og_type":"article","og_title":"Rasvaimu - Clinic Helena","og_description":"Clinic Helenan rasvaimu on tehokas keino muotoilla vartaloa paikallisesti \u2013 toimenpiteess\u00e4 poistetaan ihonalaista rasvaa turvallisesti. Lue lis\u00e4\u00e4!","og_url":"https:\/\/www.clinichelena.com\/fi\/korjaava-plastiikkakirurgia\/rasvaimu\/","og_site_name":"Clinic Helena","article_modified_time":"2026-02-16T10:59:19+00:00","og_image":[{"width":1541,"height":1156,"url":"https:\/\/www.clinichelena.com\/wp-content\/uploads\/2020\/08\/Aesthetics-Body-modelling-Liposuction.jpg","type":"image\/jpeg"}],"twitter_card":"summary_large_image","twitter_misc":{"Arvioitu lukuaika":"2 minuuttia"},"schema":{"@context":"https:\/\/schema.org","@graph":[{"@type":["WebPage","MedicalWebPage"],"@id":"https:\/\/www.clinichelena.com\/fi\/korjaava-plastiikkakirurgia\/rasvaimu\/","url":"https:\/\/www.clinichelena.com\/fi\/korjaava-plastiikkakirurgia\/rasvaimu\/","name":"Rasvaimu - Clinic Helena","isPartOf":{"@id":"https:\/\/www.clinichelena.com\/fi\/#website"},"primaryImageOfPage":{"@id":"https:\/\/www.clinichelena.com\/fi\/korjaava-plastiikkakirurgia\/rasvaimu\/#primaryimage"},"image":{"@id":"https:\/\/www.clinichelena.com\/fi\/korjaava-plastiikkakirurgia\/rasvaimu\/#primaryimage"},"thumbnailUrl":"https:\/\/www.clinichelena.com\/wp-content\/uploads\/2020\/08\/Aesthetics-Body-modelling-Liposuction.jpg","datePublished":"2020-08-02T12:58:21+00:00","dateModified":"2026-02-16T10:59:19+00:00","description":"Clinic Helenan rasvaimu on tehokas keino muotoilla vartaloa paikallisesti \u2013 toimenpiteess\u00e4 poistetaan ihonalaista rasvaa turvallisesti. Lue lis\u00e4\u00e4!","breadcrumb":{"@id":"https:\/\/www.clinichelena.com\/fi\/korjaava-plastiikkakirurgia\/rasvaimu\/#breadcrumb"},"inLanguage":"fi","potentialAction":[{"@type":"ReadAction","target":["https:\/\/www.clinichelena.com\/fi\/korjaava-plastiikkakirurgia\/rasvaimu\/"]}]},{"@type":"ImageObject","inLanguage":"fi","@id":"https:\/\/www.clinichelena.com\/fi\/korjaava-plastiikkakirurgia\/rasvaimu\/#primaryimage","url":"https:\/\/www.clinichelena.com\/wp-content\/uploads\/2020\/08\/Aesthetics-Body-modelling-Liposuction.jpg","contentUrl":"https:\/\/www.clinichelena.com\/wp-content\/uploads\/2020\/08\/Aesthetics-Body-modelling-Liposuction.jpg","width":1541,"height":1156,"caption":"Esteettinen kirurgia - rasvaimu"},{"@type":"BreadcrumbList","@id":"https:\/\/www.clinichelena.com\/fi\/korjaava-plastiikkakirurgia\/rasvaimu\/#breadcrumb","itemListElement":[{"@type":"ListItem","position":1,"name":"Etusivu","item":"https:\/\/www.clinichelena.com\/fi\/"},{"@type":"ListItem","position":2,"name":"Korjaava kirurgia","item":"https:\/\/www.clinichelena.com\/fi\/korjaava-plastiikkakirurgia\/"},{"@type":"ListItem","position":3,"name":"Rasvaimu"}]},{"@type":"WebSite","@id":"https:\/\/www.clinichelena.com\/fi\/#website","url":"https:\/\/www.clinichelena.com\/fi\/","name":"Clinic Helena","description":"Your Breasts Matter","publisher":{"@id":"https:\/\/www.clinichelena.com\/fi\/#organization"},"potentialAction":[{"@type":"SearchAction","target":{"@type":"EntryPoint","urlTemplate":"https:\/\/www.clinichelena.com\/fi\/?s={search_term_string}"},"query-input":{"@type":"PropertyValueSpecification","valueRequired":true,"valueName":"search_term_string"}}],"inLanguage":"fi"},{"@type":"Organization","@id":"https:\/\/www.clinichelena.com\/fi\/#organization","name":"Klinikka Helena","url":"https:\/\/www.clinichelena.com\/fi\/","logo":{"@type":"ImageObject","inLanguage":"fi","@id":"https:\/\/www.clinichelena.com\/fi\/#\/schema\/logo\/image\/","url":"https:\/\/www.clinichelena.com\/wp-content\/uploads\/2020\/11\/New-logo.png","contentUrl":"https:\/\/www.clinichelena.com\/wp-content\/uploads\/2020\/11\/New-logo.png","width":950,"height":661,"caption":"Klinikka Helena"},"image":{"@id":"https:\/\/www.clinichelena.com\/fi\/#\/schema\/logo\/image\/"}}]}},"taxonomy_info":[],"featured_image_src_large":["https:\/\/www.clinichelena.com\/wp-content\/uploads\/2020\/08\/Aesthetics-Body-modelling-Liposuction-1024x768.jpg",1024,768,true],"author_info":{"display_name":"\u041e\u043b\u044c\u0433\u0430","author_link":"https:\/\/www.clinichelena.com\/fi\/author\/admin\/"},"comment_info":"","uagb_featured_image_src":{"full":["https:\/\/www.clinichelena.com\/wp-content\/uploads\/2020\/08\/Aesthetics-Body-modelling-Liposuction.jpg",1541,1156,false],"thumbnail":["https:\/\/www.clinichelena.com\/wp-content\/uploads\/2020\/08\/Aesthetics-Body-modelling-Liposuction-150x150.jpg",150,150,true],"medium":["https:\/\/www.clinichelena.com\/wp-content\/uploads\/2020\/08\/Aesthetics-Body-modelling-Liposuction-300x225.jpg",300,225,true],"medium_large":["https:\/\/www.clinichelena.com\/wp-content\/uploads\/2020\/08\/Aesthetics-Body-modelling-Liposuction-768x576.jpg",768,576,true],"large":["https:\/\/www.clinichelena.com\/wp-content\/uploads\/2020\/08\/Aesthetics-Body-modelling-Liposuction-1024x768.jpg",1024,768,true],"1536x1536":["https:\/\/www.clinichelena.com\/wp-content\/uploads\/2020\/08\/Aesthetics-Body-modelling-Liposuction-1536x1152.jpg",1536,1152,true],"2048x2048":["https:\/\/www.clinichelena.com\/wp-content\/uploads\/2020\/08\/Aesthetics-Body-modelling-Liposuction.jpg",1541,1156,false],"custom-square":["https:\/\/www.clinichelena.com\/wp-content\/uploads\/2020\/08\/Aesthetics-Body-modelling-Liposuction-300x300.jpg",300,300,true]},"uagb_author_info":{"display_name":"\u041e\u043b\u044c\u0433\u0430","author_link":"https:\/\/www.clinichelena.com\/fi\/author\/admin\/"},"uagb_comment_info":0,"uagb_excerpt":"Rasvaimu on tehokas keino vartalon muotoiluun, joka sopii parhaiten paikallisen rasvakertym\u00e4n poistoon.","_links":{"self":[{"href":"https:\/\/www.clinichelena.com\/fi\/wp-json\/wp\/v2\/pages\/16751","targetHints":{"allow":["GET"]}}],"collection":[{"href":"https:\/\/www.clinichelena.com\/fi\/wp-json\/wp\/v2\/pages"}],"about":[{"href":"https:\/\/www.clinichelena.com\/fi\/wp-json\/wp\/v2\/types\/page"}],"author":[{"embeddable":true,"href":"https:\/\/www.clinichelena.com\/fi\/wp-json\/wp\/v2\/users\/2"}],"replies":[{"embeddable":true,"href":"https:\/\/www.clinichelena.com\/fi\/wp-json\/wp\/v2\/comments?post=16751"}],"version-history":[{"count":5,"href":"https:\/\/www.clinichelena.com\/fi\/wp-json\/wp\/v2\/pages\/16751\/revisions"}],"predecessor-version":[{"id":34881,"href":"https:\/\/www.clinichelena.com\/fi\/wp-json\/wp\/v2\/pages\/16751\/revisions\/34881"}],"up":[{"embeddable":true,"href":"https:\/\/www.clinichelena.com\/fi\/wp-json\/wp\/v2\/pages\/18066"}],"wp:featuredmedia":[{"embeddable":true,"href":"https:\/\/www.clinichelena.com\/fi\/wp-json\/wp\/v2\/media\/17338"}],"wp:attachment":[{"href":"https:\/\/www.clinichelena.com\/fi\/wp-json\/wp\/v2\/media?parent=16751"}],"curies":[{"name":"wp","href":"https:\/\/api.w.org\/{rel}","templated":true}]}}