{"id":16400,"date":"2017-06-29T13:31:39","date_gmt":"2017-06-29T09:31:39","guid":{"rendered":"http:\/\/clinichelena.kinsta.cloud\/politika-konfidentcialnosti\/"},"modified":"2026-02-16T12:52:34","modified_gmt":"2026-02-16T10:52:34","slug":"tietosuoja","status":"publish","type":"page","link":"https:\/\/www.clinichelena.com\/fi\/tietosuoja\/","title":{"rendered":"Tietosuoja"},"content":{"rendered":"\n<h1 class=\"wp-block-heading\">Clinic Helena Tietosuoja<\/h1>\n\n\n\n<p>Tietosuojalauseke, p\u00e4ivitetty 27. tammikuuta, 2025<\/p>\n\n\n\n<p>T\u00e4m\u00e4 tietosuojalauseke koskee henkil\u00f6tietojesi k\u00e4sittely\u00e4 yksityisasiakkaanamme.<\/p>\n\n\n\n<p>Rekisterinpit\u00e4j\u00e4 ja yhteystiedot<br>Clinic Helena \/ Plastiikkakirurgia Helena Oy<br>Kirkkokatu 7, 57100 Savonlinna, Suomi<br>Puh. +358 40 8266 242<br>Fax +358 15 510115<\/p>\n\n\n\n<p>Tietosuojak\u00e4sittelij\u00e4 &amp; Potilasasiahenkil\u00f6<br>P\u00e4ivi Tuominen<br>Puh. +358 45 162 2333<br>S\u00e4hk\u00f6posti: paivi.tuominen(at)clinichelena.com<\/p>\n\n\n\n<p>Potilasasiahenkil\u00f6n teht\u00e4viin kuuluu:<\/p>\n\n\n\n<p>Antaa neuvoja ja tarvittaessa avustaa potilaslain soveltamiseen liittyviss\u00e4 asioissa, kuten vastalauseen ja \/ tai hoitovirheen ilmoittaminen.<br>Tiedottaa potilaalle heid\u00e4n oikeuksistaan \u200b\u200bja toimia my\u00f6s muutoin potilaan oikeuksien edist\u00e4miseksi.<\/p>\n\n\n\n<h2 class=\"wp-block-heading\">1. Mihin tarkoitukseen henkil\u00f6tietojani ker\u00e4t\u00e4\u00e4n?<\/h2>\n\n\n\n<p>K\u00e4sittelemme tietojasi vain ennalta m\u00e4\u00e4riteltyihin tarkoituksiin.<\/p>\n\n\n\n<ul class=\"wp-block-list\">\n<li>K\u00e4sittely on v\u00e4ltt\u00e4m\u00e4t\u00f6nt\u00e4 ennaltaehk\u00e4isev\u00e4n tai ty\u00f6terveyshuollon, l\u00e4\u00e4ketieteellisen diagnoosin sek\u00e4 terveydenhuollon tai hoidon tarjoamiseksi<\/li>\n\n\n\n<li>Terveydenhuoltoj\u00e4rjestelmien ja -palvelujen hallinta lain tai terveydenhuollon ammattilaisen kanssa tehdyn sopimuksen perusteella<\/li>\n\n\n\n<li>Tiedonk\u00e4sittely on v\u00e4ltt\u00e4m\u00e4t\u00f6nt\u00e4 hyvinvointipalvelujen kannalta<\/li>\n\n\n\n<li>Perustuen markkinointiin ja palveluista tiedottamiseen annettuun suostumukseen<\/li>\n\n\n\n<li>Palautteen, viranomaisten selvennyspyynt\u00f6jen ja tapahtumien k\u00e4sittely\u00e4 varten<\/li>\n<\/ul>\n\n\n\n<h2 class=\"wp-block-heading\">2. Millaisia \u200b\u200btietoja minusta ker\u00e4t\u00e4\u00e4n?<\/h2>\n\n\n\n<p>K\u00e4sitelt\u00e4v\u00e4t henkil\u00f6tietosi kattavat:<\/p>\n\n\n\n<ul class=\"wp-block-list\">\n<li>Perustiedot<\/li>\n\n\n\n<li>Suostumukset ja kielt\u00e4ytymiset<\/li>\n\n\n\n<li>Terveystiedot<\/li>\n\n\n\n<li>Hyvinvointitiedot<\/li>\n\n\n\n<li>Ajanvaraustiedot<\/li>\n\n\n\n<li>Tiedot laskutusta varten<\/li>\n\n\n\n<li>Tiedot palautteesta, viranomaisten selvennyspyynn\u00f6t ja hoitovirheselvitykset<\/li>\n<\/ul>\n\n\n\n<h2 class=\"wp-block-heading\">3. Kuinka kauan tietojani tallennetaan?<\/h2>\n\n\n\n<p>Terveystietojesi s\u00e4ilytysaika on m\u00e4\u00e4ritelty sosiaali- ja terveysministeri\u00f6n potilasasiakirjoista antamassa asetuksessa (298\/2009). S\u00e4ilyt\u00e4mme tietoja p\u00e4\u00e4s\u00e4\u00e4nt\u00f6isesti 12 vuoden ajan rekister\u00f6idyn kuoleman j\u00e4lkeen. Jos kuolinp\u00e4iv\u00e4\u00e4 ei tiedet\u00e4, tietoja s\u00e4ilytet\u00e4\u00e4n 120 vuotta syntym\u00e4n j\u00e4lkeen.&nbsp;<\/p>\n\n\n\n<h2 class=\"wp-block-heading\">4. Kuka k\u00e4sittelee henkil\u00f6tietojani ja kenelle tietojani voidaan jakaa?<\/h2>\n\n\n\n<p>Antamasi suostumuksen perusteella terveydenhuollon ammattilaisille Clinic Helenassa.<br>Kelan (sosiaaliturvalaitos) hallinnassa oleva l\u00e4\u00e4kem\u00e4\u00e4r\u00e4yskeskus: S\u00e4hk\u00f6iset reseptisi tallennetaan Kelan hallinnoimaan rekisteriin Reseptikeskukseen.<\/p>\n\n\n\n<p>Lis\u00e4ksi potilastietosi voidaan paljastaa potilaslain (785\/1992) 13 \u00a7: ss\u00e4 seuraavasti:<\/p>\n\n\n\n<p><b>Kolmannen osapuolen terveydenhuollon yksikk\u00f6 \/ organisaatio \/ hoitolaitos tai terveydenhuollon ammattilainen<\/b><\/p>\n\n\n\n<ul class=\"wp-block-list\">\n<li>Tutkimuksen ja hoidon j\u00e4rjest\u00e4misen ja tarjoamisen johdosta tarvittavat tiedot voidaan paljastaa toiselle terveydenhuollon yksik\u00f6lle, jonka m\u00e4\u00e4rittelet suullisella tai kirjallisella suostumuksellasi tai muulla asiayhteyden perusteella ilmeisell\u00e4 suostumuksella ja joka kirjataan potilastietoihin.<\/li>\n<\/ul>\n\n\n\n<p><b>Vakuutusyhti\u00f6t<\/b><\/p>\n\n\n\n<ul class=\"wp-block-list\">\n<li>Vaaditut tiedot lakis\u00e4\u00e4teisest\u00e4 moottoriajoneuvovakuutuksesta ja tapaturmavakuutuksesta ilmoitetaan vakuutusyhti\u00f6lle ilman suostumusta (lain mukaan).<\/li>\n\n\n\n<li>Vapaaehtoiset vakuutukset: vaaditut tiedot paljastetaan suostumuksellasi.<\/li>\n<\/ul>\n\n\n\n<p><b>Viranomaiset tai yhdistykset, joilla on lakiin perustuva oikeus saada tietoja<\/b><\/p>\n\n\n\n<ul class=\"wp-block-list\">\n<li>Potilastiedot luovutetaan tuomioistuimille, viranomaisille tai muille j\u00e4rjest\u00f6ille, joilla on lakiin perustuva oikeus tutustua tietoihin kirjallisesta pyynn\u00f6st\u00e4. Tietoja luovutetaan vain siin\u00e4 m\u00e4\u00e4rin kuin esill\u00e4 oleva asia sit\u00e4 vaatii. Tiedot toimitetaan p\u00e4\u00e4asiassa lausunnoina.<\/li>\n<\/ul>\n\n\n\n<p><b>Potilaan l\u00e4hisukulainen tai muu l\u00e4heinen henkil\u00f6<\/b><\/p>\n\n\n\n<ul class=\"wp-block-list\">\n<li>Jos syy hoitoosi on tajuttomuus tai vastaava tila, l\u00e4hisukulaisesi tai joku muu l\u00e4heinen henkil\u00f6 voi saada tietoja sinusta ja terveydest\u00e4si, ellei ole syyt\u00e4 olettaa, ett\u00e4 olisit kielt\u00e4nyt sen.<\/li>\n<\/ul>\n\n\n\n<p><b>Kuolleen henkil\u00f6n tietojen paljastaminen<\/b><\/p>\n\n\n\n<ul class=\"wp-block-list\">\n<li>Salassapitovelvollisuus ja yksityisyyden suojan tarve ulottuu yli henkil\u00f6n kuoleman. Siksi tietoja kuolleesta henkil\u00f6st\u00e4 ei saa paljastaa ilman laissa m\u00e4\u00e4riteltyj\u00e4 perusteita.<\/li>\n<\/ul>\n\n\n\n<p><b>K\u00e4ytt\u00f6 tutkimustarkoituksiin<\/b><\/p>\n\n\n\n<ul class=\"wp-block-list\">\n<li>Potilasrekisteriss\u00e4 olevien tietojen luovuttamiseen tieteellist\u00e4 tutkimusta varten sovelletaan potilaslain 13 \u00a7: n 4 momentin s\u00e4\u00e4nn\u00f6ksi\u00e4.<\/li>\n\n\n\n<li>Muu terveystietojen k\u00e4ytt\u00f6 tutkimustarkoituksiin edellytt\u00e4\u00e4 suostumustasi.<\/li>\n<\/ul>\n\n\n\n<p>Henkil\u00f6tietojasi ei k\u00e4sitell\u00e4 eik\u00e4 jaeta EU-alueen ulkopuolella, paitsi omasta pyynn\u00f6st\u00e4si.<\/p>\n\n\n\n<p><strong>Markkinointiin liittyv\u00e4 tietojen k\u00e4sittely<\/strong><\/p>\n\n\n\n<ul class=\"wp-block-list\">\n<li>Tietoja voidaan k\u00e4sitell\u00e4 my\u00f6s markkinointitarkoituksiin, kuten tuotteiden ja palveluiden tarjoamiseen, tiedottamiseen, kampanjoiden ja erikoistarjousten esittelyyn sek\u00e4 asiakaspalvelun parantamiseen. T\u00e4ll\u00f6in tietojen k\u00e4sittely perustuu suostumukseesi, joka pyydet\u00e4\u00e4n erikseen ennen markkinointiviestien l\u00e4hett\u00e4mist\u00e4.<\/li>\n<\/ul>\n\n\n\n<p><strong>Suostumus markkinointiin:<\/strong><br>Voit milloin tahansa peruuttaa suostumuksesi markkinointiviestien vastaanottamiseen. Peruutus ei vaikuta siihen, ett\u00e4 tiedon k\u00e4sittely on tapahtunut ennen suostumuksen peruuttamista. Markkinointiin k\u00e4ytett\u00e4vien tietojen k\u00e4sittely\u00e4 ei suoriteta ilman erillist\u00e4 suostumustasi.<\/p>\n\n\n\n<h2 class=\"wp-block-heading\">5. Mist\u00e4 l\u00e4hteist\u00e4 tietojani ker\u00e4t\u00e4\u00e4n?<\/h2>\n\n\n\n<p><b>Sinulta henkil\u00f6kohtaisesti<\/b><\/p>\n\n\n\n<ul class=\"wp-block-list\">\n<li>Antamasi tiedot ja jos olet alaik\u00e4inen, my\u00f6s huoltajan antamat tiedot.<\/li>\n<\/ul>\n\n\n\n<p><b>L\u00e4\u00e4ketieteellinen henkil\u00f6kunta<\/b><\/p>\n\n\n\n<ul class=\"wp-block-list\">\n<li>Tutkimuksen ja hoidon aikana tuotetut tiedot.<\/li>\n<\/ul>\n\n\n\n<p><b>Kolmannen osapuolen terveydenhuollon yksikk\u00f6 tai terveydenhuollon ammattilainen<\/b><\/p>\n\n\n\n<ul class=\"wp-block-list\">\n<li>Muilta terveydenhuollon laitoksilta saatu tieto.<\/li>\n<\/ul>\n\n\n\n<p><b>Muut tietol\u00e4hteet<\/b><\/p>\n\n\n\n<ul class=\"wp-block-list\">\n<li>Vakuutusyhti\u00f6t<\/li>\n<\/ul>\n\n\n\n<p>Oikean laskutuksen varmistamiseksi tiedot hoidetuista henkil\u00f6ist\u00e4 ja suoritetuista toimenpiteist\u00e4 sek\u00e4 niiden kustannukset tallennetaan. Tiedot perustuvat joko ulkoistamissopimukseen tai ulkoisen yksik\u00f6n l\u00e4hetteeseen.&nbsp;<\/p>\n\n\n\n<p><strong>Verkkosivustolta ja sosiaalisesta mediasta sek\u00e4 erillisest\u00e4 mainonnasta ker\u00e4tt\u00e4v\u00e4t tiedot<\/strong><\/p>\n\n\n\n<p>Clinic Helena voi ker\u00e4t\u00e4 tietoja my\u00f6s verkkosivustoltamme ja sosiaalisesta mediasta, kuten k\u00e4ytt\u00e4j\u00e4n toiminnasta verkkosivustolla, ev\u00e4steiden ja muiden seurantateknologioiden avulla. Tietoja ker\u00e4t\u00e4\u00e4n esimerkiksi k\u00e4ytt\u00e4j\u00e4n vuorovaikutuksesta sivuston kanssa, vierailluista sivuista, hakusanoista ja sis\u00e4lt\u00f6\u00f6n kohdistuneista toiminnoista. N\u00e4it\u00e4 tietoja k\u00e4ytet\u00e4\u00e4n esimerkiksi:<\/p>\n\n\n\n<ul class=\"wp-block-list\">\n<li>Verkkosivujen ja markkinointiviestinn\u00e4n parantamiseen.<\/li>\n\n\n\n<li>Kohdennettujen mainosten ja sis\u00e4lt\u00f6jen tarjoamiseen.<\/li>\n\n\n\n<li>K\u00e4ytt\u00e4j\u00e4kokemuksen optimoimiseen ja viestinn\u00e4n personointiin.<\/li>\n<\/ul>\n\n\n\n<p>Ev\u00e4steiden k\u00e4ytt\u00f6 ja muiden seurantateknologioiden hallinta on mahdollista yksitt\u00e4isten k\u00e4ytt\u00e4jien toimesta, ja voit hallita niit\u00e4 suostumuksellasi, joko hyv\u00e4ksym\u00e4ll\u00e4 tai kielt\u00e4ytym\u00e4ll\u00e4 ev\u00e4steiden k\u00e4yt\u00f6st\u00e4 verkkosivustolla.<\/p>\n\n\n\n<h2 class=\"wp-block-heading\">6. Kuinka henkil\u00f6tietojani suojataan?<\/h2>\n\n\n\n<p>Clinic Helena soveltaa asianmukaisia \u200b\u200bfyysisi\u00e4, teknisi\u00e4 ja hallinnollisia suojatoimenpiteit\u00e4 tietojen suojaamiseksi v\u00e4\u00e4rink\u00e4yt\u00f6lt\u00e4. N\u00e4ihin toimenpiteisiin kuuluvat muun muassa verkkoliikenteen hallinta ja suodattaminen, salaustekniikoiden ja turvallisten tietokeskusten k\u00e4ytt\u00f6, asianmukainen p\u00e4\u00e4synvalvonta, hallittu k\u00e4ytt\u00f6oikeuksien my\u00f6nt\u00e4minen ja niiden k\u00e4yt\u00f6n valvonta, ohjeiden antaminen henkil\u00f6tietojen k\u00e4sittelyyn osallistuvalle henkil\u00f6st\u00f6lle ja palvelujen suunnitteluun, toteuttamiseen ja yll\u00e4pitoon liittyv\u00e4 riskien hallinta. Clinic Helena valitsee alihankkijansa huolellisesti ja k\u00e4ytt\u00e4\u00e4 sopimuksia ja muita j\u00e4rjestelyj\u00e4 varmistaakseen, ett\u00e4 my\u00f6s ne k\u00e4sittelev\u00e4t tietoja lain ja hyvien tietosuojak\u00e4yt\u00e4nt\u00f6jen mukaisesti.<\/p>\n\n\n\n<h2 class=\"wp-block-heading\">7.Sinun oikeutesi<\/h2>\n\n\n\n<p><b>P\u00e4\u00e4sy omiin tietoihisi<\/b><\/p>\n\n\n\n<ul class=\"wp-block-list\">\n<li>Voit tarkastella tietojasi Clinic Helenan GDPR-palvelun kautta. Palvelu kattaa antamasi henkil\u00f6kohtaiset tiedot ja t\u00e4rkeimm\u00e4t terveytt\u00e4si koskevat tiedot.<\/li>\n<\/ul>\n\n\n\n<p><b>Oikeus tietojen poistamiseen<\/b><\/p>\n\n\n\n<ul class=\"wp-block-list\">\n<li>Antamasi tiedot voidaan poistaa pyynn\u00f6st\u00e4si.<\/li>\n<\/ul>\n\n\n\n<p><b>Suostumuksen peruuttaminen<\/b><\/p>\n\n\n\n<ul class=\"wp-block-list\">\n<li>Koska tietojen k\u00e4sittely edellytt\u00e4\u00e4 suostumustasi, voit peruuttaa suostumuksesi milloin tahansa.<\/li>\n<\/ul>\n\n\n\n<p><b>Oikeus tehd\u00e4 valitus valvontaviranomaiselle<\/b><\/p>\n\n\n\n<ul class=\"wp-block-list\">\n<li>Jos katsot, ett\u00e4 sinuun liittyvien henkil\u00f6tietojen k\u00e4sittely rikkoo tietosuoja-asetusta, sinulla on oikeus tehd\u00e4 valitus valvontaviranomaiselle.<\/li>\n\n\n\n<li>Voit tehd\u00e4 valituksen my\u00f6s siin\u00e4 valtiossa, jossa vakinainen asuinpaikkasi tai ty\u00f6paikkasi sijaitsee.<\/li>\n<\/ul>\n","protected":false},"excerpt":{"rendered":"<p>Clinic Helena Tietosuoja Tietosuojalauseke, p\u00e4ivitetty 27. tammikuuta, 2025 T\u00e4m\u00e4 tietosuojalauseke koskee henkil\u00f6tietojesi k\u00e4sittely\u00e4 yksityisasiakkaanamme. Rekisterinpit\u00e4j\u00e4 ja yhteystiedotClinic Helena \/ Plastiikkakirurgia Helena OyKirkkokatu 7, 57100 Savonlinna, SuomiPuh. +358 40 8266 242Fax +358 15 510115 Tietosuojak\u00e4sittelij\u00e4 &amp; [&hellip;]<\/p>\n","protected":false},"author":2,"featured_media":0,"parent":0,"menu_order":0,"comment_status":"closed","ping_status":"closed","template":"","meta":{"_uag_custom_page_level_css":"","_kad_blocks_custom_css":"","_kad_blocks_head_custom_js":"","_kad_blocks_body_custom_js":"","_kad_blocks_footer_custom_js":"","site-sidebar-layout":"default","site-content-layout":"default","ast-site-content-layout":"default","site-content-style":"default","site-sidebar-style":"default","ast-global-header-display":"","ast-banner-title-visibility":"","ast-main-header-display":"","ast-hfb-above-header-display":"","ast-hfb-below-header-display":"","ast-hfb-mobile-header-display":"","site-post-title":"disabled","ast-breadcrumbs-content":"","ast-featured-img":"","footer-sml-layout":"","theme-transparent-header-meta":"default","adv-header-id-meta":"","stick-header-meta":"default","header-above-stick-meta":"","header-main-stick-meta":"","header-below-stick-meta":"","astra-migrate-meta-layouts":"set","ast-page-background-enabled":"default","ast-page-background-meta":{"desktop":{"background-color":"","background-image":"","background-repeat":"repeat","background-position":"center center","background-size":"auto","background-attachment":"scroll","background-type":"","background-media":"","overlay-type":"","overlay-color":"","overlay-opacity":"","overlay-gradient":""},"tablet":{"background-color":"","background-image":"","background-repeat":"repeat","background-position":"center center","background-size":"auto","background-attachment":"scroll","background-type":"","background-media":"","overlay-type":"","overlay-color":"","overlay-opacity":"","overlay-gradient":""},"mobile":{"background-color":"","background-image":"","background-repeat":"repeat","background-position":"center center","background-size":"auto","background-attachment":"scroll","background-type":"","background-media":"","overlay-type":"","overlay-color":"","overlay-opacity":"","overlay-gradient":""}},"ast-content-background-meta":{"desktop":{"background-color":"var(--ast-global-color-5)","background-image":"","background-repeat":"repeat","background-position":"center center","background-size":"auto","background-attachment":"scroll","background-type":"","background-media":"","overlay-type":"","overlay-color":"","overlay-opacity":"","overlay-gradient":""},"tablet":{"background-color":"var(--ast-global-color-5)","background-image":"","background-repeat":"repeat","background-position":"center center","background-size":"auto","background-attachment":"scroll","background-type":"","background-media":"","overlay-type":"","overlay-color":"","overlay-opacity":"","overlay-gradient":""},"mobile":{"background-color":"var(--ast-global-color-5)","background-image":"","background-repeat":"repeat","background-position":"center center","background-size":"auto","background-attachment":"scroll","background-type":"","background-media":"","overlay-type":"","overlay-color":"","overlay-opacity":"","overlay-gradient":""}},"footnotes":""},"class_list":["post-16400","page","type-page","status-publish","hentry"],"yoast_head":"<!-- This site is optimized with the Yoast SEO plugin v26.6 - https:\/\/yoast.com\/wordpress\/plugins\/seo\/ -->\n<title>Tietosuoja - Clinic Helena<\/title>\n<meta name=\"description\" content=\"Tutustu Clinic Helenan tietosuojak\u00e4yt\u00e4nt\u00f6ihin, potilasoikeuksiin ja henkil\u00f6tietojen k\u00e4sittelyyn. Yksityisyytesi on meille t\u00e4rke\u00e4\u00e4.\" \/>\n<meta name=\"robots\" content=\"index, follow, max-snippet:-1, max-image-preview:large, max-video-preview:-1\" \/>\n<link rel=\"canonical\" href=\"https:\/\/www.clinichelena.com\/fi\/tietosuoja\/\" \/>\n<meta property=\"og:locale\" content=\"fi_FI\" \/>\n<meta property=\"og:type\" content=\"article\" \/>\n<meta property=\"og:title\" content=\"Tietosuoja - Clinic Helena\" \/>\n<meta property=\"og:description\" content=\"Tutustu Clinic Helenan tietosuojak\u00e4yt\u00e4nt\u00f6ihin, potilasoikeuksiin ja henkil\u00f6tietojen k\u00e4sittelyyn. Yksityisyytesi on meille t\u00e4rke\u00e4\u00e4.\" \/>\n<meta property=\"og:url\" content=\"https:\/\/www.clinichelena.com\/fi\/tietosuoja\/\" \/>\n<meta property=\"og:site_name\" content=\"Clinic Helena\" \/>\n<meta property=\"article:modified_time\" content=\"2026-02-16T10:52:34+00:00\" \/>\n<meta name=\"twitter:card\" content=\"summary_large_image\" \/>\n<meta name=\"twitter:label1\" content=\"Arvioitu lukuaika\" \/>\n\t<meta name=\"twitter:data1\" content=\"4 minuuttia\" \/>\n<script type=\"application\/ld+json\" class=\"yoast-schema-graph\">{\"@context\":\"https:\/\/schema.org\",\"@graph\":[{\"@type\":[\"WebPage\",\"MedicalWebPage\"],\"@id\":\"https:\/\/www.clinichelena.com\/fi\/tietosuoja\/\",\"url\":\"https:\/\/www.clinichelena.com\/fi\/tietosuoja\/\",\"name\":\"Tietosuoja - Clinic Helena\",\"isPartOf\":{\"@id\":\"https:\/\/www.clinichelena.com\/fi\/#website\"},\"datePublished\":\"2017-06-29T09:31:39+00:00\",\"dateModified\":\"2026-02-16T10:52:34+00:00\",\"description\":\"Tutustu Clinic Helenan tietosuojak\u00e4yt\u00e4nt\u00f6ihin, potilasoikeuksiin ja henkil\u00f6tietojen k\u00e4sittelyyn. Yksityisyytesi on meille t\u00e4rke\u00e4\u00e4.\",\"breadcrumb\":{\"@id\":\"https:\/\/www.clinichelena.com\/fi\/tietosuoja\/#breadcrumb\"},\"inLanguage\":\"fi\",\"potentialAction\":[{\"@type\":\"ReadAction\",\"target\":[\"https:\/\/www.clinichelena.com\/fi\/tietosuoja\/\"]}]},{\"@type\":\"BreadcrumbList\",\"@id\":\"https:\/\/www.clinichelena.com\/fi\/tietosuoja\/#breadcrumb\",\"itemListElement\":[{\"@type\":\"ListItem\",\"position\":1,\"name\":\"Etusivu\",\"item\":\"https:\/\/www.clinichelena.com\/fi\/\"},{\"@type\":\"ListItem\",\"position\":2,\"name\":\"Tietosuoja\"}]},{\"@type\":\"WebSite\",\"@id\":\"https:\/\/www.clinichelena.com\/fi\/#website\",\"url\":\"https:\/\/www.clinichelena.com\/fi\/\",\"name\":\"Clinic Helena\",\"description\":\"Your Breasts Matter\",\"publisher\":{\"@id\":\"https:\/\/www.clinichelena.com\/fi\/#organization\"},\"potentialAction\":[{\"@type\":\"SearchAction\",\"target\":{\"@type\":\"EntryPoint\",\"urlTemplate\":\"https:\/\/www.clinichelena.com\/fi\/?s={search_term_string}\"},\"query-input\":{\"@type\":\"PropertyValueSpecification\",\"valueRequired\":true,\"valueName\":\"search_term_string\"}}],\"inLanguage\":\"fi\"},{\"@type\":\"Organization\",\"@id\":\"https:\/\/www.clinichelena.com\/fi\/#organization\",\"name\":\"Klinikka Helena\",\"url\":\"https:\/\/www.clinichelena.com\/fi\/\",\"logo\":{\"@type\":\"ImageObject\",\"inLanguage\":\"fi\",\"@id\":\"https:\/\/www.clinichelena.com\/fi\/#\/schema\/logo\/image\/\",\"url\":\"https:\/\/www.clinichelena.com\/wp-content\/uploads\/2020\/11\/New-logo.png\",\"contentUrl\":\"https:\/\/www.clinichelena.com\/wp-content\/uploads\/2020\/11\/New-logo.png\",\"width\":950,\"height\":661,\"caption\":\"Klinikka Helena\"},\"image\":{\"@id\":\"https:\/\/www.clinichelena.com\/fi\/#\/schema\/logo\/image\/\"}}]}<\/script>\n<!-- \/ Yoast SEO plugin. -->","yoast_head_json":{"title":"Tietosuoja - Clinic Helena","description":"Tutustu Clinic Helenan tietosuojak\u00e4yt\u00e4nt\u00f6ihin, potilasoikeuksiin ja henkil\u00f6tietojen k\u00e4sittelyyn. Yksityisyytesi on meille t\u00e4rke\u00e4\u00e4.","robots":{"index":"index","follow":"follow","max-snippet":"max-snippet:-1","max-image-preview":"max-image-preview:large","max-video-preview":"max-video-preview:-1"},"canonical":"https:\/\/www.clinichelena.com\/fi\/tietosuoja\/","og_locale":"fi_FI","og_type":"article","og_title":"Tietosuoja - Clinic Helena","og_description":"Tutustu Clinic Helenan tietosuojak\u00e4yt\u00e4nt\u00f6ihin, potilasoikeuksiin ja henkil\u00f6tietojen k\u00e4sittelyyn. Yksityisyytesi on meille t\u00e4rke\u00e4\u00e4.","og_url":"https:\/\/www.clinichelena.com\/fi\/tietosuoja\/","og_site_name":"Clinic Helena","article_modified_time":"2026-02-16T10:52:34+00:00","twitter_card":"summary_large_image","twitter_misc":{"Arvioitu lukuaika":"4 minuuttia"},"schema":{"@context":"https:\/\/schema.org","@graph":[{"@type":["WebPage","MedicalWebPage"],"@id":"https:\/\/www.clinichelena.com\/fi\/tietosuoja\/","url":"https:\/\/www.clinichelena.com\/fi\/tietosuoja\/","name":"Tietosuoja - Clinic Helena","isPartOf":{"@id":"https:\/\/www.clinichelena.com\/fi\/#website"},"datePublished":"2017-06-29T09:31:39+00:00","dateModified":"2026-02-16T10:52:34+00:00","description":"Tutustu Clinic Helenan tietosuojak\u00e4yt\u00e4nt\u00f6ihin, potilasoikeuksiin ja henkil\u00f6tietojen k\u00e4sittelyyn. Yksityisyytesi on meille t\u00e4rke\u00e4\u00e4.","breadcrumb":{"@id":"https:\/\/www.clinichelena.com\/fi\/tietosuoja\/#breadcrumb"},"inLanguage":"fi","potentialAction":[{"@type":"ReadAction","target":["https:\/\/www.clinichelena.com\/fi\/tietosuoja\/"]}]},{"@type":"BreadcrumbList","@id":"https:\/\/www.clinichelena.com\/fi\/tietosuoja\/#breadcrumb","itemListElement":[{"@type":"ListItem","position":1,"name":"Etusivu","item":"https:\/\/www.clinichelena.com\/fi\/"},{"@type":"ListItem","position":2,"name":"Tietosuoja"}]},{"@type":"WebSite","@id":"https:\/\/www.clinichelena.com\/fi\/#website","url":"https:\/\/www.clinichelena.com\/fi\/","name":"Clinic Helena","description":"Your Breasts Matter","publisher":{"@id":"https:\/\/www.clinichelena.com\/fi\/#organization"},"potentialAction":[{"@type":"SearchAction","target":{"@type":"EntryPoint","urlTemplate":"https:\/\/www.clinichelena.com\/fi\/?s={search_term_string}"},"query-input":{"@type":"PropertyValueSpecification","valueRequired":true,"valueName":"search_term_string"}}],"inLanguage":"fi"},{"@type":"Organization","@id":"https:\/\/www.clinichelena.com\/fi\/#organization","name":"Klinikka Helena","url":"https:\/\/www.clinichelena.com\/fi\/","logo":{"@type":"ImageObject","inLanguage":"fi","@id":"https:\/\/www.clinichelena.com\/fi\/#\/schema\/logo\/image\/","url":"https:\/\/www.clinichelena.com\/wp-content\/uploads\/2020\/11\/New-logo.png","contentUrl":"https:\/\/www.clinichelena.com\/wp-content\/uploads\/2020\/11\/New-logo.png","width":950,"height":661,"caption":"Klinikka Helena"},"image":{"@id":"https:\/\/www.clinichelena.com\/fi\/#\/schema\/logo\/image\/"}}]}},"taxonomy_info":[],"featured_image_src_large":false,"author_info":{"display_name":"\u041e\u043b\u044c\u0433\u0430","author_link":"https:\/\/www.clinichelena.com\/fi\/author\/admin\/"},"comment_info":"","uagb_featured_image_src":{"full":false,"thumbnail":false,"medium":false,"medium_large":false,"large":false,"1536x1536":false,"2048x2048":false,"custom-square":false},"uagb_author_info":{"display_name":"\u041e\u043b\u044c\u0433\u0430","author_link":"https:\/\/www.clinichelena.com\/fi\/author\/admin\/"},"uagb_comment_info":0,"uagb_excerpt":"Clinic Helena Tietosuoja Tietosuojalauseke, p\u00e4ivitetty 27. tammikuuta, 2025 T\u00e4m\u00e4 tietosuojalauseke koskee henkil\u00f6tietojesi k\u00e4sittely\u00e4 yksityisasiakkaanamme. Rekisterinpit\u00e4j\u00e4 ja yhteystiedotClinic Helena \/ Plastiikkakirurgia Helena OyKirkkokatu 7, 57100 Savonlinna, SuomiPuh. +358 40 8266 242Fax +358 15 510115 Tietosuojak\u00e4sittelij\u00e4 &amp; [&hellip;]","_links":{"self":[{"href":"https:\/\/www.clinichelena.com\/fi\/wp-json\/wp\/v2\/pages\/16400","targetHints":{"allow":["GET"]}}],"collection":[{"href":"https:\/\/www.clinichelena.com\/fi\/wp-json\/wp\/v2\/pages"}],"about":[{"href":"https:\/\/www.clinichelena.com\/fi\/wp-json\/wp\/v2\/types\/page"}],"author":[{"embeddable":true,"href":"https:\/\/www.clinichelena.com\/fi\/wp-json\/wp\/v2\/users\/2"}],"replies":[{"embeddable":true,"href":"https:\/\/www.clinichelena.com\/fi\/wp-json\/wp\/v2\/comments?post=16400"}],"version-history":[{"count":6,"href":"https:\/\/www.clinichelena.com\/fi\/wp-json\/wp\/v2\/pages\/16400\/revisions"}],"predecessor-version":[{"id":33120,"href":"https:\/\/www.clinichelena.com\/fi\/wp-json\/wp\/v2\/pages\/16400\/revisions\/33120"}],"wp:attachment":[{"href":"https:\/\/www.clinichelena.com\/fi\/wp-json\/wp\/v2\/media?parent=16400"}],"curies":[{"name":"wp","href":"https:\/\/api.w.org\/{rel}","templated":true}]}}