{"id":16329,"date":"2014-02-07T16:58:24","date_gmt":"2014-02-07T14:58:24","guid":{"rendered":"http:\/\/clinichelena.kinsta.cloud\/o_klinike\/"},"modified":"2026-03-04T11:35:38","modified_gmt":"2026-03-04T09:35:38","slug":"clinic-helena-2","status":"publish","type":"page","link":"https:\/\/www.clinichelena.com\/fi\/clinic-helena-2\/","title":{"rendered":"Clinic Helena"},"content":{"rendered":"\n<h1 class=\"wp-block-heading\">Clinic Helena tarjoaa yksil\u00f6llist\u00e4 hoitoa<\/h1>\n\n\n\n<p>Clinic Helena  suomaiainen yksityinen kliniikka, joka on erikoistunut korjaavaan plastiikkakirurgiaan. Erikoisosaamistamme ovat rintasy\u00f6p\u00e4leikkaukset, rintarekonstruktiot sek\u00e4 vaativat korjaavan kirurgian toimenpiteet kuten laidutusleikkaukset.  Toimintamme perustuu korkeaan kirurgiseen osaamiseen sek\u00e4 yksil\u00f6lliseen ja empaattiseen hoitotapaan.<\/p>\n\n\n\n<p>Klinikka perustettiin vuonna 1999, jotta Helena Puontin ainutlaatuinen osaaminen rintarekonstuktioiden saralla olisi jokaisen suomalaisnaisen saatavilla. Vuodesta 2010 alkaen olemme hoitaneet my\u00f6s kansainv\u00e4lisi\u00e4 potilaita jotka etsiv\u00e4t laadukasta ja ihmisl\u00e4heist\u00e4 hoitoa kotimaansa ulkopuolelta. <\/p>\n\n\n\n<p>Clinic Helena on yksi Terveysmatkailu ry:n perustajaj\u00e4senist\u00e4 ja teemme tiivist\u00e4 yhteisty\u00f6t\u00e4 muiden toimijoiden kanssa tuodaksemme Suomeen kansainv\u00e4lisi\u00e4 asiakkaita, jotka etsiv\u00e4t edistyksellist\u00e4 ja luotettavaa hoitoa.<\/p>\n\n\n\n<p>Olemme pieni mutta tehokas toimija. Meille on t\u00e4rke\u00e4\u00e4, ett\u00e4 potilas kokee olonsa turvalliseksi ja aidosti kohdatuksi. Hoito rakentuu luottamukselle, ymm\u00e4rrykselle ja empaattiselle vuorovaikutukselle jokaisessa kohtaamisessa.<\/p>\n\n\n\n<section class=\"wp-block-uagb-columns uagb-columns__wrap uagb-columns__background-none uagb-columns__stack-none uagb-columns__valign- uagb-columns__gap-10 align uagb-block-de344362 uagb-columns__columns-4 uagb-columns__max_width-theme\"><div class=\"uagb-columns__overlay\"><\/div><div class=\"uagb-columns__inner-wrap uagb-columns__columns-4\">\n<div class=\"wp-block-uagb-column uagb-column__wrap uagb-column__background-undefined uagb-block-0bdf1f57\"><div class=\"uagb-column__overlay\"><\/div>\n<div class=\"wp-block-uagb-image uagb-block-c97f7214 wp-block-uagb-image--layout-default wp-block-uagb-image--effect-static wp-block-uagb-image--align-none\"><figure class=\"wp-block-uagb-image__figure\"><img decoding=\"async\" srcset=\"https:\/\/www.clinichelena.com\/wp-content\/uploads\/2025\/08\/Helena-potilaankanssa.jpg ,https:\/\/www.clinichelena.com\/wp-content\/uploads\/2025\/08\/Helena-potilaankanssa.jpg 780w, https:\/\/www.clinichelena.com\/wp-content\/uploads\/2025\/08\/Helena-potilaankanssa.jpg 360w\" sizes=\"auto, (max-width: 480px) 150px\" src=\"https:\/\/www.clinichelena.com\/wp-content\/uploads\/2025\/08\/Helena-potilaankanssa.jpg\" alt=\"Helena Puonti kohtaa kaikki postilaansa aina empatialla\" class=\"uag-image-34278\" width=\"300\" height=\"300\" title=\"Helena potilaankanssa\" loading=\"lazy\" role=\"img\"\/><\/figure><\/div>\n<\/div>\n\n\n\n<div class=\"wp-block-uagb-column uagb-column__wrap uagb-column__background-undefined uagb-block-5d7dff0e\"><div class=\"uagb-column__overlay\"><\/div>\n<div class=\"wp-block-uagb-image uagb-block-d3a4008e wp-block-uagb-image--layout-default wp-block-uagb-image--effect-static wp-block-uagb-image--align-none\"><figure class=\"wp-block-uagb-image__figure\"><img decoding=\"async\" srcset=\"https:\/\/www.clinichelena.com\/wp-content\/uploads\/2025\/01\/Nimeton-malli-16.jpg ,https:\/\/www.clinichelena.com\/wp-content\/uploads\/2025\/01\/Nimeton-malli-16.jpg 780w, https:\/\/www.clinichelena.com\/wp-content\/uploads\/2025\/01\/Nimeton-malli-16.jpg 360w\" sizes=\"auto, (max-width: 480px) 150px\" src=\"https:\/\/www.clinichelena.com\/wp-content\/uploads\/2025\/01\/Nimeton-malli-16.jpg\" alt=\"Leikkaukseen tarvittavat v\u00e4lineet\" class=\"uag-image-33349\" width=\"300\" height=\"300\" title=\"toimenpidev\u00e4lineet\" loading=\"lazy\" role=\"img\"\/><\/figure><\/div>\n<\/div>\n\n\n\n<div class=\"wp-block-uagb-column uagb-column__wrap uagb-column__background-undefined uagb-block-c6bb065f\"><div class=\"uagb-column__overlay\"><\/div>\n<div class=\"wp-block-uagb-image uagb-block-13fdf082 wp-block-uagb-image--layout-default wp-block-uagb-image--effect-static wp-block-uagb-image--align-none\"><figure class=\"wp-block-uagb-image__figure\"><img decoding=\"async\" srcset=\"https:\/\/www.clinichelena.com\/wp-content\/uploads\/2025\/08\/clinichelenan-odotushuone-300x300.jpg ,https:\/\/www.clinichelena.com\/wp-content\/uploads\/2025\/08\/clinichelenan-odotushuone.jpg 780w, https:\/\/www.clinichelena.com\/wp-content\/uploads\/2025\/08\/clinichelenan-odotushuone.jpg 360w\" sizes=\"auto, (max-width: 480px) 150px\" src=\"https:\/\/www.clinichelena.com\/wp-content\/uploads\/2025\/08\/clinichelenan-odotushuone-300x300.jpg\" alt=\"\" class=\"uag-image-34272\" width=\"300\" height=\"300\" title=\"clinichelenan odotushuone\" loading=\"lazy\" role=\"img\"\/><\/figure><\/div>\n<\/div>\n\n\n\n<div class=\"wp-block-uagb-column uagb-column__wrap uagb-column__background-undefined uagb-block-bf0dae46\"><div class=\"uagb-column__overlay\"><\/div>\n<div class=\"wp-block-uagb-image uagb-block-01d7bb68 wp-block-uagb-image--layout-default wp-block-uagb-image--effect-static wp-block-uagb-image--align-none\"><figure class=\"wp-block-uagb-image__figure\"><img decoding=\"async\" srcset=\"https:\/\/www.clinichelena.com\/wp-content\/uploads\/2025\/08\/helenan-vastaanotto.jpg ,https:\/\/www.clinichelena.com\/wp-content\/uploads\/2025\/08\/helenan-vastaanotto.jpg 780w, https:\/\/www.clinichelena.com\/wp-content\/uploads\/2025\/08\/helenan-vastaanotto.jpg 360w\" sizes=\"auto, (max-width: 480px) 150px\" src=\"https:\/\/www.clinichelena.com\/wp-content\/uploads\/2025\/08\/helenan-vastaanotto.jpg\" alt=\"helena puonti kuuntelee potilasta ja luo yksil\u00f6llisen suunnitelman\" class=\"uag-image-34290\" width=\"300\" height=\"300\" title=\"helenan vastaanotto\" loading=\"lazy\" role=\"img\"\/><\/figure><\/div>\n<\/div>\n<\/div><\/section>\n\n\n\n<h2 class=\"wp-block-heading top-space\">Kuinka p\u00e4\u00e4sen hoitoon?<\/h2>\n\n\n\n<p>Jos terveydentilasi huolettaa sinua, \u00e4l\u00e4 ep\u00e4r\u00f6i ottaa meihin <a href=\"https:\/\/www.clinichelena.com\/fi\/yhteystiedot\/\">yhteytt\u00e4<\/a>!<\/p>\n\n\n\n<section class=\"wp-block-uagb-columns uagb-columns__wrap uagb-columns__background-none uagb-columns__stack-mobile uagb-columns__valign- uagb-columns__gap-10 align uagb-block-c6b482bb uagb-columns__columns-1 uagb-columns__max_width-theme\"><div class=\"uagb-columns__overlay\"><\/div><div class=\"uagb-columns__inner-wrap uagb-columns__columns-1\">\n<div class=\"wp-block-uagb-column uagb-column__wrap uagb-column__background-undefined uagb-block-9eb18d3a\"><div class=\"uagb-column__overlay\"><\/div>\n<figure class=\"wp-block-image aligncenter size-large\"><a href=\"https:\/\/www.clinichelena.com\/wp-content\/uploads\/2020\/09\/061-scaled.jpg\"><img loading=\"lazy\" decoding=\"async\" width=\"1024\" height=\"683\" src=\"https:\/\/www.clinichelena.com\/wp-content\/uploads\/2020\/09\/061-1024x683.jpg\" alt=\"Sairaalahenkil\u00f6kuntaa\" class=\"wp-image-17664\" srcset=\"https:\/\/www.clinichelena.com\/wp-content\/uploads\/2020\/09\/061-1024x683.jpg 1024w, https:\/\/www.clinichelena.com\/wp-content\/uploads\/2020\/09\/061-300x200.jpg 300w, https:\/\/www.clinichelena.com\/wp-content\/uploads\/2020\/09\/061-768x512.jpg 768w, https:\/\/www.clinichelena.com\/wp-content\/uploads\/2020\/09\/061-1536x1024.jpg 1536w, https:\/\/www.clinichelena.com\/wp-content\/uploads\/2020\/09\/061-2048x1365.jpg 2048w, https:\/\/www.clinichelena.com\/wp-content\/uploads\/2020\/09\/061-480x320.jpg 480w\" sizes=\"auto, (max-width: 1024px) 100vw, 1024px\" \/><\/a><\/figure>\n<\/div>\n<\/div><\/section>\n\n\n\n<p>Soita <a href=\"tel: +358505708720\">meille <\/a>tai l\u00e4het\u00e4 meille<a href=\"mailto: info@clinichelena.com\"> s\u00e4hk\u00f6postia<\/a> ja kerro meille oireistasi. Kysymme tarvittaessa lis\u00e4tietoja. Jos sinulla on jo diagnoosi, l\u00e4het\u00e4th\u00e4n meille dokumentit sairaudestasi, jotta voimme valmistella sinulle sopivimman hoitosuunnitelman.<\/p>\n\n\n\n<p>Kun meill\u00e4 on kaikki tarvittava etuk\u00e4teisinformaatio, varaamme sinulle konsultaatioajan. Joissakin tapauksissa etuk\u00e4teisinformaatio riitt\u00e4\u00e4 hoitosuunnitelman ja hinta-arvion valmisteluun.<\/p>\n\n\n\n<p>Jos hyv\u00e4ksyt suunnittelemamme hoidon, varaamme leikkausaikasi viipym\u00e4tt\u00e4.<\/p>\n\n\n\n<p>Leikkaukset tehd\u00e4\u00e4n Tampereella. Jos tarvitset matkan j\u00e4rjestelyss\u00e4 apua, autamme mielell\u00e4mme.<\/p>\n\n\n\n<section class=\"wp-block-uagb-columns uagb-columns__wrap uagb-columns__background-none uagb-columns__stack-none uagb-columns__valign- uagb-columns__gap-10 align uagb-block-0c2a653b uagb-columns__columns-2 uagb-columns__max_width-theme\"><div class=\"uagb-columns__overlay\"><\/div><div class=\"uagb-columns__inner-wrap uagb-columns__columns-2\">\n<div class=\"wp-block-uagb-column uagb-column__wrap uagb-column__background-undefined uagb-block-02bdbb1e\"><div class=\"uagb-column__overlay\"><\/div>\n<figure class=\"wp-block-image aligncenter size-large is-resized\"><a href=\"https:\/\/www.clinichelena.com\/wp-content\/uploads\/2020\/11\/terveysmatkaily-ry-pyorea2.png\" target=\"_blank\" rel=\"https:\/\/medicaltourismfinland.com\/fi noopener\"><img loading=\"lazy\" decoding=\"async\" width=\"272\" height=\"280\" src=\"https:\/\/www.clinichelena.com\/wp-content\/uploads\/2020\/11\/terveysmatkaily-ry-pyorea2.png\" alt=\"Terveysmatkaily ry\" class=\"wp-image-18791\" style=\"width:300px;height:300px\"\/><\/a><figcaption class=\"wp-element-caption\">Perustajaj\u00e4sen ja j\u00e4sen vuodesta 2017.<\/figcaption><\/figure>\n<\/div>\n\n\n\n<div class=\"wp-block-uagb-column uagb-column__wrap uagb-column__background-undefined uagb-block-c427ffcd\"><div class=\"uagb-column__overlay\"><\/div>\n<figure class=\"wp-block-image aligncenter size-custom-square\"><a href=\"https:\/\/www.clinichelena.com\/wp-content\/uploads\/2014\/02\/sert2.jpg\"><img loading=\"lazy\" decoding=\"async\" width=\"300\" height=\"300\" src=\"https:\/\/www.clinichelena.com\/wp-content\/uploads\/2014\/02\/sert2-300x300.jpg\" alt=\"Luottoluokitus AAA\" class=\"wp-image-16341\" srcset=\"https:\/\/www.clinichelena.com\/wp-content\/uploads\/2014\/02\/sert2-300x300.jpg 300w, https:\/\/www.clinichelena.com\/wp-content\/uploads\/2014\/02\/sert2-150x150.jpg 150w\" sizes=\"auto, (max-width: 300px) 100vw, 300px\" \/><\/a><figcaption class=\"wp-element-caption\"><strong><em>AAA \u2013 Luottoluokitus<\/em><\/strong><\/figcaption><\/figure>\n<\/div>\n<\/div><\/section>\n\n\n\n<p><\/p>\n","protected":false},"excerpt":{"rendered":"<p>Clinic Helena on yksi Suomen johtavista yksityisist\u00e4 klinikoista, joka on erikoistunut naisten terveyteen.<\/p>\n","protected":false},"author":2,"featured_media":0,"parent":0,"menu_order":0,"comment_status":"closed","ping_status":"closed","template":"","meta":{"_uag_custom_page_level_css":"","_kad_blocks_custom_css":"","_kad_blocks_head_custom_js":"","_kad_blocks_body_custom_js":"","_kad_blocks_footer_custom_js":"","site-sidebar-layout":"default","site-content-layout":"default","ast-site-content-layout":"default","site-content-style":"default","site-sidebar-style":"default","ast-global-header-display":"","ast-banner-title-visibility":"","ast-main-header-display":"","ast-hfb-above-header-display":"","ast-hfb-below-header-display":"","ast-hfb-mobile-header-display":"","site-post-title":"disabled","ast-breadcrumbs-content":"","ast-featured-img":"","footer-sml-layout":"","theme-transparent-header-meta":"default","adv-header-id-meta":"","stick-header-meta":"default","header-above-stick-meta":"","header-main-stick-meta":"","header-below-stick-meta":"","astra-migrate-meta-layouts":"set","ast-page-background-enabled":"default","ast-page-background-meta":{"desktop":{"background-color":"","background-image":"","background-repeat":"repeat","background-position":"center center","background-size":"auto","background-attachment":"scroll","background-type":"","background-media":"","overlay-type":"","overlay-color":"","overlay-opacity":"","overlay-gradient":""},"tablet":{"background-color":"","background-image":"","background-repeat":"repeat","background-position":"center center","background-size":"auto","background-attachment":"scroll","background-type":"","background-media":"","overlay-type":"","overlay-color":"","overlay-opacity":"","overlay-gradient":""},"mobile":{"background-color":"","background-image":"","background-repeat":"repeat","background-position":"center center","background-size":"auto","background-attachment":"scroll","background-type":"","background-media":"","overlay-type":"","overlay-color":"","overlay-opacity":"","overlay-gradient":""}},"ast-content-background-meta":{"desktop":{"background-color":"var(--ast-global-color-5)","background-image":"","background-repeat":"repeat","background-position":"center center","background-size":"auto","background-attachment":"scroll","background-type":"","background-media":"","overlay-type":"","overlay-color":"","overlay-opacity":"","overlay-gradient":""},"tablet":{"background-color":"var(--ast-global-color-5)","background-image":"","background-repeat":"repeat","background-position":"center center","background-size":"auto","background-attachment":"scroll","background-type":"","background-media":"","overlay-type":"","overlay-color":"","overlay-opacity":"","overlay-gradient":""},"mobile":{"background-color":"var(--ast-global-color-5)","background-image":"","background-repeat":"repeat","background-position":"center center","background-size":"auto","background-attachment":"scroll","background-type":"","background-media":"","overlay-type":"","overlay-color":"","overlay-opacity":"","overlay-gradient":""}},"footnotes":""},"class_list":["post-16329","page","type-page","status-publish","hentry"],"yoast_head":"<!-- This site is optimized with the Yoast SEO plugin v26.6 - https:\/\/yoast.com\/wordpress\/plugins\/seo\/ -->\n<title>Clinic Helena - Yksil\u00f6llist\u00e4 hoitoa<\/title>\n<meta name=\"description\" content=\"Clinic Helena on suomalainen yksityisklinikka, joka on erikoistunut rintojen ja vartalon korjaavaan kirurgiaan. Tarjoamme yksil\u00f6llist\u00e4 ja empaattista hoitoa kotimaisille ja kansainv\u00e4lisille potilaille.\" \/>\n<meta name=\"robots\" content=\"index, follow, max-snippet:-1, max-image-preview:large, max-video-preview:-1\" \/>\n<link rel=\"canonical\" href=\"https:\/\/www.clinichelena.com\/fi\/clinic-helena-2\/\" \/>\n<meta property=\"og:locale\" content=\"fi_FI\" \/>\n<meta property=\"og:type\" content=\"article\" \/>\n<meta property=\"og:title\" content=\"Clinic Helena - Yksil\u00f6llist\u00e4 hoitoa\" \/>\n<meta property=\"og:description\" content=\"Clinic Helena on suomalainen yksityisklinikka, joka on erikoistunut rintojen ja vartalon korjaavaan kirurgiaan. Tarjoamme yksil\u00f6llist\u00e4 ja empaattista hoitoa kotimaisille ja kansainv\u00e4lisille potilaille.\" \/>\n<meta property=\"og:url\" content=\"https:\/\/www.clinichelena.com\/fi\/clinic-helena-2\/\" \/>\n<meta property=\"og:site_name\" content=\"Clinic Helena\" \/>\n<meta property=\"article:modified_time\" content=\"2026-03-04T09:35:38+00:00\" \/>\n<meta property=\"og:image\" content=\"https:\/\/www.clinichelena.com\/wp-content\/uploads\/2025\/08\/Helena-potilaankanssa.jpg\" \/>\n<meta name=\"twitter:card\" content=\"summary_large_image\" \/>\n<meta name=\"twitter:label1\" content=\"Arvioitu lukuaika\" \/>\n\t<meta name=\"twitter:data1\" content=\"3 minuuttia\" \/>\n<script type=\"application\/ld+json\" class=\"yoast-schema-graph\">{\"@context\":\"https:\/\/schema.org\",\"@graph\":[{\"@type\":[\"WebPage\",\"AboutPage\"],\"@id\":\"https:\/\/www.clinichelena.com\/fi\/clinic-helena-2\/\",\"url\":\"https:\/\/www.clinichelena.com\/fi\/clinic-helena-2\/\",\"name\":\"Clinic Helena - Yksil\u00f6llist\u00e4 hoitoa\",\"isPartOf\":{\"@id\":\"https:\/\/www.clinichelena.com\/fi\/#website\"},\"primaryImageOfPage\":{\"@id\":\"https:\/\/www.clinichelena.com\/fi\/clinic-helena-2\/#primaryimage\"},\"image\":{\"@id\":\"https:\/\/www.clinichelena.com\/fi\/clinic-helena-2\/#primaryimage\"},\"thumbnailUrl\":\"https:\/\/www.clinichelena.com\/wp-content\/uploads\/2025\/08\/Helena-potilaankanssa.jpg\",\"datePublished\":\"2014-02-07T14:58:24+00:00\",\"dateModified\":\"2026-03-04T09:35:38+00:00\",\"description\":\"Clinic Helena on suomalainen yksityisklinikka, joka on erikoistunut rintojen ja vartalon korjaavaan kirurgiaan. Tarjoamme yksil\u00f6llist\u00e4 ja empaattista hoitoa kotimaisille ja kansainv\u00e4lisille potilaille.\",\"breadcrumb\":{\"@id\":\"https:\/\/www.clinichelena.com\/fi\/clinic-helena-2\/#breadcrumb\"},\"inLanguage\":\"fi\",\"potentialAction\":[{\"@type\":\"ReadAction\",\"target\":[\"https:\/\/www.clinichelena.com\/fi\/clinic-helena-2\/\"]}]},{\"@type\":\"ImageObject\",\"inLanguage\":\"fi\",\"@id\":\"https:\/\/www.clinichelena.com\/fi\/clinic-helena-2\/#primaryimage\",\"url\":\"https:\/\/www.clinichelena.com\/wp-content\/uploads\/2025\/08\/Helena-potilaankanssa.jpg\",\"contentUrl\":\"https:\/\/www.clinichelena.com\/wp-content\/uploads\/2025\/08\/Helena-potilaankanssa.jpg\"},{\"@type\":\"BreadcrumbList\",\"@id\":\"https:\/\/www.clinichelena.com\/fi\/clinic-helena-2\/#breadcrumb\",\"itemListElement\":[{\"@type\":\"ListItem\",\"position\":1,\"name\":\"Etusivu\",\"item\":\"https:\/\/www.clinichelena.com\/fi\/\"},{\"@type\":\"ListItem\",\"position\":2,\"name\":\"Clinic Helena\"}]},{\"@type\":\"WebSite\",\"@id\":\"https:\/\/www.clinichelena.com\/fi\/#website\",\"url\":\"https:\/\/www.clinichelena.com\/fi\/\",\"name\":\"Clinic Helena\",\"description\":\"Your Breasts Matter\",\"publisher\":{\"@id\":\"https:\/\/www.clinichelena.com\/fi\/#organization\"},\"potentialAction\":[{\"@type\":\"SearchAction\",\"target\":{\"@type\":\"EntryPoint\",\"urlTemplate\":\"https:\/\/www.clinichelena.com\/fi\/?s={search_term_string}\"},\"query-input\":{\"@type\":\"PropertyValueSpecification\",\"valueRequired\":true,\"valueName\":\"search_term_string\"}}],\"inLanguage\":\"fi\"},{\"@type\":\"Organization\",\"@id\":\"https:\/\/www.clinichelena.com\/fi\/#organization\",\"name\":\"Klinikka Helena\",\"url\":\"https:\/\/www.clinichelena.com\/fi\/\",\"logo\":{\"@type\":\"ImageObject\",\"inLanguage\":\"fi\",\"@id\":\"https:\/\/www.clinichelena.com\/fi\/#\/schema\/logo\/image\/\",\"url\":\"https:\/\/www.clinichelena.com\/wp-content\/uploads\/2020\/11\/New-logo.png\",\"contentUrl\":\"https:\/\/www.clinichelena.com\/wp-content\/uploads\/2020\/11\/New-logo.png\",\"width\":950,\"height\":661,\"caption\":\"Klinikka Helena\"},\"image\":{\"@id\":\"https:\/\/www.clinichelena.com\/fi\/#\/schema\/logo\/image\/\"}}]}<\/script>\n<!-- \/ Yoast SEO plugin. -->","yoast_head_json":{"title":"Clinic Helena - Yksil\u00f6llist\u00e4 hoitoa","description":"Clinic Helena on suomalainen yksityisklinikka, joka on erikoistunut rintojen ja vartalon korjaavaan kirurgiaan. Tarjoamme yksil\u00f6llist\u00e4 ja empaattista hoitoa kotimaisille ja kansainv\u00e4lisille potilaille.","robots":{"index":"index","follow":"follow","max-snippet":"max-snippet:-1","max-image-preview":"max-image-preview:large","max-video-preview":"max-video-preview:-1"},"canonical":"https:\/\/www.clinichelena.com\/fi\/clinic-helena-2\/","og_locale":"fi_FI","og_type":"article","og_title":"Clinic Helena - Yksil\u00f6llist\u00e4 hoitoa","og_description":"Clinic Helena on suomalainen yksityisklinikka, joka on erikoistunut rintojen ja vartalon korjaavaan kirurgiaan. Tarjoamme yksil\u00f6llist\u00e4 ja empaattista hoitoa kotimaisille ja kansainv\u00e4lisille potilaille.","og_url":"https:\/\/www.clinichelena.com\/fi\/clinic-helena-2\/","og_site_name":"Clinic Helena","article_modified_time":"2026-03-04T09:35:38+00:00","og_image":[{"url":"https:\/\/www.clinichelena.com\/wp-content\/uploads\/2025\/08\/Helena-potilaankanssa.jpg","type":"","width":"","height":""}],"twitter_card":"summary_large_image","twitter_misc":{"Arvioitu lukuaika":"3 minuuttia"},"schema":{"@context":"https:\/\/schema.org","@graph":[{"@type":["WebPage","AboutPage"],"@id":"https:\/\/www.clinichelena.com\/fi\/clinic-helena-2\/","url":"https:\/\/www.clinichelena.com\/fi\/clinic-helena-2\/","name":"Clinic Helena - Yksil\u00f6llist\u00e4 hoitoa","isPartOf":{"@id":"https:\/\/www.clinichelena.com\/fi\/#website"},"primaryImageOfPage":{"@id":"https:\/\/www.clinichelena.com\/fi\/clinic-helena-2\/#primaryimage"},"image":{"@id":"https:\/\/www.clinichelena.com\/fi\/clinic-helena-2\/#primaryimage"},"thumbnailUrl":"https:\/\/www.clinichelena.com\/wp-content\/uploads\/2025\/08\/Helena-potilaankanssa.jpg","datePublished":"2014-02-07T14:58:24+00:00","dateModified":"2026-03-04T09:35:38+00:00","description":"Clinic Helena on suomalainen yksityisklinikka, joka on erikoistunut rintojen ja vartalon korjaavaan kirurgiaan. Tarjoamme yksil\u00f6llist\u00e4 ja empaattista hoitoa kotimaisille ja kansainv\u00e4lisille potilaille.","breadcrumb":{"@id":"https:\/\/www.clinichelena.com\/fi\/clinic-helena-2\/#breadcrumb"},"inLanguage":"fi","potentialAction":[{"@type":"ReadAction","target":["https:\/\/www.clinichelena.com\/fi\/clinic-helena-2\/"]}]},{"@type":"ImageObject","inLanguage":"fi","@id":"https:\/\/www.clinichelena.com\/fi\/clinic-helena-2\/#primaryimage","url":"https:\/\/www.clinichelena.com\/wp-content\/uploads\/2025\/08\/Helena-potilaankanssa.jpg","contentUrl":"https:\/\/www.clinichelena.com\/wp-content\/uploads\/2025\/08\/Helena-potilaankanssa.jpg"},{"@type":"BreadcrumbList","@id":"https:\/\/www.clinichelena.com\/fi\/clinic-helena-2\/#breadcrumb","itemListElement":[{"@type":"ListItem","position":1,"name":"Etusivu","item":"https:\/\/www.clinichelena.com\/fi\/"},{"@type":"ListItem","position":2,"name":"Clinic Helena"}]},{"@type":"WebSite","@id":"https:\/\/www.clinichelena.com\/fi\/#website","url":"https:\/\/www.clinichelena.com\/fi\/","name":"Clinic Helena","description":"Your Breasts Matter","publisher":{"@id":"https:\/\/www.clinichelena.com\/fi\/#organization"},"potentialAction":[{"@type":"SearchAction","target":{"@type":"EntryPoint","urlTemplate":"https:\/\/www.clinichelena.com\/fi\/?s={search_term_string}"},"query-input":{"@type":"PropertyValueSpecification","valueRequired":true,"valueName":"search_term_string"}}],"inLanguage":"fi"},{"@type":"Organization","@id":"https:\/\/www.clinichelena.com\/fi\/#organization","name":"Klinikka Helena","url":"https:\/\/www.clinichelena.com\/fi\/","logo":{"@type":"ImageObject","inLanguage":"fi","@id":"https:\/\/www.clinichelena.com\/fi\/#\/schema\/logo\/image\/","url":"https:\/\/www.clinichelena.com\/wp-content\/uploads\/2020\/11\/New-logo.png","contentUrl":"https:\/\/www.clinichelena.com\/wp-content\/uploads\/2020\/11\/New-logo.png","width":950,"height":661,"caption":"Klinikka Helena"},"image":{"@id":"https:\/\/www.clinichelena.com\/fi\/#\/schema\/logo\/image\/"}}]}},"taxonomy_info":[],"featured_image_src_large":false,"author_info":{"display_name":"\u041e\u043b\u044c\u0433\u0430","author_link":"https:\/\/www.clinichelena.com\/fi\/author\/admin\/"},"comment_info":"","uagb_featured_image_src":{"full":false,"thumbnail":false,"medium":false,"medium_large":false,"large":false,"1536x1536":false,"2048x2048":false,"custom-square":false},"uagb_author_info":{"display_name":"\u041e\u043b\u044c\u0433\u0430","author_link":"https:\/\/www.clinichelena.com\/fi\/author\/admin\/"},"uagb_comment_info":0,"uagb_excerpt":"Clinic Helena on yksi Suomen johtavista yksityisist\u00e4 klinikoista, joka on erikoistunut naisten terveyteen.","_links":{"self":[{"href":"https:\/\/www.clinichelena.com\/fi\/wp-json\/wp\/v2\/pages\/16329","targetHints":{"allow":["GET"]}}],"collection":[{"href":"https:\/\/www.clinichelena.com\/fi\/wp-json\/wp\/v2\/pages"}],"about":[{"href":"https:\/\/www.clinichelena.com\/fi\/wp-json\/wp\/v2\/types\/page"}],"author":[{"embeddable":true,"href":"https:\/\/www.clinichelena.com\/fi\/wp-json\/wp\/v2\/users\/2"}],"replies":[{"embeddable":true,"href":"https:\/\/www.clinichelena.com\/fi\/wp-json\/wp\/v2\/comments?post=16329"}],"version-history":[{"count":29,"href":"https:\/\/www.clinichelena.com\/fi\/wp-json\/wp\/v2\/pages\/16329\/revisions"}],"predecessor-version":[{"id":35112,"href":"https:\/\/www.clinichelena.com\/fi\/wp-json\/wp\/v2\/pages\/16329\/revisions\/35112"}],"wp:attachment":[{"href":"https:\/\/www.clinichelena.com\/fi\/wp-json\/wp\/v2\/media?parent=16329"}],"curies":[{"name":"wp","href":"https:\/\/api.w.org\/{rel}","templated":true}]}}