{"id":25460,"date":"2021-10-05T10:12:58","date_gmt":"2021-10-05T06:12:58","guid":{"rendered":"https:\/\/www.clinichelena.com\/asiakaskysely\/"},"modified":"2021-10-05T13:29:35","modified_gmt":"2021-10-05T09:29:35","slug":"survey","status":"publish","type":"page","link":"https:\/\/www.clinichelena.com\/en\/survey\/","title":{"rendered":"Patient Survey"},"content":{"rendered":"\n<p class=\"ingressi\">We want to ensure that You are happy with the treatments received here in Clinic Helena.   <\/p>\n\n\n\n<p class=\"ingressi\">The results of the survey are used to monitor our patient satisfaction and to improve our services from our patients&#8217; point of view. With Your permission, we may use Your answers in our marketing.<\/p>\n\n\n\n<p>We truly appreciate Your feedback and thank You for Your time.<\/p>\n\n\n\n<p> <\/p>\n\n\n\t\t\t\t<div class = \"wp-block-uagb-cf7-styler uagb-cf7-styler__outer-wrap uagb-block-380a59a3   \">\n\t\t\t\t\t<div class = \"uagb-cf7-styler__align-left uagb-cf7-styler__field-style-underline uagb-cf7-styler__btn-align-left uagb-cf7-styler__btn-align-tablet- uagb-cf7-styler__btn-align-mobile- uagb-cf7-styler__highlight-style-bottom_right uagb-cf7-styler__check-style-enabled\">\n\t\t\t\t\t\n<div class=\"wpcf7 no-js\" id=\"wpcf7-f25459-o1\" lang=\"ru-RU\" dir=\"ltr\" data-wpcf7-id=\"25459\">\n<div class=\"screen-reader-response\"><p role=\"status\" aria-live=\"polite\" aria-atomic=\"true\"><\/p> <ul><\/ul><\/div>\n<form action=\"\/en\/wp-json\/wp\/v2\/pages\/25460#wpcf7-f25459-o1\" method=\"post\" class=\"wpcf7-form init\" aria-label=\"\u041a\u043e\u043d\u0442\u0430\u043a\u0442\u043d\u0430\u044f \u0444\u043e\u0440\u043c\u0430\" novalidate=\"novalidate\" data-status=\"init\">\n<fieldset class=\"hidden-fields-container\"><input type=\"hidden\" name=\"_wpcf7\" value=\"25459\" \/><input type=\"hidden\" name=\"_wpcf7_version\" value=\"6.1.4\" \/><input type=\"hidden\" name=\"_wpcf7_locale\" value=\"ru_RU\" \/><input type=\"hidden\" name=\"_wpcf7_unit_tag\" value=\"wpcf7-f25459-o1\" \/><input type=\"hidden\" name=\"_wpcf7_container_post\" value=\"0\" \/><input type=\"hidden\" name=\"_wpcf7_posted_data_hash\" value=\"\" \/><input type=\"hidden\" name=\"_wpcf7_recaptcha_response\" value=\"\" \/>\n<\/fieldset>\n<p><label> Name <span class=\"wpcf7-form-control-wrap\" data-name=\"your-name\"><input size=\"40\" maxlength=\"400\" class=\"wpcf7-form-control wpcf7-text\" aria-invalid=\"false\" placeholder=\"Name\" value=\"\" type=\"text\" name=\"your-name\" \/><\/span> <\/label><br \/>\n<label> Email* <span class=\"wpcf7-form-control-wrap\" data-name=\"your-email\"><input size=\"40\" maxlength=\"400\" class=\"wpcf7-form-control wpcf7-email wpcf7-validates-as-required wpcf7-text wpcf7-validates-as-email\" aria-required=\"true\" aria-invalid=\"false\" placeholder=\"Email *\" value=\"\" type=\"email\" name=\"your-email\" \/><\/span> <\/label><br \/>\n<label> Telephone* <span class=\"wpcf7-form-control-wrap\" data-name=\"tel\"><input size=\"40\" maxlength=\"400\" class=\"wpcf7-form-control wpcf7-tel wpcf7-validates-as-required wpcf7-text wpcf7-validates-as-tel ch-50\" aria-required=\"true\" aria-invalid=\"false\" placeholder=\"Telephone *\" value=\"\" type=\"tel\" name=\"tel\" \/><\/span> <\/label><br \/>\n<label> 1. Treatment type <\/label><br \/>\n<span class=\"wpcf7-form-control-wrap\" data-name=\"treatment-type\"><span class=\"wpcf7-form-control wpcf7-radio treatment-radio\"><span class=\"wpcf7-list-item first\"><label><input type=\"radio\" name=\"treatment-type\" value=\"Choose here\" checked=\"checked\" \/><span class=\"wpcf7-list-item-label\">Choose here<\/span><\/label><\/span><span class=\"wpcf7-list-item\"><label><input type=\"radio\" name=\"treatment-type\" value=\"Breast Cancer Care\" \/><span class=\"wpcf7-list-item-label\">Breast Cancer Care<\/span><\/label><\/span><span class=\"wpcf7-list-item\"><label><input type=\"radio\" name=\"treatment-type\" value=\"Breast Reconstruction\" \/><span class=\"wpcf7-list-item-label\">Breast Reconstruction<\/span><\/label><\/span><span class=\"wpcf7-list-item\"><label><input type=\"radio\" name=\"treatment-type\" value=\"Aesthetic Surgery\" \/><span class=\"wpcf7-list-item-label\">Aesthetic Surgery<\/span><\/label><\/span><span class=\"wpcf7-list-item last\"><label><input type=\"radio\" name=\"treatment-type\" value=\"Other Treatments\" \/><span class=\"wpcf7-list-item-label\">Other Treatments<\/span><\/label><\/span><\/span><\/span><br \/>\n<label> 2. Why did You choose Clinic Helena and how did You hear about us? <span class=\"wpcf7-form-control-wrap\" data-name=\"your-message-1\"><textarea cols=\"40\" rows=\"10\" maxlength=\"2000\" class=\"wpcf7-form-control wpcf7-textarea\" aria-invalid=\"false\" placeholder=\"Answer here...\" name=\"your-message-1\"><\/textarea><\/span> <\/label><br \/>\n<label> 3. How was Your treatment experience? (Booking, pre-op services, operation, aftercare) <span class=\"wpcf7-form-control-wrap\" data-name=\"your-message-2\"><textarea cols=\"40\" rows=\"10\" maxlength=\"2000\" class=\"wpcf7-form-control wpcf7-textarea\" aria-invalid=\"false\" placeholder=\"Answer here...\" name=\"your-message-2\"><\/textarea><\/span> <\/label><br \/>\n<label> 4. How could we improve our services? <span class=\"wpcf7-form-control-wrap\" data-name=\"your-message-3\"><textarea cols=\"40\" rows=\"10\" maxlength=\"2000\" class=\"wpcf7-form-control wpcf7-textarea\" aria-invalid=\"false\" placeholder=\"Answer here...\" name=\"your-message-3\"><\/textarea><\/span> <\/label><br \/>\n<label> 5. Free comment field for Your thoughts <span class=\"wpcf7-form-control-wrap\" data-name=\"your-message-4\"><textarea cols=\"40\" rows=\"10\" maxlength=\"2000\" class=\"wpcf7-form-control wpcf7-textarea\" aria-invalid=\"false\" placeholder=\"Answer here...\" name=\"your-message-4\"><\/textarea><\/span> <\/label><br \/>\n<label> 6. How likely would You recommend Clinic Helena to others? <\/label><br \/>\n<span class=\"wpcf7-form-control-wrap\" data-name=\"nps\"><span class=\"wpcf7-form-control wpcf7-radio\"><span class=\"wpcf7-list-item first\"><label><input type=\"radio\" name=\"nps\" value=\"Choose here\" checked=\"checked\" \/><span class=\"wpcf7-list-item-label\">Choose here<\/span><\/label><\/span><span class=\"wpcf7-list-item\"><label><input type=\"radio\" name=\"nps\" value=\"10\" \/><span class=\"wpcf7-list-item-label\">10<\/span><\/label><\/span><span class=\"wpcf7-list-item\"><label><input type=\"radio\" name=\"nps\" value=\"9\" \/><span class=\"wpcf7-list-item-label\">9<\/span><\/label><\/span><span class=\"wpcf7-list-item\"><label><input type=\"radio\" name=\"nps\" value=\"8\" \/><span class=\"wpcf7-list-item-label\">8<\/span><\/label><\/span><span class=\"wpcf7-list-item\"><label><input type=\"radio\" name=\"nps\" value=\"7\" \/><span class=\"wpcf7-list-item-label\">7<\/span><\/label><\/span><span class=\"wpcf7-list-item\"><label><input type=\"radio\" name=\"nps\" value=\"6\" \/><span class=\"wpcf7-list-item-label\">6<\/span><\/label><\/span><span class=\"wpcf7-list-item\"><label><input type=\"radio\" name=\"nps\" value=\"5\" \/><span class=\"wpcf7-list-item-label\">5<\/span><\/label><\/span><span class=\"wpcf7-list-item\"><label><input type=\"radio\" name=\"nps\" value=\"4\" \/><span class=\"wpcf7-list-item-label\">4<\/span><\/label><\/span><span class=\"wpcf7-list-item\"><label><input type=\"radio\" name=\"nps\" value=\"3\" \/><span class=\"wpcf7-list-item-label\">3<\/span><\/label><\/span><span class=\"wpcf7-list-item\"><label><input type=\"radio\" name=\"nps\" value=\"2\" \/><span class=\"wpcf7-list-item-label\">2<\/span><\/label><\/span><span class=\"wpcf7-list-item last\"><label><input type=\"radio\" name=\"nps\" value=\"1\" \/><span class=\"wpcf7-list-item-label\">1<\/span><\/label><\/span><\/span><\/span><br \/>\n<span class=\"wpcf7-form-control-wrap\" data-name=\"agree\"><span class=\"wpcf7-form-control wpcf7-acceptance\"><span class=\"wpcf7-list-item\"><label><input type=\"checkbox\" name=\"agree\" value=\"1\" class=\"agree\" aria-invalid=\"false\" \/><span class=\"wpcf7-list-item-label\">I agree to the processing of my personal data within the <a href=\"\/en\/privacy-policy\/\" target=\"_blank\">Privacy policy<\/a>.<\/span><\/label><\/span><\/span><\/span><br \/>\n<label> My answers can be used anonymously for marketing purposes.<br \/>\n<span class=\"wpcf7-form-control-wrap\" data-name=\"testimonial\"><span class=\"wpcf7-form-control wpcf7-checkbox wpcf7-exclusive-checkbox testimonial\"><span class=\"wpcf7-list-item first\"><label><input type=\"checkbox\" name=\"testimonial\" value=\"Yes\" \/><span class=\"wpcf7-list-item-label\">Yes<\/span><\/label><\/span><span class=\"wpcf7-list-item last\"><label><input type=\"checkbox\" name=\"testimonial\" value=\"No\" \/><span class=\"wpcf7-list-item-label\">No<\/span><\/label><\/span><\/span><\/span><br \/>\n\t<input class=\"wpcf7-form-control wpcf7-hidden\" value=\"\" type=\"hidden\" name=\"page_request_url\" \/><br \/>\n<input class=\"wpcf7-form-control wpcf7-submit has-spinner\" type=\"submit\" value=\"Submit\" \/><\/label>\n<\/p><div class=\"wpcf7-response-output\" aria-hidden=\"true\"><\/div>\n<\/form>\n<\/div>\n\t\t\t\t\t<\/div>\n\t\t\t\t<\/div>\n\t\t\t\t","protected":false},"excerpt":{"rendered":"<p>We want to ensure that You are happy with the treatments received here in Clinic Helena. The results of the survey are used to monitor our patient satisfaction and to improve our services from our [&hellip;]<\/p>\n","protected":false},"author":2,"featured_media":0,"parent":0,"menu_order":0,"comment_status":"closed","ping_status":"closed","template":"","meta":{"_uag_custom_page_level_css":"","_kad_blocks_custom_css":"","_kad_blocks_head_custom_js":"","_kad_blocks_body_custom_js":"","_kad_blocks_footer_custom_js":"","site-sidebar-layout":"no-sidebar","site-content-layout":"content-boxed-container","ast-site-content-layout":"default","site-content-style":"default","site-sidebar-style":"default","ast-global-header-display":"","ast-banner-title-visibility":"","ast-main-header-display":"","ast-hfb-above-header-display":"","ast-hfb-below-header-display":"","ast-hfb-mobile-header-display":"","site-post-title":"","ast-breadcrumbs-content":"","ast-featured-img":"","footer-sml-layout":"","theme-transparent-header-meta":"default","adv-header-id-meta":"","stick-header-meta":"default","header-above-stick-meta":"","header-main-stick-meta":"","header-below-stick-meta":"","astra-migrate-meta-layouts":"default","ast-page-background-enabled":"default","ast-page-background-meta":{"desktop":{"background-color":"","background-image":"","background-repeat":"repeat","background-position":"center center","background-size":"auto","background-attachment":"scroll","background-type":"","background-media":"","overlay-type":"","overlay-color":"","overlay-opacity":"","overlay-gradient":""},"tablet":{"background-color":"","background-image":"","background-repeat":"repeat","background-position":"center center","background-size":"auto","background-attachment":"scroll","background-type":"","background-media":"","overlay-type":"","overlay-color":"","overlay-opacity":"","overlay-gradient":""},"mobile":{"background-color":"","background-image":"","background-repeat":"repeat","background-position":"center center","background-size":"auto","background-attachment":"scroll","background-type":"","background-media":"","overlay-type":"","overlay-color":"","overlay-opacity":"","overlay-gradient":""}},"ast-content-background-meta":{"desktop":{"background-color":"var(--ast-global-color-5)","background-image":"","background-repeat":"repeat","background-position":"center center","background-size":"auto","background-attachment":"scroll","background-type":"","background-media":"","overlay-type":"","overlay-color":"","overlay-opacity":"","overlay-gradient":""},"tablet":{"background-color":"var(--ast-global-color-5)","background-image":"","background-repeat":"repeat","background-position":"center center","background-size":"auto","background-attachment":"scroll","background-type":"","background-media":"","overlay-type":"","overlay-color":"","overlay-opacity":"","overlay-gradient":""},"mobile":{"background-color":"var(--ast-global-color-5)","background-image":"","background-repeat":"repeat","background-position":"center center","background-size":"auto","background-attachment":"scroll","background-type":"","background-media":"","overlay-type":"","overlay-color":"","overlay-opacity":"","overlay-gradient":""}},"footnotes":""},"class_list":["post-25460","page","type-page","status-publish","hentry"],"yoast_head":"<!-- This site is optimized with the Yoast SEO plugin v26.6 - https:\/\/yoast.com\/wordpress\/plugins\/seo\/ -->\n<title>Patient Survey - Clinic Helena<\/title>\n<meta name=\"description\" content=\"Haluamme varmistaa, ett\u00e4 olet ollut tyytyv\u00e4inen saamaasi hoitoon ja palveluun Klinikka Helenassa. Arvostamme mielipidett\u00e4si ja kiit\u00e4mme Sinua jo etuk\u00e4teen ajastasi.\" \/>\n<meta name=\"robots\" content=\"noindex, nofollow\" \/>\n<meta property=\"og:locale\" content=\"en_US\" \/>\n<meta property=\"og:type\" content=\"article\" \/>\n<meta property=\"og:title\" content=\"Patient Survey - Clinic Helena\" \/>\n<meta property=\"og:description\" content=\"Haluamme varmistaa, ett\u00e4 olet ollut tyytyv\u00e4inen saamaasi hoitoon ja palveluun Klinikka Helenassa. Arvostamme mielipidett\u00e4si ja kiit\u00e4mme Sinua jo etuk\u00e4teen ajastasi.\" \/>\n<meta property=\"og:url\" content=\"https:\/\/www.clinichelena.com\/en\/survey\/\" \/>\n<meta property=\"og:site_name\" content=\"Clinic Helena\" \/>\n<meta property=\"article:modified_time\" content=\"2021-10-05T09:29:35+00:00\" \/>\n<meta name=\"twitter:card\" content=\"summary_large_image\" \/>\n<meta name=\"twitter:label1\" content=\"Est. reading time\" \/>\n\t<meta name=\"twitter:data1\" content=\"1 minute\" \/>\n<script type=\"application\/ld+json\" class=\"yoast-schema-graph\">{\"@context\":\"https:\/\/schema.org\",\"@graph\":[{\"@type\":[\"WebPage\",\"MedicalWebPage\"],\"@id\":\"https:\/\/www.clinichelena.com\/en\/survey\/\",\"url\":\"https:\/\/www.clinichelena.com\/en\/survey\/\",\"name\":\"Patient Survey - Clinic Helena\",\"isPartOf\":{\"@id\":\"https:\/\/www.clinichelena.com\/en\/#website\"},\"datePublished\":\"2021-10-05T06:12:58+00:00\",\"dateModified\":\"2021-10-05T09:29:35+00:00\",\"description\":\"Haluamme varmistaa, ett\u00e4 olet ollut tyytyv\u00e4inen saamaasi hoitoon ja palveluun Klinikka Helenassa. Arvostamme mielipidett\u00e4si ja kiit\u00e4mme Sinua jo etuk\u00e4teen ajastasi.\",\"breadcrumb\":{\"@id\":\"https:\/\/www.clinichelena.com\/en\/survey\/#breadcrumb\"},\"inLanguage\":\"en-US\",\"potentialAction\":[{\"@type\":\"ReadAction\",\"target\":[\"https:\/\/www.clinichelena.com\/en\/survey\/\"]}]},{\"@type\":\"BreadcrumbList\",\"@id\":\"https:\/\/www.clinichelena.com\/en\/survey\/#breadcrumb\",\"itemListElement\":[{\"@type\":\"ListItem\",\"position\":1,\"name\":\"Home\",\"item\":\"https:\/\/www.clinichelena.com\/en\/\"},{\"@type\":\"ListItem\",\"position\":2,\"name\":\"Patient Survey\"}]},{\"@type\":\"WebSite\",\"@id\":\"https:\/\/www.clinichelena.com\/en\/#website\",\"url\":\"https:\/\/www.clinichelena.com\/en\/\",\"name\":\"Clinic Helena\",\"description\":\"Your Breasts Matter\",\"publisher\":{\"@id\":\"https:\/\/www.clinichelena.com\/en\/#organization\"},\"potentialAction\":[{\"@type\":\"SearchAction\",\"target\":{\"@type\":\"EntryPoint\",\"urlTemplate\":\"https:\/\/www.clinichelena.com\/en\/?s={search_term_string}\"},\"query-input\":{\"@type\":\"PropertyValueSpecification\",\"valueRequired\":true,\"valueName\":\"search_term_string\"}}],\"inLanguage\":\"en-US\"},{\"@type\":\"Organization\",\"@id\":\"https:\/\/www.clinichelena.com\/en\/#organization\",\"name\":\"Clinic Helena\",\"url\":\"https:\/\/www.clinichelena.com\/en\/\",\"logo\":{\"@type\":\"ImageObject\",\"inLanguage\":\"en-US\",\"@id\":\"https:\/\/www.clinichelena.com\/en\/#\/schema\/logo\/image\/\",\"url\":\"https:\/\/www.clinichelena.com\/wp-content\/uploads\/2020\/11\/New-logo.png\",\"contentUrl\":\"https:\/\/www.clinichelena.com\/wp-content\/uploads\/2020\/11\/New-logo.png\",\"width\":950,\"height\":661,\"caption\":\"Clinic Helena\"},\"image\":{\"@id\":\"https:\/\/www.clinichelena.com\/en\/#\/schema\/logo\/image\/\"}}]}<\/script>\n<!-- \/ Yoast SEO plugin. -->","yoast_head_json":{"title":"Patient Survey - Clinic Helena","description":"Haluamme varmistaa, ett\u00e4 olet ollut tyytyv\u00e4inen saamaasi hoitoon ja palveluun Klinikka Helenassa. Arvostamme mielipidett\u00e4si ja kiit\u00e4mme Sinua jo etuk\u00e4teen ajastasi.","robots":{"index":"noindex","follow":"nofollow"},"og_locale":"en_US","og_type":"article","og_title":"Patient Survey - Clinic Helena","og_description":"Haluamme varmistaa, ett\u00e4 olet ollut tyytyv\u00e4inen saamaasi hoitoon ja palveluun Klinikka Helenassa. Arvostamme mielipidett\u00e4si ja kiit\u00e4mme Sinua jo etuk\u00e4teen ajastasi.","og_url":"https:\/\/www.clinichelena.com\/en\/survey\/","og_site_name":"Clinic Helena","article_modified_time":"2021-10-05T09:29:35+00:00","twitter_card":"summary_large_image","twitter_misc":{"Est. reading time":"1 minute"},"schema":{"@context":"https:\/\/schema.org","@graph":[{"@type":["WebPage","MedicalWebPage"],"@id":"https:\/\/www.clinichelena.com\/en\/survey\/","url":"https:\/\/www.clinichelena.com\/en\/survey\/","name":"Patient Survey - Clinic Helena","isPartOf":{"@id":"https:\/\/www.clinichelena.com\/en\/#website"},"datePublished":"2021-10-05T06:12:58+00:00","dateModified":"2021-10-05T09:29:35+00:00","description":"Haluamme varmistaa, ett\u00e4 olet ollut tyytyv\u00e4inen saamaasi hoitoon ja palveluun Klinikka Helenassa. Arvostamme mielipidett\u00e4si ja kiit\u00e4mme Sinua jo etuk\u00e4teen ajastasi.","breadcrumb":{"@id":"https:\/\/www.clinichelena.com\/en\/survey\/#breadcrumb"},"inLanguage":"en-US","potentialAction":[{"@type":"ReadAction","target":["https:\/\/www.clinichelena.com\/en\/survey\/"]}]},{"@type":"BreadcrumbList","@id":"https:\/\/www.clinichelena.com\/en\/survey\/#breadcrumb","itemListElement":[{"@type":"ListItem","position":1,"name":"Home","item":"https:\/\/www.clinichelena.com\/en\/"},{"@type":"ListItem","position":2,"name":"Patient Survey"}]},{"@type":"WebSite","@id":"https:\/\/www.clinichelena.com\/en\/#website","url":"https:\/\/www.clinichelena.com\/en\/","name":"Clinic Helena","description":"Your Breasts Matter","publisher":{"@id":"https:\/\/www.clinichelena.com\/en\/#organization"},"potentialAction":[{"@type":"SearchAction","target":{"@type":"EntryPoint","urlTemplate":"https:\/\/www.clinichelena.com\/en\/?s={search_term_string}"},"query-input":{"@type":"PropertyValueSpecification","valueRequired":true,"valueName":"search_term_string"}}],"inLanguage":"en-US"},{"@type":"Organization","@id":"https:\/\/www.clinichelena.com\/en\/#organization","name":"Clinic Helena","url":"https:\/\/www.clinichelena.com\/en\/","logo":{"@type":"ImageObject","inLanguage":"en-US","@id":"https:\/\/www.clinichelena.com\/en\/#\/schema\/logo\/image\/","url":"https:\/\/www.clinichelena.com\/wp-content\/uploads\/2020\/11\/New-logo.png","contentUrl":"https:\/\/www.clinichelena.com\/wp-content\/uploads\/2020\/11\/New-logo.png","width":950,"height":661,"caption":"Clinic Helena"},"image":{"@id":"https:\/\/www.clinichelena.com\/en\/#\/schema\/logo\/image\/"}}]}},"taxonomy_info":[],"featured_image_src_large":false,"author_info":{"display_name":"\u041e\u043b\u044c\u0433\u0430","author_link":"https:\/\/www.clinichelena.com\/en\/author\/admin\/"},"comment_info":0,"uagb_featured_image_src":{"full":false,"thumbnail":false,"medium":false,"medium_large":false,"large":false,"1536x1536":false,"2048x2048":false,"custom-square":false},"uagb_author_info":{"display_name":"\u041e\u043b\u044c\u0433\u0430","author_link":"https:\/\/www.clinichelena.com\/en\/author\/admin\/"},"uagb_comment_info":0,"uagb_excerpt":"We want to ensure that You are happy with the treatments received here in Clinic Helena. The results of the survey are used to monitor our patient satisfaction and to improve our services from our [&hellip;]","_links":{"self":[{"href":"https:\/\/www.clinichelena.com\/en\/wp-json\/wp\/v2\/pages\/25460","targetHints":{"allow":["GET"]}}],"collection":[{"href":"https:\/\/www.clinichelena.com\/en\/wp-json\/wp\/v2\/pages"}],"about":[{"href":"https:\/\/www.clinichelena.com\/en\/wp-json\/wp\/v2\/types\/page"}],"author":[{"embeddable":true,"href":"https:\/\/www.clinichelena.com\/en\/wp-json\/wp\/v2\/users\/2"}],"replies":[{"embeddable":true,"href":"https:\/\/www.clinichelena.com\/en\/wp-json\/wp\/v2\/comments?post=25460"}],"version-history":[{"count":3,"href":"https:\/\/www.clinichelena.com\/en\/wp-json\/wp\/v2\/pages\/25460\/revisions"}],"predecessor-version":[{"id":26329,"href":"https:\/\/www.clinichelena.com\/en\/wp-json\/wp\/v2\/pages\/25460\/revisions\/26329"}],"wp:attachment":[{"href":"https:\/\/www.clinichelena.com\/en\/wp-json\/wp\/v2\/media?parent=25460"}],"curies":[{"name":"wp","href":"https:\/\/api.w.org\/{rel}","templated":true}]}}